{"id":315,"date":"2025-06-26T13:05:07","date_gmt":"2025-06-26T10:05:07","guid":{"rendered":"https:\/\/alanyabilisimhizmetleri.com\/?page_id=315"},"modified":"2025-06-27T15:37:28","modified_gmt":"2025-06-27T12:37:28","slug":"alanya-dijital-pazarlama","status":"publish","type":"page","link":"https:\/\/alanyabilisimhizmetleri.com\/de\/alanya-dijital-pazarlama\/","title":{"rendered":"Alanya Digital Marketing"},"content":{"rendered":"<div data-elementor-type=\"wp-page\" data-elementor-id=\"315\" class=\"elementor elementor-315\">\n\t\t\t\t<div class=\"aux-parallax-section elementor-element elementor-element-3bef03b e-flex e-con-boxed elementor-invisible e-con e-parent\" data-id=\"3bef03b\" data-element_type=\"container\" data-settings=\"{&quot;animation&quot;:&quot;fadeInUp&quot;}\">\n\t\t\t\t\t<div class=\"e-con-inner\">\n\t\t\t\t<div class=\"elementor-element elementor-element-fb745eb elementor-widget elementor-widget-text-editor\" data-id=\"fb745eb\" data-element_type=\"widget\" data-widget_type=\"text-editor.default\">\n\t\t\t\t<div class=\"elementor-widget-container\">\n\t\t\t\t\t\t\t\t\t<header><section><h1>Alanya Digitales Marketing | Professionelle Dienstleistungen<\/h1><\/section><header><h1>Digitales Marketing in Alanya: Bringen Sie Ihr Unternehmen in die digitale Welt<\/h1><\/header><section><h2>Die Macht des digitalen Marketings<\/h2><p>Digitales Marketing ist ein leistungsstarkes Tool, mit dem Ihr Unternehmen seine Zielgruppe optimal erreicht. Wir steigern die Sichtbarkeit Ihrer Marke durch SEO, Social Media, E-Mail-Marketing und Content-Strategien. Erreichen Sie Ihre Wachstumsziele mit unseren digitalen Marketing-Services in Alanya.<\/p><\/section><section><h2>Digitales Marketing mit Alanya Information Services<\/h2><p>Bei Alanya Information Technologies entwickeln wir digitale Marketingstrategien speziell f\u00fcr Ihr Unternehmen. Mit modernsten Marketingtechniken bringen wir Ihre Marke in die digitale Welt.<\/p><\/section><section><h3>Unsere digitalen Marketing-Services<\/h3><ul><li>SEO (Suchmaschinenoptimierung)<\/li><li>Social Media Management<\/li><li>Inhaltsvermarktung<\/li><li>E-Mail-Marketingkampagnen<\/li><li>Digitales Werbemanagement<\/li><\/ul><\/section><section><h3>Unser erfolgsorientierter Prozess<\/h3><ol><li>Bedarfsanalyse und Zielsetzung<\/li><li>Erstellen einer benutzerdefinierten Strategie<\/li><li>Bewerbungs- und Kampagnenmanagement<\/li><li>Reporting und Analyse<\/li><\/ol><\/section><section><h2>Erweitern Sie Ihr Gesch\u00e4ft mit digitalem Marketing<\/h2><p>Bringen Sie Ihr Unternehmen mit unseren digitalen Marketingservices in Alanya auf die n\u00e4chste Stufe. Erreichen Sie Ihre Zielgruppe effektiv und steigern Sie die Markenbekanntheit mit unseren professionellen L\u00f6sungen.<\/p><\/section><footer><h4>Arbeiten Sie mit uns<\/h4><p>Kontaktieren Sie uns jetzt, um mehr \u00fcber unsere digitalen Marketingservices zu erfahren und Ihr Gesch\u00e4ft auszubauen!<\/p><\/footer><\/header>\t\t\t\t\t\t\t\t<\/div>\n\t\t\t\t<\/div>\n\t\t\t\t\t<\/div>\n\t\t\t\t<\/div>\n\t\t\t\t<\/div>","protected":false},"excerpt":{"rendered":"<p>Digitales Marketing in Alanya | Professionelle Dienstleistungen Digitales Marketing in Alanya: Digital Marketing f\u00fcr Ihr Unternehmen Die Macht des digitalen Marketings Digitales Marketing ist ein leistungsstarkes Tool, mit dem Ihr Unternehmen seine Zielgruppe optimal erreicht. Wir steigern die Sichtbarkeit Ihrer Marke mit SEO, Social Media, E-Mail-Marketing und Content-Strategien. Erreichen Sie Ihre Wachstumsziele mit unseren digitalen Marketing-Services in Alanya. Digitales Marketing mit Informationstechnologie-Services in Alanya [\u2026]<\/p>","protected":false},"author":1,"featured_media":982,"parent":0,"menu_order":0,"comment_status":"closed","ping_status":"closed","template":"elementor_header_footer","meta":{"footnotes":""},"class_list":["post-315","page","type-page","status-publish","has-post-thumbnail","hentry"],"yoast_head":"<!-- This site is optimized with the Yoast SEO Premium plugin v24.6 (Yoast SEO v25.3.1) - https:\/\/yoast.com\/wordpress\/plugins\/seo\/ -->\n<title>Alanya Dijital Pazarlama | Alanya Yaz\u0131l\u0131m | Alanya Web Tasar\u0131m | Alanya Bili\u015fim Hizmetleri<\/title>\n<meta name=\"description\" content=\"Alanya dijital pazarlama hizmetleri ile i\u015fletmenizin dijital d\u00fcnyada b\u00fcy\u00fcmesini sa\u011flay\u0131n. SEO, sosyal medya y\u00f6netimi ve i\u00e7erik pazarlama \u00e7\u00f6z\u00fcmleri sunuyoruz.\" \/>\n<meta name=\"robots\" content=\"index, follow, max-snippet:-1, max-image-preview:large, max-video-preview:-1\" \/>\n<link rel=\"canonical\" href=\"https:\/\/alanyabilisimhizmetleri.com\/de\/alanya-dijital-pazarlama\/\" \/>\n<meta property=\"og:locale\" content=\"de_DE\" \/>\n<meta property=\"og:type\" content=\"article\" \/>\n<meta property=\"og:title\" content=\"Alanya Dijital Pazarlama\" \/>\n<meta property=\"og:description\" content=\"Alanya dijital pazarlama hizmetleri ile i\u015fletmenizin dijital d\u00fcnyada b\u00fcy\u00fcmesini sa\u011flay\u0131n. SEO, sosyal medya y\u00f6netimi ve i\u00e7erik pazarlama \u00e7\u00f6z\u00fcmleri sunuyoruz.\" \/>\n<meta property=\"og:url\" content=\"https:\/\/alanyabilisimhizmetleri.com\/de\/alanya-dijital-pazarlama\/\" \/>\n<meta property=\"og:site_name\" content=\"Alanya Yaz\u0131l\u0131m | Alanya Web Tasar\u0131m | Alanya Bili\u015fim Hizmetleri\" \/>\n<meta property=\"article:modified_time\" content=\"2025-06-27T12:37:28+00:00\" \/>\n<meta property=\"og:image\" content=\"https:\/\/alanyabilisimhizmetleri.com\/wp-content\/uploads\/2025\/06\/abh-1.png\" \/>\n\t<meta property=\"og:image:width\" content=\"512\" \/>\n\t<meta property=\"og:image:height\" content=\"512\" \/>\n\t<meta property=\"og:image:type\" content=\"image\/png\" \/>\n<meta name=\"twitter:card\" content=\"summary_large_image\" \/>\n<meta name=\"twitter:label1\" content=\"Gesch\u00e4tzte Lesezeit\" \/>\n\t<meta name=\"twitter:data1\" content=\"2\u00a0Minuten\" \/>\n<script type=\"application\/ld+json\" class=\"yoast-schema-graph\">{\"@context\":\"https:\/\/schema.org\",\"@graph\":[{\"@type\":\"WebPage\",\"@id\":\"https:\/\/alanyabilisimhizmetleri.com\/alanya-dijital-pazarlama\/\",\"url\":\"https:\/\/alanyabilisimhizmetleri.com\/alanya-dijital-pazarlama\/\",\"name\":\"Alanya Dijital Pazarlama | Alanya Yaz\u0131l\u0131m | Alanya Web Tasar\u0131m | Alanya Bili\u015fim Hizmetleri\",\"isPartOf\":{\"@id\":\"https:\/\/alanyabilisimhizmetleri.com\/#website\"},\"primaryImageOfPage\":{\"@id\":\"https:\/\/alanyabilisimhizmetleri.com\/alanya-dijital-pazarlama\/#primaryimage\"},\"image\":{\"@id\":\"https:\/\/alanyabilisimhizmetleri.com\/alanya-dijital-pazarlama\/#primaryimage\"},\"thumbnailUrl\":\"https:\/\/alanyabilisimhizmetleri.com\/wp-content\/uploads\/2025\/06\/abh-1.png\",\"datePublished\":\"2025-06-26T10:05:07+00:00\",\"dateModified\":\"2025-06-27T12:37:28+00:00\",\"description\":\"Alanya dijital pazarlama hizmetleri ile i\u015fletmenizin dijital d\u00fcnyada b\u00fcy\u00fcmesini sa\u011flay\u0131n. SEO, sosyal medya y\u00f6netimi ve i\u00e7erik pazarlama \u00e7\u00f6z\u00fcmleri sunuyoruz.\",\"breadcrumb\":{\"@id\":\"https:\/\/alanyabilisimhizmetleri.com\/alanya-dijital-pazarlama\/#breadcrumb\"},\"inLanguage\":\"de\",\"potentialAction\":[{\"@type\":\"ReadAction\",\"target\":[\"https:\/\/alanyabilisimhizmetleri.com\/alanya-dijital-pazarlama\/\"]}]},{\"@type\":\"ImageObject\",\"inLanguage\":\"de\",\"@id\":\"https:\/\/alanyabilisimhizmetleri.com\/alanya-dijital-pazarlama\/#primaryimage\",\"url\":\"https:\/\/alanyabilisimhizmetleri.com\/wp-content\/uploads\/2025\/06\/abh-1.png\",\"contentUrl\":\"https:\/\/alanyabilisimhizmetleri.com\/wp-content\/uploads\/2025\/06\/abh-1.png\",\"width\":512,\"height\":512,\"caption\":\"Alanya Dijital Pazarlama\"},{\"@type\":\"BreadcrumbList\",\"@id\":\"https:\/\/alanyabilisimhizmetleri.com\/alanya-dijital-pazarlama\/#breadcrumb\",\"itemListElement\":[{\"@type\":\"ListItem\",\"position\":1,\"name\":\"Anasayfa\",\"item\":\"https:\/\/alanyabilisimhizmetleri.com\/\"},{\"@type\":\"ListItem\",\"position\":2,\"name\":\"Alanya Dijital Pazarlama\"}]},{\"@type\":\"WebSite\",\"@id\":\"https:\/\/alanyabilisimhizmetleri.com\/#website\",\"url\":\"https:\/\/alanyabilisimhizmetleri.com\/\",\"name\":\"Alanya Yaz\u0131l\u0131m | Alanya Web Tasar\u0131m | Alanya Bili\u015fim Hizmetleri\",\"description\":\"Alanya Yaz\u0131l\u0131m | Alanya Web Tasar\u0131m | Alanya Bili\u015fim Hizmetleri\",\"publisher\":{\"@id\":\"https:\/\/alanyabilisimhizmetleri.com\/#organization\"},\"potentialAction\":[{\"@type\":\"SearchAction\",\"target\":{\"@type\":\"EntryPoint\",\"urlTemplate\":\"https:\/\/alanyabilisimhizmetleri.com\/?s={search_term_string}\"},\"query-input\":{\"@type\":\"PropertyValueSpecification\",\"valueRequired\":true,\"valueName\":\"search_term_string\"}}],\"inLanguage\":\"de\"},{\"@type\":\"Organization\",\"@id\":\"https:\/\/alanyabilisimhizmetleri.com\/#organization\",\"name\":\"Alanya Yaz\u0131l\u0131m | Alanya Web Tasar\u0131m | Alanya Bili\u015fim Hizmetleri\",\"url\":\"https:\/\/alanyabilisimhizmetleri.com\/\",\"logo\":{\"@type\":\"ImageObject\",\"inLanguage\":\"de\",\"@id\":\"https:\/\/alanyabilisimhizmetleri.com\/#\/schema\/logo\/image\/\",\"url\":\"https:\/\/alanyabilisimhizmetleri.com\/wp-content\/uploads\/2020\/01\/cropped-2.png\",\"contentUrl\":\"https:\/\/alanyabilisimhizmetleri.com\/wp-content\/uploads\/2020\/01\/cropped-2.png\",\"width\":288,\"height\":117,\"caption\":\"Alanya Yaz\u0131l\u0131m | Alanya Web Tasar\u0131m | Alanya Bili\u015fim Hizmetleri\"},\"image\":{\"@id\":\"https:\/\/alanyabilisimhizmetleri.com\/#\/schema\/logo\/image\/\"}}]}<\/script>\n<!-- \/ Yoast SEO Premium plugin. -->","yoast_head_json":{"title":"Alanya Dijital Pazarlama | Alanya Yaz\u0131l\u0131m | Alanya Web Tasar\u0131m | Alanya Bili\u015fim Hizmetleri","description":"Alanya dijital pazarlama hizmetleri ile i\u015fletmenizin dijital d\u00fcnyada b\u00fcy\u00fcmesini sa\u011flay\u0131n. SEO, sosyal medya y\u00f6netimi ve i\u00e7erik pazarlama \u00e7\u00f6z\u00fcmleri sunuyoruz.","robots":{"index":"index","follow":"follow","max-snippet":"max-snippet:-1","max-image-preview":"max-image-preview:large","max-video-preview":"max-video-preview:-1"},"canonical":"https:\/\/alanyabilisimhizmetleri.com\/de\/alanya-dijital-pazarlama\/","og_locale":"de_DE","og_type":"article","og_title":"Alanya Dijital Pazarlama","og_description":"Alanya dijital pazarlama hizmetleri ile i\u015fletmenizin dijital d\u00fcnyada b\u00fcy\u00fcmesini sa\u011flay\u0131n. SEO, sosyal medya y\u00f6netimi ve i\u00e7erik pazarlama \u00e7\u00f6z\u00fcmleri sunuyoruz.","og_url":"https:\/\/alanyabilisimhizmetleri.com\/de\/alanya-dijital-pazarlama\/","og_site_name":"Alanya Yaz\u0131l\u0131m | Alanya Web Tasar\u0131m | Alanya Bili\u015fim Hizmetleri","article_modified_time":"2025-06-27T12:37:28+00:00","og_image":[{"width":512,"height":512,"url":"https:\/\/alanyabilisimhizmetleri.com\/wp-content\/uploads\/2025\/06\/abh-1.png","type":"image\/png"}],"twitter_card":"summary_large_image","twitter_misc":{"Gesch\u00e4tzte Lesezeit":"2\u00a0Minuten"},"schema":{"@context":"https:\/\/schema.org","@graph":[{"@type":"WebPage","@id":"https:\/\/alanyabilisimhizmetleri.com\/alanya-dijital-pazarlama\/","url":"https:\/\/alanyabilisimhizmetleri.com\/alanya-dijital-pazarlama\/","name":"Alanya Dijital Pazarlama | Alanya Yaz\u0131l\u0131m | Alanya Web Tasar\u0131m | Alanya Bili\u015fim Hizmetleri","isPartOf":{"@id":"https:\/\/alanyabilisimhizmetleri.com\/#website"},"primaryImageOfPage":{"@id":"https:\/\/alanyabilisimhizmetleri.com\/alanya-dijital-pazarlama\/#primaryimage"},"image":{"@id":"https:\/\/alanyabilisimhizmetleri.com\/alanya-dijital-pazarlama\/#primaryimage"},"thumbnailUrl":"https:\/\/alanyabilisimhizmetleri.com\/wp-content\/uploads\/2025\/06\/abh-1.png","datePublished":"2025-06-26T10:05:07+00:00","dateModified":"2025-06-27T12:37:28+00:00","description":"Alanya dijital pazarlama hizmetleri ile i\u015fletmenizin dijital d\u00fcnyada b\u00fcy\u00fcmesini sa\u011flay\u0131n. SEO, sosyal medya y\u00f6netimi ve i\u00e7erik pazarlama \u00e7\u00f6z\u00fcmleri sunuyoruz.","breadcrumb":{"@id":"https:\/\/alanyabilisimhizmetleri.com\/alanya-dijital-pazarlama\/#breadcrumb"},"inLanguage":"de","potentialAction":[{"@type":"ReadAction","target":["https:\/\/alanyabilisimhizmetleri.com\/alanya-dijital-pazarlama\/"]}]},{"@type":"ImageObject","inLanguage":"de","@id":"https:\/\/alanyabilisimhizmetleri.com\/alanya-dijital-pazarlama\/#primaryimage","url":"https:\/\/alanyabilisimhizmetleri.com\/wp-content\/uploads\/2025\/06\/abh-1.png","contentUrl":"https:\/\/alanyabilisimhizmetleri.com\/wp-content\/uploads\/2025\/06\/abh-1.png","width":512,"height":512,"caption":"Alanya Dijital Pazarlama"},{"@type":"BreadcrumbList","@id":"https:\/\/alanyabilisimhizmetleri.com\/alanya-dijital-pazarlama\/#breadcrumb","itemListElement":[{"@type":"ListItem","position":1,"name":"Anasayfa","item":"https:\/\/alanyabilisimhizmetleri.com\/"},{"@type":"ListItem","position":2,"name":"Alanya Dijital Pazarlama"}]},{"@type":"WebSite","@id":"https:\/\/alanyabilisimhizmetleri.com\/#website","url":"https:\/\/alanyabilisimhizmetleri.com\/","name":"Alanya Yaz\u0131l\u0131m | Alanya Web Tasar\u0131m | Alanya Bili\u015fim Hizmetleri","description":"Alanya Yaz\u0131l\u0131m | Alanya Web Tasar\u0131m | Alanya Bili\u015fim Hizmetleri","publisher":{"@id":"https:\/\/alanyabilisimhizmetleri.com\/#organization"},"potentialAction":[{"@type":"SearchAction","target":{"@type":"EntryPoint","urlTemplate":"https:\/\/alanyabilisimhizmetleri.com\/?s={search_term_string}"},"query-input":{"@type":"PropertyValueSpecification","valueRequired":true,"valueName":"search_term_string"}}],"inLanguage":"de"},{"@type":"Organization","@id":"https:\/\/alanyabilisimhizmetleri.com\/#organization","name":"Alanya Yaz\u0131l\u0131m | Alanya Web Tasar\u0131m | Alanya Bili\u015fim Hizmetleri","url":"https:\/\/alanyabilisimhizmetleri.com\/","logo":{"@type":"ImageObject","inLanguage":"de","@id":"https:\/\/alanyabilisimhizmetleri.com\/#\/schema\/logo\/image\/","url":"https:\/\/alanyabilisimhizmetleri.com\/wp-content\/uploads\/2020\/01\/cropped-2.png","contentUrl":"https:\/\/alanyabilisimhizmetleri.com\/wp-content\/uploads\/2020\/01\/cropped-2.png","width":288,"height":117,"caption":"Alanya Yaz\u0131l\u0131m | Alanya Web Tasar\u0131m | Alanya Bili\u015fim Hizmetleri"},"image":{"@id":"https:\/\/alanyabilisimhizmetleri.com\/#\/schema\/logo\/image\/"}}]}},"_links":{"self":[{"href":"https:\/\/alanyabilisimhizmetleri.com\/de\/wp-json\/wp\/v2\/pages\/315","targetHints":{"allow":["GET"]}}],"collection":[{"href":"https:\/\/alanyabilisimhizmetleri.com\/de\/wp-json\/wp\/v2\/pages"}],"about":[{"href":"https:\/\/alanyabilisimhizmetleri.com\/de\/wp-json\/wp\/v2\/types\/page"}],"author":[{"embeddable":true,"href":"https:\/\/alanyabilisimhizmetleri.com\/de\/wp-json\/wp\/v2\/users\/1"}],"replies":[{"embeddable":true,"href":"https:\/\/alanyabilisimhizmetleri.com\/de\/wp-json\/wp\/v2\/comments?post=315"}],"version-history":[{"count":8,"href":"https:\/\/alanyabilisimhizmetleri.com\/de\/wp-json\/wp\/v2\/pages\/315\/revisions"}],"predecessor-version":[{"id":983,"href":"https:\/\/alanyabilisimhizmetleri.com\/de\/wp-json\/wp\/v2\/pages\/315\/revisions\/983"}],"wp:featuredmedia":[{"embeddable":true,"href":"https:\/\/alanyabilisimhizmetleri.com\/de\/wp-json\/wp\/v2\/media\/982"}],"wp:attachment":[{"href":"https:\/\/alanyabilisimhizmetleri.com\/de\/wp-json\/wp\/v2\/media?parent=315"}],"curies":[{"name":"wp","href":"https:\/\/api.w.org\/{rel}","templated":true}]}}