{"id":337,"date":"2025-06-26T13:14:05","date_gmt":"2025-06-26T10:14:05","guid":{"rendered":"https:\/\/alanyabilisimhizmetleri.com\/?page_id=337"},"modified":"2025-06-27T15:38:00","modified_gmt":"2025-06-27T12:38:00","slug":"alanya-reklam-yoneticisi","status":"publish","type":"page","link":"https:\/\/alanyabilisimhizmetleri.com\/de\/alanya-reklam-yoneticisi\/","title":{"rendered":"Alanya Werbemanager"},"content":{"rendered":"<div data-elementor-type=\"wp-page\" data-elementor-id=\"337\" class=\"elementor elementor-337\">\n\t\t\t\t<div class=\"aux-parallax-section elementor-element elementor-element-b1c5e45 e-flex e-con-boxed elementor-invisible e-con e-parent\" data-id=\"b1c5e45\" data-element_type=\"container\" data-settings=\"{&quot;animation&quot;:&quot;fadeInUp&quot;}\">\n\t\t\t\t\t<div class=\"e-con-inner\">\n\t\t\t\t<div class=\"elementor-element elementor-element-63cbfa6 elementor-widget elementor-widget-text-editor\" data-id=\"63cbfa6\" data-element_type=\"widget\" data-widget_type=\"text-editor.default\">\n\t\t\t\t<div class=\"elementor-widget-container\">\n\t\t\t\t\t\t\t\t\t<header><section><section><h1>Alanya Werbemanager | Professionelle L\u00f6sungen<\/h1><\/section><header><h1>Werbemanager in Alanya: Erfolg im digitalen Marketing<\/h1><\/header><section><h2>Was ist der Werbeanzeigenmanager?<\/h2><p>Ein Ad Manager ist ein professioneller Dienstleister, der die digitale Werbung Ihres Unternehmens plant, verwaltet und optimiert. Mit Ad Management Services erreichen Sie die richtige Zielgruppe, verwalten Ihr Werbebudget effizient und steigern Ihre Conversion-Raten.<\/p><\/section><section><h2>Unsere Alanya Advertising Manager Services<\/h2><p>Alanya Information Technologies bietet umfassende Werbemanagement-Services, die Ihrem Unternehmen den Erfolg in der digitalen Welt erm\u00f6glichen. Wir unterst\u00fctzen Sie dabei, Ihre Ziele in sozialen Medien, Google Ads und anderen digitalen Plattformen zu erreichen.<\/p><\/section><section><h3>Unsere Dienste<\/h3><ul><li>Zielgruppenanalyse und Strategieentwicklung<\/li><li>Google Ads Kampagnenmanagement<\/li><li>Facebook- und Instagram-Anzeigenverwaltung<\/li><li>Verfolgung und Optimierung der Anzeigenleistung<\/li><li>Detaillierte Berichte und Analysen<\/li><\/ul><\/section><section><h3>Vorteile des Werbemanagements<\/h3><ul><li>Erreichen Sie Ihre Zielgruppe direkt<\/li><li>Effizienter Einsatz Ihres Werbebudgets<\/li><li>Vertrieb und Kundenakquise<\/li><li>Steigerung der Markenbekanntheit<\/li><\/ul><\/section><section><h2>Erreichen Sie digitalen Erfolg mit Ad Manager<\/h2><p>Verwalten Sie die digitale Werbung Ihres Unternehmens professionell mit unseren Alanya Advertising Manager-Diensten. Unser Expertenteam maximiert Ihr Werbebudget und Ihren Ertrag.<\/p><\/section><footer><h4>Kontaktieren Sie uns<\/h4><p>Kontaktieren Sie uns jetzt, um mehr \u00fcber unsere Ad-Manager-Services zu erfahren und den digitalen Erfolg Ihres Unternehmens zu steigern!<\/p><\/footer><\/section><\/header>\t\t\t\t\t\t\t\t<\/div>\n\t\t\t\t<\/div>\n\t\t\t\t\t<\/div>\n\t\t\t\t<\/div>\n\t\t\t\t<\/div>","protected":false},"excerpt":{"rendered":"<p>Alanya Werbemanager | Professionelle L\u00f6sungen Alanya Werbemanager: Erfolg im digitalen Marketing Was ist ein Werbemanager? Ein Werbemanager ist ein professioneller Dienstleister, der die digitale Werbung Ihres Unternehmens plant, verwaltet und optimiert. Mit Werbemanagement-Services erreichen Sie die richtige Zielgruppe, nutzen Ihr Werbebudget effizient und steigern Ihre Conversion-Raten. Unsere Alanya Werbemanager-Services Als Alanya Information Technologies bieten wir digitale Werbeservices f\u00fcr Ihr Unternehmen [\u2026]<\/p>","protected":false},"author":1,"featured_media":988,"parent":0,"menu_order":0,"comment_status":"closed","ping_status":"closed","template":"elementor_header_footer","meta":{"footnotes":""},"class_list":["post-337","page","type-page","status-publish","has-post-thumbnail","hentry"],"yoast_head":"<!-- This site is optimized with the Yoast SEO Premium plugin v24.6 (Yoast SEO v25.3.1) - https:\/\/yoast.com\/wordpress\/plugins\/seo\/ -->\n<title>Alanya Reklam Y\u00f6neticisi | Profesyonel \u00c7\u00f6z\u00fcmler<\/title>\n<meta name=\"description\" content=\"Alanya Reklam Y\u00f6neticisi hizmetlerimizle i\u015fletmenizin dijital reklamlar\u0131n\u0131 etkili bir \u015fekilde y\u00f6netin. Profesyonel reklam \u00e7\u00f6z\u00fcmleri i\u00e7in bize ula\u015f\u0131n.\" \/>\n<meta name=\"robots\" content=\"index, follow, max-snippet:-1, max-image-preview:large, max-video-preview:-1\" \/>\n<link rel=\"canonical\" href=\"https:\/\/alanyabilisimhizmetleri.com\/de\/alanya-reklam-yoneticisi\/\" \/>\n<meta property=\"og:locale\" content=\"de_DE\" \/>\n<meta property=\"og:type\" content=\"article\" \/>\n<meta property=\"og:title\" content=\"Alanya Reklam Y\u00f6neticisi\" \/>\n<meta property=\"og:description\" content=\"Alanya Reklam Y\u00f6neticisi hizmetlerimizle i\u015fletmenizin dijital reklamlar\u0131n\u0131 etkili bir \u015fekilde y\u00f6netin. Profesyonel reklam \u00e7\u00f6z\u00fcmleri i\u00e7in bize ula\u015f\u0131n.\" \/>\n<meta property=\"og:url\" content=\"https:\/\/alanyabilisimhizmetleri.com\/de\/alanya-reklam-yoneticisi\/\" \/>\n<meta property=\"og:site_name\" content=\"Alanya Yaz\u0131l\u0131m | Alanya Web Tasar\u0131m | Alanya Bili\u015fim Hizmetleri\" \/>\n<meta property=\"article:modified_time\" content=\"2025-06-27T12:38:00+00:00\" \/>\n<meta property=\"og:image\" content=\"https:\/\/alanyabilisimhizmetleri.com\/wp-content\/uploads\/2025\/06\/abh-4.png\" \/>\n\t<meta property=\"og:image:width\" content=\"512\" \/>\n\t<meta property=\"og:image:height\" content=\"512\" \/>\n\t<meta property=\"og:image:type\" content=\"image\/png\" \/>\n<meta name=\"twitter:card\" content=\"summary_large_image\" \/>\n<meta name=\"twitter:label1\" content=\"Gesch\u00e4tzte Lesezeit\" \/>\n\t<meta name=\"twitter:data1\" content=\"2\u00a0Minuten\" \/>\n<script type=\"application\/ld+json\" class=\"yoast-schema-graph\">{\"@context\":\"https:\/\/schema.org\",\"@graph\":[{\"@type\":\"WebPage\",\"@id\":\"https:\/\/alanyabilisimhizmetleri.com\/alanya-reklam-yoneticisi\/\",\"url\":\"https:\/\/alanyabilisimhizmetleri.com\/alanya-reklam-yoneticisi\/\",\"name\":\"Alanya Reklam Y\u00f6neticisi | Profesyonel \u00c7\u00f6z\u00fcmler\",\"isPartOf\":{\"@id\":\"https:\/\/alanyabilisimhizmetleri.com\/#website\"},\"primaryImageOfPage\":{\"@id\":\"https:\/\/alanyabilisimhizmetleri.com\/alanya-reklam-yoneticisi\/#primaryimage\"},\"image\":{\"@id\":\"https:\/\/alanyabilisimhizmetleri.com\/alanya-reklam-yoneticisi\/#primaryimage\"},\"thumbnailUrl\":\"https:\/\/alanyabilisimhizmetleri.com\/wp-content\/uploads\/2025\/06\/abh-4.png\",\"datePublished\":\"2025-06-26T10:14:05+00:00\",\"dateModified\":\"2025-06-27T12:38:00+00:00\",\"description\":\"Alanya Reklam Y\u00f6neticisi hizmetlerimizle i\u015fletmenizin dijital reklamlar\u0131n\u0131 etkili bir \u015fekilde y\u00f6netin. Profesyonel reklam \u00e7\u00f6z\u00fcmleri i\u00e7in bize ula\u015f\u0131n.\",\"breadcrumb\":{\"@id\":\"https:\/\/alanyabilisimhizmetleri.com\/alanya-reklam-yoneticisi\/#breadcrumb\"},\"inLanguage\":\"de\",\"potentialAction\":[{\"@type\":\"ReadAction\",\"target\":[\"https:\/\/alanyabilisimhizmetleri.com\/alanya-reklam-yoneticisi\/\"]}]},{\"@type\":\"ImageObject\",\"inLanguage\":\"de\",\"@id\":\"https:\/\/alanyabilisimhizmetleri.com\/alanya-reklam-yoneticisi\/#primaryimage\",\"url\":\"https:\/\/alanyabilisimhizmetleri.com\/wp-content\/uploads\/2025\/06\/abh-4.png\",\"contentUrl\":\"https:\/\/alanyabilisimhizmetleri.com\/wp-content\/uploads\/2025\/06\/abh-4.png\",\"width\":512,\"height\":512,\"caption\":\"Alanya Reklam Y\u00f6neticisi\"},{\"@type\":\"BreadcrumbList\",\"@id\":\"https:\/\/alanyabilisimhizmetleri.com\/alanya-reklam-yoneticisi\/#breadcrumb\",\"itemListElement\":[{\"@type\":\"ListItem\",\"position\":1,\"name\":\"Anasayfa\",\"item\":\"https:\/\/alanyabilisimhizmetleri.com\/\"},{\"@type\":\"ListItem\",\"position\":2,\"name\":\"Alanya Reklam Y\u00f6neticisi\"}]},{\"@type\":\"WebSite\",\"@id\":\"https:\/\/alanyabilisimhizmetleri.com\/#website\",\"url\":\"https:\/\/alanyabilisimhizmetleri.com\/\",\"name\":\"Alanya Yaz\u0131l\u0131m | Alanya Web Tasar\u0131m | Alanya Bili\u015fim Hizmetleri\",\"description\":\"Alanya Yaz\u0131l\u0131m | Alanya Web Tasar\u0131m | Alanya Bili\u015fim Hizmetleri\",\"publisher\":{\"@id\":\"https:\/\/alanyabilisimhizmetleri.com\/#organization\"},\"potentialAction\":[{\"@type\":\"SearchAction\",\"target\":{\"@type\":\"EntryPoint\",\"urlTemplate\":\"https:\/\/alanyabilisimhizmetleri.com\/?s={search_term_string}\"},\"query-input\":{\"@type\":\"PropertyValueSpecification\",\"valueRequired\":true,\"valueName\":\"search_term_string\"}}],\"inLanguage\":\"de\"},{\"@type\":\"Organization\",\"@id\":\"https:\/\/alanyabilisimhizmetleri.com\/#organization\",\"name\":\"Alanya Yaz\u0131l\u0131m | Alanya Web Tasar\u0131m | Alanya Bili\u015fim Hizmetleri\",\"url\":\"https:\/\/alanyabilisimhizmetleri.com\/\",\"logo\":{\"@type\":\"ImageObject\",\"inLanguage\":\"de\",\"@id\":\"https:\/\/alanyabilisimhizmetleri.com\/#\/schema\/logo\/image\/\",\"url\":\"https:\/\/alanyabilisimhizmetleri.com\/wp-content\/uploads\/2020\/01\/cropped-2.png\",\"contentUrl\":\"https:\/\/alanyabilisimhizmetleri.com\/wp-content\/uploads\/2020\/01\/cropped-2.png\",\"width\":288,\"height\":117,\"caption\":\"Alanya Yaz\u0131l\u0131m | Alanya Web Tasar\u0131m | Alanya Bili\u015fim Hizmetleri\"},\"image\":{\"@id\":\"https:\/\/alanyabilisimhizmetleri.com\/#\/schema\/logo\/image\/\"}}]}<\/script>\n<!-- \/ Yoast SEO Premium plugin. -->","yoast_head_json":{"title":"Alanya Reklam Y\u00f6neticisi | Profesyonel \u00c7\u00f6z\u00fcmler","description":"Alanya Reklam Y\u00f6neticisi hizmetlerimizle i\u015fletmenizin dijital reklamlar\u0131n\u0131 etkili bir \u015fekilde y\u00f6netin. Profesyonel reklam \u00e7\u00f6z\u00fcmleri i\u00e7in bize ula\u015f\u0131n.","robots":{"index":"index","follow":"follow","max-snippet":"max-snippet:-1","max-image-preview":"max-image-preview:large","max-video-preview":"max-video-preview:-1"},"canonical":"https:\/\/alanyabilisimhizmetleri.com\/de\/alanya-reklam-yoneticisi\/","og_locale":"de_DE","og_type":"article","og_title":"Alanya Reklam Y\u00f6neticisi","og_description":"Alanya Reklam Y\u00f6neticisi hizmetlerimizle i\u015fletmenizin dijital reklamlar\u0131n\u0131 etkili bir \u015fekilde y\u00f6netin. Profesyonel reklam \u00e7\u00f6z\u00fcmleri i\u00e7in bize ula\u015f\u0131n.","og_url":"https:\/\/alanyabilisimhizmetleri.com\/de\/alanya-reklam-yoneticisi\/","og_site_name":"Alanya Yaz\u0131l\u0131m | Alanya Web Tasar\u0131m | Alanya Bili\u015fim Hizmetleri","article_modified_time":"2025-06-27T12:38:00+00:00","og_image":[{"width":512,"height":512,"url":"https:\/\/alanyabilisimhizmetleri.com\/wp-content\/uploads\/2025\/06\/abh-4.png","type":"image\/png"}],"twitter_card":"summary_large_image","twitter_misc":{"Gesch\u00e4tzte Lesezeit":"2\u00a0Minuten"},"schema":{"@context":"https:\/\/schema.org","@graph":[{"@type":"WebPage","@id":"https:\/\/alanyabilisimhizmetleri.com\/alanya-reklam-yoneticisi\/","url":"https:\/\/alanyabilisimhizmetleri.com\/alanya-reklam-yoneticisi\/","name":"Alanya Reklam Y\u00f6neticisi | Profesyonel \u00c7\u00f6z\u00fcmler","isPartOf":{"@id":"https:\/\/alanyabilisimhizmetleri.com\/#website"},"primaryImageOfPage":{"@id":"https:\/\/alanyabilisimhizmetleri.com\/alanya-reklam-yoneticisi\/#primaryimage"},"image":{"@id":"https:\/\/alanyabilisimhizmetleri.com\/alanya-reklam-yoneticisi\/#primaryimage"},"thumbnailUrl":"https:\/\/alanyabilisimhizmetleri.com\/wp-content\/uploads\/2025\/06\/abh-4.png","datePublished":"2025-06-26T10:14:05+00:00","dateModified":"2025-06-27T12:38:00+00:00","description":"Alanya Reklam Y\u00f6neticisi hizmetlerimizle i\u015fletmenizin dijital reklamlar\u0131n\u0131 etkili bir \u015fekilde y\u00f6netin. Profesyonel reklam \u00e7\u00f6z\u00fcmleri i\u00e7in bize ula\u015f\u0131n.","breadcrumb":{"@id":"https:\/\/alanyabilisimhizmetleri.com\/alanya-reklam-yoneticisi\/#breadcrumb"},"inLanguage":"de","potentialAction":[{"@type":"ReadAction","target":["https:\/\/alanyabilisimhizmetleri.com\/alanya-reklam-yoneticisi\/"]}]},{"@type":"ImageObject","inLanguage":"de","@id":"https:\/\/alanyabilisimhizmetleri.com\/alanya-reklam-yoneticisi\/#primaryimage","url":"https:\/\/alanyabilisimhizmetleri.com\/wp-content\/uploads\/2025\/06\/abh-4.png","contentUrl":"https:\/\/alanyabilisimhizmetleri.com\/wp-content\/uploads\/2025\/06\/abh-4.png","width":512,"height":512,"caption":"Alanya Reklam Y\u00f6neticisi"},{"@type":"BreadcrumbList","@id":"https:\/\/alanyabilisimhizmetleri.com\/alanya-reklam-yoneticisi\/#breadcrumb","itemListElement":[{"@type":"ListItem","position":1,"name":"Anasayfa","item":"https:\/\/alanyabilisimhizmetleri.com\/"},{"@type":"ListItem","position":2,"name":"Alanya Reklam Y\u00f6neticisi"}]},{"@type":"WebSite","@id":"https:\/\/alanyabilisimhizmetleri.com\/#website","url":"https:\/\/alanyabilisimhizmetleri.com\/","name":"Alanya Yaz\u0131l\u0131m | Alanya Web Tasar\u0131m | Alanya Bili\u015fim Hizmetleri","description":"Alanya Yaz\u0131l\u0131m | Alanya Web Tasar\u0131m | Alanya Bili\u015fim Hizmetleri","publisher":{"@id":"https:\/\/alanyabilisimhizmetleri.com\/#organization"},"potentialAction":[{"@type":"SearchAction","target":{"@type":"EntryPoint","urlTemplate":"https:\/\/alanyabilisimhizmetleri.com\/?s={search_term_string}"},"query-input":{"@type":"PropertyValueSpecification","valueRequired":true,"valueName":"search_term_string"}}],"inLanguage":"de"},{"@type":"Organization","@id":"https:\/\/alanyabilisimhizmetleri.com\/#organization","name":"Alanya Yaz\u0131l\u0131m | Alanya Web Tasar\u0131m | Alanya Bili\u015fim Hizmetleri","url":"https:\/\/alanyabilisimhizmetleri.com\/","logo":{"@type":"ImageObject","inLanguage":"de","@id":"https:\/\/alanyabilisimhizmetleri.com\/#\/schema\/logo\/image\/","url":"https:\/\/alanyabilisimhizmetleri.com\/wp-content\/uploads\/2020\/01\/cropped-2.png","contentUrl":"https:\/\/alanyabilisimhizmetleri.com\/wp-content\/uploads\/2020\/01\/cropped-2.png","width":288,"height":117,"caption":"Alanya Yaz\u0131l\u0131m | Alanya Web Tasar\u0131m | Alanya Bili\u015fim Hizmetleri"},"image":{"@id":"https:\/\/alanyabilisimhizmetleri.com\/#\/schema\/logo\/image\/"}}]}},"_links":{"self":[{"href":"https:\/\/alanyabilisimhizmetleri.com\/de\/wp-json\/wp\/v2\/pages\/337","targetHints":{"allow":["GET"]}}],"collection":[{"href":"https:\/\/alanyabilisimhizmetleri.com\/de\/wp-json\/wp\/v2\/pages"}],"about":[{"href":"https:\/\/alanyabilisimhizmetleri.com\/de\/wp-json\/wp\/v2\/types\/page"}],"author":[{"embeddable":true,"href":"https:\/\/alanyabilisimhizmetleri.com\/de\/wp-json\/wp\/v2\/users\/1"}],"replies":[{"embeddable":true,"href":"https:\/\/alanyabilisimhizmetleri.com\/de\/wp-json\/wp\/v2\/comments?post=337"}],"version-history":[{"count":5,"href":"https:\/\/alanyabilisimhizmetleri.com\/de\/wp-json\/wp\/v2\/pages\/337\/revisions"}],"predecessor-version":[{"id":989,"href":"https:\/\/alanyabilisimhizmetleri.com\/de\/wp-json\/wp\/v2\/pages\/337\/revisions\/989"}],"wp:featuredmedia":[{"embeddable":true,"href":"https:\/\/alanyabilisimhizmetleri.com\/de\/wp-json\/wp\/v2\/media\/988"}],"wp:attachment":[{"href":"https:\/\/alanyabilisimhizmetleri.com\/de\/wp-json\/wp\/v2\/media?parent=337"}],"curies":[{"name":"wp","href":"https:\/\/api.w.org\/{rel}","templated":true}]}}