{"id":347,"date":"2025-06-26T13:16:08","date_gmt":"2025-06-26T10:16:08","guid":{"rendered":"https:\/\/alanyabilisimhizmetleri.com\/?page_id=347"},"modified":"2025-06-27T15:38:21","modified_gmt":"2025-06-27T12:38:21","slug":"alanya-web-tasarimi-6","status":"publish","type":"page","link":"https:\/\/alanyabilisimhizmetleri.com\/de\/alanya-web-tasarimi-6\/","title":{"rendered":"Alanya Webdesign"},"content":{"rendered":"<div data-elementor-type=\"wp-page\" data-elementor-id=\"347\" class=\"elementor elementor-347\">\n\t\t\t\t<div class=\"aux-parallax-section elementor-element elementor-element-f1604b2 e-flex e-con-boxed elementor-invisible e-con e-parent\" data-id=\"f1604b2\" data-element_type=\"container\" data-settings=\"{&quot;animation&quot;:&quot;fadeInUp&quot;}\">\n\t\t\t\t\t<div class=\"e-con-inner\">\n\t\t\t\t<div class=\"elementor-element elementor-element-641da63 elementor-widget elementor-widget-text-editor\" data-id=\"641da63\" data-element_type=\"widget\" data-widget_type=\"text-editor.default\">\n\t\t\t\t<div class=\"elementor-widget-container\">\n\t\t\t\t\t\t\t\t\t<header><section><section><h1>Alanya Webdesign | Modern und SEO-kompatibel<\/h1><\/section><header><h1>Alanya Webdesign: Heben Sie sich in der digitalen Welt ab<\/h1><\/header><section><h2>Was ist Webdesign und warum ist es wichtig?<\/h2><p>Webdesign ist eines der wichtigsten Elemente, um die Online-Pr\u00e4senz Ihrer Marke zu st\u00e4rken. Eine professionelle Website steigert das Ansehen Ihres Unternehmens und erm\u00f6glicht es Ihnen, Ihre Zielgruppe effektiv zu erreichen. Mit unseren Webdesign-Services in Alanya st\u00e4rken wir die Position Ihrer Marke in der digitalen Welt.<\/p><\/section><section><h2>Unsere Alanya Webdesign-Services<\/h2><p>Bei Alanya Information Technologies bieten wir moderne und innovative Webdesigns, die auf die Bed\u00fcrfnisse Ihres Unternehmens zugeschnitten sind. Wir legen Wert auf die Benutzerfreundlichkeit und m\u00f6chten den digitalen Erfolg Ihres Unternehmens steigern.<\/p><\/section><section><h3>Unsere Dienste<\/h3><ul><li>SEO-freundliches Website-Design<\/li><li>Responsive Design, kompatibel mit Mobilger\u00e4ten<\/li><li>Entwicklung von E-Commerce-Sites<\/li><li>Corporate Website-Design<\/li><li>Integration von Content-Management-Systemen (CMS)<\/li><\/ul><\/section><section><h3>Unser Webdesign-Prozess<\/h3><ol><li>Bedarfsanalyse und -ermittlung<\/li><li>Erstellung von Designkonzepten<\/li><li>SEO-fokussierte Codierung und Entwicklung<\/li><li>Benutzertests und Feedback-Erfassung<\/li><li>Start der Website<\/li><\/ol><\/section><section><h2>Erreichen Sie digitalen Erfolg mit Alanya Web Design<\/h2><p>Erstellen Sie mit unseren Alanya-Webdesign-Services Websites, die Ihre Marke optimal repr\u00e4sentieren. St\u00e4rken Sie die digitale Pr\u00e4senz Ihres Unternehmens mit unserem modernen Design und unserem technischen Know-how.<\/p><\/section><footer><h4>Kontaktieren Sie uns<\/h4><p>Kontaktieren Sie uns noch heute, um mehr \u00fcber unsere Webdesign-Services in Alanya zu erfahren. Lassen Sie uns Ihr Unternehmen in der digitalen Welt auf die n\u00e4chste Stufe bringen!<\/p><\/footer><\/section><\/header>\t\t\t\t\t\t\t\t<\/div>\n\t\t\t\t<\/div>\n\t\t\t\t\t<\/div>\n\t\t\t\t<\/div>\n\t\t\t\t<\/div>","protected":false},"excerpt":{"rendered":"<p>Alanya Webdesign | Modernes und SEO-freundliches Alanya Webdesign: Heben Sie sich in der digitalen Welt ab. Was ist Webdesign und warum ist es wichtig? Webdesign ist eines der wichtigsten Elemente, um die Online-Pr\u00e4senz Ihrer Marke zu st\u00e4rken. Eine professionelle Website steigert das Ansehen Ihres Unternehmens und erm\u00f6glicht es Ihnen, Ihre Zielgruppe effektiv zu erreichen. Mit unseren Alanya Webdesign-Services bringen Sie Ihre Marke in der digitalen Welt einen Schritt weiter [\u2026]<\/p>","protected":false},"author":1,"featured_media":992,"parent":0,"menu_order":0,"comment_status":"closed","ping_status":"closed","template":"elementor_header_footer","meta":{"footnotes":""},"class_list":["post-347","page","type-page","status-publish","has-post-thumbnail","hentry"],"yoast_head":"<!-- This site is optimized with the Yoast SEO Premium plugin v24.6 (Yoast SEO v25.3.1) - https:\/\/yoast.com\/wordpress\/plugins\/seo\/ -->\n<title>Alanya Web Tasar\u0131m\u0131 | Modern ve SEO Uyumlu<\/title>\n<meta name=\"description\" content=\"Alanya web tasar\u0131m\u0131 hizmetleri ile i\u015fletmenize modern, kullan\u0131c\u0131 dostu ve SEO uyumlu web siteleri sunuyoruz. Profesyonel \u00e7\u00f6z\u00fcmler i\u00e7in bizimle ileti\u015fime ge\u00e7in.\" \/>\n<meta name=\"robots\" content=\"index, follow, max-snippet:-1, max-image-preview:large, max-video-preview:-1\" \/>\n<link rel=\"canonical\" href=\"https:\/\/alanyabilisimhizmetleri.com\/de\/alanya-web-tasarimi-6\/\" \/>\n<meta property=\"og:locale\" content=\"de_DE\" \/>\n<meta property=\"og:type\" content=\"article\" \/>\n<meta property=\"og:title\" content=\"Alanya Web Tasar\u0131m\u0131\" \/>\n<meta property=\"og:description\" content=\"Alanya web tasar\u0131m\u0131 hizmetleri ile i\u015fletmenize modern, kullan\u0131c\u0131 dostu ve SEO uyumlu web siteleri sunuyoruz. Profesyonel \u00e7\u00f6z\u00fcmler i\u00e7in bizimle ileti\u015fime ge\u00e7in.\" \/>\n<meta property=\"og:url\" content=\"https:\/\/alanyabilisimhizmetleri.com\/de\/alanya-web-tasarimi-6\/\" \/>\n<meta property=\"og:site_name\" content=\"Alanya Yaz\u0131l\u0131m | Alanya Web Tasar\u0131m | Alanya Bili\u015fim Hizmetleri\" \/>\n<meta property=\"article:modified_time\" content=\"2025-06-27T12:38:21+00:00\" \/>\n<meta property=\"og:image\" content=\"https:\/\/alanyabilisimhizmetleri.com\/wp-content\/uploads\/2025\/06\/abh-6.png\" \/>\n\t<meta property=\"og:image:width\" content=\"512\" \/>\n\t<meta property=\"og:image:height\" content=\"512\" \/>\n\t<meta property=\"og:image:type\" content=\"image\/png\" \/>\n<meta name=\"twitter:card\" content=\"summary_large_image\" \/>\n<meta name=\"twitter:label1\" content=\"Gesch\u00e4tzte Lesezeit\" \/>\n\t<meta name=\"twitter:data1\" content=\"2\u00a0Minuten\" \/>\n<script type=\"application\/ld+json\" class=\"yoast-schema-graph\">{\"@context\":\"https:\/\/schema.org\",\"@graph\":[{\"@type\":\"WebPage\",\"@id\":\"https:\/\/alanyabilisimhizmetleri.com\/alanya-web-tasarimi-6\/\",\"url\":\"https:\/\/alanyabilisimhizmetleri.com\/alanya-web-tasarimi-6\/\",\"name\":\"Alanya Web Tasar\u0131m\u0131 | Modern ve SEO Uyumlu\",\"isPartOf\":{\"@id\":\"https:\/\/alanyabilisimhizmetleri.com\/#website\"},\"primaryImageOfPage\":{\"@id\":\"https:\/\/alanyabilisimhizmetleri.com\/alanya-web-tasarimi-6\/#primaryimage\"},\"image\":{\"@id\":\"https:\/\/alanyabilisimhizmetleri.com\/alanya-web-tasarimi-6\/#primaryimage\"},\"thumbnailUrl\":\"https:\/\/alanyabilisimhizmetleri.com\/wp-content\/uploads\/2025\/06\/abh-6.png\",\"datePublished\":\"2025-06-26T10:16:08+00:00\",\"dateModified\":\"2025-06-27T12:38:21+00:00\",\"description\":\"Alanya web tasar\u0131m\u0131 hizmetleri ile i\u015fletmenize modern, kullan\u0131c\u0131 dostu ve SEO uyumlu web siteleri sunuyoruz. Profesyonel \u00e7\u00f6z\u00fcmler i\u00e7in bizimle ileti\u015fime ge\u00e7in.\",\"breadcrumb\":{\"@id\":\"https:\/\/alanyabilisimhizmetleri.com\/alanya-web-tasarimi-6\/#breadcrumb\"},\"inLanguage\":\"de\",\"potentialAction\":[{\"@type\":\"ReadAction\",\"target\":[\"https:\/\/alanyabilisimhizmetleri.com\/alanya-web-tasarimi-6\/\"]}]},{\"@type\":\"ImageObject\",\"inLanguage\":\"de\",\"@id\":\"https:\/\/alanyabilisimhizmetleri.com\/alanya-web-tasarimi-6\/#primaryimage\",\"url\":\"https:\/\/alanyabilisimhizmetleri.com\/wp-content\/uploads\/2025\/06\/abh-6.png\",\"contentUrl\":\"https:\/\/alanyabilisimhizmetleri.com\/wp-content\/uploads\/2025\/06\/abh-6.png\",\"width\":512,\"height\":512,\"caption\":\"Alanya Web Tasar\u0131m\u0131\"},{\"@type\":\"BreadcrumbList\",\"@id\":\"https:\/\/alanyabilisimhizmetleri.com\/alanya-web-tasarimi-6\/#breadcrumb\",\"itemListElement\":[{\"@type\":\"ListItem\",\"position\":1,\"name\":\"Anasayfa\",\"item\":\"https:\/\/alanyabilisimhizmetleri.com\/\"},{\"@type\":\"ListItem\",\"position\":2,\"name\":\"Alanya Web Tasar\u0131m\u0131\"}]},{\"@type\":\"WebSite\",\"@id\":\"https:\/\/alanyabilisimhizmetleri.com\/#website\",\"url\":\"https:\/\/alanyabilisimhizmetleri.com\/\",\"name\":\"Alanya Yaz\u0131l\u0131m | Alanya Web Tasar\u0131m | Alanya Bili\u015fim Hizmetleri\",\"description\":\"Alanya Yaz\u0131l\u0131m | Alanya Web Tasar\u0131m | Alanya Bili\u015fim Hizmetleri\",\"publisher\":{\"@id\":\"https:\/\/alanyabilisimhizmetleri.com\/#organization\"},\"potentialAction\":[{\"@type\":\"SearchAction\",\"target\":{\"@type\":\"EntryPoint\",\"urlTemplate\":\"https:\/\/alanyabilisimhizmetleri.com\/?s={search_term_string}\"},\"query-input\":{\"@type\":\"PropertyValueSpecification\",\"valueRequired\":true,\"valueName\":\"search_term_string\"}}],\"inLanguage\":\"de\"},{\"@type\":\"Organization\",\"@id\":\"https:\/\/alanyabilisimhizmetleri.com\/#organization\",\"name\":\"Alanya Yaz\u0131l\u0131m | Alanya Web Tasar\u0131m | Alanya Bili\u015fim Hizmetleri\",\"url\":\"https:\/\/alanyabilisimhizmetleri.com\/\",\"logo\":{\"@type\":\"ImageObject\",\"inLanguage\":\"de\",\"@id\":\"https:\/\/alanyabilisimhizmetleri.com\/#\/schema\/logo\/image\/\",\"url\":\"https:\/\/alanyabilisimhizmetleri.com\/wp-content\/uploads\/2020\/01\/cropped-2.png\",\"contentUrl\":\"https:\/\/alanyabilisimhizmetleri.com\/wp-content\/uploads\/2020\/01\/cropped-2.png\",\"width\":288,\"height\":117,\"caption\":\"Alanya Yaz\u0131l\u0131m | Alanya Web Tasar\u0131m | Alanya Bili\u015fim Hizmetleri\"},\"image\":{\"@id\":\"https:\/\/alanyabilisimhizmetleri.com\/#\/schema\/logo\/image\/\"}}]}<\/script>\n<!-- \/ Yoast SEO Premium plugin. -->","yoast_head_json":{"title":"Alanya Web Tasar\u0131m\u0131 | Modern ve SEO Uyumlu","description":"Alanya web tasar\u0131m\u0131 hizmetleri ile i\u015fletmenize modern, kullan\u0131c\u0131 dostu ve SEO uyumlu web siteleri sunuyoruz. Profesyonel \u00e7\u00f6z\u00fcmler i\u00e7in bizimle ileti\u015fime ge\u00e7in.","robots":{"index":"index","follow":"follow","max-snippet":"max-snippet:-1","max-image-preview":"max-image-preview:large","max-video-preview":"max-video-preview:-1"},"canonical":"https:\/\/alanyabilisimhizmetleri.com\/de\/alanya-web-tasarimi-6\/","og_locale":"de_DE","og_type":"article","og_title":"Alanya Web Tasar\u0131m\u0131","og_description":"Alanya web tasar\u0131m\u0131 hizmetleri ile i\u015fletmenize modern, kullan\u0131c\u0131 dostu ve SEO uyumlu web siteleri sunuyoruz. Profesyonel \u00e7\u00f6z\u00fcmler i\u00e7in bizimle ileti\u015fime ge\u00e7in.","og_url":"https:\/\/alanyabilisimhizmetleri.com\/de\/alanya-web-tasarimi-6\/","og_site_name":"Alanya Yaz\u0131l\u0131m | Alanya Web Tasar\u0131m | Alanya Bili\u015fim Hizmetleri","article_modified_time":"2025-06-27T12:38:21+00:00","og_image":[{"width":512,"height":512,"url":"https:\/\/alanyabilisimhizmetleri.com\/wp-content\/uploads\/2025\/06\/abh-6.png","type":"image\/png"}],"twitter_card":"summary_large_image","twitter_misc":{"Gesch\u00e4tzte Lesezeit":"2\u00a0Minuten"},"schema":{"@context":"https:\/\/schema.org","@graph":[{"@type":"WebPage","@id":"https:\/\/alanyabilisimhizmetleri.com\/alanya-web-tasarimi-6\/","url":"https:\/\/alanyabilisimhizmetleri.com\/alanya-web-tasarimi-6\/","name":"Alanya Web Tasar\u0131m\u0131 | Modern ve SEO Uyumlu","isPartOf":{"@id":"https:\/\/alanyabilisimhizmetleri.com\/#website"},"primaryImageOfPage":{"@id":"https:\/\/alanyabilisimhizmetleri.com\/alanya-web-tasarimi-6\/#primaryimage"},"image":{"@id":"https:\/\/alanyabilisimhizmetleri.com\/alanya-web-tasarimi-6\/#primaryimage"},"thumbnailUrl":"https:\/\/alanyabilisimhizmetleri.com\/wp-content\/uploads\/2025\/06\/abh-6.png","datePublished":"2025-06-26T10:16:08+00:00","dateModified":"2025-06-27T12:38:21+00:00","description":"Alanya web tasar\u0131m\u0131 hizmetleri ile i\u015fletmenize modern, kullan\u0131c\u0131 dostu ve SEO uyumlu web siteleri sunuyoruz. Profesyonel \u00e7\u00f6z\u00fcmler i\u00e7in bizimle ileti\u015fime ge\u00e7in.","breadcrumb":{"@id":"https:\/\/alanyabilisimhizmetleri.com\/alanya-web-tasarimi-6\/#breadcrumb"},"inLanguage":"de","potentialAction":[{"@type":"ReadAction","target":["https:\/\/alanyabilisimhizmetleri.com\/alanya-web-tasarimi-6\/"]}]},{"@type":"ImageObject","inLanguage":"de","@id":"https:\/\/alanyabilisimhizmetleri.com\/alanya-web-tasarimi-6\/#primaryimage","url":"https:\/\/alanyabilisimhizmetleri.com\/wp-content\/uploads\/2025\/06\/abh-6.png","contentUrl":"https:\/\/alanyabilisimhizmetleri.com\/wp-content\/uploads\/2025\/06\/abh-6.png","width":512,"height":512,"caption":"Alanya Web Tasar\u0131m\u0131"},{"@type":"BreadcrumbList","@id":"https:\/\/alanyabilisimhizmetleri.com\/alanya-web-tasarimi-6\/#breadcrumb","itemListElement":[{"@type":"ListItem","position":1,"name":"Anasayfa","item":"https:\/\/alanyabilisimhizmetleri.com\/"},{"@type":"ListItem","position":2,"name":"Alanya Web Tasar\u0131m\u0131"}]},{"@type":"WebSite","@id":"https:\/\/alanyabilisimhizmetleri.com\/#website","url":"https:\/\/alanyabilisimhizmetleri.com\/","name":"Alanya Yaz\u0131l\u0131m | Alanya Web Tasar\u0131m | Alanya Bili\u015fim Hizmetleri","description":"Alanya Yaz\u0131l\u0131m | Alanya Web Tasar\u0131m | Alanya Bili\u015fim Hizmetleri","publisher":{"@id":"https:\/\/alanyabilisimhizmetleri.com\/#organization"},"potentialAction":[{"@type":"SearchAction","target":{"@type":"EntryPoint","urlTemplate":"https:\/\/alanyabilisimhizmetleri.com\/?s={search_term_string}"},"query-input":{"@type":"PropertyValueSpecification","valueRequired":true,"valueName":"search_term_string"}}],"inLanguage":"de"},{"@type":"Organization","@id":"https:\/\/alanyabilisimhizmetleri.com\/#organization","name":"Alanya Yaz\u0131l\u0131m | Alanya Web Tasar\u0131m | Alanya Bili\u015fim Hizmetleri","url":"https:\/\/alanyabilisimhizmetleri.com\/","logo":{"@type":"ImageObject","inLanguage":"de","@id":"https:\/\/alanyabilisimhizmetleri.com\/#\/schema\/logo\/image\/","url":"https:\/\/alanyabilisimhizmetleri.com\/wp-content\/uploads\/2020\/01\/cropped-2.png","contentUrl":"https:\/\/alanyabilisimhizmetleri.com\/wp-content\/uploads\/2020\/01\/cropped-2.png","width":288,"height":117,"caption":"Alanya Yaz\u0131l\u0131m | Alanya Web Tasar\u0131m | Alanya Bili\u015fim Hizmetleri"},"image":{"@id":"https:\/\/alanyabilisimhizmetleri.com\/#\/schema\/logo\/image\/"}}]}},"_links":{"self":[{"href":"https:\/\/alanyabilisimhizmetleri.com\/de\/wp-json\/wp\/v2\/pages\/347","targetHints":{"allow":["GET"]}}],"collection":[{"href":"https:\/\/alanyabilisimhizmetleri.com\/de\/wp-json\/wp\/v2\/pages"}],"about":[{"href":"https:\/\/alanyabilisimhizmetleri.com\/de\/wp-json\/wp\/v2\/types\/page"}],"author":[{"embeddable":true,"href":"https:\/\/alanyabilisimhizmetleri.com\/de\/wp-json\/wp\/v2\/users\/1"}],"replies":[{"embeddable":true,"href":"https:\/\/alanyabilisimhizmetleri.com\/de\/wp-json\/wp\/v2\/comments?post=347"}],"version-history":[{"count":8,"href":"https:\/\/alanyabilisimhizmetleri.com\/de\/wp-json\/wp\/v2\/pages\/347\/revisions"}],"predecessor-version":[{"id":993,"href":"https:\/\/alanyabilisimhizmetleri.com\/de\/wp-json\/wp\/v2\/pages\/347\/revisions\/993"}],"wp:featuredmedia":[{"embeddable":true,"href":"https:\/\/alanyabilisimhizmetleri.com\/de\/wp-json\/wp\/v2\/media\/992"}],"wp:attachment":[{"href":"https:\/\/alanyabilisimhizmetleri.com\/de\/wp-json\/wp\/v2\/media?parent=347"}],"curies":[{"name":"wp","href":"https:\/\/api.w.org\/{rel}","templated":true}]}}