{"id":352,"date":"2025-06-26T13:17:00","date_gmt":"2025-06-26T10:17:00","guid":{"rendered":"https:\/\/alanyabilisimhizmetleri.com\/?page_id=352"},"modified":"2025-06-27T15:38:37","modified_gmt":"2025-06-27T12:38:37","slug":"alanya-web-tasarimi","status":"publish","type":"page","link":"https:\/\/alanyabilisimhizmetleri.com\/de\/alanya-web-tasarimi\/","title":{"rendered":"Alanya Webdesign"},"content":{"rendered":"<div data-elementor-type=\"wp-page\" data-elementor-id=\"352\" class=\"elementor elementor-352\">\n\t\t\t\t<div class=\"aux-parallax-section elementor-element elementor-element-800d540 e-flex e-con-boxed elementor-invisible e-con e-parent\" data-id=\"800d540\" data-element_type=\"container\" data-settings=\"{&quot;animation&quot;:&quot;fadeInUp&quot;}\">\n\t\t\t\t\t<div class=\"e-con-inner\">\n\t\t\t\t<div class=\"elementor-element elementor-element-02c94c5 elementor-widget elementor-widget-text-editor\" data-id=\"02c94c5\" data-element_type=\"widget\" data-widget_type=\"text-editor.default\">\n\t\t\t\t<div class=\"elementor-widget-container\">\n\t\t\t\t\t\t\t\t\t<header><section><section><h1>Alanya Webdesign \u2013 Professionelle und effektive L\u00f6sungen | Alanya IT Services<\/h1><\/section><h1>Alanya Information Services: Professionelle und innovative L\u00f6sungen im Alanya Webdesign<\/h1><h2>Die Bedeutung des Einsatzes von Technologie im Alanya-Webdesign<\/h2><p>Der Einsatz von Technologie im Webdesign ist heute entscheidend f\u00fcr Unternehmen, die sich in der digitalen Welt hervorheben m\u00f6chten. Unsere Alanya Webdesign-Services nutzen moderne Technologien, um unseren Kunden \u00e4sthetisch und funktional \u00fcberzeugende Websites zu liefern. Der richtige Einsatz von Webdesign-Technologien wirkt sich direkt auf die Sichtbarkeit und das Benutzererlebnis einer Website aus.<\/p><h2>Die von uns eingesetzten Technologien und ihre Vorteile<\/h2><h3>Modernes Design mit HTML5 und CSS3<\/h3><p>In unserem Alanya Webdesign-Service verwenden wir Technologien wie HTML5 und CSS3, um optisch ansprechende und benutzerfreundliche Websites zu gestalten. HTML5 erm\u00f6glicht die einfache Integration von Multimedia-Inhalten, w\u00e4hrend CSS3 es uns erm\u00f6glicht, Websites mit dynamischen und beeindruckenden Animationen zu versehen.<\/p><h3>Interaktive Sites mit JavaScript und jQuery<\/h3><p>JavaScript und jQuery machen Websites benutzerfreundlich. In unseren Alanya Webdesign-Services nutzen wir diese Technologien, um ein interaktives und schnelles Erlebnis zu bieten und Besucher dazu zu bewegen, l\u00e4nger auf der Website zu bleiben.<\/p><h3>Starke Infrastruktur mit PHP und MySQL<\/h3><p>Wir verwalten Websites und erstellen dynamische Inhalte mit serverseitigen Technologien wie PHP und MySQL. In unseren Alanya Webdesign-Projekten bieten wir eine zuverl\u00e4ssige Infrastruktur, die auf die Bed\u00fcrfnisse Ihres Unternehmens zugeschnitten ist.<\/p><h2>Zuverl\u00e4ssiges Alanya-Webdesign mit Alanya Information Services<\/h2><p>Bei Alanya Information Technologies nutzen wir in jedem Projekt die neuesten Technologien, um ma\u00dfgeschneiderte L\u00f6sungen f\u00fcr Ihr Unternehmen zu entwickeln. Unser Service \u201eAlanya Webdesign\u201c verhilft Ihrem Unternehmen mit benutzerorientierten Designs und Google SEO-Kompatibilit\u00e4t zu einer starken digitalen Pr\u00e4senz.<\/p><h2>Alanya Webdesign \u2013 H\u00e4ufig gestellte Fragen<\/h2><h3>Welche Technologien verwenden Sie und warum?<\/h3><p>In unserem Alanya-Webdesign-Prozess verwenden wir fortschrittliche Technologien wie HTML5, CSS3, JavaScript, jQuery, PHP und MySQL, um sicherzustellen, dass Ihre Website sowohl \u00e4sthetisch ansprechend als auch funktional ist.<\/p><h3>Wie konzentrieren Sie sich beim Alanya-Webdesign auf SEO?<\/h3><p>SEO-Kompatibilit\u00e4t ist im Webdesign-Prozess entscheidend. Bei unserem Alanya Webdesign-Service konzentrieren wir uns auf Keyword-Optimierung, Inhaltsbearbeitung und SEO-freundliche Website-Struktur, um Ihnen zu helfen, hohe Suchmaschinen-Rankings zu erreichen.<\/p><h3>F\u00fcr wen sind Ihre Webdesign-Dienste geeignet?<\/h3><p>Wir bieten Webdesign-Dienstleistungen f\u00fcr alle Arten von Organisationen in Alanya an, vom kleinen Unternehmen bis zum Gro\u00dfkonzern. Unabh\u00e4ngig von der Gr\u00f6\u00dfe Ihres Unternehmens erstellen wir ma\u00dfgeschneiderte L\u00f6sungen.<\/p><h2>Ergebnis: Qualit\u00e4tsl\u00f6sungen im Alanya-Webdesign mit Alanya Information Services<\/h2><p>Alanya Webdesign basiert auf der richtigen Technologie und innovativen Ans\u00e4tzen. Als Alanya Information Services erstellen wir beeindruckende, benutzerfreundliche und funktionale Websites f\u00fcr Ihr Unternehmen. Kontaktieren Sie uns, um in der digitalen Welt sichtbarer zu werden und eine starke Webpr\u00e4senz aufzubauen. Wir bieten Ihnen ein optimales Webdesign-Erlebnis.<\/p><\/section><\/header>\t\t\t\t\t\t\t\t<\/div>\n\t\t\t\t<\/div>\n\t\t\t\t\t<\/div>\n\t\t\t\t<\/div>\n\t\t\t\t<\/div>","protected":false},"excerpt":{"rendered":"<p>Alanya Webdesign \u2013 Professionelle und effektive L\u00f6sungen | Alanya IT Services Alanya IT Services: Professionelle und innovative L\u00f6sungen im Alanya Webdesign Die Bedeutung des Einsatzes von Technologie im Alanya Webdesign Heutzutage ist der Einsatz von Technologie im Webdesign entscheidend f\u00fcr Unternehmen, die sich in der digitalen Welt abheben m\u00f6chten. Unsere Alanya Webdesign-Services nutzen moderne Technologien, um unseren Kunden \u00e4sthetisch und funktional ansprechende [\u2026]<\/p>","protected":false},"author":1,"featured_media":992,"parent":0,"menu_order":0,"comment_status":"closed","ping_status":"closed","template":"elementor_header_footer","meta":{"footnotes":""},"class_list":["post-352","page","type-page","status-publish","has-post-thumbnail","hentry"],"yoast_head":"<!-- This site is optimized with the Yoast SEO Premium plugin v24.6 (Yoast SEO v25.3.1) - https:\/\/yoast.com\/wordpress\/plugins\/seo\/ -->\n<title>Alanya Web Tasar\u0131m\u0131 - Profesyonel ve Etkili \u00c7\u00f6z\u00fcmler | Alanya Bili\u015fim Hizmetleri<\/title>\n<meta name=\"description\" content=\"Alanya\u2019da i\u015fletmeniz i\u00e7in profesyonel web tasar\u0131m hizmetleri sunuyoruz. Alanya Bili\u015fim Hizmetleri ile etkili ve kullan\u0131c\u0131 dostu web siteleri olu\u015fturarak dijital varl\u0131\u011f\u0131n\u0131z\u0131 g\u00fc\u00e7lendirin. Alanya Web Tasar\u0131m\u0131 konusunda uzman ekibimizle hemen ileti\u015fime ge\u00e7in!\" \/>\n<meta name=\"robots\" content=\"index, follow, max-snippet:-1, max-image-preview:large, max-video-preview:-1\" \/>\n<link rel=\"canonical\" href=\"https:\/\/alanyabilisimhizmetleri.com\/de\/alanya-web-tasarimi\/\" \/>\n<meta property=\"og:locale\" content=\"de_DE\" \/>\n<meta property=\"og:type\" content=\"article\" \/>\n<meta property=\"og:title\" content=\"Alanya Web Tasar\u0131m\u0131\" \/>\n<meta property=\"og:description\" content=\"Alanya\u2019da i\u015fletmeniz i\u00e7in profesyonel web tasar\u0131m hizmetleri sunuyoruz. Alanya Bili\u015fim Hizmetleri ile etkili ve kullan\u0131c\u0131 dostu web siteleri olu\u015fturarak dijital varl\u0131\u011f\u0131n\u0131z\u0131 g\u00fc\u00e7lendirin. Alanya Web Tasar\u0131m\u0131 konusunda uzman ekibimizle hemen ileti\u015fime ge\u00e7in!\" \/>\n<meta property=\"og:url\" content=\"https:\/\/alanyabilisimhizmetleri.com\/de\/alanya-web-tasarimi\/\" \/>\n<meta property=\"og:site_name\" content=\"Alanya Yaz\u0131l\u0131m | Alanya Web Tasar\u0131m | Alanya Bili\u015fim Hizmetleri\" \/>\n<meta property=\"article:modified_time\" content=\"2025-06-27T12:38:37+00:00\" \/>\n<meta property=\"og:image\" content=\"https:\/\/alanyabilisimhizmetleri.com\/wp-content\/uploads\/2025\/06\/abh-6.png\" \/>\n\t<meta property=\"og:image:width\" content=\"512\" \/>\n\t<meta property=\"og:image:height\" content=\"512\" \/>\n\t<meta property=\"og:image:type\" content=\"image\/png\" \/>\n<meta name=\"twitter:card\" content=\"summary_large_image\" \/>\n<meta name=\"twitter:label1\" content=\"Gesch\u00e4tzte Lesezeit\" \/>\n\t<meta name=\"twitter:data1\" content=\"3\u00a0Minuten\" \/>\n<script type=\"application\/ld+json\" class=\"yoast-schema-graph\">{\"@context\":\"https:\/\/schema.org\",\"@graph\":[{\"@type\":\"WebPage\",\"@id\":\"https:\/\/alanyabilisimhizmetleri.com\/alanya-web-tasarimi\/\",\"url\":\"https:\/\/alanyabilisimhizmetleri.com\/alanya-web-tasarimi\/\",\"name\":\"Alanya Web Tasar\u0131m\u0131 - Profesyonel ve Etkili \u00c7\u00f6z\u00fcmler | Alanya Bili\u015fim Hizmetleri\",\"isPartOf\":{\"@id\":\"https:\/\/alanyabilisimhizmetleri.com\/#website\"},\"primaryImageOfPage\":{\"@id\":\"https:\/\/alanyabilisimhizmetleri.com\/alanya-web-tasarimi\/#primaryimage\"},\"image\":{\"@id\":\"https:\/\/alanyabilisimhizmetleri.com\/alanya-web-tasarimi\/#primaryimage\"},\"thumbnailUrl\":\"https:\/\/alanyabilisimhizmetleri.com\/wp-content\/uploads\/2025\/06\/abh-6.png\",\"datePublished\":\"2025-06-26T10:17:00+00:00\",\"dateModified\":\"2025-06-27T12:38:37+00:00\",\"description\":\"Alanya\u2019da i\u015fletmeniz i\u00e7in profesyonel web tasar\u0131m hizmetleri sunuyoruz. Alanya Bili\u015fim Hizmetleri ile etkili ve kullan\u0131c\u0131 dostu web siteleri olu\u015fturarak dijital varl\u0131\u011f\u0131n\u0131z\u0131 g\u00fc\u00e7lendirin. Alanya Web Tasar\u0131m\u0131 konusunda uzman ekibimizle hemen ileti\u015fime ge\u00e7in!\",\"breadcrumb\":{\"@id\":\"https:\/\/alanyabilisimhizmetleri.com\/alanya-web-tasarimi\/#breadcrumb\"},\"inLanguage\":\"de\",\"potentialAction\":[{\"@type\":\"ReadAction\",\"target\":[\"https:\/\/alanyabilisimhizmetleri.com\/alanya-web-tasarimi\/\"]}]},{\"@type\":\"ImageObject\",\"inLanguage\":\"de\",\"@id\":\"https:\/\/alanyabilisimhizmetleri.com\/alanya-web-tasarimi\/#primaryimage\",\"url\":\"https:\/\/alanyabilisimhizmetleri.com\/wp-content\/uploads\/2025\/06\/abh-6.png\",\"contentUrl\":\"https:\/\/alanyabilisimhizmetleri.com\/wp-content\/uploads\/2025\/06\/abh-6.png\",\"width\":512,\"height\":512,\"caption\":\"Alanya Web Tasar\u0131m\u0131\"},{\"@type\":\"BreadcrumbList\",\"@id\":\"https:\/\/alanyabilisimhizmetleri.com\/alanya-web-tasarimi\/#breadcrumb\",\"itemListElement\":[{\"@type\":\"ListItem\",\"position\":1,\"name\":\"Anasayfa\",\"item\":\"https:\/\/alanyabilisimhizmetleri.com\/\"},{\"@type\":\"ListItem\",\"position\":2,\"name\":\"Alanya Web Tasar\u0131m\u0131\"}]},{\"@type\":\"WebSite\",\"@id\":\"https:\/\/alanyabilisimhizmetleri.com\/#website\",\"url\":\"https:\/\/alanyabilisimhizmetleri.com\/\",\"name\":\"Alanya Yaz\u0131l\u0131m | Alanya Web Tasar\u0131m | Alanya Bili\u015fim Hizmetleri\",\"description\":\"Alanya Yaz\u0131l\u0131m | Alanya Web Tasar\u0131m | Alanya Bili\u015fim Hizmetleri\",\"publisher\":{\"@id\":\"https:\/\/alanyabilisimhizmetleri.com\/#organization\"},\"potentialAction\":[{\"@type\":\"SearchAction\",\"target\":{\"@type\":\"EntryPoint\",\"urlTemplate\":\"https:\/\/alanyabilisimhizmetleri.com\/?s={search_term_string}\"},\"query-input\":{\"@type\":\"PropertyValueSpecification\",\"valueRequired\":true,\"valueName\":\"search_term_string\"}}],\"inLanguage\":\"de\"},{\"@type\":\"Organization\",\"@id\":\"https:\/\/alanyabilisimhizmetleri.com\/#organization\",\"name\":\"Alanya Yaz\u0131l\u0131m | Alanya Web Tasar\u0131m | Alanya Bili\u015fim Hizmetleri\",\"url\":\"https:\/\/alanyabilisimhizmetleri.com\/\",\"logo\":{\"@type\":\"ImageObject\",\"inLanguage\":\"de\",\"@id\":\"https:\/\/alanyabilisimhizmetleri.com\/#\/schema\/logo\/image\/\",\"url\":\"https:\/\/alanyabilisimhizmetleri.com\/wp-content\/uploads\/2020\/01\/cropped-2.png\",\"contentUrl\":\"https:\/\/alanyabilisimhizmetleri.com\/wp-content\/uploads\/2020\/01\/cropped-2.png\",\"width\":288,\"height\":117,\"caption\":\"Alanya Yaz\u0131l\u0131m | Alanya Web Tasar\u0131m | Alanya Bili\u015fim Hizmetleri\"},\"image\":{\"@id\":\"https:\/\/alanyabilisimhizmetleri.com\/#\/schema\/logo\/image\/\"}}]}<\/script>\n<!-- \/ Yoast SEO Premium plugin. -->","yoast_head_json":{"title":"Alanya Web Tasar\u0131m\u0131 - Profesyonel ve Etkili \u00c7\u00f6z\u00fcmler | Alanya Bili\u015fim Hizmetleri","description":"Alanya\u2019da i\u015fletmeniz i\u00e7in profesyonel web tasar\u0131m hizmetleri sunuyoruz. Alanya Bili\u015fim Hizmetleri ile etkili ve kullan\u0131c\u0131 dostu web siteleri olu\u015fturarak dijital varl\u0131\u011f\u0131n\u0131z\u0131 g\u00fc\u00e7lendirin. Alanya Web Tasar\u0131m\u0131 konusunda uzman ekibimizle hemen ileti\u015fime ge\u00e7in!","robots":{"index":"index","follow":"follow","max-snippet":"max-snippet:-1","max-image-preview":"max-image-preview:large","max-video-preview":"max-video-preview:-1"},"canonical":"https:\/\/alanyabilisimhizmetleri.com\/de\/alanya-web-tasarimi\/","og_locale":"de_DE","og_type":"article","og_title":"Alanya Web Tasar\u0131m\u0131","og_description":"Alanya\u2019da i\u015fletmeniz i\u00e7in profesyonel web tasar\u0131m hizmetleri sunuyoruz. Alanya Bili\u015fim Hizmetleri ile etkili ve kullan\u0131c\u0131 dostu web siteleri olu\u015fturarak dijital varl\u0131\u011f\u0131n\u0131z\u0131 g\u00fc\u00e7lendirin. Alanya Web Tasar\u0131m\u0131 konusunda uzman ekibimizle hemen ileti\u015fime ge\u00e7in!","og_url":"https:\/\/alanyabilisimhizmetleri.com\/de\/alanya-web-tasarimi\/","og_site_name":"Alanya Yaz\u0131l\u0131m | Alanya Web Tasar\u0131m | Alanya Bili\u015fim Hizmetleri","article_modified_time":"2025-06-27T12:38:37+00:00","og_image":[{"width":512,"height":512,"url":"https:\/\/alanyabilisimhizmetleri.com\/wp-content\/uploads\/2025\/06\/abh-6.png","type":"image\/png"}],"twitter_card":"summary_large_image","twitter_misc":{"Gesch\u00e4tzte Lesezeit":"3\u00a0Minuten"},"schema":{"@context":"https:\/\/schema.org","@graph":[{"@type":"WebPage","@id":"https:\/\/alanyabilisimhizmetleri.com\/alanya-web-tasarimi\/","url":"https:\/\/alanyabilisimhizmetleri.com\/alanya-web-tasarimi\/","name":"Alanya Web Tasar\u0131m\u0131 - Profesyonel ve Etkili \u00c7\u00f6z\u00fcmler | Alanya Bili\u015fim Hizmetleri","isPartOf":{"@id":"https:\/\/alanyabilisimhizmetleri.com\/#website"},"primaryImageOfPage":{"@id":"https:\/\/alanyabilisimhizmetleri.com\/alanya-web-tasarimi\/#primaryimage"},"image":{"@id":"https:\/\/alanyabilisimhizmetleri.com\/alanya-web-tasarimi\/#primaryimage"},"thumbnailUrl":"https:\/\/alanyabilisimhizmetleri.com\/wp-content\/uploads\/2025\/06\/abh-6.png","datePublished":"2025-06-26T10:17:00+00:00","dateModified":"2025-06-27T12:38:37+00:00","description":"Alanya\u2019da i\u015fletmeniz i\u00e7in profesyonel web tasar\u0131m hizmetleri sunuyoruz. Alanya Bili\u015fim Hizmetleri ile etkili ve kullan\u0131c\u0131 dostu web siteleri olu\u015fturarak dijital varl\u0131\u011f\u0131n\u0131z\u0131 g\u00fc\u00e7lendirin. Alanya Web Tasar\u0131m\u0131 konusunda uzman ekibimizle hemen ileti\u015fime ge\u00e7in!","breadcrumb":{"@id":"https:\/\/alanyabilisimhizmetleri.com\/alanya-web-tasarimi\/#breadcrumb"},"inLanguage":"de","potentialAction":[{"@type":"ReadAction","target":["https:\/\/alanyabilisimhizmetleri.com\/alanya-web-tasarimi\/"]}]},{"@type":"ImageObject","inLanguage":"de","@id":"https:\/\/alanyabilisimhizmetleri.com\/alanya-web-tasarimi\/#primaryimage","url":"https:\/\/alanyabilisimhizmetleri.com\/wp-content\/uploads\/2025\/06\/abh-6.png","contentUrl":"https:\/\/alanyabilisimhizmetleri.com\/wp-content\/uploads\/2025\/06\/abh-6.png","width":512,"height":512,"caption":"Alanya Web Tasar\u0131m\u0131"},{"@type":"BreadcrumbList","@id":"https:\/\/alanyabilisimhizmetleri.com\/alanya-web-tasarimi\/#breadcrumb","itemListElement":[{"@type":"ListItem","position":1,"name":"Anasayfa","item":"https:\/\/alanyabilisimhizmetleri.com\/"},{"@type":"ListItem","position":2,"name":"Alanya Web Tasar\u0131m\u0131"}]},{"@type":"WebSite","@id":"https:\/\/alanyabilisimhizmetleri.com\/#website","url":"https:\/\/alanyabilisimhizmetleri.com\/","name":"Alanya Yaz\u0131l\u0131m | Alanya Web Tasar\u0131m | Alanya Bili\u015fim Hizmetleri","description":"Alanya Yaz\u0131l\u0131m | Alanya Web Tasar\u0131m | Alanya Bili\u015fim Hizmetleri","publisher":{"@id":"https:\/\/alanyabilisimhizmetleri.com\/#organization"},"potentialAction":[{"@type":"SearchAction","target":{"@type":"EntryPoint","urlTemplate":"https:\/\/alanyabilisimhizmetleri.com\/?s={search_term_string}"},"query-input":{"@type":"PropertyValueSpecification","valueRequired":true,"valueName":"search_term_string"}}],"inLanguage":"de"},{"@type":"Organization","@id":"https:\/\/alanyabilisimhizmetleri.com\/#organization","name":"Alanya Yaz\u0131l\u0131m | Alanya Web Tasar\u0131m | Alanya Bili\u015fim Hizmetleri","url":"https:\/\/alanyabilisimhizmetleri.com\/","logo":{"@type":"ImageObject","inLanguage":"de","@id":"https:\/\/alanyabilisimhizmetleri.com\/#\/schema\/logo\/image\/","url":"https:\/\/alanyabilisimhizmetleri.com\/wp-content\/uploads\/2020\/01\/cropped-2.png","contentUrl":"https:\/\/alanyabilisimhizmetleri.com\/wp-content\/uploads\/2020\/01\/cropped-2.png","width":288,"height":117,"caption":"Alanya Yaz\u0131l\u0131m | Alanya Web Tasar\u0131m | Alanya Bili\u015fim Hizmetleri"},"image":{"@id":"https:\/\/alanyabilisimhizmetleri.com\/#\/schema\/logo\/image\/"}}]}},"_links":{"self":[{"href":"https:\/\/alanyabilisimhizmetleri.com\/de\/wp-json\/wp\/v2\/pages\/352","targetHints":{"allow":["GET"]}}],"collection":[{"href":"https:\/\/alanyabilisimhizmetleri.com\/de\/wp-json\/wp\/v2\/pages"}],"about":[{"href":"https:\/\/alanyabilisimhizmetleri.com\/de\/wp-json\/wp\/v2\/types\/page"}],"author":[{"embeddable":true,"href":"https:\/\/alanyabilisimhizmetleri.com\/de\/wp-json\/wp\/v2\/users\/1"}],"replies":[{"embeddable":true,"href":"https:\/\/alanyabilisimhizmetleri.com\/de\/wp-json\/wp\/v2\/comments?post=352"}],"version-history":[{"count":5,"href":"https:\/\/alanyabilisimhizmetleri.com\/de\/wp-json\/wp\/v2\/pages\/352\/revisions"}],"predecessor-version":[{"id":994,"href":"https:\/\/alanyabilisimhizmetleri.com\/de\/wp-json\/wp\/v2\/pages\/352\/revisions\/994"}],"wp:featuredmedia":[{"embeddable":true,"href":"https:\/\/alanyabilisimhizmetleri.com\/de\/wp-json\/wp\/v2\/media\/992"}],"wp:attachment":[{"href":"https:\/\/alanyabilisimhizmetleri.com\/de\/wp-json\/wp\/v2\/media?parent=352"}],"curies":[{"name":"wp","href":"https:\/\/api.w.org\/{rel}","templated":true}]}}