{"id":360,"date":"2025-06-26T13:18:23","date_gmt":"2025-06-26T10:18:23","guid":{"rendered":"https:\/\/alanyabilisimhizmetleri.com\/?page_id=360"},"modified":"2025-06-27T15:38:52","modified_gmt":"2025-06-27T12:38:52","slug":"alanya-web-tasarimi-2","status":"publish","type":"page","link":"https:\/\/alanyabilisimhizmetleri.com\/de\/alanya-web-tasarimi-2\/","title":{"rendered":"Alanya Webdesign"},"content":{"rendered":"<div data-elementor-type=\"wp-page\" data-elementor-id=\"360\" class=\"elementor elementor-360\">\n\t\t\t\t<div class=\"aux-parallax-section elementor-element elementor-element-3f8c910 e-flex e-con-boxed elementor-invisible e-con e-parent\" data-id=\"3f8c910\" data-element_type=\"container\" data-settings=\"{&quot;animation&quot;:&quot;fadeInUp&quot;}\">\n\t\t\t\t\t<div class=\"e-con-inner\">\n\t\t\t\t<div class=\"elementor-element elementor-element-255504b elementor-widget elementor-widget-text-editor\" data-id=\"255504b\" data-element_type=\"widget\" data-widget_type=\"text-editor.default\">\n\t\t\t\t<div class=\"elementor-widget-container\">\n\t\t\t\t\t\t\t\t\t<header><section><section><h1>Alanya Webdesign \u2013 Professionelle und beeindruckende L\u00f6sungen | Alanya IT Services<\/h1><\/section><h1>Alanya Information Services: Qualit\u00e4t und einzigartige L\u00f6sungen im Alanya Webdesign<\/h1><h2>Die Bedeutung von Professionalit\u00e4t im Alanya-Webdesign<\/h2><p>Professionelles Webdesign ist entscheidend f\u00fcr Unternehmen, die sich in der digitalen Welt hervorheben m\u00f6chten. Unser Alanya Webdesign-Service kombiniert moderne Designtrends mit benutzerfreundlichen Elementen, um \u00e4sthetisch ansprechende und funktional robuste Websites zu erstellen. Ein erfolgreiches Webdesign spiegelt die digitale Identit\u00e4t Ihrer Marke perfekt wider und erm\u00f6glicht es Ihnen, potenzielle Kunden einfach zu erreichen.<\/p><h2>Die von uns eingesetzten Technologien und ihre Vorteile<\/h2><h3>Erweitertes visuelles Design mit HTML5 und CSS3<\/h3><p>Im Rahmen unserer Alanya Webdesign-Services gestalten wir \u00e4sthetisch ansprechende und benutzerfreundliche Websites mit HTML5- und CSS3-Technologien. W\u00e4hrend HTML5 Multimedia-Inhalte verbessert, verleiht CSS3 den Designs dynamische und ansprechende Animationen.<\/p><h3>Interaktive Benutzererfahrung mit JavaScript und jQuery<\/h3><p>JavaScript und jQuery machen Websites benutzerfreundlich und interaktiv. In unserem Alanya Webdesign-Prozess nutzen wir diese Technologien, um ein schnelles und benutzerfreundliches Erlebnis zu bieten, das die Interaktion der Besucher mit Ihrer Website f\u00f6rdert.<\/p><h3>Starke Infrastruktur und Datenmanagement mit PHP und MySQL<\/h3><p>Wir bieten Datenbankverwaltung und dynamische Inhaltserstellung mit serverseitigen Technologien wie PHP und MySQL. In unseren Alanya Webdesign-Projekten stellen wir eine zuverl\u00e4ssige Infrastruktur bereit, die auf die Datenanforderungen Ihres Unternehmens zugeschnitten ist.<\/p><h2>Einzigartiges Alanya-Webdesign mit Alanya Information Services<\/h2><p>Bei Alanya Information Technologies kombinieren wir in jedem Projekt die neuesten Technologien und benutzerzentrierte Designans\u00e4tze. Unser Service \u201eAlanya Webdesign\u201c hilft Ihrem Unternehmen, eine starke digitale Pr\u00e4senz aufzubauen und mit Google SEO-Kompatibilit\u00e4t Top-Rankings in Suchmaschinen zu erreichen.<\/p><h2>Alanya Webdesign \u2013 H\u00e4ufig gestellte Fragen<\/h2><h3>Welche Technologien verwenden Sie und warum?<\/h3><p>In unserem Alanya-Webdesign-Prozess verwenden wir fortschrittliche Technologien wie HTML5, CSS3, JavaScript, jQuery, PHP und MySQL, um sicherzustellen, dass Ihre Website sowohl \u00e4sthetisch ansprechend als auch funktional ist.<\/p><h3>Wie konzentrieren Sie sich bei Ihrem Webdesign-Prozess auf SEO?<\/h3><p>SEO-Kompatibilit\u00e4t ist im Webdesign-Prozess entscheidend. Mit unserem Alanya Webdesign-Service arbeiten wir an SEO-freundlichen Inhalten und einer guten Seitenstruktur, um Ihnen zu helfen, hohe Suchmaschinen-Rankings zu erreichen.<\/p><h3>F\u00fcr wen ist Ihr Webdesign-Service geeignet?<\/h3><p>Wir bieten Webdesign-Dienstleistungen f\u00fcr alle Arten von Organisationen in Alanya an, vom kleinen Unternehmen bis zum Gro\u00dfkonzern. Unabh\u00e4ngig von der Gr\u00f6\u00dfe Ihres Unternehmens erstellen wir ma\u00dfgeschneiderte L\u00f6sungen.<\/p><h2>Ergebnis: Qualitativ hochwertige und effektive L\u00f6sungen im Alanya-Webdesign mit Alanya Information Services<\/h2><p>Unsere Alanya Webdesign-Services basieren auf der richtigen Technologie und innovativen Ans\u00e4tzen. Als Alanya Information Technologies erstellen wir beeindruckende, benutzerfreundliche und funktionale Websites f\u00fcr Ihr Unternehmen. Kontaktieren Sie uns, um in der digitalen Welt sichtbarer zu werden und eine starke Webpr\u00e4senz aufzubauen. Wir bieten Ihnen ein optimales Webdesign-Erlebnis.<\/p><\/section><\/header>\t\t\t\t\t\t\t\t<\/div>\n\t\t\t\t<\/div>\n\t\t\t\t\t<\/div>\n\t\t\t\t<\/div>\n\t\t\t\t<\/div>","protected":false},"excerpt":{"rendered":"<p>Alanya Webdesign \u2013 Professionelle und beeindruckende L\u00f6sungen | Alanya IT Services Alanya IT Services: Hochwertige und einzigartige L\u00f6sungen im Alanya Webdesign Die Bedeutung von Professionalit\u00e4t im Alanya Webdesign Professionelles Webdesign ist entscheidend f\u00fcr Unternehmen, die sich in der digitalen Welt abheben m\u00f6chten. Unser Alanya Webdesign-Service kombiniert moderne Designtrends mit benutzerfreundlichen Elementen [\u2026]<\/p>","protected":false},"author":1,"featured_media":992,"parent":0,"menu_order":0,"comment_status":"closed","ping_status":"closed","template":"elementor_header_footer","meta":{"footnotes":""},"class_list":["post-360","page","type-page","status-publish","has-post-thumbnail","hentry"],"yoast_head":"<!-- This site is optimized with the Yoast SEO Premium plugin v24.6 (Yoast SEO v25.3.1) - https:\/\/yoast.com\/wordpress\/plugins\/seo\/ -->\n<title>Alanya Web Tasar\u0131m\u0131 - Profesyonel ve Etkileyici \u00c7\u00f6z\u00fcmler | Alanya Bili\u015fim Hizmetleri<\/title>\n<meta name=\"description\" content=\"Alanya\u2019da i\u015fletmenize \u00f6zel, kullan\u0131c\u0131 dostu ve SEO uyumlu web tasar\u0131m hizmetleri sunuyoruz. Alanya Bili\u015fim Hizmetleri ile dijital varl\u0131\u011f\u0131n\u0131z\u0131 g\u00fc\u00e7lendirin. Alanya Web Tasar\u0131m\u0131 \u00e7\u00f6z\u00fcmlerimiz i\u00e7in hemen ileti\u015fime ge\u00e7in!\" \/>\n<meta name=\"robots\" content=\"index, follow, max-snippet:-1, max-image-preview:large, max-video-preview:-1\" \/>\n<link rel=\"canonical\" href=\"https:\/\/alanyabilisimhizmetleri.com\/de\/alanya-web-tasarimi-2\/\" \/>\n<meta property=\"og:locale\" content=\"de_DE\" \/>\n<meta property=\"og:type\" content=\"article\" \/>\n<meta property=\"og:title\" content=\"Alanya Web Tasar\u0131m\u0131\" \/>\n<meta property=\"og:description\" content=\"Alanya\u2019da i\u015fletmenize \u00f6zel, kullan\u0131c\u0131 dostu ve SEO uyumlu web tasar\u0131m hizmetleri sunuyoruz. Alanya Bili\u015fim Hizmetleri ile dijital varl\u0131\u011f\u0131n\u0131z\u0131 g\u00fc\u00e7lendirin. Alanya Web Tasar\u0131m\u0131 \u00e7\u00f6z\u00fcmlerimiz i\u00e7in hemen ileti\u015fime ge\u00e7in!\" \/>\n<meta property=\"og:url\" content=\"https:\/\/alanyabilisimhizmetleri.com\/de\/alanya-web-tasarimi-2\/\" \/>\n<meta property=\"og:site_name\" content=\"Alanya Yaz\u0131l\u0131m | Alanya Web Tasar\u0131m | Alanya Bili\u015fim Hizmetleri\" \/>\n<meta property=\"article:modified_time\" content=\"2025-06-27T12:38:52+00:00\" \/>\n<meta property=\"og:image\" content=\"https:\/\/alanyabilisimhizmetleri.com\/wp-content\/uploads\/2025\/06\/abh-6.png\" \/>\n\t<meta property=\"og:image:width\" content=\"512\" \/>\n\t<meta property=\"og:image:height\" content=\"512\" \/>\n\t<meta property=\"og:image:type\" content=\"image\/png\" \/>\n<meta name=\"twitter:card\" content=\"summary_large_image\" \/>\n<meta name=\"twitter:label1\" content=\"Gesch\u00e4tzte Lesezeit\" \/>\n\t<meta name=\"twitter:data1\" content=\"3\u00a0Minuten\" \/>\n<script type=\"application\/ld+json\" class=\"yoast-schema-graph\">{\"@context\":\"https:\/\/schema.org\",\"@graph\":[{\"@type\":\"WebPage\",\"@id\":\"https:\/\/alanyabilisimhizmetleri.com\/alanya-web-tasarimi-2\/\",\"url\":\"https:\/\/alanyabilisimhizmetleri.com\/alanya-web-tasarimi-2\/\",\"name\":\"Alanya Web Tasar\u0131m\u0131 - Profesyonel ve Etkileyici \u00c7\u00f6z\u00fcmler | Alanya Bili\u015fim Hizmetleri\",\"isPartOf\":{\"@id\":\"https:\/\/alanyabilisimhizmetleri.com\/#website\"},\"primaryImageOfPage\":{\"@id\":\"https:\/\/alanyabilisimhizmetleri.com\/alanya-web-tasarimi-2\/#primaryimage\"},\"image\":{\"@id\":\"https:\/\/alanyabilisimhizmetleri.com\/alanya-web-tasarimi-2\/#primaryimage\"},\"thumbnailUrl\":\"https:\/\/alanyabilisimhizmetleri.com\/wp-content\/uploads\/2025\/06\/abh-6.png\",\"datePublished\":\"2025-06-26T10:18:23+00:00\",\"dateModified\":\"2025-06-27T12:38:52+00:00\",\"description\":\"Alanya\u2019da i\u015fletmenize \u00f6zel, kullan\u0131c\u0131 dostu ve SEO uyumlu web tasar\u0131m hizmetleri sunuyoruz. Alanya Bili\u015fim Hizmetleri ile dijital varl\u0131\u011f\u0131n\u0131z\u0131 g\u00fc\u00e7lendirin. Alanya Web Tasar\u0131m\u0131 \u00e7\u00f6z\u00fcmlerimiz i\u00e7in hemen ileti\u015fime ge\u00e7in!\",\"breadcrumb\":{\"@id\":\"https:\/\/alanyabilisimhizmetleri.com\/alanya-web-tasarimi-2\/#breadcrumb\"},\"inLanguage\":\"de\",\"potentialAction\":[{\"@type\":\"ReadAction\",\"target\":[\"https:\/\/alanyabilisimhizmetleri.com\/alanya-web-tasarimi-2\/\"]}]},{\"@type\":\"ImageObject\",\"inLanguage\":\"de\",\"@id\":\"https:\/\/alanyabilisimhizmetleri.com\/alanya-web-tasarimi-2\/#primaryimage\",\"url\":\"https:\/\/alanyabilisimhizmetleri.com\/wp-content\/uploads\/2025\/06\/abh-6.png\",\"contentUrl\":\"https:\/\/alanyabilisimhizmetleri.com\/wp-content\/uploads\/2025\/06\/abh-6.png\",\"width\":512,\"height\":512,\"caption\":\"Alanya Web Tasar\u0131m\u0131\"},{\"@type\":\"BreadcrumbList\",\"@id\":\"https:\/\/alanyabilisimhizmetleri.com\/alanya-web-tasarimi-2\/#breadcrumb\",\"itemListElement\":[{\"@type\":\"ListItem\",\"position\":1,\"name\":\"Anasayfa\",\"item\":\"https:\/\/alanyabilisimhizmetleri.com\/\"},{\"@type\":\"ListItem\",\"position\":2,\"name\":\"Alanya Web Tasar\u0131m\u0131\"}]},{\"@type\":\"WebSite\",\"@id\":\"https:\/\/alanyabilisimhizmetleri.com\/#website\",\"url\":\"https:\/\/alanyabilisimhizmetleri.com\/\",\"name\":\"Alanya Yaz\u0131l\u0131m | Alanya Web Tasar\u0131m | Alanya Bili\u015fim Hizmetleri\",\"description\":\"Alanya Yaz\u0131l\u0131m | Alanya Web Tasar\u0131m | Alanya Bili\u015fim Hizmetleri\",\"publisher\":{\"@id\":\"https:\/\/alanyabilisimhizmetleri.com\/#organization\"},\"potentialAction\":[{\"@type\":\"SearchAction\",\"target\":{\"@type\":\"EntryPoint\",\"urlTemplate\":\"https:\/\/alanyabilisimhizmetleri.com\/?s={search_term_string}\"},\"query-input\":{\"@type\":\"PropertyValueSpecification\",\"valueRequired\":true,\"valueName\":\"search_term_string\"}}],\"inLanguage\":\"de\"},{\"@type\":\"Organization\",\"@id\":\"https:\/\/alanyabilisimhizmetleri.com\/#organization\",\"name\":\"Alanya Yaz\u0131l\u0131m | Alanya Web Tasar\u0131m | Alanya Bili\u015fim Hizmetleri\",\"url\":\"https:\/\/alanyabilisimhizmetleri.com\/\",\"logo\":{\"@type\":\"ImageObject\",\"inLanguage\":\"de\",\"@id\":\"https:\/\/alanyabilisimhizmetleri.com\/#\/schema\/logo\/image\/\",\"url\":\"https:\/\/alanyabilisimhizmetleri.com\/wp-content\/uploads\/2020\/01\/cropped-2.png\",\"contentUrl\":\"https:\/\/alanyabilisimhizmetleri.com\/wp-content\/uploads\/2020\/01\/cropped-2.png\",\"width\":288,\"height\":117,\"caption\":\"Alanya Yaz\u0131l\u0131m | Alanya Web Tasar\u0131m | Alanya Bili\u015fim Hizmetleri\"},\"image\":{\"@id\":\"https:\/\/alanyabilisimhizmetleri.com\/#\/schema\/logo\/image\/\"}}]}<\/script>\n<!-- \/ Yoast SEO Premium plugin. -->","yoast_head_json":{"title":"Alanya Web Tasar\u0131m\u0131 - Profesyonel ve Etkileyici \u00c7\u00f6z\u00fcmler | Alanya Bili\u015fim Hizmetleri","description":"Alanya\u2019da i\u015fletmenize \u00f6zel, kullan\u0131c\u0131 dostu ve SEO uyumlu web tasar\u0131m hizmetleri sunuyoruz. Alanya Bili\u015fim Hizmetleri ile dijital varl\u0131\u011f\u0131n\u0131z\u0131 g\u00fc\u00e7lendirin. Alanya Web Tasar\u0131m\u0131 \u00e7\u00f6z\u00fcmlerimiz i\u00e7in hemen ileti\u015fime ge\u00e7in!","robots":{"index":"index","follow":"follow","max-snippet":"max-snippet:-1","max-image-preview":"max-image-preview:large","max-video-preview":"max-video-preview:-1"},"canonical":"https:\/\/alanyabilisimhizmetleri.com\/de\/alanya-web-tasarimi-2\/","og_locale":"de_DE","og_type":"article","og_title":"Alanya Web Tasar\u0131m\u0131","og_description":"Alanya\u2019da i\u015fletmenize \u00f6zel, kullan\u0131c\u0131 dostu ve SEO uyumlu web tasar\u0131m hizmetleri sunuyoruz. Alanya Bili\u015fim Hizmetleri ile dijital varl\u0131\u011f\u0131n\u0131z\u0131 g\u00fc\u00e7lendirin. Alanya Web Tasar\u0131m\u0131 \u00e7\u00f6z\u00fcmlerimiz i\u00e7in hemen ileti\u015fime ge\u00e7in!","og_url":"https:\/\/alanyabilisimhizmetleri.com\/de\/alanya-web-tasarimi-2\/","og_site_name":"Alanya Yaz\u0131l\u0131m | Alanya Web Tasar\u0131m | Alanya Bili\u015fim Hizmetleri","article_modified_time":"2025-06-27T12:38:52+00:00","og_image":[{"width":512,"height":512,"url":"https:\/\/alanyabilisimhizmetleri.com\/wp-content\/uploads\/2025\/06\/abh-6.png","type":"image\/png"}],"twitter_card":"summary_large_image","twitter_misc":{"Gesch\u00e4tzte Lesezeit":"3\u00a0Minuten"},"schema":{"@context":"https:\/\/schema.org","@graph":[{"@type":"WebPage","@id":"https:\/\/alanyabilisimhizmetleri.com\/alanya-web-tasarimi-2\/","url":"https:\/\/alanyabilisimhizmetleri.com\/alanya-web-tasarimi-2\/","name":"Alanya Web Tasar\u0131m\u0131 - Profesyonel ve Etkileyici \u00c7\u00f6z\u00fcmler | Alanya Bili\u015fim Hizmetleri","isPartOf":{"@id":"https:\/\/alanyabilisimhizmetleri.com\/#website"},"primaryImageOfPage":{"@id":"https:\/\/alanyabilisimhizmetleri.com\/alanya-web-tasarimi-2\/#primaryimage"},"image":{"@id":"https:\/\/alanyabilisimhizmetleri.com\/alanya-web-tasarimi-2\/#primaryimage"},"thumbnailUrl":"https:\/\/alanyabilisimhizmetleri.com\/wp-content\/uploads\/2025\/06\/abh-6.png","datePublished":"2025-06-26T10:18:23+00:00","dateModified":"2025-06-27T12:38:52+00:00","description":"Alanya\u2019da i\u015fletmenize \u00f6zel, kullan\u0131c\u0131 dostu ve SEO uyumlu web tasar\u0131m hizmetleri sunuyoruz. Alanya Bili\u015fim Hizmetleri ile dijital varl\u0131\u011f\u0131n\u0131z\u0131 g\u00fc\u00e7lendirin. Alanya Web Tasar\u0131m\u0131 \u00e7\u00f6z\u00fcmlerimiz i\u00e7in hemen ileti\u015fime ge\u00e7in!","breadcrumb":{"@id":"https:\/\/alanyabilisimhizmetleri.com\/alanya-web-tasarimi-2\/#breadcrumb"},"inLanguage":"de","potentialAction":[{"@type":"ReadAction","target":["https:\/\/alanyabilisimhizmetleri.com\/alanya-web-tasarimi-2\/"]}]},{"@type":"ImageObject","inLanguage":"de","@id":"https:\/\/alanyabilisimhizmetleri.com\/alanya-web-tasarimi-2\/#primaryimage","url":"https:\/\/alanyabilisimhizmetleri.com\/wp-content\/uploads\/2025\/06\/abh-6.png","contentUrl":"https:\/\/alanyabilisimhizmetleri.com\/wp-content\/uploads\/2025\/06\/abh-6.png","width":512,"height":512,"caption":"Alanya Web Tasar\u0131m\u0131"},{"@type":"BreadcrumbList","@id":"https:\/\/alanyabilisimhizmetleri.com\/alanya-web-tasarimi-2\/#breadcrumb","itemListElement":[{"@type":"ListItem","position":1,"name":"Anasayfa","item":"https:\/\/alanyabilisimhizmetleri.com\/"},{"@type":"ListItem","position":2,"name":"Alanya Web Tasar\u0131m\u0131"}]},{"@type":"WebSite","@id":"https:\/\/alanyabilisimhizmetleri.com\/#website","url":"https:\/\/alanyabilisimhizmetleri.com\/","name":"Alanya Yaz\u0131l\u0131m | Alanya Web Tasar\u0131m | Alanya Bili\u015fim Hizmetleri","description":"Alanya Yaz\u0131l\u0131m | Alanya Web Tasar\u0131m | Alanya Bili\u015fim Hizmetleri","publisher":{"@id":"https:\/\/alanyabilisimhizmetleri.com\/#organization"},"potentialAction":[{"@type":"SearchAction","target":{"@type":"EntryPoint","urlTemplate":"https:\/\/alanyabilisimhizmetleri.com\/?s={search_term_string}"},"query-input":{"@type":"PropertyValueSpecification","valueRequired":true,"valueName":"search_term_string"}}],"inLanguage":"de"},{"@type":"Organization","@id":"https:\/\/alanyabilisimhizmetleri.com\/#organization","name":"Alanya Yaz\u0131l\u0131m | Alanya Web Tasar\u0131m | Alanya Bili\u015fim Hizmetleri","url":"https:\/\/alanyabilisimhizmetleri.com\/","logo":{"@type":"ImageObject","inLanguage":"de","@id":"https:\/\/alanyabilisimhizmetleri.com\/#\/schema\/logo\/image\/","url":"https:\/\/alanyabilisimhizmetleri.com\/wp-content\/uploads\/2020\/01\/cropped-2.png","contentUrl":"https:\/\/alanyabilisimhizmetleri.com\/wp-content\/uploads\/2020\/01\/cropped-2.png","width":288,"height":117,"caption":"Alanya Yaz\u0131l\u0131m | Alanya Web Tasar\u0131m | Alanya Bili\u015fim Hizmetleri"},"image":{"@id":"https:\/\/alanyabilisimhizmetleri.com\/#\/schema\/logo\/image\/"}}]}},"_links":{"self":[{"href":"https:\/\/alanyabilisimhizmetleri.com\/de\/wp-json\/wp\/v2\/pages\/360","targetHints":{"allow":["GET"]}}],"collection":[{"href":"https:\/\/alanyabilisimhizmetleri.com\/de\/wp-json\/wp\/v2\/pages"}],"about":[{"href":"https:\/\/alanyabilisimhizmetleri.com\/de\/wp-json\/wp\/v2\/types\/page"}],"author":[{"embeddable":true,"href":"https:\/\/alanyabilisimhizmetleri.com\/de\/wp-json\/wp\/v2\/users\/1"}],"replies":[{"embeddable":true,"href":"https:\/\/alanyabilisimhizmetleri.com\/de\/wp-json\/wp\/v2\/comments?post=360"}],"version-history":[{"count":5,"href":"https:\/\/alanyabilisimhizmetleri.com\/de\/wp-json\/wp\/v2\/pages\/360\/revisions"}],"predecessor-version":[{"id":995,"href":"https:\/\/alanyabilisimhizmetleri.com\/de\/wp-json\/wp\/v2\/pages\/360\/revisions\/995"}],"wp:featuredmedia":[{"embeddable":true,"href":"https:\/\/alanyabilisimhizmetleri.com\/de\/wp-json\/wp\/v2\/media\/992"}],"wp:attachment":[{"href":"https:\/\/alanyabilisimhizmetleri.com\/de\/wp-json\/wp\/v2\/media?parent=360"}],"curies":[{"name":"wp","href":"https:\/\/api.w.org\/{rel}","templated":true}]}}