{"id":388,"date":"2025-06-26T13:25:27","date_gmt":"2025-06-26T10:25:27","guid":{"rendered":"https:\/\/alanyabilisimhizmetleri.com\/?page_id=388"},"modified":"2025-06-27T15:40:01","modified_gmt":"2025-06-27T12:40:01","slug":"dijital-pazarlama","status":"publish","type":"page","link":"https:\/\/alanyabilisimhizmetleri.com\/de\/dijital-pazarlama\/","title":{"rendered":"Digitales Marketing"},"content":{"rendered":"<div data-elementor-type=\"wp-page\" data-elementor-id=\"388\" class=\"elementor elementor-388\">\n\t\t\t\t<div class=\"aux-parallax-section elementor-element elementor-element-63a035b e-flex e-con-boxed elementor-invisible e-con e-parent\" data-id=\"63a035b\" data-element_type=\"container\" data-settings=\"{&quot;animation&quot;:&quot;fadeInUp&quot;}\">\n\t\t\t\t\t<div class=\"e-con-inner\">\n\t\t\t\t<div class=\"elementor-element elementor-element-ad1205a elementor-widget elementor-widget-text-editor\" data-id=\"ad1205a\" data-element_type=\"widget\" data-widget_type=\"text-editor.default\">\n\t\t\t\t<div class=\"elementor-widget-container\">\n\t\t\t\t\t\t\t\t\t<header><section><section><h1>Sicherung Ihrer digitalen Transformation<\/h1><\/section><h1>Alanya Information Services: Expertise in digitalen Marketingl\u00f6sungen<\/h1><h2>Was ist digitales Marketing?<\/h2><p>Digitales Marketing bezeichnet die Ansprache von Zielgruppen \u00fcber das Internet und digitale Technologien. Dazu geh\u00f6ren Social-Media-Plattformen, E-Mail-Marketing, Suchmaschinenoptimierung (SEO), Google Adwords, Content-Marketing und mehr.<\/p><h2>Vorteile des digitalen Marketings<\/h2><p>Digitales Marketing bietet mehr Messbarkeit, Flexibilit\u00e4t und Targeting-M\u00f6glichkeiten als traditionelle Marketingtechniken. Dar\u00fcber hinaus erm\u00f6glicht es Marken, ein breiteres Publikum zu erreichen und ist oft kosteng\u00fcnstiger.<\/p><h2>Von uns verwendete Technologien und ihre Vorteile<\/h2><h3>SEO-Tools<\/h3><p>Als Alanya Bili\u015fim Hizmetleri setzen wir SEO-Tools ein, um sicherzustellen, dass Ihre Website in Suchmaschinen besser platziert wird. Dies erh\u00f6ht die Sichtbarkeit Ihrer Website und zieht mehr Besucher an.<\/p><h3>E-Mail-Marketing-Software<\/h3><p>E-Mail-Marketing kann ein effektives Mittel sein, um Kundenbeziehungen zu verbessern und die Markenbekanntheit zu steigern. Mit unserer E-Mail-Marketing-Software erstellen und verwalten Sie zielgerichtete, personalisierte E-Mail-Kampagnen ganz einfach.<\/p><h2>Alanya Information Services: Digitale Marketingstrategien<\/h2><p>Als Alanya Bili\u015fim Hizmetleri unterst\u00fctzen wir Sie gerne bei der Konzeption, Umsetzung und Optimierung Ihrer digitalen Marketingstrategien. Mit unserer Erfahrung und unserem Branchenwissen stellen wir sicher, dass Ihre Marke ihre digitalen Marketingziele erreicht und erstellen einen Plan f\u00fcr nachhaltiges Wachstum.<\/p><h2>H\u00e4ufig gestellte Fragen zum digitalen Marketing<\/h2><h3>Wof\u00fcr wird digitales Marketing verwendet?<\/h3><p>Digitales Marketing erweitert die Online-Pr\u00e4senz einer Marke, spricht die Zielgruppe st\u00e4rker an und f\u00fchrt letztendlich zu mehr Conversions und Verk\u00e4ufen.<\/p><h3>Wie erstellt man eine digitale Marketingstrategie?<\/h3><p>Um eine digitale Marketingstrategie zu entwickeln, m\u00fcssen Sie zun\u00e4chst Ihre Ziele und Ihre Zielgruppe definieren. Anschlie\u00dfend identifizieren und implementieren Sie verschiedene digitale Marketingtaktiken, die Ihnen helfen, diese Ziele zu erreichen.<\/p><h2>Abschluss<\/h2><p>Digitales Marketing ist im heutigen wettbewerbsintensiven Gesch\u00e4ftsumfeld unverzichtbar. Als Alanya Bili\u015fim Hizmetleri verf\u00fcgen wir \u00fcber die Erfahrung und das Wissen, um effektive digitale Marketingstrategien zu entwickeln. Wir freuen uns auf die Zusammenarbeit mit Ihnen!<\/p><\/section><\/header>\t\t\t\t\t\t\t\t<\/div>\n\t\t\t\t<\/div>\n\t\t\t\t\t<\/div>\n\t\t\t\t<\/div>\n\t\t\t\t<\/div>","protected":false},"excerpt":{"rendered":"<p>Sicherheit f\u00fcr Ihre digitale Transformation Alanya Information Services: Expertise in digitalen Marketingl\u00f6sungen Was ist digitales Marketing? Digitales Marketing bezeichnet die Ansprache von Zielgruppen \u00fcber das Internet und digitale Technologien. Dazu geh\u00f6ren Social-Media-Plattformen, E-Mail-Marketing, Suchmaschinenoptimierung (SEO), Google AdWords, Content-Marketing und mehr. Vorteile des digitalen Marketings: Im Vergleich zu herk\u00f6mmlichen Marketingtechniken bietet digitales Marketing eine bessere Messbarkeit, [\u2026]<\/p>","protected":false},"author":1,"featured_media":1003,"parent":0,"menu_order":0,"comment_status":"closed","ping_status":"closed","template":"elementor_header_footer","meta":{"footnotes":""},"class_list":["post-388","page","type-page","status-publish","has-post-thumbnail","hentry"],"yoast_head":"<!-- This site is optimized with the Yoast SEO Premium plugin v24.6 (Yoast SEO v25.3.1) - https:\/\/yoast.com\/wordpress\/plugins\/seo\/ -->\n<title>Alanya Dijital Pazarlama Hizmetleri | Alanya Bili\u015fim Hizmetleri<\/title>\n<meta name=\"description\" content=\"Alanya Bili\u015fim Hizmetleri, Alanya&#039;da dijital pazarlama hizmetlerinde liderdir. Sosyal medya, SEO, i\u00e7erik pazarlama ve daha fazlas\u0131n\u0131 sunuyoruz. Dijital varl\u0131\u011f\u0131n\u0131z\u0131 b\u00fcy\u00fctmek i\u00e7in bize ula\u015f\u0131n.\" \/>\n<meta name=\"robots\" content=\"index, follow, max-snippet:-1, max-image-preview:large, max-video-preview:-1\" \/>\n<link rel=\"canonical\" href=\"https:\/\/alanyabilisimhizmetleri.com\/de\/dijital-pazarlama\/\" \/>\n<meta property=\"og:locale\" content=\"de_DE\" \/>\n<meta property=\"og:type\" content=\"article\" \/>\n<meta property=\"og:title\" content=\"Dijital Pazarlama\" \/>\n<meta property=\"og:description\" content=\"Alanya Bili\u015fim Hizmetleri, Alanya&#039;da dijital pazarlama hizmetlerinde liderdir. Sosyal medya, SEO, i\u00e7erik pazarlama ve daha fazlas\u0131n\u0131 sunuyoruz. Dijital varl\u0131\u011f\u0131n\u0131z\u0131 b\u00fcy\u00fctmek i\u00e7in bize ula\u015f\u0131n.\" \/>\n<meta property=\"og:url\" content=\"https:\/\/alanyabilisimhizmetleri.com\/de\/dijital-pazarlama\/\" \/>\n<meta property=\"og:site_name\" content=\"Alanya Yaz\u0131l\u0131m | Alanya Web Tasar\u0131m | Alanya Bili\u015fim Hizmetleri\" \/>\n<meta property=\"article:modified_time\" content=\"2025-06-27T12:40:01+00:00\" \/>\n<meta property=\"og:image\" content=\"https:\/\/alanyabilisimhizmetleri.com\/wp-content\/uploads\/2025\/06\/abh-9.png\" \/>\n\t<meta property=\"og:image:width\" content=\"512\" \/>\n\t<meta property=\"og:image:height\" content=\"512\" \/>\n\t<meta property=\"og:image:type\" content=\"image\/png\" \/>\n<meta name=\"twitter:card\" content=\"summary_large_image\" \/>\n<meta name=\"twitter:label1\" content=\"Gesch\u00e4tzte Lesezeit\" \/>\n\t<meta name=\"twitter:data1\" content=\"2\u00a0Minuten\" \/>\n<script type=\"application\/ld+json\" class=\"yoast-schema-graph\">{\"@context\":\"https:\/\/schema.org\",\"@graph\":[{\"@type\":\"WebPage\",\"@id\":\"https:\/\/alanyabilisimhizmetleri.com\/dijital-pazarlama\/\",\"url\":\"https:\/\/alanyabilisimhizmetleri.com\/dijital-pazarlama\/\",\"name\":\"Alanya Dijital Pazarlama Hizmetleri | Alanya Bili\u015fim Hizmetleri\",\"isPartOf\":{\"@id\":\"https:\/\/alanyabilisimhizmetleri.com\/#website\"},\"primaryImageOfPage\":{\"@id\":\"https:\/\/alanyabilisimhizmetleri.com\/dijital-pazarlama\/#primaryimage\"},\"image\":{\"@id\":\"https:\/\/alanyabilisimhizmetleri.com\/dijital-pazarlama\/#primaryimage\"},\"thumbnailUrl\":\"https:\/\/alanyabilisimhizmetleri.com\/wp-content\/uploads\/2025\/06\/abh-9.png\",\"datePublished\":\"2025-06-26T10:25:27+00:00\",\"dateModified\":\"2025-06-27T12:40:01+00:00\",\"description\":\"Alanya Bili\u015fim Hizmetleri, Alanya'da dijital pazarlama hizmetlerinde liderdir. Sosyal medya, SEO, i\u00e7erik pazarlama ve daha fazlas\u0131n\u0131 sunuyoruz. Dijital varl\u0131\u011f\u0131n\u0131z\u0131 b\u00fcy\u00fctmek i\u00e7in bize ula\u015f\u0131n.\",\"breadcrumb\":{\"@id\":\"https:\/\/alanyabilisimhizmetleri.com\/dijital-pazarlama\/#breadcrumb\"},\"inLanguage\":\"de\",\"potentialAction\":[{\"@type\":\"ReadAction\",\"target\":[\"https:\/\/alanyabilisimhizmetleri.com\/dijital-pazarlama\/\"]}]},{\"@type\":\"ImageObject\",\"inLanguage\":\"de\",\"@id\":\"https:\/\/alanyabilisimhizmetleri.com\/dijital-pazarlama\/#primaryimage\",\"url\":\"https:\/\/alanyabilisimhizmetleri.com\/wp-content\/uploads\/2025\/06\/abh-9.png\",\"contentUrl\":\"https:\/\/alanyabilisimhizmetleri.com\/wp-content\/uploads\/2025\/06\/abh-9.png\",\"width\":512,\"height\":512,\"caption\":\"Dijital Pazarlama\"},{\"@type\":\"BreadcrumbList\",\"@id\":\"https:\/\/alanyabilisimhizmetleri.com\/dijital-pazarlama\/#breadcrumb\",\"itemListElement\":[{\"@type\":\"ListItem\",\"position\":1,\"name\":\"Anasayfa\",\"item\":\"https:\/\/alanyabilisimhizmetleri.com\/\"},{\"@type\":\"ListItem\",\"position\":2,\"name\":\"Dijital Pazarlama\"}]},{\"@type\":\"WebSite\",\"@id\":\"https:\/\/alanyabilisimhizmetleri.com\/#website\",\"url\":\"https:\/\/alanyabilisimhizmetleri.com\/\",\"name\":\"Alanya Yaz\u0131l\u0131m | Alanya Web Tasar\u0131m | Alanya Bili\u015fim Hizmetleri\",\"description\":\"Alanya Yaz\u0131l\u0131m | Alanya Web Tasar\u0131m | Alanya Bili\u015fim Hizmetleri\",\"publisher\":{\"@id\":\"https:\/\/alanyabilisimhizmetleri.com\/#organization\"},\"potentialAction\":[{\"@type\":\"SearchAction\",\"target\":{\"@type\":\"EntryPoint\",\"urlTemplate\":\"https:\/\/alanyabilisimhizmetleri.com\/?s={search_term_string}\"},\"query-input\":{\"@type\":\"PropertyValueSpecification\",\"valueRequired\":true,\"valueName\":\"search_term_string\"}}],\"inLanguage\":\"de\"},{\"@type\":\"Organization\",\"@id\":\"https:\/\/alanyabilisimhizmetleri.com\/#organization\",\"name\":\"Alanya Yaz\u0131l\u0131m | Alanya Web Tasar\u0131m | Alanya Bili\u015fim Hizmetleri\",\"url\":\"https:\/\/alanyabilisimhizmetleri.com\/\",\"logo\":{\"@type\":\"ImageObject\",\"inLanguage\":\"de\",\"@id\":\"https:\/\/alanyabilisimhizmetleri.com\/#\/schema\/logo\/image\/\",\"url\":\"https:\/\/alanyabilisimhizmetleri.com\/wp-content\/uploads\/2020\/01\/cropped-2.png\",\"contentUrl\":\"https:\/\/alanyabilisimhizmetleri.com\/wp-content\/uploads\/2020\/01\/cropped-2.png\",\"width\":288,\"height\":117,\"caption\":\"Alanya Yaz\u0131l\u0131m | Alanya Web Tasar\u0131m | Alanya Bili\u015fim Hizmetleri\"},\"image\":{\"@id\":\"https:\/\/alanyabilisimhizmetleri.com\/#\/schema\/logo\/image\/\"}}]}<\/script>\n<!-- \/ Yoast SEO Premium plugin. -->","yoast_head_json":{"title":"Alanya Dijital Pazarlama Hizmetleri | Alanya Bili\u015fim Hizmetleri","description":"Alanya Bili\u015fim Hizmetleri, Alanya'da dijital pazarlama hizmetlerinde liderdir. Sosyal medya, SEO, i\u00e7erik pazarlama ve daha fazlas\u0131n\u0131 sunuyoruz. Dijital varl\u0131\u011f\u0131n\u0131z\u0131 b\u00fcy\u00fctmek i\u00e7in bize ula\u015f\u0131n.","robots":{"index":"index","follow":"follow","max-snippet":"max-snippet:-1","max-image-preview":"max-image-preview:large","max-video-preview":"max-video-preview:-1"},"canonical":"https:\/\/alanyabilisimhizmetleri.com\/de\/dijital-pazarlama\/","og_locale":"de_DE","og_type":"article","og_title":"Dijital Pazarlama","og_description":"Alanya Bili\u015fim Hizmetleri, Alanya'da dijital pazarlama hizmetlerinde liderdir. Sosyal medya, SEO, i\u00e7erik pazarlama ve daha fazlas\u0131n\u0131 sunuyoruz. Dijital varl\u0131\u011f\u0131n\u0131z\u0131 b\u00fcy\u00fctmek i\u00e7in bize ula\u015f\u0131n.","og_url":"https:\/\/alanyabilisimhizmetleri.com\/de\/dijital-pazarlama\/","og_site_name":"Alanya Yaz\u0131l\u0131m | Alanya Web Tasar\u0131m | Alanya Bili\u015fim Hizmetleri","article_modified_time":"2025-06-27T12:40:01+00:00","og_image":[{"width":512,"height":512,"url":"https:\/\/alanyabilisimhizmetleri.com\/wp-content\/uploads\/2025\/06\/abh-9.png","type":"image\/png"}],"twitter_card":"summary_large_image","twitter_misc":{"Gesch\u00e4tzte Lesezeit":"2\u00a0Minuten"},"schema":{"@context":"https:\/\/schema.org","@graph":[{"@type":"WebPage","@id":"https:\/\/alanyabilisimhizmetleri.com\/dijital-pazarlama\/","url":"https:\/\/alanyabilisimhizmetleri.com\/dijital-pazarlama\/","name":"Alanya Dijital Pazarlama Hizmetleri | Alanya Bili\u015fim Hizmetleri","isPartOf":{"@id":"https:\/\/alanyabilisimhizmetleri.com\/#website"},"primaryImageOfPage":{"@id":"https:\/\/alanyabilisimhizmetleri.com\/dijital-pazarlama\/#primaryimage"},"image":{"@id":"https:\/\/alanyabilisimhizmetleri.com\/dijital-pazarlama\/#primaryimage"},"thumbnailUrl":"https:\/\/alanyabilisimhizmetleri.com\/wp-content\/uploads\/2025\/06\/abh-9.png","datePublished":"2025-06-26T10:25:27+00:00","dateModified":"2025-06-27T12:40:01+00:00","description":"Alanya Bili\u015fim Hizmetleri, Alanya'da dijital pazarlama hizmetlerinde liderdir. Sosyal medya, SEO, i\u00e7erik pazarlama ve daha fazlas\u0131n\u0131 sunuyoruz. Dijital varl\u0131\u011f\u0131n\u0131z\u0131 b\u00fcy\u00fctmek i\u00e7in bize ula\u015f\u0131n.","breadcrumb":{"@id":"https:\/\/alanyabilisimhizmetleri.com\/dijital-pazarlama\/#breadcrumb"},"inLanguage":"de","potentialAction":[{"@type":"ReadAction","target":["https:\/\/alanyabilisimhizmetleri.com\/dijital-pazarlama\/"]}]},{"@type":"ImageObject","inLanguage":"de","@id":"https:\/\/alanyabilisimhizmetleri.com\/dijital-pazarlama\/#primaryimage","url":"https:\/\/alanyabilisimhizmetleri.com\/wp-content\/uploads\/2025\/06\/abh-9.png","contentUrl":"https:\/\/alanyabilisimhizmetleri.com\/wp-content\/uploads\/2025\/06\/abh-9.png","width":512,"height":512,"caption":"Dijital Pazarlama"},{"@type":"BreadcrumbList","@id":"https:\/\/alanyabilisimhizmetleri.com\/dijital-pazarlama\/#breadcrumb","itemListElement":[{"@type":"ListItem","position":1,"name":"Anasayfa","item":"https:\/\/alanyabilisimhizmetleri.com\/"},{"@type":"ListItem","position":2,"name":"Dijital Pazarlama"}]},{"@type":"WebSite","@id":"https:\/\/alanyabilisimhizmetleri.com\/#website","url":"https:\/\/alanyabilisimhizmetleri.com\/","name":"Alanya Yaz\u0131l\u0131m | Alanya Web Tasar\u0131m | Alanya Bili\u015fim Hizmetleri","description":"Alanya Yaz\u0131l\u0131m | Alanya Web Tasar\u0131m | Alanya Bili\u015fim Hizmetleri","publisher":{"@id":"https:\/\/alanyabilisimhizmetleri.com\/#organization"},"potentialAction":[{"@type":"SearchAction","target":{"@type":"EntryPoint","urlTemplate":"https:\/\/alanyabilisimhizmetleri.com\/?s={search_term_string}"},"query-input":{"@type":"PropertyValueSpecification","valueRequired":true,"valueName":"search_term_string"}}],"inLanguage":"de"},{"@type":"Organization","@id":"https:\/\/alanyabilisimhizmetleri.com\/#organization","name":"Alanya Yaz\u0131l\u0131m | Alanya Web Tasar\u0131m | Alanya Bili\u015fim Hizmetleri","url":"https:\/\/alanyabilisimhizmetleri.com\/","logo":{"@type":"ImageObject","inLanguage":"de","@id":"https:\/\/alanyabilisimhizmetleri.com\/#\/schema\/logo\/image\/","url":"https:\/\/alanyabilisimhizmetleri.com\/wp-content\/uploads\/2020\/01\/cropped-2.png","contentUrl":"https:\/\/alanyabilisimhizmetleri.com\/wp-content\/uploads\/2020\/01\/cropped-2.png","width":288,"height":117,"caption":"Alanya Yaz\u0131l\u0131m | Alanya Web Tasar\u0131m | Alanya Bili\u015fim Hizmetleri"},"image":{"@id":"https:\/\/alanyabilisimhizmetleri.com\/#\/schema\/logo\/image\/"}}]}},"_links":{"self":[{"href":"https:\/\/alanyabilisimhizmetleri.com\/de\/wp-json\/wp\/v2\/pages\/388","targetHints":{"allow":["GET"]}}],"collection":[{"href":"https:\/\/alanyabilisimhizmetleri.com\/de\/wp-json\/wp\/v2\/pages"}],"about":[{"href":"https:\/\/alanyabilisimhizmetleri.com\/de\/wp-json\/wp\/v2\/types\/page"}],"author":[{"embeddable":true,"href":"https:\/\/alanyabilisimhizmetleri.com\/de\/wp-json\/wp\/v2\/users\/1"}],"replies":[{"embeddable":true,"href":"https:\/\/alanyabilisimhizmetleri.com\/de\/wp-json\/wp\/v2\/comments?post=388"}],"version-history":[{"count":5,"href":"https:\/\/alanyabilisimhizmetleri.com\/de\/wp-json\/wp\/v2\/pages\/388\/revisions"}],"predecessor-version":[{"id":1004,"href":"https:\/\/alanyabilisimhizmetleri.com\/de\/wp-json\/wp\/v2\/pages\/388\/revisions\/1004"}],"wp:featuredmedia":[{"embeddable":true,"href":"https:\/\/alanyabilisimhizmetleri.com\/de\/wp-json\/wp\/v2\/media\/1003"}],"wp:attachment":[{"href":"https:\/\/alanyabilisimhizmetleri.com\/de\/wp-json\/wp\/v2\/media?parent=388"}],"curies":[{"name":"wp","href":"https:\/\/api.w.org\/{rel}","templated":true}]}}