{"id":398,"date":"2025-06-26T13:27:27","date_gmt":"2025-06-26T10:27:27","guid":{"rendered":"https:\/\/alanyabilisimhizmetleri.com\/?page_id=398"},"modified":"2025-06-27T15:40:20","modified_gmt":"2025-06-27T12:40:20","slug":"drone-fotograf-cekimi","status":"publish","type":"page","link":"https:\/\/alanyabilisimhizmetleri.com\/de\/drone-fotograf-cekimi\/","title":{"rendered":"Drohne &amp; Fotografie"},"content":{"rendered":"<div data-elementor-type=\"wp-page\" data-elementor-id=\"398\" class=\"elementor elementor-398\">\n\t\t\t\t<div class=\"aux-parallax-section elementor-element elementor-element-9c4b9d2 e-flex e-con-boxed elementor-invisible e-con e-parent\" data-id=\"9c4b9d2\" data-element_type=\"container\" data-settings=\"{&quot;animation&quot;:&quot;fadeInUp&quot;}\">\n\t\t\t\t\t<div class=\"e-con-inner\">\n\t\t\t\t<div class=\"elementor-element elementor-element-3a29c7f elementor-widget elementor-widget-text-editor\" data-id=\"3a29c7f\" data-element_type=\"widget\" data-widget_type=\"text-editor.default\">\n\t\t\t\t<div class=\"elementor-widget-container\">\n\t\t\t\t\t\t\t\t\t<header><section><section><h1>Sicherung Ihrer digitalen Transformation<\/h1><\/section><h1>Alanya Information Services: Pionier der Drohnen- und Fotografie<\/h1><h2>Der Aufstieg der Drohnenfotografie<\/h2><p>Mit dem technologischen Fortschritt sind Drohnen zu einem wichtigen Bestandteil der Fotografie und Videografie geworden. Diese Ger\u00e4te erm\u00f6glichen Aufnahmen aus atemberaubenden und einzigartigen Perspektiven. Drohnen spielen insbesondere bei der Aufnahme von Immobilien, Hochzeiten, Veranstaltungen und Touristenattraktionen eine wichtige Rolle.<\/p><h2>Vorteile der Drohnentechnologie<\/h2><p>Die Drohnentechnologie bietet unglaubliche Vorteile bei der Bild- und Videoaufnahme. Fotos und Videos aus der Luft bieten eine umfassende Perspektive und decken das gesamte Motiv ab. Dies ist besonders n\u00fctzlich beim Fotografieren gro\u00dfer oder weitl\u00e4ufiger Gebiete.<\/p><h2>Alanya Information Services&#039; Expertise in Drohnentechnologie<\/h2><h3>Hohe Qualit\u00e4t und Pr\u00e4zision<\/h3><p>Alanya Bili\u015fim Hizmetleri arbeitet mit einem Team, das \u00fcber hochwertige Drohnen und Kameraausr\u00fcstung verf\u00fcgt. Dadurch erhalten wir klare und scharfe Bilder mit h\u00f6chster Aufl\u00f6sung. Dank der pr\u00e4zisen Flugsteuerung befinden sich unsere Drohnen zudem immer in der richtigen Position und im richtigen Winkel.<\/p><h3>Professionelle Bearbeitung und Postproduktion<\/h3><p>Nach dem Foto- und Videoshooting bearbeitet unser erfahrenes Postproduktionsteam die Bilder. Dabei nehmen wir Farbkorrekturen, Bildsch\u00e4rfungen und weitere Anpassungen vor, um optimale Ergebnisse zu erzielen.<\/p><h2>H\u00e4ufig gestellte Fragen<\/h2><h3>Ist f\u00fcr Drohnenfotografie eine Genehmigung erforderlich?<\/h3><p>Ja, Drohnenfotografie erfordert in der Regel eine Genehmigung. Als Alanya Bili\u015fim Hizmetleri k\u00fcmmern wir uns jedoch um diese Genehmigungen und vereinfachen den Prozess.<\/p><h3>Wie lange dauert das Filmen mit einer Drohne?<\/h3><p>Die Dauer der Drohnenaufnahmen h\u00e4ngt von den Anforderungen und dem Umfang des Projekts ab, kann aber normalerweise innerhalb weniger Stunden abgeschlossen werden.<\/p><h2>Abschluss<\/h2><p>Alanya Bili\u015fim Hizmetleri ist Experte f\u00fcr Drohnen- und Fotodienstleistungen. Mit unserer professionellen Ausr\u00fcstung und unserem erfahrenen Team sind wir stolz darauf, unseren Kunden einzigartige und hochwertige Bilder zu liefern. Kontaktieren Sie uns und erleben Sie, wie Ihr Projekt erfolgreich wird!<\/p><\/section><\/header>\t\t\t\t\t\t\t\t<\/div>\n\t\t\t\t<\/div>\n\t\t\t\t\t<\/div>\n\t\t\t\t<\/div>\n\t\t\t\t<\/div>","protected":false},"excerpt":{"rendered":"<p>Sicherheit f\u00fcr Ihre digitale Transformation Alanya Information Services: Pionier der Drohnenfotografie Der Aufstieg der Drohnenfotografie Mit der Weiterentwicklung der Technologie sind Drohnen zu einem unverzichtbaren Bestandteil der Fotografie und Videografie geworden. Diese Ger\u00e4te werden verwendet, um Bilder aus beeindruckenden und einzigartigen Perspektiven aufzunehmen. Drohnen spielen eine besonders wichtige Rolle bei der Aufnahme von Immobilien, Hochzeiten, Veranstaltungen und Touristenattraktionen. Drohnentechnologie [\u2026]<\/p>","protected":false},"author":1,"featured_media":1007,"parent":0,"menu_order":0,"comment_status":"closed","ping_status":"closed","template":"elementor_header_footer","meta":{"footnotes":""},"class_list":["post-398","page","type-page","status-publish","has-post-thumbnail","hentry"],"yoast_head":"<!-- This site is optimized with the Yoast SEO Premium plugin v24.6 (Yoast SEO v25.3.1) - https:\/\/yoast.com\/wordpress\/plugins\/seo\/ -->\n<title>Alanya Drone ve Foto\u011fraf \u00c7ekimi Hizmetleri | Alanya Bili\u015fim Hizmetleri<\/title>\n<meta name=\"description\" content=\"Alanya Bili\u015fim Hizmetleri, Alanya&#039;da profesyonel drone ve foto\u011fraf \u00e7ekimi hizmetleri sunar. Etkileyici g\u00f6r\u00fcnt\u00fclerle markan\u0131z\u0131 \u00f6ne \u00e7\u0131kar\u0131n. Hizmetlerimiz hakk\u0131nda daha fazla bilgi al\u0131n.\" \/>\n<meta name=\"robots\" content=\"index, follow, max-snippet:-1, max-image-preview:large, max-video-preview:-1\" \/>\n<link rel=\"canonical\" href=\"https:\/\/alanyabilisimhizmetleri.com\/de\/drone-fotograf-cekimi\/\" \/>\n<meta property=\"og:locale\" content=\"de_DE\" \/>\n<meta property=\"og:type\" content=\"article\" \/>\n<meta property=\"og:title\" content=\"Drone &amp; Foto\u011fraf \u00c7ekimi\" \/>\n<meta property=\"og:description\" content=\"Alanya Bili\u015fim Hizmetleri, Alanya&#039;da profesyonel drone ve foto\u011fraf \u00e7ekimi hizmetleri sunar. Etkileyici g\u00f6r\u00fcnt\u00fclerle markan\u0131z\u0131 \u00f6ne \u00e7\u0131kar\u0131n. Hizmetlerimiz hakk\u0131nda daha fazla bilgi al\u0131n.\" \/>\n<meta property=\"og:url\" content=\"https:\/\/alanyabilisimhizmetleri.com\/de\/drone-fotograf-cekimi\/\" \/>\n<meta property=\"og:site_name\" content=\"Alanya Yaz\u0131l\u0131m | Alanya Web Tasar\u0131m | Alanya Bili\u015fim Hizmetleri\" \/>\n<meta property=\"article:modified_time\" content=\"2025-06-27T12:40:20+00:00\" \/>\n<meta property=\"og:image\" content=\"https:\/\/alanyabilisimhizmetleri.com\/wp-content\/uploads\/2025\/06\/abh-11.png\" \/>\n\t<meta property=\"og:image:width\" content=\"512\" \/>\n\t<meta property=\"og:image:height\" content=\"512\" \/>\n\t<meta property=\"og:image:type\" content=\"image\/png\" \/>\n<meta name=\"twitter:card\" content=\"summary_large_image\" \/>\n<meta name=\"twitter:label1\" content=\"Gesch\u00e4tzte Lesezeit\" \/>\n\t<meta name=\"twitter:data1\" content=\"2\u00a0Minuten\" \/>\n<script type=\"application\/ld+json\" class=\"yoast-schema-graph\">{\"@context\":\"https:\/\/schema.org\",\"@graph\":[{\"@type\":\"WebPage\",\"@id\":\"https:\/\/alanyabilisimhizmetleri.com\/drone-fotograf-cekimi\/\",\"url\":\"https:\/\/alanyabilisimhizmetleri.com\/drone-fotograf-cekimi\/\",\"name\":\"Alanya Drone ve Foto\u011fraf \u00c7ekimi Hizmetleri | Alanya Bili\u015fim Hizmetleri\",\"isPartOf\":{\"@id\":\"https:\/\/alanyabilisimhizmetleri.com\/#website\"},\"primaryImageOfPage\":{\"@id\":\"https:\/\/alanyabilisimhizmetleri.com\/drone-fotograf-cekimi\/#primaryimage\"},\"image\":{\"@id\":\"https:\/\/alanyabilisimhizmetleri.com\/drone-fotograf-cekimi\/#primaryimage\"},\"thumbnailUrl\":\"https:\/\/alanyabilisimhizmetleri.com\/wp-content\/uploads\/2025\/06\/abh-11.png\",\"datePublished\":\"2025-06-26T10:27:27+00:00\",\"dateModified\":\"2025-06-27T12:40:20+00:00\",\"description\":\"Alanya Bili\u015fim Hizmetleri, Alanya'da profesyonel drone ve foto\u011fraf \u00e7ekimi hizmetleri sunar. Etkileyici g\u00f6r\u00fcnt\u00fclerle markan\u0131z\u0131 \u00f6ne \u00e7\u0131kar\u0131n. Hizmetlerimiz hakk\u0131nda daha fazla bilgi al\u0131n.\",\"breadcrumb\":{\"@id\":\"https:\/\/alanyabilisimhizmetleri.com\/drone-fotograf-cekimi\/#breadcrumb\"},\"inLanguage\":\"de\",\"potentialAction\":[{\"@type\":\"ReadAction\",\"target\":[\"https:\/\/alanyabilisimhizmetleri.com\/drone-fotograf-cekimi\/\"]}]},{\"@type\":\"ImageObject\",\"inLanguage\":\"de\",\"@id\":\"https:\/\/alanyabilisimhizmetleri.com\/drone-fotograf-cekimi\/#primaryimage\",\"url\":\"https:\/\/alanyabilisimhizmetleri.com\/wp-content\/uploads\/2025\/06\/abh-11.png\",\"contentUrl\":\"https:\/\/alanyabilisimhizmetleri.com\/wp-content\/uploads\/2025\/06\/abh-11.png\",\"width\":512,\"height\":512,\"caption\":\"Alanya drone ve foto\u011fraf \u00e7ekimi\"},{\"@type\":\"BreadcrumbList\",\"@id\":\"https:\/\/alanyabilisimhizmetleri.com\/drone-fotograf-cekimi\/#breadcrumb\",\"itemListElement\":[{\"@type\":\"ListItem\",\"position\":1,\"name\":\"Anasayfa\",\"item\":\"https:\/\/alanyabilisimhizmetleri.com\/\"},{\"@type\":\"ListItem\",\"position\":2,\"name\":\"Drone &#038; Foto\u011fraf \u00c7ekimi\"}]},{\"@type\":\"WebSite\",\"@id\":\"https:\/\/alanyabilisimhizmetleri.com\/#website\",\"url\":\"https:\/\/alanyabilisimhizmetleri.com\/\",\"name\":\"Alanya Yaz\u0131l\u0131m | Alanya Web Tasar\u0131m | Alanya Bili\u015fim Hizmetleri\",\"description\":\"Alanya Yaz\u0131l\u0131m | Alanya Web Tasar\u0131m | Alanya Bili\u015fim Hizmetleri\",\"publisher\":{\"@id\":\"https:\/\/alanyabilisimhizmetleri.com\/#organization\"},\"potentialAction\":[{\"@type\":\"SearchAction\",\"target\":{\"@type\":\"EntryPoint\",\"urlTemplate\":\"https:\/\/alanyabilisimhizmetleri.com\/?s={search_term_string}\"},\"query-input\":{\"@type\":\"PropertyValueSpecification\",\"valueRequired\":true,\"valueName\":\"search_term_string\"}}],\"inLanguage\":\"de\"},{\"@type\":\"Organization\",\"@id\":\"https:\/\/alanyabilisimhizmetleri.com\/#organization\",\"name\":\"Alanya Yaz\u0131l\u0131m | Alanya Web Tasar\u0131m | Alanya Bili\u015fim Hizmetleri\",\"url\":\"https:\/\/alanyabilisimhizmetleri.com\/\",\"logo\":{\"@type\":\"ImageObject\",\"inLanguage\":\"de\",\"@id\":\"https:\/\/alanyabilisimhizmetleri.com\/#\/schema\/logo\/image\/\",\"url\":\"https:\/\/alanyabilisimhizmetleri.com\/wp-content\/uploads\/2020\/01\/cropped-2.png\",\"contentUrl\":\"https:\/\/alanyabilisimhizmetleri.com\/wp-content\/uploads\/2020\/01\/cropped-2.png\",\"width\":288,\"height\":117,\"caption\":\"Alanya Yaz\u0131l\u0131m | Alanya Web Tasar\u0131m | Alanya Bili\u015fim Hizmetleri\"},\"image\":{\"@id\":\"https:\/\/alanyabilisimhizmetleri.com\/#\/schema\/logo\/image\/\"}}]}<\/script>\n<!-- \/ Yoast SEO Premium plugin. -->","yoast_head_json":{"title":"Alanya Drone ve Foto\u011fraf \u00c7ekimi Hizmetleri | Alanya Bili\u015fim Hizmetleri","description":"Alanya Bili\u015fim Hizmetleri, Alanya'da profesyonel drone ve foto\u011fraf \u00e7ekimi hizmetleri sunar. Etkileyici g\u00f6r\u00fcnt\u00fclerle markan\u0131z\u0131 \u00f6ne \u00e7\u0131kar\u0131n. Hizmetlerimiz hakk\u0131nda daha fazla bilgi al\u0131n.","robots":{"index":"index","follow":"follow","max-snippet":"max-snippet:-1","max-image-preview":"max-image-preview:large","max-video-preview":"max-video-preview:-1"},"canonical":"https:\/\/alanyabilisimhizmetleri.com\/de\/drone-fotograf-cekimi\/","og_locale":"de_DE","og_type":"article","og_title":"Drone & Foto\u011fraf \u00c7ekimi","og_description":"Alanya Bili\u015fim Hizmetleri, Alanya'da profesyonel drone ve foto\u011fraf \u00e7ekimi hizmetleri sunar. Etkileyici g\u00f6r\u00fcnt\u00fclerle markan\u0131z\u0131 \u00f6ne \u00e7\u0131kar\u0131n. Hizmetlerimiz hakk\u0131nda daha fazla bilgi al\u0131n.","og_url":"https:\/\/alanyabilisimhizmetleri.com\/de\/drone-fotograf-cekimi\/","og_site_name":"Alanya Yaz\u0131l\u0131m | Alanya Web Tasar\u0131m | Alanya Bili\u015fim Hizmetleri","article_modified_time":"2025-06-27T12:40:20+00:00","og_image":[{"width":512,"height":512,"url":"https:\/\/alanyabilisimhizmetleri.com\/wp-content\/uploads\/2025\/06\/abh-11.png","type":"image\/png"}],"twitter_card":"summary_large_image","twitter_misc":{"Gesch\u00e4tzte Lesezeit":"2\u00a0Minuten"},"schema":{"@context":"https:\/\/schema.org","@graph":[{"@type":"WebPage","@id":"https:\/\/alanyabilisimhizmetleri.com\/drone-fotograf-cekimi\/","url":"https:\/\/alanyabilisimhizmetleri.com\/drone-fotograf-cekimi\/","name":"Alanya Drone ve Foto\u011fraf \u00c7ekimi Hizmetleri | Alanya Bili\u015fim Hizmetleri","isPartOf":{"@id":"https:\/\/alanyabilisimhizmetleri.com\/#website"},"primaryImageOfPage":{"@id":"https:\/\/alanyabilisimhizmetleri.com\/drone-fotograf-cekimi\/#primaryimage"},"image":{"@id":"https:\/\/alanyabilisimhizmetleri.com\/drone-fotograf-cekimi\/#primaryimage"},"thumbnailUrl":"https:\/\/alanyabilisimhizmetleri.com\/wp-content\/uploads\/2025\/06\/abh-11.png","datePublished":"2025-06-26T10:27:27+00:00","dateModified":"2025-06-27T12:40:20+00:00","description":"Alanya Bili\u015fim Hizmetleri, Alanya'da profesyonel drone ve foto\u011fraf \u00e7ekimi hizmetleri sunar. Etkileyici g\u00f6r\u00fcnt\u00fclerle markan\u0131z\u0131 \u00f6ne \u00e7\u0131kar\u0131n. Hizmetlerimiz hakk\u0131nda daha fazla bilgi al\u0131n.","breadcrumb":{"@id":"https:\/\/alanyabilisimhizmetleri.com\/drone-fotograf-cekimi\/#breadcrumb"},"inLanguage":"de","potentialAction":[{"@type":"ReadAction","target":["https:\/\/alanyabilisimhizmetleri.com\/drone-fotograf-cekimi\/"]}]},{"@type":"ImageObject","inLanguage":"de","@id":"https:\/\/alanyabilisimhizmetleri.com\/drone-fotograf-cekimi\/#primaryimage","url":"https:\/\/alanyabilisimhizmetleri.com\/wp-content\/uploads\/2025\/06\/abh-11.png","contentUrl":"https:\/\/alanyabilisimhizmetleri.com\/wp-content\/uploads\/2025\/06\/abh-11.png","width":512,"height":512,"caption":"Alanya drone ve foto\u011fraf \u00e7ekimi"},{"@type":"BreadcrumbList","@id":"https:\/\/alanyabilisimhizmetleri.com\/drone-fotograf-cekimi\/#breadcrumb","itemListElement":[{"@type":"ListItem","position":1,"name":"Anasayfa","item":"https:\/\/alanyabilisimhizmetleri.com\/"},{"@type":"ListItem","position":2,"name":"Drone &#038; Foto\u011fraf \u00c7ekimi"}]},{"@type":"WebSite","@id":"https:\/\/alanyabilisimhizmetleri.com\/#website","url":"https:\/\/alanyabilisimhizmetleri.com\/","name":"Alanya Yaz\u0131l\u0131m | Alanya Web Tasar\u0131m | Alanya Bili\u015fim Hizmetleri","description":"Alanya Yaz\u0131l\u0131m | Alanya Web Tasar\u0131m | Alanya Bili\u015fim Hizmetleri","publisher":{"@id":"https:\/\/alanyabilisimhizmetleri.com\/#organization"},"potentialAction":[{"@type":"SearchAction","target":{"@type":"EntryPoint","urlTemplate":"https:\/\/alanyabilisimhizmetleri.com\/?s={search_term_string}"},"query-input":{"@type":"PropertyValueSpecification","valueRequired":true,"valueName":"search_term_string"}}],"inLanguage":"de"},{"@type":"Organization","@id":"https:\/\/alanyabilisimhizmetleri.com\/#organization","name":"Alanya Yaz\u0131l\u0131m | Alanya Web Tasar\u0131m | Alanya Bili\u015fim Hizmetleri","url":"https:\/\/alanyabilisimhizmetleri.com\/","logo":{"@type":"ImageObject","inLanguage":"de","@id":"https:\/\/alanyabilisimhizmetleri.com\/#\/schema\/logo\/image\/","url":"https:\/\/alanyabilisimhizmetleri.com\/wp-content\/uploads\/2020\/01\/cropped-2.png","contentUrl":"https:\/\/alanyabilisimhizmetleri.com\/wp-content\/uploads\/2020\/01\/cropped-2.png","width":288,"height":117,"caption":"Alanya Yaz\u0131l\u0131m | Alanya Web Tasar\u0131m | Alanya Bili\u015fim Hizmetleri"},"image":{"@id":"https:\/\/alanyabilisimhizmetleri.com\/#\/schema\/logo\/image\/"}}]}},"_links":{"self":[{"href":"https:\/\/alanyabilisimhizmetleri.com\/de\/wp-json\/wp\/v2\/pages\/398","targetHints":{"allow":["GET"]}}],"collection":[{"href":"https:\/\/alanyabilisimhizmetleri.com\/de\/wp-json\/wp\/v2\/pages"}],"about":[{"href":"https:\/\/alanyabilisimhizmetleri.com\/de\/wp-json\/wp\/v2\/types\/page"}],"author":[{"embeddable":true,"href":"https:\/\/alanyabilisimhizmetleri.com\/de\/wp-json\/wp\/v2\/users\/1"}],"replies":[{"embeddable":true,"href":"https:\/\/alanyabilisimhizmetleri.com\/de\/wp-json\/wp\/v2\/comments?post=398"}],"version-history":[{"count":5,"href":"https:\/\/alanyabilisimhizmetleri.com\/de\/wp-json\/wp\/v2\/pages\/398\/revisions"}],"predecessor-version":[{"id":1008,"href":"https:\/\/alanyabilisimhizmetleri.com\/de\/wp-json\/wp\/v2\/pages\/398\/revisions\/1008"}],"wp:featuredmedia":[{"embeddable":true,"href":"https:\/\/alanyabilisimhizmetleri.com\/de\/wp-json\/wp\/v2\/media\/1007"}],"wp:attachment":[{"href":"https:\/\/alanyabilisimhizmetleri.com\/de\/wp-json\/wp\/v2\/media?parent=398"}],"curies":[{"name":"wp","href":"https:\/\/api.w.org\/{rel}","templated":true}]}}