{"id":403,"date":"2025-06-26T13:28:37","date_gmt":"2025-06-26T10:28:37","guid":{"rendered":"https:\/\/alanyabilisimhizmetleri.com\/?page_id=403"},"modified":"2025-06-27T15:40:31","modified_gmt":"2025-06-27T12:40:31","slug":"gizlilik-politikasi","status":"publish","type":"page","link":"https:\/\/alanyabilisimhizmetleri.com\/de\/gizlilik-politikasi\/","title":{"rendered":"Datenschutzrichtlinie"},"content":{"rendered":"<div data-elementor-type=\"wp-page\" data-elementor-id=\"403\" class=\"elementor elementor-403\">\n\t\t\t\t<div class=\"aux-parallax-section elementor-element elementor-element-021c894 e-flex e-con-boxed elementor-invisible e-con e-parent\" data-id=\"021c894\" data-element_type=\"container\" data-settings=\"{&quot;animation&quot;:&quot;fadeInUp&quot;}\">\n\t\t\t\t\t<div class=\"e-con-inner\">\n\t\t\t\t<div class=\"elementor-element elementor-element-e6d414d elementor-widget elementor-widget-text-editor\" data-id=\"e6d414d\" data-element_type=\"widget\" data-widget_type=\"text-editor.default\">\n\t\t\t\t<div class=\"elementor-widget-container\">\n\t\t\t\t\t\t\t\t\t<header><section><section><h1>Datenschutzrichtlinie<\/h1><\/section><h2>1. Einleitung<\/h2><p>Als Alanya Bili\u015fim Hizmetleri verpflichten wir uns, Ihre personenbezogenen Daten \u00fcberall dort zu sch\u00fctzen, wo wir mit Ihnen interagieren. Unsere Datenschutzrichtlinie erl\u00e4utert, wie wir mit Ihnen interagieren, wie und warum wir Ihre personenbezogenen Daten erheben und wie wir diese Daten sch\u00fctzen.<\/p><h2>2. Erhebung und Verwendung personenbezogener Daten<\/h2><p>Wenn Sie unsere Dienste nutzen, erheben und speichern wir personenbezogene Daten, die Sie uns mitteilen. Diese Informationen erm\u00f6glichen es uns, mit Ihnen zu kommunizieren, unsere Dienste bereitzustellen und die Benutzerfreundlichkeit und Funktionalit\u00e4t unserer Website zu verbessern.<\/p><h2>3. Weitergabe und Offenlegung von Informationen<\/h2><p>Wir geben Ihre personenbezogenen Daten nicht an Dritte weiter. Diese Informationen werden jedoch zum Betrieb unserer Website und zur Verbesserung unserer Dienstleistungen verwendet. Wir geben diese Informationen weiter, wenn dies gesetzlich vorgeschrieben ist oder um die Rechte, das Eigentum oder die Sicherheit von Alanya Bili\u015fim Hizmetleri zu sch\u00fctzen.<\/p><h2>4. Sicherheit<\/h2><p>Wir ergreifen angemessene Sicherheitsma\u00dfnahmen zum Schutz Ihrer personenbezogenen Daten. Bitte beachten Sie jedoch, dass die Daten\u00fcbertragung im Internet keine vollst\u00e4ndige Sicherheit bietet.<\/p><h2>5. Cookies<\/h2><p>Wir verwenden Cookies auf unserer Website, um Ihr Benutzererlebnis zu verbessern und die Funktionalit\u00e4t unserer Website zu verstehen. Sie haben jederzeit die M\u00f6glichkeit, Ihre Cookies zu kontrollieren und zu verwalten.<\/p><h2>6. \u00c4nderungen<\/h2><p>Diese Datenschutzrichtlinie kann von Zeit zu Zeit aktualisiert werden. \u00c4nderungen werden auf dieser Seite bekannt gegeben.<\/p><h2>7. Kommunikation<\/h2><p>Wenn Sie Fragen zu unserer Datenschutzrichtlinie haben, kontaktieren Sie uns bitte.<\/p><\/section><\/header>\t\t\t\t\t\t\t\t<\/div>\n\t\t\t\t<\/div>\n\t\t\t\t\t<\/div>\n\t\t\t\t<\/div>\n\t\t\t\t<\/div>","protected":false},"excerpt":{"rendered":"<p>Datenschutzrichtlinie 1. Einleitung Als Alanya Bili\u015fim Hizmetleri verpflichten wir uns, Ihre personenbezogenen Daten \u00fcberall dort zu sch\u00fctzen und sicher aufzubewahren, wo wir mit Ihnen interagieren. Unsere Datenschutzrichtlinie erl\u00e4utert, wie wir mit Ihnen interagieren, wie und warum wir Ihre personenbezogenen Daten erheben und wie wir sie sch\u00fctzen. 2. Erhebung und Verwendung personenbezogener Daten Wenn Sie unsere Dienste nutzen, erheben und speichern wir die personenbezogenen Daten, die Sie uns mitteilen. [\u2026]<\/p>","protected":false},"author":1,"featured_media":1009,"parent":0,"menu_order":0,"comment_status":"closed","ping_status":"closed","template":"elementor_header_footer","meta":{"footnotes":""},"class_list":["post-403","page","type-page","status-publish","has-post-thumbnail","hentry"],"yoast_head":"<!-- This site is optimized with the Yoast SEO Premium plugin v24.6 (Yoast SEO v25.3.1) - https:\/\/yoast.com\/wordpress\/plugins\/seo\/ -->\n<title>Gizlilik Politikas\u0131 | Alanya Bili\u015fim Hizmetleri<\/title>\n<meta name=\"description\" content=\"Alanya Bili\u015fim Hizmetleri olarak, ki\u015fisel verilerinizi nas\u0131l kulland\u0131\u011f\u0131m\u0131z ve korudu\u011fumuz hakk\u0131nda bilgi i\u00e7in gizlilik politikam\u0131z\u0131 okuyun.\" \/>\n<meta name=\"robots\" content=\"index, follow, max-snippet:-1, max-image-preview:large, max-video-preview:-1\" \/>\n<link rel=\"canonical\" href=\"https:\/\/alanyabilisimhizmetleri.com\/de\/gizlilik-politikasi\/\" \/>\n<meta property=\"og:locale\" content=\"de_DE\" \/>\n<meta property=\"og:type\" content=\"article\" \/>\n<meta property=\"og:title\" content=\"Gizlilik Politikas\u0131\" \/>\n<meta property=\"og:description\" content=\"Alanya Bili\u015fim Hizmetleri olarak, ki\u015fisel verilerinizi nas\u0131l kulland\u0131\u011f\u0131m\u0131z ve korudu\u011fumuz hakk\u0131nda bilgi i\u00e7in gizlilik politikam\u0131z\u0131 okuyun.\" \/>\n<meta property=\"og:url\" content=\"https:\/\/alanyabilisimhizmetleri.com\/de\/gizlilik-politikasi\/\" \/>\n<meta property=\"og:site_name\" content=\"Alanya Yaz\u0131l\u0131m | Alanya Web Tasar\u0131m | Alanya Bili\u015fim Hizmetleri\" \/>\n<meta property=\"article:modified_time\" content=\"2025-06-27T12:40:31+00:00\" \/>\n<meta property=\"og:image\" content=\"https:\/\/alanyabilisimhizmetleri.com\/wp-content\/uploads\/2025\/06\/abh-12.png\" \/>\n\t<meta property=\"og:image:width\" content=\"512\" \/>\n\t<meta property=\"og:image:height\" content=\"512\" \/>\n\t<meta property=\"og:image:type\" content=\"image\/png\" \/>\n<meta name=\"twitter:card\" content=\"summary_large_image\" \/>\n<meta name=\"twitter:label1\" content=\"Gesch\u00e4tzte Lesezeit\" \/>\n\t<meta name=\"twitter:data1\" content=\"2\u00a0Minuten\" \/>\n<script type=\"application\/ld+json\" class=\"yoast-schema-graph\">{\"@context\":\"https:\/\/schema.org\",\"@graph\":[{\"@type\":\"WebPage\",\"@id\":\"https:\/\/alanyabilisimhizmetleri.com\/gizlilik-politikasi\/\",\"url\":\"https:\/\/alanyabilisimhizmetleri.com\/gizlilik-politikasi\/\",\"name\":\"Gizlilik Politikas\u0131 | Alanya Bili\u015fim Hizmetleri\",\"isPartOf\":{\"@id\":\"https:\/\/alanyabilisimhizmetleri.com\/#website\"},\"primaryImageOfPage\":{\"@id\":\"https:\/\/alanyabilisimhizmetleri.com\/gizlilik-politikasi\/#primaryimage\"},\"image\":{\"@id\":\"https:\/\/alanyabilisimhizmetleri.com\/gizlilik-politikasi\/#primaryimage\"},\"thumbnailUrl\":\"https:\/\/alanyabilisimhizmetleri.com\/wp-content\/uploads\/2025\/06\/abh-12.png\",\"datePublished\":\"2025-06-26T10:28:37+00:00\",\"dateModified\":\"2025-06-27T12:40:31+00:00\",\"description\":\"Alanya Bili\u015fim Hizmetleri olarak, ki\u015fisel verilerinizi nas\u0131l kulland\u0131\u011f\u0131m\u0131z ve korudu\u011fumuz hakk\u0131nda bilgi i\u00e7in gizlilik politikam\u0131z\u0131 okuyun.\",\"breadcrumb\":{\"@id\":\"https:\/\/alanyabilisimhizmetleri.com\/gizlilik-politikasi\/#breadcrumb\"},\"inLanguage\":\"de\",\"potentialAction\":[{\"@type\":\"ReadAction\",\"target\":[\"https:\/\/alanyabilisimhizmetleri.com\/gizlilik-politikasi\/\"]}]},{\"@type\":\"ImageObject\",\"inLanguage\":\"de\",\"@id\":\"https:\/\/alanyabilisimhizmetleri.com\/gizlilik-politikasi\/#primaryimage\",\"url\":\"https:\/\/alanyabilisimhizmetleri.com\/wp-content\/uploads\/2025\/06\/abh-12.png\",\"contentUrl\":\"https:\/\/alanyabilisimhizmetleri.com\/wp-content\/uploads\/2025\/06\/abh-12.png\",\"width\":512,\"height\":512,\"caption\":\"Alanya Bili\u015fim Hizmetleri gizlilik politikas\u0131\"},{\"@type\":\"BreadcrumbList\",\"@id\":\"https:\/\/alanyabilisimhizmetleri.com\/gizlilik-politikasi\/#breadcrumb\",\"itemListElement\":[{\"@type\":\"ListItem\",\"position\":1,\"name\":\"Anasayfa\",\"item\":\"https:\/\/alanyabilisimhizmetleri.com\/\"},{\"@type\":\"ListItem\",\"position\":2,\"name\":\"Gizlilik Politikas\u0131\"}]},{\"@type\":\"WebSite\",\"@id\":\"https:\/\/alanyabilisimhizmetleri.com\/#website\",\"url\":\"https:\/\/alanyabilisimhizmetleri.com\/\",\"name\":\"Alanya Yaz\u0131l\u0131m | Alanya Web Tasar\u0131m | Alanya Bili\u015fim Hizmetleri\",\"description\":\"Alanya Yaz\u0131l\u0131m | Alanya Web Tasar\u0131m | Alanya Bili\u015fim Hizmetleri\",\"publisher\":{\"@id\":\"https:\/\/alanyabilisimhizmetleri.com\/#organization\"},\"potentialAction\":[{\"@type\":\"SearchAction\",\"target\":{\"@type\":\"EntryPoint\",\"urlTemplate\":\"https:\/\/alanyabilisimhizmetleri.com\/?s={search_term_string}\"},\"query-input\":{\"@type\":\"PropertyValueSpecification\",\"valueRequired\":true,\"valueName\":\"search_term_string\"}}],\"inLanguage\":\"de\"},{\"@type\":\"Organization\",\"@id\":\"https:\/\/alanyabilisimhizmetleri.com\/#organization\",\"name\":\"Alanya Yaz\u0131l\u0131m | Alanya Web Tasar\u0131m | Alanya Bili\u015fim Hizmetleri\",\"url\":\"https:\/\/alanyabilisimhizmetleri.com\/\",\"logo\":{\"@type\":\"ImageObject\",\"inLanguage\":\"de\",\"@id\":\"https:\/\/alanyabilisimhizmetleri.com\/#\/schema\/logo\/image\/\",\"url\":\"https:\/\/alanyabilisimhizmetleri.com\/wp-content\/uploads\/2020\/01\/cropped-2.png\",\"contentUrl\":\"https:\/\/alanyabilisimhizmetleri.com\/wp-content\/uploads\/2020\/01\/cropped-2.png\",\"width\":288,\"height\":117,\"caption\":\"Alanya Yaz\u0131l\u0131m | Alanya Web Tasar\u0131m | Alanya Bili\u015fim Hizmetleri\"},\"image\":{\"@id\":\"https:\/\/alanyabilisimhizmetleri.com\/#\/schema\/logo\/image\/\"}}]}<\/script>\n<!-- \/ Yoast SEO Premium plugin. -->","yoast_head_json":{"title":"Gizlilik Politikas\u0131 | Alanya Bili\u015fim Hizmetleri","description":"Alanya Bili\u015fim Hizmetleri olarak, ki\u015fisel verilerinizi nas\u0131l kulland\u0131\u011f\u0131m\u0131z ve korudu\u011fumuz hakk\u0131nda bilgi i\u00e7in gizlilik politikam\u0131z\u0131 okuyun.","robots":{"index":"index","follow":"follow","max-snippet":"max-snippet:-1","max-image-preview":"max-image-preview:large","max-video-preview":"max-video-preview:-1"},"canonical":"https:\/\/alanyabilisimhizmetleri.com\/de\/gizlilik-politikasi\/","og_locale":"de_DE","og_type":"article","og_title":"Gizlilik Politikas\u0131","og_description":"Alanya Bili\u015fim Hizmetleri olarak, ki\u015fisel verilerinizi nas\u0131l kulland\u0131\u011f\u0131m\u0131z ve korudu\u011fumuz hakk\u0131nda bilgi i\u00e7in gizlilik politikam\u0131z\u0131 okuyun.","og_url":"https:\/\/alanyabilisimhizmetleri.com\/de\/gizlilik-politikasi\/","og_site_name":"Alanya Yaz\u0131l\u0131m | Alanya Web Tasar\u0131m | Alanya Bili\u015fim Hizmetleri","article_modified_time":"2025-06-27T12:40:31+00:00","og_image":[{"width":512,"height":512,"url":"https:\/\/alanyabilisimhizmetleri.com\/wp-content\/uploads\/2025\/06\/abh-12.png","type":"image\/png"}],"twitter_card":"summary_large_image","twitter_misc":{"Gesch\u00e4tzte Lesezeit":"2\u00a0Minuten"},"schema":{"@context":"https:\/\/schema.org","@graph":[{"@type":"WebPage","@id":"https:\/\/alanyabilisimhizmetleri.com\/gizlilik-politikasi\/","url":"https:\/\/alanyabilisimhizmetleri.com\/gizlilik-politikasi\/","name":"Gizlilik Politikas\u0131 | Alanya Bili\u015fim Hizmetleri","isPartOf":{"@id":"https:\/\/alanyabilisimhizmetleri.com\/#website"},"primaryImageOfPage":{"@id":"https:\/\/alanyabilisimhizmetleri.com\/gizlilik-politikasi\/#primaryimage"},"image":{"@id":"https:\/\/alanyabilisimhizmetleri.com\/gizlilik-politikasi\/#primaryimage"},"thumbnailUrl":"https:\/\/alanyabilisimhizmetleri.com\/wp-content\/uploads\/2025\/06\/abh-12.png","datePublished":"2025-06-26T10:28:37+00:00","dateModified":"2025-06-27T12:40:31+00:00","description":"Alanya Bili\u015fim Hizmetleri olarak, ki\u015fisel verilerinizi nas\u0131l kulland\u0131\u011f\u0131m\u0131z ve korudu\u011fumuz hakk\u0131nda bilgi i\u00e7in gizlilik politikam\u0131z\u0131 okuyun.","breadcrumb":{"@id":"https:\/\/alanyabilisimhizmetleri.com\/gizlilik-politikasi\/#breadcrumb"},"inLanguage":"de","potentialAction":[{"@type":"ReadAction","target":["https:\/\/alanyabilisimhizmetleri.com\/gizlilik-politikasi\/"]}]},{"@type":"ImageObject","inLanguage":"de","@id":"https:\/\/alanyabilisimhizmetleri.com\/gizlilik-politikasi\/#primaryimage","url":"https:\/\/alanyabilisimhizmetleri.com\/wp-content\/uploads\/2025\/06\/abh-12.png","contentUrl":"https:\/\/alanyabilisimhizmetleri.com\/wp-content\/uploads\/2025\/06\/abh-12.png","width":512,"height":512,"caption":"Alanya Bili\u015fim Hizmetleri gizlilik politikas\u0131"},{"@type":"BreadcrumbList","@id":"https:\/\/alanyabilisimhizmetleri.com\/gizlilik-politikasi\/#breadcrumb","itemListElement":[{"@type":"ListItem","position":1,"name":"Anasayfa","item":"https:\/\/alanyabilisimhizmetleri.com\/"},{"@type":"ListItem","position":2,"name":"Gizlilik Politikas\u0131"}]},{"@type":"WebSite","@id":"https:\/\/alanyabilisimhizmetleri.com\/#website","url":"https:\/\/alanyabilisimhizmetleri.com\/","name":"Alanya Yaz\u0131l\u0131m | Alanya Web Tasar\u0131m | Alanya Bili\u015fim Hizmetleri","description":"Alanya Yaz\u0131l\u0131m | Alanya Web Tasar\u0131m | Alanya Bili\u015fim Hizmetleri","publisher":{"@id":"https:\/\/alanyabilisimhizmetleri.com\/#organization"},"potentialAction":[{"@type":"SearchAction","target":{"@type":"EntryPoint","urlTemplate":"https:\/\/alanyabilisimhizmetleri.com\/?s={search_term_string}"},"query-input":{"@type":"PropertyValueSpecification","valueRequired":true,"valueName":"search_term_string"}}],"inLanguage":"de"},{"@type":"Organization","@id":"https:\/\/alanyabilisimhizmetleri.com\/#organization","name":"Alanya Yaz\u0131l\u0131m | Alanya Web Tasar\u0131m | Alanya Bili\u015fim Hizmetleri","url":"https:\/\/alanyabilisimhizmetleri.com\/","logo":{"@type":"ImageObject","inLanguage":"de","@id":"https:\/\/alanyabilisimhizmetleri.com\/#\/schema\/logo\/image\/","url":"https:\/\/alanyabilisimhizmetleri.com\/wp-content\/uploads\/2020\/01\/cropped-2.png","contentUrl":"https:\/\/alanyabilisimhizmetleri.com\/wp-content\/uploads\/2020\/01\/cropped-2.png","width":288,"height":117,"caption":"Alanya Yaz\u0131l\u0131m | Alanya Web Tasar\u0131m | Alanya Bili\u015fim Hizmetleri"},"image":{"@id":"https:\/\/alanyabilisimhizmetleri.com\/#\/schema\/logo\/image\/"}}]}},"_links":{"self":[{"href":"https:\/\/alanyabilisimhizmetleri.com\/de\/wp-json\/wp\/v2\/pages\/403","targetHints":{"allow":["GET"]}}],"collection":[{"href":"https:\/\/alanyabilisimhizmetleri.com\/de\/wp-json\/wp\/v2\/pages"}],"about":[{"href":"https:\/\/alanyabilisimhizmetleri.com\/de\/wp-json\/wp\/v2\/types\/page"}],"author":[{"embeddable":true,"href":"https:\/\/alanyabilisimhizmetleri.com\/de\/wp-json\/wp\/v2\/users\/1"}],"replies":[{"embeddable":true,"href":"https:\/\/alanyabilisimhizmetleri.com\/de\/wp-json\/wp\/v2\/comments?post=403"}],"version-history":[{"count":5,"href":"https:\/\/alanyabilisimhizmetleri.com\/de\/wp-json\/wp\/v2\/pages\/403\/revisions"}],"predecessor-version":[{"id":1010,"href":"https:\/\/alanyabilisimhizmetleri.com\/de\/wp-json\/wp\/v2\/pages\/403\/revisions\/1010"}],"wp:featuredmedia":[{"embeddable":true,"href":"https:\/\/alanyabilisimhizmetleri.com\/de\/wp-json\/wp\/v2\/media\/1009"}],"wp:attachment":[{"href":"https:\/\/alanyabilisimhizmetleri.com\/de\/wp-json\/wp\/v2\/media?parent=403"}],"curies":[{"name":"wp","href":"https:\/\/api.w.org\/{rel}","templated":true}]}}