{"id":408,"date":"2025-06-26T13:29:35","date_gmt":"2025-06-26T10:29:35","guid":{"rendered":"https:\/\/alanyabilisimhizmetleri.com\/?page_id=408"},"modified":"2025-06-27T15:40:40","modified_gmt":"2025-06-27T12:40:40","slug":"google-seo-hizmeti","status":"publish","type":"page","link":"https:\/\/alanyabilisimhizmetleri.com\/de\/google-seo-hizmeti\/","title":{"rendered":"Google SEO-Dienst"},"content":{"rendered":"<div data-elementor-type=\"wp-page\" data-elementor-id=\"408\" class=\"elementor elementor-408\">\n\t\t\t\t<div class=\"aux-parallax-section elementor-element elementor-element-d7dedff e-flex e-con-boxed elementor-invisible e-con e-parent\" data-id=\"d7dedff\" data-element_type=\"container\" data-settings=\"{&quot;animation&quot;:&quot;fadeInUp&quot;}\">\n\t\t\t\t\t<div class=\"e-con-inner\">\n\t\t\t\t<div class=\"elementor-element elementor-element-405728e elementor-widget elementor-widget-text-editor\" data-id=\"405728e\" data-element_type=\"widget\" data-widget_type=\"text-editor.default\">\n\t\t\t\t<div class=\"elementor-widget-container\">\n\t\t\t\t\t\t\t\t\t<header><section><section><h1>Sicherung Ihrer digitalen Transformation<\/h1><\/section><h1>Alanya Information Services: Ihr Experte f\u00fcr Google SEO-Dienste<\/h1><h2>Bedeutung von Google SEO<\/h2><p>SEO steht f\u00fcr Suchmaschinenoptimierung und bezeichnet den Prozess, die Sichtbarkeit und das Ranking einer Website in Suchmaschinen zu verbessern. Da Google die weltweit beliebteste Suchmaschine ist, kann Google SEO den Traffic und die Online-Sichtbarkeit Ihrer Website deutlich steigern.<\/p><h2>Vorteile von Google SEO<\/h2><p>Der wichtigste Vorteil von Google SEO ist die Steigerung des organischen Traffics. Organischer Traffic bedeutet, dass Nutzer eine Website besuchen und \u00fcber nat\u00fcrliche Suchergebnisse kommen. Dies f\u00fchrt oft zu h\u00f6heren Conversion-Raten und erh\u00f6ht die Kundenbindung.<\/p><h2>Von uns verwendete SEO-Techniken und -Tools<\/h2><h3>Keyword-Recherche<\/h3><p>Die Keyword-Recherche ist ein wichtiger Bestandteil des Google SEO-Prozesses. Die von uns verwendeten Keyword-Recherche-Tools helfen uns dabei, die Keywords zu bestimmen, auf die wir abzielen, und unsere SEO-Strategie zu gestalten.<\/p><h3>On-Site-Optimierung<\/h3><p>Durch On-Site-Optimierung wird sichergestellt, dass jede Seite Ihrer Website den Suchalgorithmen von Google entspricht. Dazu geh\u00f6rt die Optimierung von Meta-Tags, Titeln, URLs und Inhalten.<\/p><h2>Alanya Information Services: Google SEO-Expertise<\/h2><p>Als Alanya Bili\u015fim Hizmetleri haben wir unsere Expertise im Bereich Google SEO unter Beweis gestellt. Wir bieten unseren Kunden erfolgreiche SEO-Strategien in verschiedenen Branchen. Mit unserer Erfahrung und unserem Wissen sorgen wir daf\u00fcr, dass Ihre Website bei Google ein h\u00f6heres Ranking erzielt.<\/p><h2>H\u00e4ufig gestellte Fragen zu Google SEO<\/h2><h3>Wof\u00fcr wird Google SEO verwendet?<\/h3><p>Google SEO verhilft einer Website zu einem h\u00f6heren Google-Ranking. Dadurch generiert die Website mehr organischen Traffic und letztendlich mehr Kunden und Umsatz.<\/p><h3>Wie erstellt man eine Google SEO-Strategie?<\/h3><p>Die Erstellung einer Google SEO-Strategie umfasst zun\u00e4chst eine Keyword-Recherche und eine Wettbewerbsanalyse. Anschlie\u00dfend wird basierend auf diesen Informationen ein Plan zur Optimierung Ihrer Website erstellt.<\/p><h2>Abschluss<\/h2><p>Google SEO ist entscheidend f\u00fcr den Erfolg jedes Online-Unternehmens. Bei Alanya Bili\u015fim Hizmetleri kennen wir die Feinheiten von Google SEO und verf\u00fcgen \u00fcber die Erfahrung und das Wissen, um die Leistung Ihrer Website in Suchmaschinen zu verbessern. Kontaktieren Sie uns, um den Online-Erfolg Ihres Unternehmens zu steigern!<\/p><\/section><\/header>\t\t\t\t\t\t\t\t<\/div>\n\t\t\t\t<\/div>\n\t\t\t\t\t<\/div>\n\t\t\t\t<\/div>\n\t\t\t\t<\/div>","protected":false},"excerpt":{"rendered":"<p>Die Sicherheit Ihrer digitalen Transformation Alanya Information Services: Ihr Experte f\u00fcr Google SEO-Dienste Die Bedeutung von Google SEO SEO steht f\u00fcr Search Engine Optimization und bezeichnet den Prozess zur Verbesserung der Sichtbarkeit und des Rankings einer Website in Suchmaschinen. Da Google die weltweit beliebteste Suchmaschine ist, kann Google SEO den Traffic und die Online-Sichtbarkeit Ihrer Website deutlich steigern. Vorteile von Google SEO Der gr\u00f6\u00dfte Vorteil von Google SEO ist [\u2026]<\/p>","protected":false},"author":1,"featured_media":1011,"parent":0,"menu_order":0,"comment_status":"closed","ping_status":"closed","template":"elementor_header_footer","meta":{"footnotes":""},"class_list":["post-408","page","type-page","status-publish","has-post-thumbnail","hentry"],"yoast_head":"<!-- This site is optimized with the Yoast SEO Premium plugin v24.6 (Yoast SEO v25.3.1) - https:\/\/yoast.com\/wordpress\/plugins\/seo\/ -->\n<title>Alanya Google SEO Hizmetleri | Alanya Bili\u015fim Hizmetleri<\/title>\n<meta name=\"description\" content=\"Alanya Bili\u015fim Hizmetleri, Alanya&#039;da Google SEO hizmetleri sunar. Web sitenizin Google&#039;da daha iyi s\u0131ralamas\u0131n\u0131 sa\u011flamak i\u00e7in hizmetlerimiz hakk\u0131nda daha fazla bilgi al\u0131n.\" \/>\n<meta name=\"robots\" content=\"index, follow, max-snippet:-1, max-image-preview:large, max-video-preview:-1\" \/>\n<link rel=\"canonical\" href=\"https:\/\/alanyabilisimhizmetleri.com\/de\/google-seo-hizmeti\/\" \/>\n<meta property=\"og:locale\" content=\"de_DE\" \/>\n<meta property=\"og:type\" content=\"article\" \/>\n<meta property=\"og:title\" content=\"Google SEO Hizmeti\" \/>\n<meta property=\"og:description\" content=\"Alanya Bili\u015fim Hizmetleri, Alanya&#039;da Google SEO hizmetleri sunar. Web sitenizin Google&#039;da daha iyi s\u0131ralamas\u0131n\u0131 sa\u011flamak i\u00e7in hizmetlerimiz hakk\u0131nda daha fazla bilgi al\u0131n.\" \/>\n<meta property=\"og:url\" content=\"https:\/\/alanyabilisimhizmetleri.com\/de\/google-seo-hizmeti\/\" \/>\n<meta property=\"og:site_name\" content=\"Alanya Yaz\u0131l\u0131m | Alanya Web Tasar\u0131m | Alanya Bili\u015fim Hizmetleri\" \/>\n<meta property=\"article:modified_time\" content=\"2025-06-27T12:40:40+00:00\" \/>\n<meta property=\"og:image\" content=\"https:\/\/alanyabilisimhizmetleri.com\/wp-content\/uploads\/2025\/06\/abh-13.png\" \/>\n\t<meta property=\"og:image:width\" content=\"512\" \/>\n\t<meta property=\"og:image:height\" content=\"512\" \/>\n\t<meta property=\"og:image:type\" content=\"image\/png\" \/>\n<meta name=\"twitter:card\" content=\"summary_large_image\" \/>\n<meta name=\"twitter:label1\" content=\"Gesch\u00e4tzte Lesezeit\" \/>\n\t<meta name=\"twitter:data1\" content=\"2\u00a0Minuten\" \/>\n<script type=\"application\/ld+json\" class=\"yoast-schema-graph\">{\"@context\":\"https:\/\/schema.org\",\"@graph\":[{\"@type\":\"WebPage\",\"@id\":\"https:\/\/alanyabilisimhizmetleri.com\/google-seo-hizmeti\/\",\"url\":\"https:\/\/alanyabilisimhizmetleri.com\/google-seo-hizmeti\/\",\"name\":\"Alanya Google SEO Hizmetleri | Alanya Bili\u015fim Hizmetleri\",\"isPartOf\":{\"@id\":\"https:\/\/alanyabilisimhizmetleri.com\/#website\"},\"primaryImageOfPage\":{\"@id\":\"https:\/\/alanyabilisimhizmetleri.com\/google-seo-hizmeti\/#primaryimage\"},\"image\":{\"@id\":\"https:\/\/alanyabilisimhizmetleri.com\/google-seo-hizmeti\/#primaryimage\"},\"thumbnailUrl\":\"https:\/\/alanyabilisimhizmetleri.com\/wp-content\/uploads\/2025\/06\/abh-13.png\",\"datePublished\":\"2025-06-26T10:29:35+00:00\",\"dateModified\":\"2025-06-27T12:40:40+00:00\",\"description\":\"Alanya Bili\u015fim Hizmetleri, Alanya'da Google SEO hizmetleri sunar. Web sitenizin Google'da daha iyi s\u0131ralamas\u0131n\u0131 sa\u011flamak i\u00e7in hizmetlerimiz hakk\u0131nda daha fazla bilgi al\u0131n.\",\"breadcrumb\":{\"@id\":\"https:\/\/alanyabilisimhizmetleri.com\/google-seo-hizmeti\/#breadcrumb\"},\"inLanguage\":\"de\",\"potentialAction\":[{\"@type\":\"ReadAction\",\"target\":[\"https:\/\/alanyabilisimhizmetleri.com\/google-seo-hizmeti\/\"]}]},{\"@type\":\"ImageObject\",\"inLanguage\":\"de\",\"@id\":\"https:\/\/alanyabilisimhizmetleri.com\/google-seo-hizmeti\/#primaryimage\",\"url\":\"https:\/\/alanyabilisimhizmetleri.com\/wp-content\/uploads\/2025\/06\/abh-13.png\",\"contentUrl\":\"https:\/\/alanyabilisimhizmetleri.com\/wp-content\/uploads\/2025\/06\/abh-13.png\",\"width\":512,\"height\":512,\"caption\":\"Alanya Google SEO hizmeti\"},{\"@type\":\"BreadcrumbList\",\"@id\":\"https:\/\/alanyabilisimhizmetleri.com\/google-seo-hizmeti\/#breadcrumb\",\"itemListElement\":[{\"@type\":\"ListItem\",\"position\":1,\"name\":\"Anasayfa\",\"item\":\"https:\/\/alanyabilisimhizmetleri.com\/\"},{\"@type\":\"ListItem\",\"position\":2,\"name\":\"Google SEO Hizmeti\"}]},{\"@type\":\"WebSite\",\"@id\":\"https:\/\/alanyabilisimhizmetleri.com\/#website\",\"url\":\"https:\/\/alanyabilisimhizmetleri.com\/\",\"name\":\"Alanya Yaz\u0131l\u0131m | Alanya Web Tasar\u0131m | Alanya Bili\u015fim Hizmetleri\",\"description\":\"Alanya Yaz\u0131l\u0131m | Alanya Web Tasar\u0131m | Alanya Bili\u015fim Hizmetleri\",\"publisher\":{\"@id\":\"https:\/\/alanyabilisimhizmetleri.com\/#organization\"},\"potentialAction\":[{\"@type\":\"SearchAction\",\"target\":{\"@type\":\"EntryPoint\",\"urlTemplate\":\"https:\/\/alanyabilisimhizmetleri.com\/?s={search_term_string}\"},\"query-input\":{\"@type\":\"PropertyValueSpecification\",\"valueRequired\":true,\"valueName\":\"search_term_string\"}}],\"inLanguage\":\"de\"},{\"@type\":\"Organization\",\"@id\":\"https:\/\/alanyabilisimhizmetleri.com\/#organization\",\"name\":\"Alanya Yaz\u0131l\u0131m | Alanya Web Tasar\u0131m | Alanya Bili\u015fim Hizmetleri\",\"url\":\"https:\/\/alanyabilisimhizmetleri.com\/\",\"logo\":{\"@type\":\"ImageObject\",\"inLanguage\":\"de\",\"@id\":\"https:\/\/alanyabilisimhizmetleri.com\/#\/schema\/logo\/image\/\",\"url\":\"https:\/\/alanyabilisimhizmetleri.com\/wp-content\/uploads\/2020\/01\/cropped-2.png\",\"contentUrl\":\"https:\/\/alanyabilisimhizmetleri.com\/wp-content\/uploads\/2020\/01\/cropped-2.png\",\"width\":288,\"height\":117,\"caption\":\"Alanya Yaz\u0131l\u0131m | Alanya Web Tasar\u0131m | Alanya Bili\u015fim Hizmetleri\"},\"image\":{\"@id\":\"https:\/\/alanyabilisimhizmetleri.com\/#\/schema\/logo\/image\/\"}}]}<\/script>\n<!-- \/ Yoast SEO Premium plugin. -->","yoast_head_json":{"title":"Alanya Google SEO Hizmetleri | Alanya Bili\u015fim Hizmetleri","description":"Alanya Bili\u015fim Hizmetleri, Alanya'da Google SEO hizmetleri sunar. Web sitenizin Google'da daha iyi s\u0131ralamas\u0131n\u0131 sa\u011flamak i\u00e7in hizmetlerimiz hakk\u0131nda daha fazla bilgi al\u0131n.","robots":{"index":"index","follow":"follow","max-snippet":"max-snippet:-1","max-image-preview":"max-image-preview:large","max-video-preview":"max-video-preview:-1"},"canonical":"https:\/\/alanyabilisimhizmetleri.com\/de\/google-seo-hizmeti\/","og_locale":"de_DE","og_type":"article","og_title":"Google SEO Hizmeti","og_description":"Alanya Bili\u015fim Hizmetleri, Alanya'da Google SEO hizmetleri sunar. Web sitenizin Google'da daha iyi s\u0131ralamas\u0131n\u0131 sa\u011flamak i\u00e7in hizmetlerimiz hakk\u0131nda daha fazla bilgi al\u0131n.","og_url":"https:\/\/alanyabilisimhizmetleri.com\/de\/google-seo-hizmeti\/","og_site_name":"Alanya Yaz\u0131l\u0131m | Alanya Web Tasar\u0131m | Alanya Bili\u015fim Hizmetleri","article_modified_time":"2025-06-27T12:40:40+00:00","og_image":[{"width":512,"height":512,"url":"https:\/\/alanyabilisimhizmetleri.com\/wp-content\/uploads\/2025\/06\/abh-13.png","type":"image\/png"}],"twitter_card":"summary_large_image","twitter_misc":{"Gesch\u00e4tzte Lesezeit":"2\u00a0Minuten"},"schema":{"@context":"https:\/\/schema.org","@graph":[{"@type":"WebPage","@id":"https:\/\/alanyabilisimhizmetleri.com\/google-seo-hizmeti\/","url":"https:\/\/alanyabilisimhizmetleri.com\/google-seo-hizmeti\/","name":"Alanya Google SEO Hizmetleri | Alanya Bili\u015fim Hizmetleri","isPartOf":{"@id":"https:\/\/alanyabilisimhizmetleri.com\/#website"},"primaryImageOfPage":{"@id":"https:\/\/alanyabilisimhizmetleri.com\/google-seo-hizmeti\/#primaryimage"},"image":{"@id":"https:\/\/alanyabilisimhizmetleri.com\/google-seo-hizmeti\/#primaryimage"},"thumbnailUrl":"https:\/\/alanyabilisimhizmetleri.com\/wp-content\/uploads\/2025\/06\/abh-13.png","datePublished":"2025-06-26T10:29:35+00:00","dateModified":"2025-06-27T12:40:40+00:00","description":"Alanya Bili\u015fim Hizmetleri, Alanya'da Google SEO hizmetleri sunar. Web sitenizin Google'da daha iyi s\u0131ralamas\u0131n\u0131 sa\u011flamak i\u00e7in hizmetlerimiz hakk\u0131nda daha fazla bilgi al\u0131n.","breadcrumb":{"@id":"https:\/\/alanyabilisimhizmetleri.com\/google-seo-hizmeti\/#breadcrumb"},"inLanguage":"de","potentialAction":[{"@type":"ReadAction","target":["https:\/\/alanyabilisimhizmetleri.com\/google-seo-hizmeti\/"]}]},{"@type":"ImageObject","inLanguage":"de","@id":"https:\/\/alanyabilisimhizmetleri.com\/google-seo-hizmeti\/#primaryimage","url":"https:\/\/alanyabilisimhizmetleri.com\/wp-content\/uploads\/2025\/06\/abh-13.png","contentUrl":"https:\/\/alanyabilisimhizmetleri.com\/wp-content\/uploads\/2025\/06\/abh-13.png","width":512,"height":512,"caption":"Alanya Google SEO hizmeti"},{"@type":"BreadcrumbList","@id":"https:\/\/alanyabilisimhizmetleri.com\/google-seo-hizmeti\/#breadcrumb","itemListElement":[{"@type":"ListItem","position":1,"name":"Anasayfa","item":"https:\/\/alanyabilisimhizmetleri.com\/"},{"@type":"ListItem","position":2,"name":"Google SEO Hizmeti"}]},{"@type":"WebSite","@id":"https:\/\/alanyabilisimhizmetleri.com\/#website","url":"https:\/\/alanyabilisimhizmetleri.com\/","name":"Alanya Yaz\u0131l\u0131m | Alanya Web Tasar\u0131m | Alanya Bili\u015fim Hizmetleri","description":"Alanya Yaz\u0131l\u0131m | Alanya Web Tasar\u0131m | Alanya Bili\u015fim Hizmetleri","publisher":{"@id":"https:\/\/alanyabilisimhizmetleri.com\/#organization"},"potentialAction":[{"@type":"SearchAction","target":{"@type":"EntryPoint","urlTemplate":"https:\/\/alanyabilisimhizmetleri.com\/?s={search_term_string}"},"query-input":{"@type":"PropertyValueSpecification","valueRequired":true,"valueName":"search_term_string"}}],"inLanguage":"de"},{"@type":"Organization","@id":"https:\/\/alanyabilisimhizmetleri.com\/#organization","name":"Alanya Yaz\u0131l\u0131m | Alanya Web Tasar\u0131m | Alanya Bili\u015fim Hizmetleri","url":"https:\/\/alanyabilisimhizmetleri.com\/","logo":{"@type":"ImageObject","inLanguage":"de","@id":"https:\/\/alanyabilisimhizmetleri.com\/#\/schema\/logo\/image\/","url":"https:\/\/alanyabilisimhizmetleri.com\/wp-content\/uploads\/2020\/01\/cropped-2.png","contentUrl":"https:\/\/alanyabilisimhizmetleri.com\/wp-content\/uploads\/2020\/01\/cropped-2.png","width":288,"height":117,"caption":"Alanya Yaz\u0131l\u0131m | Alanya Web Tasar\u0131m | Alanya Bili\u015fim Hizmetleri"},"image":{"@id":"https:\/\/alanyabilisimhizmetleri.com\/#\/schema\/logo\/image\/"}}]}},"_links":{"self":[{"href":"https:\/\/alanyabilisimhizmetleri.com\/de\/wp-json\/wp\/v2\/pages\/408","targetHints":{"allow":["GET"]}}],"collection":[{"href":"https:\/\/alanyabilisimhizmetleri.com\/de\/wp-json\/wp\/v2\/pages"}],"about":[{"href":"https:\/\/alanyabilisimhizmetleri.com\/de\/wp-json\/wp\/v2\/types\/page"}],"author":[{"embeddable":true,"href":"https:\/\/alanyabilisimhizmetleri.com\/de\/wp-json\/wp\/v2\/users\/1"}],"replies":[{"embeddable":true,"href":"https:\/\/alanyabilisimhizmetleri.com\/de\/wp-json\/wp\/v2\/comments?post=408"}],"version-history":[{"count":5,"href":"https:\/\/alanyabilisimhizmetleri.com\/de\/wp-json\/wp\/v2\/pages\/408\/revisions"}],"predecessor-version":[{"id":1012,"href":"https:\/\/alanyabilisimhizmetleri.com\/de\/wp-json\/wp\/v2\/pages\/408\/revisions\/1012"}],"wp:featuredmedia":[{"embeddable":true,"href":"https:\/\/alanyabilisimhizmetleri.com\/de\/wp-json\/wp\/v2\/media\/1011"}],"wp:attachment":[{"href":"https:\/\/alanyabilisimhizmetleri.com\/de\/wp-json\/wp\/v2\/media?parent=408"}],"curies":[{"name":"wp","href":"https:\/\/api.w.org\/{rel}","templated":true}]}}