{"id":418,"date":"2025-06-26T13:50:54","date_gmt":"2025-06-26T10:50:54","guid":{"rendered":"https:\/\/alanyabilisimhizmetleri.com\/?page_id=418"},"modified":"2025-06-27T15:41:30","modified_gmt":"2025-06-27T12:41:30","slug":"kvkk-aydinlatma-metini","status":"publish","type":"page","link":"https:\/\/alanyabilisimhizmetleri.com\/de\/kvkk-aydinlatma-metini\/","title":{"rendered":"KVKK &amp; Informationstext"},"content":{"rendered":"<div data-elementor-type=\"wp-page\" data-elementor-id=\"418\" class=\"elementor elementor-418\">\n\t\t\t\t<div class=\"aux-parallax-section elementor-element elementor-element-a50bf33 e-flex e-con-boxed elementor-invisible e-con e-parent\" data-id=\"a50bf33\" data-element_type=\"container\" data-settings=\"{&quot;animation&quot;:&quot;fadeInUp&quot;}\">\n\t\t\t\t\t<div class=\"e-con-inner\">\n\t\t\t\t<div class=\"elementor-element elementor-element-b666be6 elementor-widget elementor-widget-text-editor\" data-id=\"b666be6\" data-element_type=\"widget\" data-widget_type=\"text-editor.default\">\n\t\t\t\t<div class=\"elementor-widget-container\">\n\t\t\t\t\t\t\t\t\t<header><section><section><h1>KVKK &amp; Informationstext<\/h1><\/section><h1>Gesetz zum Schutz personenbezogener Daten<\/h1><h2>1. Einleitung<\/h2><p>Alanya Bili\u015fim Hizmetleri ist an das Gesetz zum Schutz personenbezogener Daten (KVKK) hinsichtlich des Schutzes und der Verarbeitung personenbezogener Daten gem\u00e4\u00df den Gesetzen der Republik T\u00fcrkei gebunden.<\/p><h2>2. Erhebung und Verarbeitung personenbezogener Daten<\/h2><p>Gem\u00e4\u00df der KVKK ergreifen wir alle notwendigen Ma\u00dfnahmen, um die Vertraulichkeit der von uns \u00fcber Sie erhobenen personenbezogenen Daten zu sch\u00fctzen und zu wahren. Ihre personenbezogenen Daten werden verarbeitet, um unsere Dienste bereitzustellen, den Betrieb unserer Website zu verbessern und Ihnen ein besseres Benutzererlebnis zu bieten.<\/p><h2>3. Rechte des Dateneigent\u00fcmers<\/h2><p>Als Inhaber personenbezogener Daten haben Sie gem\u00e4\u00df Artikel 11 KVK das Recht, zu erfahren, ob Ihre personenbezogenen Daten verarbeitet werden, Informationen anzufordern, wenn sie verarbeitet wurden, den Zweck der Verarbeitung und die zweckgem\u00e4\u00dfe Nutzung zu erfahren, die Dritten zu kennen, an die die Daten im In- und Ausland \u00fcbermittelt wurden, die Berichtigung zu verlangen, wenn die Daten unvollst\u00e4ndig oder falsch verarbeitet wurden, die L\u00f6schung oder Vernichtung gem\u00e4\u00df Artikel 7 KVK zu verlangen, die Benachrichtigung der Dritten, an die die Daten \u00fcbermittelt wurden, \u00fcber die oben genannten Berichtigungs-, L\u00f6schungs- und Vernichtungsprozesse zu verlangen, dem Entstehen eines f\u00fcr Sie nachteiligen Ergebnisses durch die Analyse durch ausschlie\u00dflich automatisierte Systeme zu widersprechen und Schadensersatz zu verlangen, wenn Ihnen durch die rechtswidrige Verarbeitung ein Schaden entsteht.<\/p><h2>4. Schutz personenbezogener Daten<\/h2><p>Ihre personenbezogenen Daten werden gem\u00e4\u00df unseren Datenschutzgrunds\u00e4tzen und der KVKK verarbeitet und gesch\u00fctzt. Wir ergreifen technologische und betriebliche Sicherheitsma\u00dfnahmen, um die Sicherheit Ihrer Daten zu gew\u00e4hrleisten.<\/p><h2>5. Kontaktinformationen<\/h2><p>Sie k\u00f6nnen alle Ihre Fragen und W\u00fcnsche zum Schutz personenbezogener Daten an Alanya Bili\u015fim Hizmetleri als Datenverantwortlichen weiterleiten.<\/p><\/section><\/header>\t\t\t\t\t\t\t\t<\/div>\n\t\t\t\t<\/div>\n\t\t\t\t\t<\/div>\n\t\t\t\t<\/div>\n\t\t\t\t<\/div>","protected":false},"excerpt":{"rendered":"<p>KVKK &amp; Offenlegungstext Datenschutzgesetz 1. Einleitung Alanya Bili\u015fim Hizmetleri unterliegt dem Datenschutzgesetz (KVKK) hinsichtlich des Schutzes und der Verarbeitung personenbezogener Daten gem\u00e4\u00df den Gesetzen der Republik T\u00fcrkei. 2. Erhebung und Verarbeitung personenbezogener Daten Gem\u00e4\u00df dem KVKK ergreifen wir alle notwendigen Ma\u00dfnahmen zum Schutz und zur Vertraulichkeit der von Ihnen erhobenen personenbezogenen Daten. Ihre personenbezogenen Daten werden zur Bereitstellung unserer Dienstleistungen verwendet, [\u2026]<\/p>","protected":false},"author":1,"featured_media":1021,"parent":0,"menu_order":0,"comment_status":"closed","ping_status":"closed","template":"elementor_header_footer","meta":{"footnotes":""},"class_list":["post-418","page","type-page","status-publish","has-post-thumbnail","hentry"],"yoast_head":"<!-- This site is optimized with the Yoast SEO Premium plugin v24.6 (Yoast SEO v25.3.1) - https:\/\/yoast.com\/wordpress\/plugins\/seo\/ -->\n<title>KVKK &amp; Ayd\u0131nlatma Metni | Alanya Bili\u015fim Hizmetleri - Ki\u015fisel Verilerin Korunmas\u0131<\/title>\n<meta name=\"description\" content=\"Alanya Bili\u015fim Hizmetleri, ki\u015fisel verilerin korunmas\u0131na \u00f6nem verir. KVKK ve Ayd\u0131nlatma Metnimizi okuyarak veri i\u015fleme politikalar\u0131m\u0131z hakk\u0131nda bilgi edinin.\" \/>\n<meta name=\"robots\" content=\"index, follow, max-snippet:-1, max-image-preview:large, max-video-preview:-1\" \/>\n<link rel=\"canonical\" href=\"https:\/\/alanyabilisimhizmetleri.com\/de\/kvkk-aydinlatma-metini\/\" \/>\n<meta property=\"og:locale\" content=\"de_DE\" \/>\n<meta property=\"og:type\" content=\"article\" \/>\n<meta property=\"og:title\" content=\"KVKK &amp; Ayd\u0131nlatma Metini\" \/>\n<meta property=\"og:description\" content=\"Alanya Bili\u015fim Hizmetleri, ki\u015fisel verilerin korunmas\u0131na \u00f6nem verir. KVKK ve Ayd\u0131nlatma Metnimizi okuyarak veri i\u015fleme politikalar\u0131m\u0131z hakk\u0131nda bilgi edinin.\" \/>\n<meta property=\"og:url\" content=\"https:\/\/alanyabilisimhizmetleri.com\/de\/kvkk-aydinlatma-metini\/\" \/>\n<meta property=\"og:site_name\" content=\"Alanya Yaz\u0131l\u0131m | Alanya Web Tasar\u0131m | Alanya Bili\u015fim Hizmetleri\" \/>\n<meta property=\"article:modified_time\" content=\"2025-06-27T12:41:30+00:00\" \/>\n<meta property=\"og:image\" content=\"https:\/\/alanyabilisimhizmetleri.com\/wp-content\/uploads\/2025\/06\/abh-18.png\" \/>\n\t<meta property=\"og:image:width\" content=\"512\" \/>\n\t<meta property=\"og:image:height\" content=\"512\" \/>\n\t<meta property=\"og:image:type\" content=\"image\/png\" \/>\n<meta name=\"twitter:card\" content=\"summary_large_image\" \/>\n<meta name=\"twitter:label1\" content=\"Gesch\u00e4tzte Lesezeit\" \/>\n\t<meta name=\"twitter:data1\" content=\"2\u00a0Minuten\" \/>\n<script type=\"application\/ld+json\" class=\"yoast-schema-graph\">{\"@context\":\"https:\/\/schema.org\",\"@graph\":[{\"@type\":\"WebPage\",\"@id\":\"https:\/\/alanyabilisimhizmetleri.com\/kvkk-aydinlatma-metini\/\",\"url\":\"https:\/\/alanyabilisimhizmetleri.com\/kvkk-aydinlatma-metini\/\",\"name\":\"KVKK & Ayd\u0131nlatma Metni | Alanya Bili\u015fim Hizmetleri - Ki\u015fisel Verilerin Korunmas\u0131\",\"isPartOf\":{\"@id\":\"https:\/\/alanyabilisimhizmetleri.com\/#website\"},\"primaryImageOfPage\":{\"@id\":\"https:\/\/alanyabilisimhizmetleri.com\/kvkk-aydinlatma-metini\/#primaryimage\"},\"image\":{\"@id\":\"https:\/\/alanyabilisimhizmetleri.com\/kvkk-aydinlatma-metini\/#primaryimage\"},\"thumbnailUrl\":\"https:\/\/alanyabilisimhizmetleri.com\/wp-content\/uploads\/2025\/06\/abh-18.png\",\"datePublished\":\"2025-06-26T10:50:54+00:00\",\"dateModified\":\"2025-06-27T12:41:30+00:00\",\"description\":\"Alanya Bili\u015fim Hizmetleri, ki\u015fisel verilerin korunmas\u0131na \u00f6nem verir. KVKK ve Ayd\u0131nlatma Metnimizi okuyarak veri i\u015fleme politikalar\u0131m\u0131z hakk\u0131nda bilgi edinin.\",\"breadcrumb\":{\"@id\":\"https:\/\/alanyabilisimhizmetleri.com\/kvkk-aydinlatma-metini\/#breadcrumb\"},\"inLanguage\":\"de\",\"potentialAction\":[{\"@type\":\"ReadAction\",\"target\":[\"https:\/\/alanyabilisimhizmetleri.com\/kvkk-aydinlatma-metini\/\"]}]},{\"@type\":\"ImageObject\",\"inLanguage\":\"de\",\"@id\":\"https:\/\/alanyabilisimhizmetleri.com\/kvkk-aydinlatma-metini\/#primaryimage\",\"url\":\"https:\/\/alanyabilisimhizmetleri.com\/wp-content\/uploads\/2025\/06\/abh-18.png\",\"contentUrl\":\"https:\/\/alanyabilisimhizmetleri.com\/wp-content\/uploads\/2025\/06\/abh-18.png\",\"width\":512,\"height\":512,\"caption\":\"Alanya KVKK Ayd\u0131nlatma Metni\"},{\"@type\":\"BreadcrumbList\",\"@id\":\"https:\/\/alanyabilisimhizmetleri.com\/kvkk-aydinlatma-metini\/#breadcrumb\",\"itemListElement\":[{\"@type\":\"ListItem\",\"position\":1,\"name\":\"Anasayfa\",\"item\":\"https:\/\/alanyabilisimhizmetleri.com\/\"},{\"@type\":\"ListItem\",\"position\":2,\"name\":\"KVKK &#038; Ayd\u0131nlatma Metini\"}]},{\"@type\":\"WebSite\",\"@id\":\"https:\/\/alanyabilisimhizmetleri.com\/#website\",\"url\":\"https:\/\/alanyabilisimhizmetleri.com\/\",\"name\":\"Alanya Yaz\u0131l\u0131m | Alanya Web Tasar\u0131m | Alanya Bili\u015fim Hizmetleri\",\"description\":\"Alanya Yaz\u0131l\u0131m | Alanya Web Tasar\u0131m | Alanya Bili\u015fim Hizmetleri\",\"publisher\":{\"@id\":\"https:\/\/alanyabilisimhizmetleri.com\/#organization\"},\"potentialAction\":[{\"@type\":\"SearchAction\",\"target\":{\"@type\":\"EntryPoint\",\"urlTemplate\":\"https:\/\/alanyabilisimhizmetleri.com\/?s={search_term_string}\"},\"query-input\":{\"@type\":\"PropertyValueSpecification\",\"valueRequired\":true,\"valueName\":\"search_term_string\"}}],\"inLanguage\":\"de\"},{\"@type\":\"Organization\",\"@id\":\"https:\/\/alanyabilisimhizmetleri.com\/#organization\",\"name\":\"Alanya Yaz\u0131l\u0131m | Alanya Web Tasar\u0131m | Alanya Bili\u015fim Hizmetleri\",\"url\":\"https:\/\/alanyabilisimhizmetleri.com\/\",\"logo\":{\"@type\":\"ImageObject\",\"inLanguage\":\"de\",\"@id\":\"https:\/\/alanyabilisimhizmetleri.com\/#\/schema\/logo\/image\/\",\"url\":\"https:\/\/alanyabilisimhizmetleri.com\/wp-content\/uploads\/2020\/01\/cropped-2.png\",\"contentUrl\":\"https:\/\/alanyabilisimhizmetleri.com\/wp-content\/uploads\/2020\/01\/cropped-2.png\",\"width\":288,\"height\":117,\"caption\":\"Alanya Yaz\u0131l\u0131m | Alanya Web Tasar\u0131m | Alanya Bili\u015fim Hizmetleri\"},\"image\":{\"@id\":\"https:\/\/alanyabilisimhizmetleri.com\/#\/schema\/logo\/image\/\"}}]}<\/script>\n<!-- \/ Yoast SEO Premium plugin. -->","yoast_head_json":{"title":"KVKK & Ayd\u0131nlatma Metni | Alanya Bili\u015fim Hizmetleri - Ki\u015fisel Verilerin Korunmas\u0131","description":"Alanya Bili\u015fim Hizmetleri, ki\u015fisel verilerin korunmas\u0131na \u00f6nem verir. KVKK ve Ayd\u0131nlatma Metnimizi okuyarak veri i\u015fleme politikalar\u0131m\u0131z hakk\u0131nda bilgi edinin.","robots":{"index":"index","follow":"follow","max-snippet":"max-snippet:-1","max-image-preview":"max-image-preview:large","max-video-preview":"max-video-preview:-1"},"canonical":"https:\/\/alanyabilisimhizmetleri.com\/de\/kvkk-aydinlatma-metini\/","og_locale":"de_DE","og_type":"article","og_title":"KVKK & Ayd\u0131nlatma Metini","og_description":"Alanya Bili\u015fim Hizmetleri, ki\u015fisel verilerin korunmas\u0131na \u00f6nem verir. KVKK ve Ayd\u0131nlatma Metnimizi okuyarak veri i\u015fleme politikalar\u0131m\u0131z hakk\u0131nda bilgi edinin.","og_url":"https:\/\/alanyabilisimhizmetleri.com\/de\/kvkk-aydinlatma-metini\/","og_site_name":"Alanya Yaz\u0131l\u0131m | Alanya Web Tasar\u0131m | Alanya Bili\u015fim Hizmetleri","article_modified_time":"2025-06-27T12:41:30+00:00","og_image":[{"width":512,"height":512,"url":"https:\/\/alanyabilisimhizmetleri.com\/wp-content\/uploads\/2025\/06\/abh-18.png","type":"image\/png"}],"twitter_card":"summary_large_image","twitter_misc":{"Gesch\u00e4tzte Lesezeit":"2\u00a0Minuten"},"schema":{"@context":"https:\/\/schema.org","@graph":[{"@type":"WebPage","@id":"https:\/\/alanyabilisimhizmetleri.com\/kvkk-aydinlatma-metini\/","url":"https:\/\/alanyabilisimhizmetleri.com\/kvkk-aydinlatma-metini\/","name":"KVKK & Ayd\u0131nlatma Metni | Alanya Bili\u015fim Hizmetleri - Ki\u015fisel Verilerin Korunmas\u0131","isPartOf":{"@id":"https:\/\/alanyabilisimhizmetleri.com\/#website"},"primaryImageOfPage":{"@id":"https:\/\/alanyabilisimhizmetleri.com\/kvkk-aydinlatma-metini\/#primaryimage"},"image":{"@id":"https:\/\/alanyabilisimhizmetleri.com\/kvkk-aydinlatma-metini\/#primaryimage"},"thumbnailUrl":"https:\/\/alanyabilisimhizmetleri.com\/wp-content\/uploads\/2025\/06\/abh-18.png","datePublished":"2025-06-26T10:50:54+00:00","dateModified":"2025-06-27T12:41:30+00:00","description":"Alanya Bili\u015fim Hizmetleri, ki\u015fisel verilerin korunmas\u0131na \u00f6nem verir. KVKK ve Ayd\u0131nlatma Metnimizi okuyarak veri i\u015fleme politikalar\u0131m\u0131z hakk\u0131nda bilgi edinin.","breadcrumb":{"@id":"https:\/\/alanyabilisimhizmetleri.com\/kvkk-aydinlatma-metini\/#breadcrumb"},"inLanguage":"de","potentialAction":[{"@type":"ReadAction","target":["https:\/\/alanyabilisimhizmetleri.com\/kvkk-aydinlatma-metini\/"]}]},{"@type":"ImageObject","inLanguage":"de","@id":"https:\/\/alanyabilisimhizmetleri.com\/kvkk-aydinlatma-metini\/#primaryimage","url":"https:\/\/alanyabilisimhizmetleri.com\/wp-content\/uploads\/2025\/06\/abh-18.png","contentUrl":"https:\/\/alanyabilisimhizmetleri.com\/wp-content\/uploads\/2025\/06\/abh-18.png","width":512,"height":512,"caption":"Alanya KVKK Ayd\u0131nlatma Metni"},{"@type":"BreadcrumbList","@id":"https:\/\/alanyabilisimhizmetleri.com\/kvkk-aydinlatma-metini\/#breadcrumb","itemListElement":[{"@type":"ListItem","position":1,"name":"Anasayfa","item":"https:\/\/alanyabilisimhizmetleri.com\/"},{"@type":"ListItem","position":2,"name":"KVKK &#038; Ayd\u0131nlatma Metini"}]},{"@type":"WebSite","@id":"https:\/\/alanyabilisimhizmetleri.com\/#website","url":"https:\/\/alanyabilisimhizmetleri.com\/","name":"Alanya Yaz\u0131l\u0131m | Alanya Web Tasar\u0131m | Alanya Bili\u015fim Hizmetleri","description":"Alanya Yaz\u0131l\u0131m | Alanya Web Tasar\u0131m | Alanya Bili\u015fim Hizmetleri","publisher":{"@id":"https:\/\/alanyabilisimhizmetleri.com\/#organization"},"potentialAction":[{"@type":"SearchAction","target":{"@type":"EntryPoint","urlTemplate":"https:\/\/alanyabilisimhizmetleri.com\/?s={search_term_string}"},"query-input":{"@type":"PropertyValueSpecification","valueRequired":true,"valueName":"search_term_string"}}],"inLanguage":"de"},{"@type":"Organization","@id":"https:\/\/alanyabilisimhizmetleri.com\/#organization","name":"Alanya Yaz\u0131l\u0131m | Alanya Web Tasar\u0131m | Alanya Bili\u015fim Hizmetleri","url":"https:\/\/alanyabilisimhizmetleri.com\/","logo":{"@type":"ImageObject","inLanguage":"de","@id":"https:\/\/alanyabilisimhizmetleri.com\/#\/schema\/logo\/image\/","url":"https:\/\/alanyabilisimhizmetleri.com\/wp-content\/uploads\/2020\/01\/cropped-2.png","contentUrl":"https:\/\/alanyabilisimhizmetleri.com\/wp-content\/uploads\/2020\/01\/cropped-2.png","width":288,"height":117,"caption":"Alanya Yaz\u0131l\u0131m | Alanya Web Tasar\u0131m | Alanya Bili\u015fim Hizmetleri"},"image":{"@id":"https:\/\/alanyabilisimhizmetleri.com\/#\/schema\/logo\/image\/"}}]}},"_links":{"self":[{"href":"https:\/\/alanyabilisimhizmetleri.com\/de\/wp-json\/wp\/v2\/pages\/418","targetHints":{"allow":["GET"]}}],"collection":[{"href":"https:\/\/alanyabilisimhizmetleri.com\/de\/wp-json\/wp\/v2\/pages"}],"about":[{"href":"https:\/\/alanyabilisimhizmetleri.com\/de\/wp-json\/wp\/v2\/types\/page"}],"author":[{"embeddable":true,"href":"https:\/\/alanyabilisimhizmetleri.com\/de\/wp-json\/wp\/v2\/users\/1"}],"replies":[{"embeddable":true,"href":"https:\/\/alanyabilisimhizmetleri.com\/de\/wp-json\/wp\/v2\/comments?post=418"}],"version-history":[{"count":5,"href":"https:\/\/alanyabilisimhizmetleri.com\/de\/wp-json\/wp\/v2\/pages\/418\/revisions"}],"predecessor-version":[{"id":1022,"href":"https:\/\/alanyabilisimhizmetleri.com\/de\/wp-json\/wp\/v2\/pages\/418\/revisions\/1022"}],"wp:featuredmedia":[{"embeddable":true,"href":"https:\/\/alanyabilisimhizmetleri.com\/de\/wp-json\/wp\/v2\/media\/1021"}],"wp:attachment":[{"href":"https:\/\/alanyabilisimhizmetleri.com\/de\/wp-json\/wp\/v2\/media?parent=418"}],"curies":[{"name":"wp","href":"https:\/\/api.w.org\/{rel}","templated":true}]}}