{"id":428,"date":"2025-06-26T13:52:17","date_gmt":"2025-06-26T10:52:17","guid":{"rendered":"https:\/\/alanyabilisimhizmetleri.com\/?page_id=428"},"modified":"2025-06-27T15:41:49","modified_gmt":"2025-06-27T12:41:49","slug":"marka-yonetimi","status":"publish","type":"page","link":"https:\/\/alanyabilisimhizmetleri.com\/de\/marka-yonetimi\/","title":{"rendered":"Markenf\u00fchrung"},"content":{"rendered":"<div data-elementor-type=\"wp-page\" data-elementor-id=\"428\" class=\"elementor elementor-428\">\n\t\t\t\t<div class=\"aux-parallax-section elementor-element elementor-element-f6abf51 e-flex e-con-boxed elementor-invisible e-con e-parent\" data-id=\"f6abf51\" data-element_type=\"container\" data-settings=\"{&quot;animation&quot;:&quot;fadeInUp&quot;}\">\n\t\t\t\t\t<div class=\"e-con-inner\">\n\t\t\t\t<div class=\"elementor-element elementor-element-7b43cfc elementor-widget elementor-widget-text-editor\" data-id=\"7b43cfc\" data-element_type=\"widget\" data-widget_type=\"text-editor.default\">\n\t\t\t\t<div class=\"elementor-widget-container\">\n\t\t\t\t\t\t\t\t\t<header><section><section><h1>Sicherung Ihrer digitalen Transformation<\/h1><\/section><h1>Alanya Information Services: Heben Sie sich mit starkem Markenmanagement in der Branche ab<\/h1><h2>Markenmanagement: Gestalten Sie Ihre Unternehmensidentit\u00e4t<\/h2><p>Markenmanagement ist der Prozess der Verwaltung des Wertes, der Identit\u00e4t und des Rufs eines Unternehmens. Dieser Prozess vermittelt Kunden, wer das Unternehmen ist, was es bietet und wof\u00fcr es steht. Als Alanya Bili\u015fim Hizmetleri bieten wir umfassende Markenmanagement-Dienstleistungen an, die Ihnen helfen, eine starke und markante Markenidentit\u00e4t zu schaffen.<\/p><h2>Vorteile des Markenmanagements<\/h2><p>Markenmanagement bietet Ihrem Unternehmen zahlreiche Vorteile: Es erh\u00f6ht die Kundentreue, verschafft Ihnen einen Wettbewerbsvorteil und steigert den Gesamtwert Ihres Unternehmens.<\/p><h2>Von uns verwendete Technologien und ihre Vorteile<\/h2><h3>Digitale Marketingtools<\/h3><p>Digitale Marketing-Tools steigern Ihre Markenbekanntheit und erreichen Ihre Zielgruppe. Mit diesen Tools bieten wir Ihnen ein breites Leistungsspektrum von Social Media Management bis hin zu SEO.<\/p><h3>Grafikdesign-Software<\/h3><p>Grafikdesign-Software wird verwendet, um die visuelle Identit\u00e4t Ihrer Marke zu schaffen. Mit dieser Software k\u00f6nnen wir alle visuellen Elemente Ihrer Marke erstellen, vom Logo bis zur Website.<\/p><h2>Effektives Markenmanagement mit Alanya Information Services<\/h2><p>Als Alanya Bili\u015fim Hizmetleri bieten wir umfassende Markenmanagement-Dienstleistungen an, um Ihnen zu helfen, das Potenzial Ihrer Marke zu maximieren. Wir entwickeln Strategien, um den Ruf Ihrer Marke zu steigern, Ihren Markenwert zu erh\u00f6hen und die Kundenbindung zu sichern.<\/p><h2>H\u00e4ufig gestellte Fragen im Markenmanagement<\/h2><h3>Was ist Markenmanagement?<\/h3><p>Markenmanagement ist der Prozess der Verwaltung des Wertes, der Identit\u00e4t und des Rufs eines Unternehmens. Gutes Markenmanagement pr\u00e4sentiert das Unternehmen der Zielgruppe in einem positiven Licht und erh\u00f6ht die Kundenbindung.<\/p><h3>Wie verwaltet man Marken?<\/h3><p>Das Markenmanagement umfasst die Prozesse der Festlegung der Markenstrategie, der Schaffung einer Markenidentit\u00e4t, der Steuerung der Markenkommunikation und der Steigerung des Markenwerts.<\/p><h2>Fazit: Schaffen Sie mit Alanya Information Services eine starke Markenidentit\u00e4t<\/h2><p>Markenmanagement ist ein entscheidender Prozess, der den Wert und das Ansehen Ihres Unternehmens steigert. Als Alanya Bili\u015fim Hizmetleri arbeiten wir gerne mit Ihnen zusammen, um den Markenmanagementprozess Ihres Unternehmens im Einklang mit Ihren Zielen zu gestalten. Kontaktieren Sie uns, um den Wert Ihrer Marke zu maximieren und die Kundenbindung zu st\u00e4rken.<\/p><\/section><\/header>\t\t\t\t\t\t\t\t<\/div>\n\t\t\t\t<\/div>\n\t\t\t\t\t<\/div>\n\t\t\t\t<\/div>\n\t\t\t\t<\/div>","protected":false},"excerpt":{"rendered":"<p>Alanya Information Services, der Garant f\u00fcr Ihre digitale Transformation: Heben Sie sich mit starkem Markenmanagement von der Masse ab. Markenmanagement: Gestalten Sie die Identit\u00e4t Ihres Unternehmens. Markenmanagement ist der Prozess der Verwaltung des Wertes, der Identit\u00e4t und des Rufs eines Unternehmens. Dieser Prozess vermittelt Kunden, wer das Unternehmen ist, was es bietet und wof\u00fcr es steht. Als Alanya Information Services unterst\u00fctzen wir Sie bei der Entwicklung einer starken und markanten Markenidentit\u00e4t [\u2026]<\/p>","protected":false},"author":1,"featured_media":1025,"parent":0,"menu_order":0,"comment_status":"closed","ping_status":"closed","template":"elementor_header_footer","meta":{"footnotes":""},"class_list":["post-428","page","type-page","status-publish","has-post-thumbnail","hentry"],"yoast_head":"<!-- This site is optimized with the Yoast SEO Premium plugin v24.6 (Yoast SEO v25.3.1) - https:\/\/yoast.com\/wordpress\/plugins\/seo\/ -->\n<title>Profesyonel Marka Y\u00f6netimi Hizmetleri | Alanya Bili\u015fim Hizmetleri<\/title>\n<meta name=\"description\" content=\"Alanya Bili\u015fim Hizmetleri, Alanya&#039;da marka y\u00f6netimi hizmetleri sunar. Markan\u0131z\u0131 b\u00fcy\u00fctmek ve geli\u015ftirmek i\u00e7in bize ula\u015f\u0131n.\" \/>\n<meta name=\"robots\" content=\"index, follow, max-snippet:-1, max-image-preview:large, max-video-preview:-1\" \/>\n<link rel=\"canonical\" href=\"https:\/\/alanyabilisimhizmetleri.com\/de\/marka-yonetimi\/\" \/>\n<meta property=\"og:locale\" content=\"de_DE\" \/>\n<meta property=\"og:type\" content=\"article\" \/>\n<meta property=\"og:title\" content=\"Marka Y\u00f6netimi\" \/>\n<meta property=\"og:description\" content=\"Alanya Bili\u015fim Hizmetleri, Alanya&#039;da marka y\u00f6netimi hizmetleri sunar. Markan\u0131z\u0131 b\u00fcy\u00fctmek ve geli\u015ftirmek i\u00e7in bize ula\u015f\u0131n.\" \/>\n<meta property=\"og:url\" content=\"https:\/\/alanyabilisimhizmetleri.com\/de\/marka-yonetimi\/\" \/>\n<meta property=\"og:site_name\" content=\"Alanya Yaz\u0131l\u0131m | Alanya Web Tasar\u0131m | Alanya Bili\u015fim Hizmetleri\" \/>\n<meta property=\"article:modified_time\" content=\"2025-06-27T12:41:49+00:00\" \/>\n<meta property=\"og:image\" content=\"https:\/\/alanyabilisimhizmetleri.com\/wp-content\/uploads\/2025\/06\/abh-20.png\" \/>\n\t<meta property=\"og:image:width\" content=\"512\" \/>\n\t<meta property=\"og:image:height\" content=\"512\" \/>\n\t<meta property=\"og:image:type\" content=\"image\/png\" \/>\n<meta name=\"twitter:card\" content=\"summary_large_image\" \/>\n<meta name=\"twitter:label1\" content=\"Gesch\u00e4tzte Lesezeit\" \/>\n\t<meta name=\"twitter:data1\" content=\"2\u00a0Minuten\" \/>\n<script type=\"application\/ld+json\" class=\"yoast-schema-graph\">{\"@context\":\"https:\/\/schema.org\",\"@graph\":[{\"@type\":\"WebPage\",\"@id\":\"https:\/\/alanyabilisimhizmetleri.com\/marka-yonetimi\/\",\"url\":\"https:\/\/alanyabilisimhizmetleri.com\/marka-yonetimi\/\",\"name\":\"Profesyonel Marka Y\u00f6netimi Hizmetleri | Alanya Bili\u015fim Hizmetleri\",\"isPartOf\":{\"@id\":\"https:\/\/alanyabilisimhizmetleri.com\/#website\"},\"primaryImageOfPage\":{\"@id\":\"https:\/\/alanyabilisimhizmetleri.com\/marka-yonetimi\/#primaryimage\"},\"image\":{\"@id\":\"https:\/\/alanyabilisimhizmetleri.com\/marka-yonetimi\/#primaryimage\"},\"thumbnailUrl\":\"https:\/\/alanyabilisimhizmetleri.com\/wp-content\/uploads\/2025\/06\/abh-20.png\",\"datePublished\":\"2025-06-26T10:52:17+00:00\",\"dateModified\":\"2025-06-27T12:41:49+00:00\",\"description\":\"Alanya Bili\u015fim Hizmetleri, Alanya'da marka y\u00f6netimi hizmetleri sunar. Markan\u0131z\u0131 b\u00fcy\u00fctmek ve geli\u015ftirmek i\u00e7in bize ula\u015f\u0131n.\",\"breadcrumb\":{\"@id\":\"https:\/\/alanyabilisimhizmetleri.com\/marka-yonetimi\/#breadcrumb\"},\"inLanguage\":\"de\",\"potentialAction\":[{\"@type\":\"ReadAction\",\"target\":[\"https:\/\/alanyabilisimhizmetleri.com\/marka-yonetimi\/\"]}]},{\"@type\":\"ImageObject\",\"inLanguage\":\"de\",\"@id\":\"https:\/\/alanyabilisimhizmetleri.com\/marka-yonetimi\/#primaryimage\",\"url\":\"https:\/\/alanyabilisimhizmetleri.com\/wp-content\/uploads\/2025\/06\/abh-20.png\",\"contentUrl\":\"https:\/\/alanyabilisimhizmetleri.com\/wp-content\/uploads\/2025\/06\/abh-20.png\",\"width\":512,\"height\":512,\"caption\":\"Alanya marka y\u00f6netimi\"},{\"@type\":\"BreadcrumbList\",\"@id\":\"https:\/\/alanyabilisimhizmetleri.com\/marka-yonetimi\/#breadcrumb\",\"itemListElement\":[{\"@type\":\"ListItem\",\"position\":1,\"name\":\"Anasayfa\",\"item\":\"https:\/\/alanyabilisimhizmetleri.com\/\"},{\"@type\":\"ListItem\",\"position\":2,\"name\":\"Marka Y\u00f6netimi\"}]},{\"@type\":\"WebSite\",\"@id\":\"https:\/\/alanyabilisimhizmetleri.com\/#website\",\"url\":\"https:\/\/alanyabilisimhizmetleri.com\/\",\"name\":\"Alanya Yaz\u0131l\u0131m | Alanya Web Tasar\u0131m | Alanya Bili\u015fim Hizmetleri\",\"description\":\"Alanya Yaz\u0131l\u0131m | Alanya Web Tasar\u0131m | Alanya Bili\u015fim Hizmetleri\",\"publisher\":{\"@id\":\"https:\/\/alanyabilisimhizmetleri.com\/#organization\"},\"potentialAction\":[{\"@type\":\"SearchAction\",\"target\":{\"@type\":\"EntryPoint\",\"urlTemplate\":\"https:\/\/alanyabilisimhizmetleri.com\/?s={search_term_string}\"},\"query-input\":{\"@type\":\"PropertyValueSpecification\",\"valueRequired\":true,\"valueName\":\"search_term_string\"}}],\"inLanguage\":\"de\"},{\"@type\":\"Organization\",\"@id\":\"https:\/\/alanyabilisimhizmetleri.com\/#organization\",\"name\":\"Alanya Yaz\u0131l\u0131m | Alanya Web Tasar\u0131m | Alanya Bili\u015fim Hizmetleri\",\"url\":\"https:\/\/alanyabilisimhizmetleri.com\/\",\"logo\":{\"@type\":\"ImageObject\",\"inLanguage\":\"de\",\"@id\":\"https:\/\/alanyabilisimhizmetleri.com\/#\/schema\/logo\/image\/\",\"url\":\"https:\/\/alanyabilisimhizmetleri.com\/wp-content\/uploads\/2020\/01\/cropped-2.png\",\"contentUrl\":\"https:\/\/alanyabilisimhizmetleri.com\/wp-content\/uploads\/2020\/01\/cropped-2.png\",\"width\":288,\"height\":117,\"caption\":\"Alanya Yaz\u0131l\u0131m | Alanya Web Tasar\u0131m | Alanya Bili\u015fim Hizmetleri\"},\"image\":{\"@id\":\"https:\/\/alanyabilisimhizmetleri.com\/#\/schema\/logo\/image\/\"}}]}<\/script>\n<!-- \/ Yoast SEO Premium plugin. -->","yoast_head_json":{"title":"Profesyonel Marka Y\u00f6netimi Hizmetleri | Alanya Bili\u015fim Hizmetleri","description":"Alanya Bili\u015fim Hizmetleri, Alanya'da marka y\u00f6netimi hizmetleri sunar. Markan\u0131z\u0131 b\u00fcy\u00fctmek ve geli\u015ftirmek i\u00e7in bize ula\u015f\u0131n.","robots":{"index":"index","follow":"follow","max-snippet":"max-snippet:-1","max-image-preview":"max-image-preview:large","max-video-preview":"max-video-preview:-1"},"canonical":"https:\/\/alanyabilisimhizmetleri.com\/de\/marka-yonetimi\/","og_locale":"de_DE","og_type":"article","og_title":"Marka Y\u00f6netimi","og_description":"Alanya Bili\u015fim Hizmetleri, Alanya'da marka y\u00f6netimi hizmetleri sunar. Markan\u0131z\u0131 b\u00fcy\u00fctmek ve geli\u015ftirmek i\u00e7in bize ula\u015f\u0131n.","og_url":"https:\/\/alanyabilisimhizmetleri.com\/de\/marka-yonetimi\/","og_site_name":"Alanya Yaz\u0131l\u0131m | Alanya Web Tasar\u0131m | Alanya Bili\u015fim Hizmetleri","article_modified_time":"2025-06-27T12:41:49+00:00","og_image":[{"width":512,"height":512,"url":"https:\/\/alanyabilisimhizmetleri.com\/wp-content\/uploads\/2025\/06\/abh-20.png","type":"image\/png"}],"twitter_card":"summary_large_image","twitter_misc":{"Gesch\u00e4tzte Lesezeit":"2\u00a0Minuten"},"schema":{"@context":"https:\/\/schema.org","@graph":[{"@type":"WebPage","@id":"https:\/\/alanyabilisimhizmetleri.com\/marka-yonetimi\/","url":"https:\/\/alanyabilisimhizmetleri.com\/marka-yonetimi\/","name":"Profesyonel Marka Y\u00f6netimi Hizmetleri | Alanya Bili\u015fim Hizmetleri","isPartOf":{"@id":"https:\/\/alanyabilisimhizmetleri.com\/#website"},"primaryImageOfPage":{"@id":"https:\/\/alanyabilisimhizmetleri.com\/marka-yonetimi\/#primaryimage"},"image":{"@id":"https:\/\/alanyabilisimhizmetleri.com\/marka-yonetimi\/#primaryimage"},"thumbnailUrl":"https:\/\/alanyabilisimhizmetleri.com\/wp-content\/uploads\/2025\/06\/abh-20.png","datePublished":"2025-06-26T10:52:17+00:00","dateModified":"2025-06-27T12:41:49+00:00","description":"Alanya Bili\u015fim Hizmetleri, Alanya'da marka y\u00f6netimi hizmetleri sunar. Markan\u0131z\u0131 b\u00fcy\u00fctmek ve geli\u015ftirmek i\u00e7in bize ula\u015f\u0131n.","breadcrumb":{"@id":"https:\/\/alanyabilisimhizmetleri.com\/marka-yonetimi\/#breadcrumb"},"inLanguage":"de","potentialAction":[{"@type":"ReadAction","target":["https:\/\/alanyabilisimhizmetleri.com\/marka-yonetimi\/"]}]},{"@type":"ImageObject","inLanguage":"de","@id":"https:\/\/alanyabilisimhizmetleri.com\/marka-yonetimi\/#primaryimage","url":"https:\/\/alanyabilisimhizmetleri.com\/wp-content\/uploads\/2025\/06\/abh-20.png","contentUrl":"https:\/\/alanyabilisimhizmetleri.com\/wp-content\/uploads\/2025\/06\/abh-20.png","width":512,"height":512,"caption":"Alanya marka y\u00f6netimi"},{"@type":"BreadcrumbList","@id":"https:\/\/alanyabilisimhizmetleri.com\/marka-yonetimi\/#breadcrumb","itemListElement":[{"@type":"ListItem","position":1,"name":"Anasayfa","item":"https:\/\/alanyabilisimhizmetleri.com\/"},{"@type":"ListItem","position":2,"name":"Marka Y\u00f6netimi"}]},{"@type":"WebSite","@id":"https:\/\/alanyabilisimhizmetleri.com\/#website","url":"https:\/\/alanyabilisimhizmetleri.com\/","name":"Alanya Yaz\u0131l\u0131m | Alanya Web Tasar\u0131m | Alanya Bili\u015fim Hizmetleri","description":"Alanya Yaz\u0131l\u0131m | Alanya Web Tasar\u0131m | Alanya Bili\u015fim Hizmetleri","publisher":{"@id":"https:\/\/alanyabilisimhizmetleri.com\/#organization"},"potentialAction":[{"@type":"SearchAction","target":{"@type":"EntryPoint","urlTemplate":"https:\/\/alanyabilisimhizmetleri.com\/?s={search_term_string}"},"query-input":{"@type":"PropertyValueSpecification","valueRequired":true,"valueName":"search_term_string"}}],"inLanguage":"de"},{"@type":"Organization","@id":"https:\/\/alanyabilisimhizmetleri.com\/#organization","name":"Alanya Yaz\u0131l\u0131m | Alanya Web Tasar\u0131m | Alanya Bili\u015fim Hizmetleri","url":"https:\/\/alanyabilisimhizmetleri.com\/","logo":{"@type":"ImageObject","inLanguage":"de","@id":"https:\/\/alanyabilisimhizmetleri.com\/#\/schema\/logo\/image\/","url":"https:\/\/alanyabilisimhizmetleri.com\/wp-content\/uploads\/2020\/01\/cropped-2.png","contentUrl":"https:\/\/alanyabilisimhizmetleri.com\/wp-content\/uploads\/2020\/01\/cropped-2.png","width":288,"height":117,"caption":"Alanya Yaz\u0131l\u0131m | Alanya Web Tasar\u0131m | Alanya Bili\u015fim Hizmetleri"},"image":{"@id":"https:\/\/alanyabilisimhizmetleri.com\/#\/schema\/logo\/image\/"}}]}},"_links":{"self":[{"href":"https:\/\/alanyabilisimhizmetleri.com\/de\/wp-json\/wp\/v2\/pages\/428","targetHints":{"allow":["GET"]}}],"collection":[{"href":"https:\/\/alanyabilisimhizmetleri.com\/de\/wp-json\/wp\/v2\/pages"}],"about":[{"href":"https:\/\/alanyabilisimhizmetleri.com\/de\/wp-json\/wp\/v2\/types\/page"}],"author":[{"embeddable":true,"href":"https:\/\/alanyabilisimhizmetleri.com\/de\/wp-json\/wp\/v2\/users\/1"}],"replies":[{"embeddable":true,"href":"https:\/\/alanyabilisimhizmetleri.com\/de\/wp-json\/wp\/v2\/comments?post=428"}],"version-history":[{"count":5,"href":"https:\/\/alanyabilisimhizmetleri.com\/de\/wp-json\/wp\/v2\/pages\/428\/revisions"}],"predecessor-version":[{"id":1026,"href":"https:\/\/alanyabilisimhizmetleri.com\/de\/wp-json\/wp\/v2\/pages\/428\/revisions\/1026"}],"wp:featuredmedia":[{"embeddable":true,"href":"https:\/\/alanyabilisimhizmetleri.com\/de\/wp-json\/wp\/v2\/media\/1025"}],"wp:attachment":[{"href":"https:\/\/alanyabilisimhizmetleri.com\/de\/wp-json\/wp\/v2\/media?parent=428"}],"curies":[{"name":"wp","href":"https:\/\/api.w.org\/{rel}","templated":true}]}}