{"id":438,"date":"2025-06-26T13:53:51","date_gmt":"2025-06-26T10:53:51","guid":{"rendered":"https:\/\/alanyabilisimhizmetleri.com\/?page_id=438"},"modified":"2025-06-27T15:42:15","modified_gmt":"2025-06-27T12:42:15","slug":"ozel-yazilim","status":"publish","type":"page","link":"https:\/\/alanyabilisimhizmetleri.com\/de\/ozel-yazilim\/","title":{"rendered":"Benutzerdefinierte Software"},"content":{"rendered":"<div data-elementor-type=\"wp-page\" data-elementor-id=\"438\" class=\"elementor elementor-438\">\n\t\t\t\t<div class=\"aux-parallax-section elementor-element elementor-element-17397d6 e-flex e-con-boxed elementor-invisible e-con e-parent\" data-id=\"17397d6\" data-element_type=\"container\" data-settings=\"{&quot;animation&quot;:&quot;fadeInUp&quot;}\">\n\t\t\t\t\t<div class=\"e-con-inner\">\n\t\t\t\t<div class=\"elementor-element elementor-element-9e6ac67 elementor-widget elementor-widget-text-editor\" data-id=\"9e6ac67\" data-element_type=\"widget\" data-widget_type=\"text-editor.default\">\n\t\t\t\t<div class=\"elementor-widget-container\">\n\t\t\t\t\t\t\t\t\t<header><section><section><h1>Sicherung Ihrer digitalen Transformation<\/h1><\/section><h1>Alanya Information Services: Machen Sie den Unterschied mit speziellen Softwarel\u00f6sungen<\/h1><h2>Benutzerdefinierte Software: Die Br\u00fccke zwischen Technologie und Gesch\u00e4ftsanforderungen<\/h2><p>Individualsoftware ist eine personalisierte Softwareanwendung, die auf die individuellen Bed\u00fcrfnisse eines Unternehmens zugeschnitten ist. W\u00e4hrend vorgefertigte Softwarepakete allgemeine Gesch\u00e4ftsanforderungen erf\u00fcllen, erf\u00fcllt Individualsoftware die spezifischen Bed\u00fcrfnisse und Ziele eines Unternehmens. Als Alanya Bili\u015fim Hizmetleri bieten wir Ihnen ma\u00dfgeschneiderte Softwarel\u00f6sungen. Wir verstehen die Bed\u00fcrfnisse Ihres Unternehmens und entwickeln die effektivste L\u00f6sung f\u00fcr Sie, indem wir die passende Technologie daf\u00fcr ausw\u00e4hlen.<\/p><h2>Vorteile von kundenspezifischer Software<\/h2><p>Ma\u00dfgeschneiderte Software erf\u00fcllt die spezifischen Anforderungen Ihres Unternehmens, steigert die Effizienz und automatisiert Gesch\u00e4ftsprozesse. Sie verschafft Ihrem Unternehmen zudem einen einzigartigen Vorteil, wenn Ihre Konkurrenz nicht \u00fcber die gleiche Software verf\u00fcgt.<\/p><h2>Von uns verwendete Technologien und ihre Vorteile<\/h2><h3>Python<\/h3><p>Python ist eine leistungsstarke Programmiersprache, die f\u00fcr ihre Lesbarkeit und Benutzerfreundlichkeit bekannt ist. Sie wird insbesondere in der Datenanalyse, im maschinellen Lernen und in der Webentwicklung eingesetzt.<\/p><h3>Java<\/h3><p>Java wird zur Entwicklung benutzerdefinierter Software verwendet, die dank ihrer plattform\u00fcbergreifenden Kompatibilit\u00e4t auf einer Vielzahl von Ger\u00e4ten ausgef\u00fchrt werden kann.<\/p><h3>.NET Framework<\/h3><p>Die von Microsoft entwickelte .NET-Plattform dient zur Entwicklung von Web-, Desktop- und mobilen Anwendungen. Sie bietet ein ideales Framework f\u00fcr die Automatisierung von Gesch\u00e4ftsprozessen und die Erstellung integrierter Systeme.<\/p><h2>Spezielle Softwarel\u00f6sungen mit Alanya Information Services<\/h2><p>Als Alanya Bili\u015fim Hizmetleri bieten wir spezielle Softwarel\u00f6sungen, die die spezifischen Anforderungen Ihres Unternehmens erf\u00fcllen, die Effizienz steigern und Gesch\u00e4ftsprozesse automatisieren. Durch den Einsatz modernster Tools wie Python, Java und .NET beschleunigen wir den digitalen Transformationsprozess Ihres Unternehmens.<\/p><h2>H\u00e4ufig gestellte Fragen zu individueller Software<\/h2><h3>Warum sollte ich benutzerdefinierte Software verwenden?<\/h3><p>Ma\u00dfgeschneiderte Software erf\u00fcllt die individuellen Anforderungen Ihres Unternehmens, automatisiert Ihre Gesch\u00e4ftsprozesse und steigert die Effizienz. Sie hilft Ihnen au\u00dferdem, sich von Ihren Mitbewerbern abzuheben.<\/p><h3>Wie viel kostet kundenspezifische Software?<\/h3><p>Die Kosten f\u00fcr individuelle Software h\u00e4ngen von Ihren Gesch\u00e4ftsanforderungen, der eingesetzten Technologie und dem Projektumfang ab. Wir erstellen Ihnen gerne ein individuelles Angebot basierend auf den Details Ihres Projekts.<\/p><h2>Fazit: Entdecken Sie die Leistungsf\u00e4higkeit individueller Software mit Alanya Information Services<\/h2><p>Ma\u00dfgeschneiderte Softwarel\u00f6sungen beschleunigen die digitale Transformation Ihres Unternehmens und heben Sie von Ihren Mitbewerbern ab. Als Alanya Bili\u015fim Hizmetleri bieten wir die effektivste L\u00f6sung, die den Anforderungen Ihres Unternehmens entspricht. Kontaktieren Sie uns, um eine personalisierte Softwarel\u00f6sung f\u00fcr Sie zu entwickeln und Ihre Pr\u00e4senz in der digitalen Welt zu st\u00e4rken. Wir begleiten Sie bei der digitalen Transformation Ihres Unternehmens.<\/p><\/section><\/header>\t\t\t\t\t\t\t\t<\/div>\n\t\t\t\t<\/div>\n\t\t\t\t\t<\/div>\n\t\t\t\t<\/div>\n\t\t\t\t<\/div>","protected":false},"excerpt":{"rendered":"<p>Alanya Information Technology Services, die Sicherheit Ihrer digitalen Transformation: Machen Sie den Unterschied mit ma\u00dfgeschneiderten Softwarel\u00f6sungen. Ma\u00dfgeschneiderte Software: Die Br\u00fccke zwischen Technologie und Gesch\u00e4ftsanforderungen. Ma\u00dfgeschneiderte Software ist eine personalisierte Softwareanwendung, die auf die individuellen Bed\u00fcrfnisse eines Unternehmens zugeschnitten ist. W\u00e4hrend Standardsoftwarepakete allgemeine Gesch\u00e4ftsanforderungen erf\u00fcllen, geht ma\u00dfgeschneiderte Software auf die spezifischen Bed\u00fcrfnisse und Ziele eines Unternehmens ein. Als Alanya Information Technology Services [\u2026]<\/p>","protected":false},"author":1,"featured_media":1029,"parent":0,"menu_order":0,"comment_status":"closed","ping_status":"closed","template":"elementor_header_footer","meta":{"footnotes":""},"class_list":["post-438","page","type-page","status-publish","has-post-thumbnail","hentry"],"yoast_head":"<!-- This site is optimized with the Yoast SEO Premium plugin v24.6 (Yoast SEO v25.3.1) - https:\/\/yoast.com\/wordpress\/plugins\/seo\/ -->\n<title>\u00d6zel Yaz\u0131l\u0131m Geli\u015ftirme Hizmetleri | Alanya Bili\u015fim Hizmetleri<\/title>\n<meta name=\"description\" content=\"Alanya Bili\u015fim Hizmetleri, Alanya&#039;da \u00f6zel yaz\u0131l\u0131m geli\u015ftirme hizmetleri sunar. \u0130\u015fletmeniz i\u00e7in \u00f6zelle\u015ftirilmi\u015f yaz\u0131l\u0131m \u00e7\u00f6z\u00fcmleri i\u00e7in bize ula\u015f\u0131n.\" \/>\n<meta name=\"robots\" content=\"index, follow, max-snippet:-1, max-image-preview:large, max-video-preview:-1\" \/>\n<link rel=\"canonical\" href=\"https:\/\/alanyabilisimhizmetleri.com\/de\/ozel-yazilim\/\" \/>\n<meta property=\"og:locale\" content=\"de_DE\" \/>\n<meta property=\"og:type\" content=\"article\" \/>\n<meta property=\"og:title\" content=\"\u00d6zel Yaz\u0131l\u0131m\" \/>\n<meta property=\"og:description\" content=\"Alanya Bili\u015fim Hizmetleri, Alanya&#039;da \u00f6zel yaz\u0131l\u0131m geli\u015ftirme hizmetleri sunar. \u0130\u015fletmeniz i\u00e7in \u00f6zelle\u015ftirilmi\u015f yaz\u0131l\u0131m \u00e7\u00f6z\u00fcmleri i\u00e7in bize ula\u015f\u0131n.\" \/>\n<meta property=\"og:url\" content=\"https:\/\/alanyabilisimhizmetleri.com\/de\/ozel-yazilim\/\" \/>\n<meta property=\"og:site_name\" content=\"Alanya Yaz\u0131l\u0131m | Alanya Web Tasar\u0131m | Alanya Bili\u015fim Hizmetleri\" \/>\n<meta property=\"article:modified_time\" content=\"2025-06-27T12:42:15+00:00\" \/>\n<meta property=\"og:image\" content=\"https:\/\/alanyabilisimhizmetleri.com\/wp-content\/uploads\/2025\/06\/abh-22.png\" \/>\n\t<meta property=\"og:image:width\" content=\"512\" \/>\n\t<meta property=\"og:image:height\" content=\"512\" \/>\n\t<meta property=\"og:image:type\" content=\"image\/png\" \/>\n<meta name=\"twitter:card\" content=\"summary_large_image\" \/>\n<meta name=\"twitter:label1\" content=\"Gesch\u00e4tzte Lesezeit\" \/>\n\t<meta name=\"twitter:data1\" content=\"2\u00a0Minuten\" \/>\n<script type=\"application\/ld+json\" class=\"yoast-schema-graph\">{\"@context\":\"https:\/\/schema.org\",\"@graph\":[{\"@type\":\"WebPage\",\"@id\":\"https:\/\/alanyabilisimhizmetleri.com\/ozel-yazilim\/\",\"url\":\"https:\/\/alanyabilisimhizmetleri.com\/ozel-yazilim\/\",\"name\":\"\u00d6zel Yaz\u0131l\u0131m Geli\u015ftirme Hizmetleri | Alanya Bili\u015fim Hizmetleri\",\"isPartOf\":{\"@id\":\"https:\/\/alanyabilisimhizmetleri.com\/#website\"},\"primaryImageOfPage\":{\"@id\":\"https:\/\/alanyabilisimhizmetleri.com\/ozel-yazilim\/#primaryimage\"},\"image\":{\"@id\":\"https:\/\/alanyabilisimhizmetleri.com\/ozel-yazilim\/#primaryimage\"},\"thumbnailUrl\":\"https:\/\/alanyabilisimhizmetleri.com\/wp-content\/uploads\/2025\/06\/abh-22.png\",\"datePublished\":\"2025-06-26T10:53:51+00:00\",\"dateModified\":\"2025-06-27T12:42:15+00:00\",\"description\":\"Alanya Bili\u015fim Hizmetleri, Alanya'da \u00f6zel yaz\u0131l\u0131m geli\u015ftirme hizmetleri sunar. \u0130\u015fletmeniz i\u00e7in \u00f6zelle\u015ftirilmi\u015f yaz\u0131l\u0131m \u00e7\u00f6z\u00fcmleri i\u00e7in bize ula\u015f\u0131n.\",\"breadcrumb\":{\"@id\":\"https:\/\/alanyabilisimhizmetleri.com\/ozel-yazilim\/#breadcrumb\"},\"inLanguage\":\"de\",\"potentialAction\":[{\"@type\":\"ReadAction\",\"target\":[\"https:\/\/alanyabilisimhizmetleri.com\/ozel-yazilim\/\"]}]},{\"@type\":\"ImageObject\",\"inLanguage\":\"de\",\"@id\":\"https:\/\/alanyabilisimhizmetleri.com\/ozel-yazilim\/#primaryimage\",\"url\":\"https:\/\/alanyabilisimhizmetleri.com\/wp-content\/uploads\/2025\/06\/abh-22.png\",\"contentUrl\":\"https:\/\/alanyabilisimhizmetleri.com\/wp-content\/uploads\/2025\/06\/abh-22.png\",\"width\":512,\"height\":512,\"caption\":\"Alanya \u00f6zel yaz\u0131l\u0131m\"},{\"@type\":\"BreadcrumbList\",\"@id\":\"https:\/\/alanyabilisimhizmetleri.com\/ozel-yazilim\/#breadcrumb\",\"itemListElement\":[{\"@type\":\"ListItem\",\"position\":1,\"name\":\"Anasayfa\",\"item\":\"https:\/\/alanyabilisimhizmetleri.com\/\"},{\"@type\":\"ListItem\",\"position\":2,\"name\":\"\u00d6zel Yaz\u0131l\u0131m\"}]},{\"@type\":\"WebSite\",\"@id\":\"https:\/\/alanyabilisimhizmetleri.com\/#website\",\"url\":\"https:\/\/alanyabilisimhizmetleri.com\/\",\"name\":\"Alanya Yaz\u0131l\u0131m | Alanya Web Tasar\u0131m | Alanya Bili\u015fim Hizmetleri\",\"description\":\"Alanya Yaz\u0131l\u0131m | Alanya Web Tasar\u0131m | Alanya Bili\u015fim Hizmetleri\",\"publisher\":{\"@id\":\"https:\/\/alanyabilisimhizmetleri.com\/#organization\"},\"potentialAction\":[{\"@type\":\"SearchAction\",\"target\":{\"@type\":\"EntryPoint\",\"urlTemplate\":\"https:\/\/alanyabilisimhizmetleri.com\/?s={search_term_string}\"},\"query-input\":{\"@type\":\"PropertyValueSpecification\",\"valueRequired\":true,\"valueName\":\"search_term_string\"}}],\"inLanguage\":\"de\"},{\"@type\":\"Organization\",\"@id\":\"https:\/\/alanyabilisimhizmetleri.com\/#organization\",\"name\":\"Alanya Yaz\u0131l\u0131m | Alanya Web Tasar\u0131m | Alanya Bili\u015fim Hizmetleri\",\"url\":\"https:\/\/alanyabilisimhizmetleri.com\/\",\"logo\":{\"@type\":\"ImageObject\",\"inLanguage\":\"de\",\"@id\":\"https:\/\/alanyabilisimhizmetleri.com\/#\/schema\/logo\/image\/\",\"url\":\"https:\/\/alanyabilisimhizmetleri.com\/wp-content\/uploads\/2020\/01\/cropped-2.png\",\"contentUrl\":\"https:\/\/alanyabilisimhizmetleri.com\/wp-content\/uploads\/2020\/01\/cropped-2.png\",\"width\":288,\"height\":117,\"caption\":\"Alanya Yaz\u0131l\u0131m | Alanya Web Tasar\u0131m | Alanya Bili\u015fim Hizmetleri\"},\"image\":{\"@id\":\"https:\/\/alanyabilisimhizmetleri.com\/#\/schema\/logo\/image\/\"}}]}<\/script>\n<!-- \/ Yoast SEO Premium plugin. -->","yoast_head_json":{"title":"\u00d6zel Yaz\u0131l\u0131m Geli\u015ftirme Hizmetleri | Alanya Bili\u015fim Hizmetleri","description":"Alanya Bili\u015fim Hizmetleri, Alanya'da \u00f6zel yaz\u0131l\u0131m geli\u015ftirme hizmetleri sunar. \u0130\u015fletmeniz i\u00e7in \u00f6zelle\u015ftirilmi\u015f yaz\u0131l\u0131m \u00e7\u00f6z\u00fcmleri i\u00e7in bize ula\u015f\u0131n.","robots":{"index":"index","follow":"follow","max-snippet":"max-snippet:-1","max-image-preview":"max-image-preview:large","max-video-preview":"max-video-preview:-1"},"canonical":"https:\/\/alanyabilisimhizmetleri.com\/de\/ozel-yazilim\/","og_locale":"de_DE","og_type":"article","og_title":"\u00d6zel Yaz\u0131l\u0131m","og_description":"Alanya Bili\u015fim Hizmetleri, Alanya'da \u00f6zel yaz\u0131l\u0131m geli\u015ftirme hizmetleri sunar. \u0130\u015fletmeniz i\u00e7in \u00f6zelle\u015ftirilmi\u015f yaz\u0131l\u0131m \u00e7\u00f6z\u00fcmleri i\u00e7in bize ula\u015f\u0131n.","og_url":"https:\/\/alanyabilisimhizmetleri.com\/de\/ozel-yazilim\/","og_site_name":"Alanya Yaz\u0131l\u0131m | Alanya Web Tasar\u0131m | Alanya Bili\u015fim Hizmetleri","article_modified_time":"2025-06-27T12:42:15+00:00","og_image":[{"width":512,"height":512,"url":"https:\/\/alanyabilisimhizmetleri.com\/wp-content\/uploads\/2025\/06\/abh-22.png","type":"image\/png"}],"twitter_card":"summary_large_image","twitter_misc":{"Gesch\u00e4tzte Lesezeit":"2\u00a0Minuten"},"schema":{"@context":"https:\/\/schema.org","@graph":[{"@type":"WebPage","@id":"https:\/\/alanyabilisimhizmetleri.com\/ozel-yazilim\/","url":"https:\/\/alanyabilisimhizmetleri.com\/ozel-yazilim\/","name":"\u00d6zel Yaz\u0131l\u0131m Geli\u015ftirme Hizmetleri | Alanya Bili\u015fim Hizmetleri","isPartOf":{"@id":"https:\/\/alanyabilisimhizmetleri.com\/#website"},"primaryImageOfPage":{"@id":"https:\/\/alanyabilisimhizmetleri.com\/ozel-yazilim\/#primaryimage"},"image":{"@id":"https:\/\/alanyabilisimhizmetleri.com\/ozel-yazilim\/#primaryimage"},"thumbnailUrl":"https:\/\/alanyabilisimhizmetleri.com\/wp-content\/uploads\/2025\/06\/abh-22.png","datePublished":"2025-06-26T10:53:51+00:00","dateModified":"2025-06-27T12:42:15+00:00","description":"Alanya Bili\u015fim Hizmetleri, Alanya'da \u00f6zel yaz\u0131l\u0131m geli\u015ftirme hizmetleri sunar. \u0130\u015fletmeniz i\u00e7in \u00f6zelle\u015ftirilmi\u015f yaz\u0131l\u0131m \u00e7\u00f6z\u00fcmleri i\u00e7in bize ula\u015f\u0131n.","breadcrumb":{"@id":"https:\/\/alanyabilisimhizmetleri.com\/ozel-yazilim\/#breadcrumb"},"inLanguage":"de","potentialAction":[{"@type":"ReadAction","target":["https:\/\/alanyabilisimhizmetleri.com\/ozel-yazilim\/"]}]},{"@type":"ImageObject","inLanguage":"de","@id":"https:\/\/alanyabilisimhizmetleri.com\/ozel-yazilim\/#primaryimage","url":"https:\/\/alanyabilisimhizmetleri.com\/wp-content\/uploads\/2025\/06\/abh-22.png","contentUrl":"https:\/\/alanyabilisimhizmetleri.com\/wp-content\/uploads\/2025\/06\/abh-22.png","width":512,"height":512,"caption":"Alanya \u00f6zel yaz\u0131l\u0131m"},{"@type":"BreadcrumbList","@id":"https:\/\/alanyabilisimhizmetleri.com\/ozel-yazilim\/#breadcrumb","itemListElement":[{"@type":"ListItem","position":1,"name":"Anasayfa","item":"https:\/\/alanyabilisimhizmetleri.com\/"},{"@type":"ListItem","position":2,"name":"\u00d6zel Yaz\u0131l\u0131m"}]},{"@type":"WebSite","@id":"https:\/\/alanyabilisimhizmetleri.com\/#website","url":"https:\/\/alanyabilisimhizmetleri.com\/","name":"Alanya Yaz\u0131l\u0131m | Alanya Web Tasar\u0131m | Alanya Bili\u015fim Hizmetleri","description":"Alanya Yaz\u0131l\u0131m | Alanya Web Tasar\u0131m | Alanya Bili\u015fim Hizmetleri","publisher":{"@id":"https:\/\/alanyabilisimhizmetleri.com\/#organization"},"potentialAction":[{"@type":"SearchAction","target":{"@type":"EntryPoint","urlTemplate":"https:\/\/alanyabilisimhizmetleri.com\/?s={search_term_string}"},"query-input":{"@type":"PropertyValueSpecification","valueRequired":true,"valueName":"search_term_string"}}],"inLanguage":"de"},{"@type":"Organization","@id":"https:\/\/alanyabilisimhizmetleri.com\/#organization","name":"Alanya Yaz\u0131l\u0131m | Alanya Web Tasar\u0131m | Alanya Bili\u015fim Hizmetleri","url":"https:\/\/alanyabilisimhizmetleri.com\/","logo":{"@type":"ImageObject","inLanguage":"de","@id":"https:\/\/alanyabilisimhizmetleri.com\/#\/schema\/logo\/image\/","url":"https:\/\/alanyabilisimhizmetleri.com\/wp-content\/uploads\/2020\/01\/cropped-2.png","contentUrl":"https:\/\/alanyabilisimhizmetleri.com\/wp-content\/uploads\/2020\/01\/cropped-2.png","width":288,"height":117,"caption":"Alanya Yaz\u0131l\u0131m | Alanya Web Tasar\u0131m | Alanya Bili\u015fim Hizmetleri"},"image":{"@id":"https:\/\/alanyabilisimhizmetleri.com\/#\/schema\/logo\/image\/"}}]}},"_links":{"self":[{"href":"https:\/\/alanyabilisimhizmetleri.com\/de\/wp-json\/wp\/v2\/pages\/438","targetHints":{"allow":["GET"]}}],"collection":[{"href":"https:\/\/alanyabilisimhizmetleri.com\/de\/wp-json\/wp\/v2\/pages"}],"about":[{"href":"https:\/\/alanyabilisimhizmetleri.com\/de\/wp-json\/wp\/v2\/types\/page"}],"author":[{"embeddable":true,"href":"https:\/\/alanyabilisimhizmetleri.com\/de\/wp-json\/wp\/v2\/users\/1"}],"replies":[{"embeddable":true,"href":"https:\/\/alanyabilisimhizmetleri.com\/de\/wp-json\/wp\/v2\/comments?post=438"}],"version-history":[{"count":5,"href":"https:\/\/alanyabilisimhizmetleri.com\/de\/wp-json\/wp\/v2\/pages\/438\/revisions"}],"predecessor-version":[{"id":1030,"href":"https:\/\/alanyabilisimhizmetleri.com\/de\/wp-json\/wp\/v2\/pages\/438\/revisions\/1030"}],"wp:featuredmedia":[{"embeddable":true,"href":"https:\/\/alanyabilisimhizmetleri.com\/de\/wp-json\/wp\/v2\/media\/1029"}],"wp:attachment":[{"href":"https:\/\/alanyabilisimhizmetleri.com\/de\/wp-json\/wp\/v2\/media?parent=438"}],"curies":[{"name":"wp","href":"https:\/\/api.w.org\/{rel}","templated":true}]}}