{"id":443,"date":"2025-06-26T13:54:40","date_gmt":"2025-06-26T10:54:40","guid":{"rendered":"https:\/\/alanyabilisimhizmetleri.com\/?page_id=443"},"modified":"2025-06-27T15:44:47","modified_gmt":"2025-06-27T12:44:47","slug":"sosyal-medya-yonetimi","status":"publish","type":"page","link":"https:\/\/alanyabilisimhizmetleri.com\/de\/sosyal-medya-yonetimi\/","title":{"rendered":"Social Media Management"},"content":{"rendered":"<div data-elementor-type=\"wp-page\" data-elementor-id=\"443\" class=\"elementor elementor-443\">\n\t\t\t\t<div class=\"aux-parallax-section elementor-element elementor-element-3197e55 e-flex e-con-boxed elementor-invisible e-con e-parent\" data-id=\"3197e55\" data-element_type=\"container\" data-settings=\"{&quot;animation&quot;:&quot;fadeInUp&quot;}\">\n\t\t\t\t\t<div class=\"e-con-inner\">\n\t\t\t\t<div class=\"elementor-element elementor-element-19e9c41 elementor-widget elementor-widget-text-editor\" data-id=\"19e9c41\" data-element_type=\"widget\" data-widget_type=\"text-editor.default\">\n\t\t\t\t<div class=\"elementor-widget-container\">\n\t\t\t\t\t\t\t\t\t<header><section><section><h1>Sicherung Ihrer digitalen Transformation<\/h1><\/section><h1>Alanya Information Services: Exzellenz im Social Media Management<\/h1><h2>Social Media Management: Marketingstrategie f\u00fcr das digitale Zeitalter<\/h2><p>Social Media Management umfasst die Prozesse und Strategien, die zur Verwaltung, Entwicklung und Aufrechterhaltung der Online-Reputation und -Pr\u00e4senz Ihrer Marke erforderlich sind. Als Alanya Bili\u015fim Hizmetleri stehen wir Ihnen mit einem Expertenteam f\u00fcr effektives Social Media Management zur Verf\u00fcgung.<\/p><h2>Vorteile von Social Media Management<\/h2><p>Durch Social Media Management k\u00f6nnen Marken ihre Zielgruppen besser ansprechen, ihre Markenbekanntheit steigern und allgemeine Marketingziele unterst\u00fctzen.<\/p><h2>Von uns verwendete Technologien und ihre Vorteile<\/h2><h3>Social Media Management Tools<\/h3><p>Mit diesen Tools k\u00f6nnen wir Ihre Social-Media-Konten auf einer zentralen Plattform verwalten und Prozesse wie das Erstellen, Teilen und \u00dcberwachen von Inhalten einfach und effektiv gestalten.<\/p><h3>Datenanalyse-Tools<\/h3><p>Mithilfe von Datenanalysetools k\u00f6nnen wir Ihre Social-Media-Leistung verfolgen und analysieren. Dies ist entscheidend, um zu verstehen, welche Strategien funktionieren und welche verbessert werden m\u00fcssen.<\/p><h2>Effektives Social Media Management mit Alanya Information Services<\/h2><p>Als Alanya Bili\u015fim Hizmetleri arbeiten wir mit Ihnen zusammen, um die erfolgreiche Umsetzung Ihrer Social-Media-Management-Strategien sicherzustellen. Wir entwickeln starke, effektive und innovative Strategien, um die Online-Pr\u00e4senz Ihrer Marke auszubauen und Ihre Social-Media-Marketingziele zu erreichen.<\/p><h2>H\u00e4ufig gestellte Fragen zum Social Media Management<\/h2><h3>Was ist Social Media Management?<\/h3><p>Social Media Management sorgt f\u00fcr eine effektive und konsistente Markenpr\u00e4senz auf Social-Media-Plattformen. Es umfasst Prozesse wie Content-Erstellung, -Sharing, -Interaktion und -Analyse.<\/p><h3>Wie verwaltet man soziale Medien?<\/h3><p>Zum Social Media Management geh\u00f6ren Schritte wie strategische Planung, Zielgruppenanalyse, Erstellung und Weitergabe von Inhalten sowie \u00dcberwachung und Analyse.<\/p><h2>Fazit: Schaffen Sie eine starke Social-Media-Pr\u00e4senz mit Alanya Information Services<\/h2><p>Social-Media-Management spielt eine entscheidende Rolle bei der Steigerung der Online-Pr\u00e4senz und des Engagements Ihrer Marke. Als Alanya Bili\u015fim Hizmetleri unterst\u00fctzen wir Sie bei der effektiven und \u00fcberzeugenden Umsetzung Ihrer Social-Media-Strategien. Kontaktieren Sie uns und machen Sie noch heute den ersten Schritt zu einer starken Social-Media-Pr\u00e4senz.<\/p><\/section><\/header>\t\t\t\t\t\t\t\t<\/div>\n\t\t\t\t<\/div>\n\t\t\t\t\t<\/div>\n\t\t\t\t<\/div>\n\t\t\t\t<\/div>","protected":false},"excerpt":{"rendered":"<p>Sicherstellung Ihrer digitalen Transformation Alanya Information Services: Exzellenz im Social Media Management Social Media Management: Marketingstrategie f\u00fcr das digitale Zeitalter Social Media Management umfasst die Prozesse und Strategien, die erforderlich sind, um die Online-Reputation und -Pr\u00e4senz Ihrer Marke zu verwalten, zu entwickeln und zu pflegen. Alanya Information Services steht Ihnen mit einem Expertenteam f\u00fcr effektives Social Media Management zur Verf\u00fcgung. Die Vorteile von Social Media Management [\u2026]<\/p>","protected":false},"author":1,"featured_media":1037,"parent":0,"menu_order":0,"comment_status":"closed","ping_status":"closed","template":"elementor_header_footer","meta":{"footnotes":""},"class_list":["post-443","page","type-page","status-publish","has-post-thumbnail","hentry"],"yoast_head":"<!-- This site is optimized with the Yoast SEO Premium plugin v24.6 (Yoast SEO v25.3.1) - https:\/\/yoast.com\/wordpress\/plugins\/seo\/ -->\n<title>Etkili Sosyal Medya Y\u00f6netimi Hizmetleri | Alanya Bili\u015fim Hizmetleri<\/title>\n<meta name=\"description\" content=\"Alanya Bili\u015fim Hizmetleri, Alanya&#039;da sosyal medya y\u00f6netimi hizmetleri sunar. \u0130\u015fletmenizin sosyal medya varl\u0131\u011f\u0131n\u0131 g\u00fc\u00e7lendirmek i\u00e7in bize ula\u015f\u0131n\" \/>\n<meta name=\"robots\" content=\"index, follow, max-snippet:-1, max-image-preview:large, max-video-preview:-1\" \/>\n<link rel=\"canonical\" href=\"https:\/\/alanyabilisimhizmetleri.com\/de\/sosyal-medya-yonetimi\/\" \/>\n<meta property=\"og:locale\" content=\"de_DE\" \/>\n<meta property=\"og:type\" content=\"article\" \/>\n<meta property=\"og:title\" content=\"Sosyal Medya Y\u00f6netimi\" \/>\n<meta property=\"og:description\" content=\"Alanya Bili\u015fim Hizmetleri, Alanya&#039;da sosyal medya y\u00f6netimi hizmetleri sunar. \u0130\u015fletmenizin sosyal medya varl\u0131\u011f\u0131n\u0131 g\u00fc\u00e7lendirmek i\u00e7in bize ula\u015f\u0131n\" \/>\n<meta property=\"og:url\" content=\"https:\/\/alanyabilisimhizmetleri.com\/de\/sosyal-medya-yonetimi\/\" \/>\n<meta property=\"og:site_name\" content=\"Alanya Yaz\u0131l\u0131m | Alanya Web Tasar\u0131m | Alanya Bili\u015fim Hizmetleri\" \/>\n<meta property=\"article:modified_time\" content=\"2025-06-27T12:44:47+00:00\" \/>\n<meta property=\"og:image\" content=\"https:\/\/alanyabilisimhizmetleri.com\/wp-content\/uploads\/2025\/06\/abh-26.png\" \/>\n\t<meta property=\"og:image:width\" content=\"512\" \/>\n\t<meta property=\"og:image:height\" content=\"512\" \/>\n\t<meta property=\"og:image:type\" content=\"image\/png\" \/>\n<meta name=\"twitter:card\" content=\"summary_large_image\" \/>\n<meta name=\"twitter:label1\" content=\"Gesch\u00e4tzte Lesezeit\" \/>\n\t<meta name=\"twitter:data1\" content=\"2\u00a0Minuten\" \/>\n<script type=\"application\/ld+json\" class=\"yoast-schema-graph\">{\"@context\":\"https:\/\/schema.org\",\"@graph\":[{\"@type\":\"WebPage\",\"@id\":\"https:\/\/alanyabilisimhizmetleri.com\/sosyal-medya-yonetimi\/\",\"url\":\"https:\/\/alanyabilisimhizmetleri.com\/sosyal-medya-yonetimi\/\",\"name\":\"Etkili Sosyal Medya Y\u00f6netimi Hizmetleri | Alanya Bili\u015fim Hizmetleri\",\"isPartOf\":{\"@id\":\"https:\/\/alanyabilisimhizmetleri.com\/#website\"},\"primaryImageOfPage\":{\"@id\":\"https:\/\/alanyabilisimhizmetleri.com\/sosyal-medya-yonetimi\/#primaryimage\"},\"image\":{\"@id\":\"https:\/\/alanyabilisimhizmetleri.com\/sosyal-medya-yonetimi\/#primaryimage\"},\"thumbnailUrl\":\"https:\/\/alanyabilisimhizmetleri.com\/wp-content\/uploads\/2025\/06\/abh-26.png\",\"datePublished\":\"2025-06-26T10:54:40+00:00\",\"dateModified\":\"2025-06-27T12:44:47+00:00\",\"description\":\"Alanya Bili\u015fim Hizmetleri, Alanya'da sosyal medya y\u00f6netimi hizmetleri sunar. \u0130\u015fletmenizin sosyal medya varl\u0131\u011f\u0131n\u0131 g\u00fc\u00e7lendirmek i\u00e7in bize ula\u015f\u0131n\",\"breadcrumb\":{\"@id\":\"https:\/\/alanyabilisimhizmetleri.com\/sosyal-medya-yonetimi\/#breadcrumb\"},\"inLanguage\":\"de\",\"potentialAction\":[{\"@type\":\"ReadAction\",\"target\":[\"https:\/\/alanyabilisimhizmetleri.com\/sosyal-medya-yonetimi\/\"]}]},{\"@type\":\"ImageObject\",\"inLanguage\":\"de\",\"@id\":\"https:\/\/alanyabilisimhizmetleri.com\/sosyal-medya-yonetimi\/#primaryimage\",\"url\":\"https:\/\/alanyabilisimhizmetleri.com\/wp-content\/uploads\/2025\/06\/abh-26.png\",\"contentUrl\":\"https:\/\/alanyabilisimhizmetleri.com\/wp-content\/uploads\/2025\/06\/abh-26.png\",\"width\":512,\"height\":512,\"caption\":\"Alanya sosyal medya y\u00f6netimi\"},{\"@type\":\"BreadcrumbList\",\"@id\":\"https:\/\/alanyabilisimhizmetleri.com\/sosyal-medya-yonetimi\/#breadcrumb\",\"itemListElement\":[{\"@type\":\"ListItem\",\"position\":1,\"name\":\"Anasayfa\",\"item\":\"https:\/\/alanyabilisimhizmetleri.com\/\"},{\"@type\":\"ListItem\",\"position\":2,\"name\":\"Sosyal Medya Y\u00f6netimi\"}]},{\"@type\":\"WebSite\",\"@id\":\"https:\/\/alanyabilisimhizmetleri.com\/#website\",\"url\":\"https:\/\/alanyabilisimhizmetleri.com\/\",\"name\":\"Alanya Yaz\u0131l\u0131m | Alanya Web Tasar\u0131m | Alanya Bili\u015fim Hizmetleri\",\"description\":\"Alanya Yaz\u0131l\u0131m | Alanya Web Tasar\u0131m | Alanya Bili\u015fim Hizmetleri\",\"publisher\":{\"@id\":\"https:\/\/alanyabilisimhizmetleri.com\/#organization\"},\"potentialAction\":[{\"@type\":\"SearchAction\",\"target\":{\"@type\":\"EntryPoint\",\"urlTemplate\":\"https:\/\/alanyabilisimhizmetleri.com\/?s={search_term_string}\"},\"query-input\":{\"@type\":\"PropertyValueSpecification\",\"valueRequired\":true,\"valueName\":\"search_term_string\"}}],\"inLanguage\":\"de\"},{\"@type\":\"Organization\",\"@id\":\"https:\/\/alanyabilisimhizmetleri.com\/#organization\",\"name\":\"Alanya Yaz\u0131l\u0131m | Alanya Web Tasar\u0131m | Alanya Bili\u015fim Hizmetleri\",\"url\":\"https:\/\/alanyabilisimhizmetleri.com\/\",\"logo\":{\"@type\":\"ImageObject\",\"inLanguage\":\"de\",\"@id\":\"https:\/\/alanyabilisimhizmetleri.com\/#\/schema\/logo\/image\/\",\"url\":\"https:\/\/alanyabilisimhizmetleri.com\/wp-content\/uploads\/2020\/01\/cropped-2.png\",\"contentUrl\":\"https:\/\/alanyabilisimhizmetleri.com\/wp-content\/uploads\/2020\/01\/cropped-2.png\",\"width\":288,\"height\":117,\"caption\":\"Alanya Yaz\u0131l\u0131m | Alanya Web Tasar\u0131m | Alanya Bili\u015fim Hizmetleri\"},\"image\":{\"@id\":\"https:\/\/alanyabilisimhizmetleri.com\/#\/schema\/logo\/image\/\"}}]}<\/script>\n<!-- \/ Yoast SEO Premium plugin. -->","yoast_head_json":{"title":"Etkili Sosyal Medya Y\u00f6netimi Hizmetleri | Alanya Bili\u015fim Hizmetleri","description":"Alanya Bili\u015fim Hizmetleri, Alanya'da sosyal medya y\u00f6netimi hizmetleri sunar. \u0130\u015fletmenizin sosyal medya varl\u0131\u011f\u0131n\u0131 g\u00fc\u00e7lendirmek i\u00e7in bize ula\u015f\u0131n","robots":{"index":"index","follow":"follow","max-snippet":"max-snippet:-1","max-image-preview":"max-image-preview:large","max-video-preview":"max-video-preview:-1"},"canonical":"https:\/\/alanyabilisimhizmetleri.com\/de\/sosyal-medya-yonetimi\/","og_locale":"de_DE","og_type":"article","og_title":"Sosyal Medya Y\u00f6netimi","og_description":"Alanya Bili\u015fim Hizmetleri, Alanya'da sosyal medya y\u00f6netimi hizmetleri sunar. \u0130\u015fletmenizin sosyal medya varl\u0131\u011f\u0131n\u0131 g\u00fc\u00e7lendirmek i\u00e7in bize ula\u015f\u0131n","og_url":"https:\/\/alanyabilisimhizmetleri.com\/de\/sosyal-medya-yonetimi\/","og_site_name":"Alanya Yaz\u0131l\u0131m | Alanya Web Tasar\u0131m | Alanya Bili\u015fim Hizmetleri","article_modified_time":"2025-06-27T12:44:47+00:00","og_image":[{"width":512,"height":512,"url":"https:\/\/alanyabilisimhizmetleri.com\/wp-content\/uploads\/2025\/06\/abh-26.png","type":"image\/png"}],"twitter_card":"summary_large_image","twitter_misc":{"Gesch\u00e4tzte Lesezeit":"2\u00a0Minuten"},"schema":{"@context":"https:\/\/schema.org","@graph":[{"@type":"WebPage","@id":"https:\/\/alanyabilisimhizmetleri.com\/sosyal-medya-yonetimi\/","url":"https:\/\/alanyabilisimhizmetleri.com\/sosyal-medya-yonetimi\/","name":"Etkili Sosyal Medya Y\u00f6netimi Hizmetleri | Alanya Bili\u015fim Hizmetleri","isPartOf":{"@id":"https:\/\/alanyabilisimhizmetleri.com\/#website"},"primaryImageOfPage":{"@id":"https:\/\/alanyabilisimhizmetleri.com\/sosyal-medya-yonetimi\/#primaryimage"},"image":{"@id":"https:\/\/alanyabilisimhizmetleri.com\/sosyal-medya-yonetimi\/#primaryimage"},"thumbnailUrl":"https:\/\/alanyabilisimhizmetleri.com\/wp-content\/uploads\/2025\/06\/abh-26.png","datePublished":"2025-06-26T10:54:40+00:00","dateModified":"2025-06-27T12:44:47+00:00","description":"Alanya Bili\u015fim Hizmetleri, Alanya'da sosyal medya y\u00f6netimi hizmetleri sunar. \u0130\u015fletmenizin sosyal medya varl\u0131\u011f\u0131n\u0131 g\u00fc\u00e7lendirmek i\u00e7in bize ula\u015f\u0131n","breadcrumb":{"@id":"https:\/\/alanyabilisimhizmetleri.com\/sosyal-medya-yonetimi\/#breadcrumb"},"inLanguage":"de","potentialAction":[{"@type":"ReadAction","target":["https:\/\/alanyabilisimhizmetleri.com\/sosyal-medya-yonetimi\/"]}]},{"@type":"ImageObject","inLanguage":"de","@id":"https:\/\/alanyabilisimhizmetleri.com\/sosyal-medya-yonetimi\/#primaryimage","url":"https:\/\/alanyabilisimhizmetleri.com\/wp-content\/uploads\/2025\/06\/abh-26.png","contentUrl":"https:\/\/alanyabilisimhizmetleri.com\/wp-content\/uploads\/2025\/06\/abh-26.png","width":512,"height":512,"caption":"Alanya sosyal medya y\u00f6netimi"},{"@type":"BreadcrumbList","@id":"https:\/\/alanyabilisimhizmetleri.com\/sosyal-medya-yonetimi\/#breadcrumb","itemListElement":[{"@type":"ListItem","position":1,"name":"Anasayfa","item":"https:\/\/alanyabilisimhizmetleri.com\/"},{"@type":"ListItem","position":2,"name":"Sosyal Medya Y\u00f6netimi"}]},{"@type":"WebSite","@id":"https:\/\/alanyabilisimhizmetleri.com\/#website","url":"https:\/\/alanyabilisimhizmetleri.com\/","name":"Alanya Yaz\u0131l\u0131m | Alanya Web Tasar\u0131m | Alanya Bili\u015fim Hizmetleri","description":"Alanya Yaz\u0131l\u0131m | Alanya Web Tasar\u0131m | Alanya Bili\u015fim Hizmetleri","publisher":{"@id":"https:\/\/alanyabilisimhizmetleri.com\/#organization"},"potentialAction":[{"@type":"SearchAction","target":{"@type":"EntryPoint","urlTemplate":"https:\/\/alanyabilisimhizmetleri.com\/?s={search_term_string}"},"query-input":{"@type":"PropertyValueSpecification","valueRequired":true,"valueName":"search_term_string"}}],"inLanguage":"de"},{"@type":"Organization","@id":"https:\/\/alanyabilisimhizmetleri.com\/#organization","name":"Alanya Yaz\u0131l\u0131m | Alanya Web Tasar\u0131m | Alanya Bili\u015fim Hizmetleri","url":"https:\/\/alanyabilisimhizmetleri.com\/","logo":{"@type":"ImageObject","inLanguage":"de","@id":"https:\/\/alanyabilisimhizmetleri.com\/#\/schema\/logo\/image\/","url":"https:\/\/alanyabilisimhizmetleri.com\/wp-content\/uploads\/2020\/01\/cropped-2.png","contentUrl":"https:\/\/alanyabilisimhizmetleri.com\/wp-content\/uploads\/2020\/01\/cropped-2.png","width":288,"height":117,"caption":"Alanya Yaz\u0131l\u0131m | Alanya Web Tasar\u0131m | Alanya Bili\u015fim Hizmetleri"},"image":{"@id":"https:\/\/alanyabilisimhizmetleri.com\/#\/schema\/logo\/image\/"}}]}},"_links":{"self":[{"href":"https:\/\/alanyabilisimhizmetleri.com\/de\/wp-json\/wp\/v2\/pages\/443","targetHints":{"allow":["GET"]}}],"collection":[{"href":"https:\/\/alanyabilisimhizmetleri.com\/de\/wp-json\/wp\/v2\/pages"}],"about":[{"href":"https:\/\/alanyabilisimhizmetleri.com\/de\/wp-json\/wp\/v2\/types\/page"}],"author":[{"embeddable":true,"href":"https:\/\/alanyabilisimhizmetleri.com\/de\/wp-json\/wp\/v2\/users\/1"}],"replies":[{"embeddable":true,"href":"https:\/\/alanyabilisimhizmetleri.com\/de\/wp-json\/wp\/v2\/comments?post=443"}],"version-history":[{"count":5,"href":"https:\/\/alanyabilisimhizmetleri.com\/de\/wp-json\/wp\/v2\/pages\/443\/revisions"}],"predecessor-version":[{"id":1038,"href":"https:\/\/alanyabilisimhizmetleri.com\/de\/wp-json\/wp\/v2\/pages\/443\/revisions\/1038"}],"wp:featuredmedia":[{"embeddable":true,"href":"https:\/\/alanyabilisimhizmetleri.com\/de\/wp-json\/wp\/v2\/media\/1037"}],"wp:attachment":[{"href":"https:\/\/alanyabilisimhizmetleri.com\/de\/wp-json\/wp\/v2\/media?parent=443"}],"curies":[{"name":"wp","href":"https:\/\/api.w.org\/{rel}","templated":true}]}}