{"id":448,"date":"2025-06-26T13:55:22","date_gmt":"2025-06-26T10:55:22","guid":{"rendered":"https:\/\/alanyabilisimhizmetleri.com\/?page_id=448"},"modified":"2025-06-27T15:44:58","modified_gmt":"2025-06-27T12:44:58","slug":"web-sitesi-optimizasyonu","status":"publish","type":"page","link":"https:\/\/alanyabilisimhizmetleri.com\/de\/web-sitesi-optimizasyonu\/","title":{"rendered":"Website-Optimierung"},"content":{"rendered":"<div data-elementor-type=\"wp-page\" data-elementor-id=\"448\" class=\"elementor elementor-448\">\n\t\t\t\t<div class=\"aux-parallax-section elementor-element elementor-element-d189d61 e-flex e-con-boxed elementor-invisible e-con e-parent\" data-id=\"d189d61\" data-element_type=\"container\" data-settings=\"{&quot;animation&quot;:&quot;fadeInUp&quot;}\">\n\t\t\t\t\t<div class=\"e-con-inner\">\n\t\t\t\t<div class=\"elementor-element elementor-element-633d631 elementor-widget elementor-widget-text-editor\" data-id=\"633d631\" data-element_type=\"widget\" data-widget_type=\"text-editor.default\">\n\t\t\t\t<div class=\"elementor-widget-container\">\n\t\t\t\t\t\t\t\t\t<header><section><section><h1>Sicherung Ihrer digitalen Transformation<\/h1><\/section><h1>Alanya Information Services: Zuverl\u00e4ssiger Partner f\u00fcr Ihre Website-Optimierung<\/h1><h2>Was ist Website-Optimierung?<\/h2><p>Website-Optimierung ist der Prozess der Leistungssteigerung einer Website. Dies bedeutet, mehr organischen Traffic von Suchmaschinen zu generieren, die Benutzerfreundlichkeit zu verbessern und die Website-Geschwindigkeit zu erh\u00f6hen.<\/p><h2>Vorteile der Website-Optimierung<\/h2><p>Durch Website-Optimierung wird Ihre Website von Suchmaschinen leichter gefunden und Sie erreichen mehr potenzielle Kunden. Au\u00dferdem verbessert sie die Geschwindigkeit und Leistung Ihrer Website, was das Benutzererlebnis verbessert und dazu beitr\u00e4gt, Besucher in Kunden zu verwandeln.<\/p><h2>Website-Optimierungstechniken von Alanya Information Services<\/h2><h3>Technisches SEO<\/h3><p>Alanya Bili\u015fim Hizmetleri optimiert Ihre technische SEO durch die \u00dcberpr\u00fcfung von Website-Struktur und URLs, Sitemaps, robot.txt-Dateien und anderen technischen Elementen. Dieser Prozess stellt sicher, dass Ihre Website von Suchmaschinen korrekt gecrawlt und indexiert wird.<\/p><h3>Inhaltsoptimierung<\/h3><p>Durch die Optimierung Ihrer Website-Inhalte k\u00f6nnen Sie bei Google und anderen Suchmaschinen ein h\u00f6heres Ranking erzielen. Keyword-Recherche und Content-Erstellungsstrategien tragen dazu bei, dass Ihre Inhalte f\u00fcr Ihre Zielgruppe relevant sind und von Suchmaschinen leicht gefunden werden.<\/p><h2>H\u00e4ufig gestellte Fragen<\/h2><h3>Warum ist Website-Optimierung wichtig?<\/h3><p>Durch Website-Optimierung erh\u00e4lt Ihre Website mehr organischen Traffic von Suchmaschinen. Das bedeutet mehr Besucher und potenzielle Kunden. Au\u00dferdem verbessert es die Geschwindigkeit und das Benutzererlebnis Ihrer Website.<\/p><h3>Wie lange dauert der Website-Optimierungsprozess?<\/h3><p>Der Website-Optimierungsprozess h\u00e4ngt vom aktuellen Zustand, den Anforderungen und Zielen Ihrer Website ab. Einige Verbesserungen lassen sich schnell umsetzen, andere ben\u00f6tigen m\u00f6glicherweise Zeit.<\/p><h2>Abschluss<\/h2><p>Als Alanya Bili\u015fim Hizmetleri verf\u00fcgen wir \u00fcber die Erfahrung und das Wissen, um den Online-Erfolg Ihres Unternehmens zu steigern. Die Website-Optimierung verbessert die Leistung und Sichtbarkeit Ihrer Website und steigert so den Traffic und die Ums\u00e4tze. Kontaktieren Sie uns noch heute und maximieren Sie das Online-Potenzial Ihres Unternehmens!<\/p><\/section><\/header>\t\t\t\t\t\t\t\t<\/div>\n\t\t\t\t<\/div>\n\t\t\t\t\t<\/div>\n\t\t\t\t<\/div>\n\t\t\t\t<\/div>","protected":false},"excerpt":{"rendered":"<p>Alanya Information Services, die Garantie f\u00fcr Ihre digitale Transformation: Ihr zuverl\u00e4ssiger Partner f\u00fcr Website-Optimierung. Was ist Website-Optimierung? Website-Optimierung ist der Prozess der Leistungssteigerung einer Website. Dies bedeutet, mehr organischen Traffic von Suchmaschinen zu generieren, die Benutzerfreundlichkeit zu verbessern und die Website-Geschwindigkeit zu erh\u00f6hen. Vorteile der Website-Optimierung: Website-Optimierung verbessert das Suchmaschinen-Ranking Ihrer Website [\u2026]<\/p>","protected":false},"author":1,"featured_media":1039,"parent":0,"menu_order":0,"comment_status":"closed","ping_status":"closed","template":"elementor_header_footer","meta":{"footnotes":""},"class_list":["post-448","page","type-page","status-publish","has-post-thumbnail","hentry"],"yoast_head":"<!-- This site is optimized with the Yoast SEO Premium plugin v24.6 (Yoast SEO v25.3.1) - https:\/\/yoast.com\/wordpress\/plugins\/seo\/ -->\n<title>Web Siteleri \u0130\u00e7in Profesyonel Optimizasyon Hizmetleri | Alanya Bili\u015fim Hizmetleri<\/title>\n<meta name=\"description\" content=\"Alanya Bili\u015fim Hizmetleri, Alanya&#039;da web sitesi optimizasyonu hizmetleri sunar. Web sitenizin performans\u0131n\u0131 ve g\u00f6r\u00fcn\u00fcrl\u00fc\u011f\u00fcn\u00fc art\u0131rmak i\u00e7in bize ula\u015f\u0131n.\" \/>\n<meta name=\"robots\" content=\"index, follow, max-snippet:-1, max-image-preview:large, max-video-preview:-1\" \/>\n<link rel=\"canonical\" href=\"https:\/\/alanyabilisimhizmetleri.com\/de\/web-sitesi-optimizasyonu\/\" \/>\n<meta property=\"og:locale\" content=\"de_DE\" \/>\n<meta property=\"og:type\" content=\"article\" \/>\n<meta property=\"og:title\" content=\"Web Sitesi Optimizasyonu\" \/>\n<meta property=\"og:description\" content=\"Alanya Bili\u015fim Hizmetleri, Alanya&#039;da web sitesi optimizasyonu hizmetleri sunar. Web sitenizin performans\u0131n\u0131 ve g\u00f6r\u00fcn\u00fcrl\u00fc\u011f\u00fcn\u00fc art\u0131rmak i\u00e7in bize ula\u015f\u0131n.\" \/>\n<meta property=\"og:url\" content=\"https:\/\/alanyabilisimhizmetleri.com\/de\/web-sitesi-optimizasyonu\/\" \/>\n<meta property=\"og:site_name\" content=\"Alanya Yaz\u0131l\u0131m | Alanya Web Tasar\u0131m | Alanya Bili\u015fim Hizmetleri\" \/>\n<meta property=\"article:modified_time\" content=\"2025-06-27T12:44:58+00:00\" \/>\n<meta property=\"og:image\" content=\"https:\/\/alanyabilisimhizmetleri.com\/wp-content\/uploads\/2025\/06\/abh-27.png\" \/>\n\t<meta property=\"og:image:width\" content=\"512\" \/>\n\t<meta property=\"og:image:height\" content=\"512\" \/>\n\t<meta property=\"og:image:type\" content=\"image\/png\" \/>\n<meta name=\"twitter:card\" content=\"summary_large_image\" \/>\n<meta name=\"twitter:label1\" content=\"Gesch\u00e4tzte Lesezeit\" \/>\n\t<meta name=\"twitter:data1\" content=\"2\u00a0Minuten\" \/>\n<script type=\"application\/ld+json\" class=\"yoast-schema-graph\">{\"@context\":\"https:\/\/schema.org\",\"@graph\":[{\"@type\":\"WebPage\",\"@id\":\"https:\/\/alanyabilisimhizmetleri.com\/web-sitesi-optimizasyonu\/\",\"url\":\"https:\/\/alanyabilisimhizmetleri.com\/web-sitesi-optimizasyonu\/\",\"name\":\"Web Siteleri \u0130\u00e7in Profesyonel Optimizasyon Hizmetleri | Alanya Bili\u015fim Hizmetleri\",\"isPartOf\":{\"@id\":\"https:\/\/alanyabilisimhizmetleri.com\/#website\"},\"primaryImageOfPage\":{\"@id\":\"https:\/\/alanyabilisimhizmetleri.com\/web-sitesi-optimizasyonu\/#primaryimage\"},\"image\":{\"@id\":\"https:\/\/alanyabilisimhizmetleri.com\/web-sitesi-optimizasyonu\/#primaryimage\"},\"thumbnailUrl\":\"https:\/\/alanyabilisimhizmetleri.com\/wp-content\/uploads\/2025\/06\/abh-27.png\",\"datePublished\":\"2025-06-26T10:55:22+00:00\",\"dateModified\":\"2025-06-27T12:44:58+00:00\",\"description\":\"Alanya Bili\u015fim Hizmetleri, Alanya'da web sitesi optimizasyonu hizmetleri sunar. Web sitenizin performans\u0131n\u0131 ve g\u00f6r\u00fcn\u00fcrl\u00fc\u011f\u00fcn\u00fc art\u0131rmak i\u00e7in bize ula\u015f\u0131n.\",\"breadcrumb\":{\"@id\":\"https:\/\/alanyabilisimhizmetleri.com\/web-sitesi-optimizasyonu\/#breadcrumb\"},\"inLanguage\":\"de\",\"potentialAction\":[{\"@type\":\"ReadAction\",\"target\":[\"https:\/\/alanyabilisimhizmetleri.com\/web-sitesi-optimizasyonu\/\"]}]},{\"@type\":\"ImageObject\",\"inLanguage\":\"de\",\"@id\":\"https:\/\/alanyabilisimhizmetleri.com\/web-sitesi-optimizasyonu\/#primaryimage\",\"url\":\"https:\/\/alanyabilisimhizmetleri.com\/wp-content\/uploads\/2025\/06\/abh-27.png\",\"contentUrl\":\"https:\/\/alanyabilisimhizmetleri.com\/wp-content\/uploads\/2025\/06\/abh-27.png\",\"width\":512,\"height\":512,\"caption\":\"Alanya web sitesi optimizasyonu\"},{\"@type\":\"BreadcrumbList\",\"@id\":\"https:\/\/alanyabilisimhizmetleri.com\/web-sitesi-optimizasyonu\/#breadcrumb\",\"itemListElement\":[{\"@type\":\"ListItem\",\"position\":1,\"name\":\"Anasayfa\",\"item\":\"https:\/\/alanyabilisimhizmetleri.com\/\"},{\"@type\":\"ListItem\",\"position\":2,\"name\":\"Web Sitesi Optimizasyonu\"}]},{\"@type\":\"WebSite\",\"@id\":\"https:\/\/alanyabilisimhizmetleri.com\/#website\",\"url\":\"https:\/\/alanyabilisimhizmetleri.com\/\",\"name\":\"Alanya Yaz\u0131l\u0131m | Alanya Web Tasar\u0131m | Alanya Bili\u015fim Hizmetleri\",\"description\":\"Alanya Yaz\u0131l\u0131m | Alanya Web Tasar\u0131m | Alanya Bili\u015fim Hizmetleri\",\"publisher\":{\"@id\":\"https:\/\/alanyabilisimhizmetleri.com\/#organization\"},\"potentialAction\":[{\"@type\":\"SearchAction\",\"target\":{\"@type\":\"EntryPoint\",\"urlTemplate\":\"https:\/\/alanyabilisimhizmetleri.com\/?s={search_term_string}\"},\"query-input\":{\"@type\":\"PropertyValueSpecification\",\"valueRequired\":true,\"valueName\":\"search_term_string\"}}],\"inLanguage\":\"de\"},{\"@type\":\"Organization\",\"@id\":\"https:\/\/alanyabilisimhizmetleri.com\/#organization\",\"name\":\"Alanya Yaz\u0131l\u0131m | Alanya Web Tasar\u0131m | Alanya Bili\u015fim Hizmetleri\",\"url\":\"https:\/\/alanyabilisimhizmetleri.com\/\",\"logo\":{\"@type\":\"ImageObject\",\"inLanguage\":\"de\",\"@id\":\"https:\/\/alanyabilisimhizmetleri.com\/#\/schema\/logo\/image\/\",\"url\":\"https:\/\/alanyabilisimhizmetleri.com\/wp-content\/uploads\/2020\/01\/cropped-2.png\",\"contentUrl\":\"https:\/\/alanyabilisimhizmetleri.com\/wp-content\/uploads\/2020\/01\/cropped-2.png\",\"width\":288,\"height\":117,\"caption\":\"Alanya Yaz\u0131l\u0131m | Alanya Web Tasar\u0131m | Alanya Bili\u015fim Hizmetleri\"},\"image\":{\"@id\":\"https:\/\/alanyabilisimhizmetleri.com\/#\/schema\/logo\/image\/\"}}]}<\/script>\n<!-- \/ Yoast SEO Premium plugin. -->","yoast_head_json":{"title":"Web Siteleri \u0130\u00e7in Profesyonel Optimizasyon Hizmetleri | Alanya Bili\u015fim Hizmetleri","description":"Alanya Bili\u015fim Hizmetleri, Alanya'da web sitesi optimizasyonu hizmetleri sunar. Web sitenizin performans\u0131n\u0131 ve g\u00f6r\u00fcn\u00fcrl\u00fc\u011f\u00fcn\u00fc art\u0131rmak i\u00e7in bize ula\u015f\u0131n.","robots":{"index":"index","follow":"follow","max-snippet":"max-snippet:-1","max-image-preview":"max-image-preview:large","max-video-preview":"max-video-preview:-1"},"canonical":"https:\/\/alanyabilisimhizmetleri.com\/de\/web-sitesi-optimizasyonu\/","og_locale":"de_DE","og_type":"article","og_title":"Web Sitesi Optimizasyonu","og_description":"Alanya Bili\u015fim Hizmetleri, Alanya'da web sitesi optimizasyonu hizmetleri sunar. Web sitenizin performans\u0131n\u0131 ve g\u00f6r\u00fcn\u00fcrl\u00fc\u011f\u00fcn\u00fc art\u0131rmak i\u00e7in bize ula\u015f\u0131n.","og_url":"https:\/\/alanyabilisimhizmetleri.com\/de\/web-sitesi-optimizasyonu\/","og_site_name":"Alanya Yaz\u0131l\u0131m | Alanya Web Tasar\u0131m | Alanya Bili\u015fim Hizmetleri","article_modified_time":"2025-06-27T12:44:58+00:00","og_image":[{"width":512,"height":512,"url":"https:\/\/alanyabilisimhizmetleri.com\/wp-content\/uploads\/2025\/06\/abh-27.png","type":"image\/png"}],"twitter_card":"summary_large_image","twitter_misc":{"Gesch\u00e4tzte Lesezeit":"2\u00a0Minuten"},"schema":{"@context":"https:\/\/schema.org","@graph":[{"@type":"WebPage","@id":"https:\/\/alanyabilisimhizmetleri.com\/web-sitesi-optimizasyonu\/","url":"https:\/\/alanyabilisimhizmetleri.com\/web-sitesi-optimizasyonu\/","name":"Web Siteleri \u0130\u00e7in Profesyonel Optimizasyon Hizmetleri | Alanya Bili\u015fim Hizmetleri","isPartOf":{"@id":"https:\/\/alanyabilisimhizmetleri.com\/#website"},"primaryImageOfPage":{"@id":"https:\/\/alanyabilisimhizmetleri.com\/web-sitesi-optimizasyonu\/#primaryimage"},"image":{"@id":"https:\/\/alanyabilisimhizmetleri.com\/web-sitesi-optimizasyonu\/#primaryimage"},"thumbnailUrl":"https:\/\/alanyabilisimhizmetleri.com\/wp-content\/uploads\/2025\/06\/abh-27.png","datePublished":"2025-06-26T10:55:22+00:00","dateModified":"2025-06-27T12:44:58+00:00","description":"Alanya Bili\u015fim Hizmetleri, Alanya'da web sitesi optimizasyonu hizmetleri sunar. Web sitenizin performans\u0131n\u0131 ve g\u00f6r\u00fcn\u00fcrl\u00fc\u011f\u00fcn\u00fc art\u0131rmak i\u00e7in bize ula\u015f\u0131n.","breadcrumb":{"@id":"https:\/\/alanyabilisimhizmetleri.com\/web-sitesi-optimizasyonu\/#breadcrumb"},"inLanguage":"de","potentialAction":[{"@type":"ReadAction","target":["https:\/\/alanyabilisimhizmetleri.com\/web-sitesi-optimizasyonu\/"]}]},{"@type":"ImageObject","inLanguage":"de","@id":"https:\/\/alanyabilisimhizmetleri.com\/web-sitesi-optimizasyonu\/#primaryimage","url":"https:\/\/alanyabilisimhizmetleri.com\/wp-content\/uploads\/2025\/06\/abh-27.png","contentUrl":"https:\/\/alanyabilisimhizmetleri.com\/wp-content\/uploads\/2025\/06\/abh-27.png","width":512,"height":512,"caption":"Alanya web sitesi optimizasyonu"},{"@type":"BreadcrumbList","@id":"https:\/\/alanyabilisimhizmetleri.com\/web-sitesi-optimizasyonu\/#breadcrumb","itemListElement":[{"@type":"ListItem","position":1,"name":"Anasayfa","item":"https:\/\/alanyabilisimhizmetleri.com\/"},{"@type":"ListItem","position":2,"name":"Web Sitesi Optimizasyonu"}]},{"@type":"WebSite","@id":"https:\/\/alanyabilisimhizmetleri.com\/#website","url":"https:\/\/alanyabilisimhizmetleri.com\/","name":"Alanya Yaz\u0131l\u0131m | Alanya Web Tasar\u0131m | Alanya Bili\u015fim Hizmetleri","description":"Alanya Yaz\u0131l\u0131m | Alanya Web Tasar\u0131m | Alanya Bili\u015fim Hizmetleri","publisher":{"@id":"https:\/\/alanyabilisimhizmetleri.com\/#organization"},"potentialAction":[{"@type":"SearchAction","target":{"@type":"EntryPoint","urlTemplate":"https:\/\/alanyabilisimhizmetleri.com\/?s={search_term_string}"},"query-input":{"@type":"PropertyValueSpecification","valueRequired":true,"valueName":"search_term_string"}}],"inLanguage":"de"},{"@type":"Organization","@id":"https:\/\/alanyabilisimhizmetleri.com\/#organization","name":"Alanya Yaz\u0131l\u0131m | Alanya Web Tasar\u0131m | Alanya Bili\u015fim Hizmetleri","url":"https:\/\/alanyabilisimhizmetleri.com\/","logo":{"@type":"ImageObject","inLanguage":"de","@id":"https:\/\/alanyabilisimhizmetleri.com\/#\/schema\/logo\/image\/","url":"https:\/\/alanyabilisimhizmetleri.com\/wp-content\/uploads\/2020\/01\/cropped-2.png","contentUrl":"https:\/\/alanyabilisimhizmetleri.com\/wp-content\/uploads\/2020\/01\/cropped-2.png","width":288,"height":117,"caption":"Alanya Yaz\u0131l\u0131m | Alanya Web Tasar\u0131m | Alanya Bili\u015fim Hizmetleri"},"image":{"@id":"https:\/\/alanyabilisimhizmetleri.com\/#\/schema\/logo\/image\/"}}]}},"_links":{"self":[{"href":"https:\/\/alanyabilisimhizmetleri.com\/de\/wp-json\/wp\/v2\/pages\/448","targetHints":{"allow":["GET"]}}],"collection":[{"href":"https:\/\/alanyabilisimhizmetleri.com\/de\/wp-json\/wp\/v2\/pages"}],"about":[{"href":"https:\/\/alanyabilisimhizmetleri.com\/de\/wp-json\/wp\/v2\/types\/page"}],"author":[{"embeddable":true,"href":"https:\/\/alanyabilisimhizmetleri.com\/de\/wp-json\/wp\/v2\/users\/1"}],"replies":[{"embeddable":true,"href":"https:\/\/alanyabilisimhizmetleri.com\/de\/wp-json\/wp\/v2\/comments?post=448"}],"version-history":[{"count":5,"href":"https:\/\/alanyabilisimhizmetleri.com\/de\/wp-json\/wp\/v2\/pages\/448\/revisions"}],"predecessor-version":[{"id":1040,"href":"https:\/\/alanyabilisimhizmetleri.com\/de\/wp-json\/wp\/v2\/pages\/448\/revisions\/1040"}],"wp:featuredmedia":[{"embeddable":true,"href":"https:\/\/alanyabilisimhizmetleri.com\/de\/wp-json\/wp\/v2\/media\/1039"}],"wp:attachment":[{"href":"https:\/\/alanyabilisimhizmetleri.com\/de\/wp-json\/wp\/v2\/media?parent=448"}],"curies":[{"name":"wp","href":"https:\/\/api.w.org\/{rel}","templated":true}]}}