{"id":453,"date":"2025-06-26T13:56:06","date_gmt":"2025-06-26T10:56:06","guid":{"rendered":"https:\/\/alanyabilisimhizmetleri.com\/?page_id=453"},"modified":"2025-06-27T15:45:24","modified_gmt":"2025-06-27T12:45:24","slug":"web-tasarimi","status":"publish","type":"page","link":"https:\/\/alanyabilisimhizmetleri.com\/de\/web-tasarimi\/","title":{"rendered":"Webdesign"},"content":{"rendered":"<div data-elementor-type=\"wp-page\" data-elementor-id=\"453\" class=\"elementor elementor-453\">\n\t\t\t\t<div class=\"aux-parallax-section elementor-element elementor-element-48f7fcd e-flex e-con-boxed elementor-invisible e-con e-parent\" data-id=\"48f7fcd\" data-element_type=\"container\" data-settings=\"{&quot;animation&quot;:&quot;fadeInUp&quot;}\">\n\t\t\t\t\t<div class=\"e-con-inner\">\n\t\t\t\t<div class=\"elementor-element elementor-element-e6f279f elementor-widget elementor-widget-text-editor\" data-id=\"e6f279f\" data-element_type=\"widget\" data-widget_type=\"text-editor.default\">\n\t\t\t\t<div class=\"elementor-widget-container\">\n\t\t\t\t\t\t\t\t\t<header><section><section><h1>Sicherung Ihrer digitalen Transformation<\/h1><\/section><h1>Alanya Information Services: Innovativer und technologischer Ansatz im Webdesign<\/h1><h2>Die Bedeutung des Einsatzes von Technologie im Webdesign<\/h2><p>Im digitalen Zeitalter ist der Einsatz von Technologie im Webdesign-Prozess wichtiger denn je. Webdesign-Technologien haben einen gro\u00dfen Einfluss auf die \u00c4sthetik, Benutzerfreundlichkeit und Gesamtfunktionalit\u00e4t einer Website. Als Alanya Bili\u015fim Hizmetleri nutzen wir f\u00fcr unsere Kunden die neuesten und fortschrittlichsten Technologien in unseren Webdesign-Dienstleistungen.<\/p><h2>Von uns verwendete Technologien und ihre Vorteile<\/h2><h3>HTML5 und CSS3<\/h3><p>HTML5 und CSS3, die Grundlage modernen Webdesigns, sind Technologien, die Webseiten \u00e4sthetisch ansprechend und funktional gestalten. HTML5 unterst\u00fctzt eine Vielzahl von Multimedia-Funktionen, darunter visuelle und akustische Inhalte, w\u00e4hrend CSS3 die Implementierung komplexer Designfunktionen und Animationen erm\u00f6glicht.<\/p><h3>JavaScript und jQuery<\/h3><p>JavaScript erm\u00f6glicht die interaktiven Funktionen einer Website. jQuery ist eine einfachere und zug\u00e4nglichere Version von JavaScript. Diese Technologien werden eingesetzt, um das Benutzererlebnis zu verbessern und die Gesamtfunktionalit\u00e4t der Website zu erh\u00f6hen.<\/p><h3>PHP und MySQL<\/h3><p>Diese serverseitigen Sprachen, die zum Erstellen dynamischer Inhalte auf der Website und zur Erleichterung der Datenbankverwaltung verwendet werden, sind im Webdesign sehr wichtig.<\/p><h2>Technologiebasiertes Webdesign mit Alanya Information Services<\/h2><p>Als Alanya Bili\u015fim Hizmetleri gestalten wir mithilfe dieser und vieler anderer moderner Technologien eine einzigartige, benutzerfreundliche und effektive Website. Wir nutzen Technologien, um die Google-SEO-Kompatibilit\u00e4t Ihrer Website sicherzustellen und die digitale Pr\u00e4senz Ihres Unternehmens zu st\u00e4rken.<\/p><h2>H\u00e4ufig gestellte Fragen zum Webdesign<\/h2><h3>Welche Technologien verwenden Sie und warum?<\/h3><p>Wir verwenden Technologien wie HTML5, CSS3, JavaScript, jQuery, PHP und MySQL, die einen erheblichen Einfluss auf das Design und die Funktionalit\u00e4t einer Website haben. Dank dieser Technologien k\u00f6nnen wir eine \u00e4sthetische, benutzerfreundliche und funktionale Website erstellen.<\/p><h3>Wie priorisieren Sie SEO in Ihrem Webdesign?<\/h3><p>Beim Webdesign legen wir gro\u00dfen Wert auf SEO, um sicherzustellen, dass Ihre Website von Google und anderen Suchmaschinen leicht gefunden wird. Dazu geh\u00f6ren Faktoren wie die Optimierung des Inhalts, die Verwendung geeigneter Schl\u00fcsselw\u00f6rter und eine SEO-freundliche Seitenstruktur.<\/p><h3>F\u00fcr wen sind Ihre Webdesign-Dienste geeignet?<\/h3><p>Wir betreuen ein breites Kundenspektrum \u2013 von Unternehmen bis zu Privatpersonen, von gemeinn\u00fctzigen Organisationen bis zu Beh\u00f6rden. Unabh\u00e4ngig von der Gr\u00f6\u00dfe Ihres Unternehmens k\u00f6nnen wir unsere technologischen M\u00f6glichkeiten nutzen, um eine Website speziell f\u00fcr Sie zu entwickeln.<\/p><h2>Ergebnis: Innovativer Ansatz im Webdesign mit Alanya Information Services<\/h2><p>Der Einsatz von Technologie im Webdesign-Prozess spielt eine entscheidende Rolle f\u00fcr den Erfolg einer Website. Als Alanya Bili\u015fim Hizmetleri erstellen wir f\u00fcr Sie eine beeindruckende, benutzerfreundliche und funktionale Website mit unserem umfassenden Technologiewissen und unserer Erfahrung. Kontaktieren Sie uns, um eine Website zu gestalten, die Ihren Anforderungen entspricht und Ihnen hilft, Ihre Pr\u00e4senz in der digitalen Welt zu st\u00e4rken. Wir begleiten Sie bei der digitalen Transformation Ihres Unternehmens.<\/p><\/section><\/header>\t\t\t\t\t\t\t\t<\/div>\n\t\t\t\t<\/div>\n\t\t\t\t\t<\/div>\n\t\t\t\t<\/div>\n\t\t\t\t<\/div>","protected":false},"excerpt":{"rendered":"<p>Alanya Information Technology Services, die Garantie f\u00fcr Ihre digitale Transformation: Ein innovativer und technologischer Ansatz f\u00fcr Webdesign. Die Bedeutung des Einsatzes von Technologie im Webdesign. Im digitalen Zeitalter ist der Einsatz von Technologie im Webdesign-Prozess wichtiger denn je. Webdesign-Technologien haben einen erheblichen Einfluss auf die \u00c4sthetik, Benutzerfreundlichkeit und Gesamtfunktionalit\u00e4t einer Website. Als Alanya Information Technology Services bieten wir unseren Kunden hochmoderne Webdesign-Dienstleistungen [\u2026]<\/p>","protected":false},"author":1,"featured_media":992,"parent":0,"menu_order":0,"comment_status":"closed","ping_status":"closed","template":"elementor_header_footer","meta":{"footnotes":""},"class_list":["post-453","page","type-page","status-publish","has-post-thumbnail","hentry"],"yoast_head":"<!-- This site is optimized with the Yoast SEO Premium plugin v24.6 (Yoast SEO v25.3.1) - https:\/\/yoast.com\/wordpress\/plugins\/seo\/ -->\n<title>\u00d6zg\u00fcn ve Kullan\u0131c\u0131 Odakl\u0131 Web Tasar\u0131m\u0131 Hizmetleri | Alanya Bili\u015fim Hizmetleri<\/title>\n<meta name=\"description\" content=\"Alanya Bili\u015fim Hizmetleri, Alanya&#039;da \u00f6zg\u00fcn ve kullan\u0131c\u0131 odakl\u0131 web tasar\u0131m\u0131 hizmetleri sunar. Web sitenizin tasar\u0131m\u0131n\u0131 geli\u015ftirmek ve kullan\u0131c\u0131 deneyimini art\u0131rmak i\u00e7in bize ula\u015f\u0131n.\" \/>\n<meta name=\"robots\" content=\"index, follow, max-snippet:-1, max-image-preview:large, max-video-preview:-1\" \/>\n<link rel=\"canonical\" href=\"https:\/\/alanyabilisimhizmetleri.com\/de\/web-tasarimi\/\" \/>\n<meta property=\"og:locale\" content=\"de_DE\" \/>\n<meta property=\"og:type\" content=\"article\" \/>\n<meta property=\"og:title\" content=\"Web Tasar\u0131m\u0131\" \/>\n<meta property=\"og:description\" content=\"Alanya Bili\u015fim Hizmetleri, Alanya&#039;da \u00f6zg\u00fcn ve kullan\u0131c\u0131 odakl\u0131 web tasar\u0131m\u0131 hizmetleri sunar. Web sitenizin tasar\u0131m\u0131n\u0131 geli\u015ftirmek ve kullan\u0131c\u0131 deneyimini art\u0131rmak i\u00e7in bize ula\u015f\u0131n.\" \/>\n<meta property=\"og:url\" content=\"https:\/\/alanyabilisimhizmetleri.com\/de\/web-tasarimi\/\" \/>\n<meta property=\"og:site_name\" content=\"Alanya Yaz\u0131l\u0131m | Alanya Web Tasar\u0131m | Alanya Bili\u015fim Hizmetleri\" \/>\n<meta property=\"article:modified_time\" content=\"2025-06-27T12:45:24+00:00\" \/>\n<meta property=\"og:image\" content=\"https:\/\/alanyabilisimhizmetleri.com\/wp-content\/uploads\/2025\/06\/abh-6.png\" \/>\n\t<meta property=\"og:image:width\" content=\"512\" \/>\n\t<meta property=\"og:image:height\" content=\"512\" \/>\n\t<meta property=\"og:image:type\" content=\"image\/png\" \/>\n<meta name=\"twitter:card\" content=\"summary_large_image\" \/>\n<meta name=\"twitter:label1\" content=\"Gesch\u00e4tzte Lesezeit\" \/>\n\t<meta name=\"twitter:data1\" content=\"3\u00a0Minuten\" \/>\n<script type=\"application\/ld+json\" class=\"yoast-schema-graph\">{\"@context\":\"https:\/\/schema.org\",\"@graph\":[{\"@type\":\"WebPage\",\"@id\":\"https:\/\/alanyabilisimhizmetleri.com\/web-tasarimi\/\",\"url\":\"https:\/\/alanyabilisimhizmetleri.com\/web-tasarimi\/\",\"name\":\"\u00d6zg\u00fcn ve Kullan\u0131c\u0131 Odakl\u0131 Web Tasar\u0131m\u0131 Hizmetleri | Alanya Bili\u015fim Hizmetleri\",\"isPartOf\":{\"@id\":\"https:\/\/alanyabilisimhizmetleri.com\/#website\"},\"primaryImageOfPage\":{\"@id\":\"https:\/\/alanyabilisimhizmetleri.com\/web-tasarimi\/#primaryimage\"},\"image\":{\"@id\":\"https:\/\/alanyabilisimhizmetleri.com\/web-tasarimi\/#primaryimage\"},\"thumbnailUrl\":\"https:\/\/alanyabilisimhizmetleri.com\/wp-content\/uploads\/2025\/06\/abh-6.png\",\"datePublished\":\"2025-06-26T10:56:06+00:00\",\"dateModified\":\"2025-06-27T12:45:24+00:00\",\"description\":\"Alanya Bili\u015fim Hizmetleri, Alanya'da \u00f6zg\u00fcn ve kullan\u0131c\u0131 odakl\u0131 web tasar\u0131m\u0131 hizmetleri sunar. Web sitenizin tasar\u0131m\u0131n\u0131 geli\u015ftirmek ve kullan\u0131c\u0131 deneyimini art\u0131rmak i\u00e7in bize ula\u015f\u0131n.\",\"breadcrumb\":{\"@id\":\"https:\/\/alanyabilisimhizmetleri.com\/web-tasarimi\/#breadcrumb\"},\"inLanguage\":\"de\",\"potentialAction\":[{\"@type\":\"ReadAction\",\"target\":[\"https:\/\/alanyabilisimhizmetleri.com\/web-tasarimi\/\"]}]},{\"@type\":\"ImageObject\",\"inLanguage\":\"de\",\"@id\":\"https:\/\/alanyabilisimhizmetleri.com\/web-tasarimi\/#primaryimage\",\"url\":\"https:\/\/alanyabilisimhizmetleri.com\/wp-content\/uploads\/2025\/06\/abh-6.png\",\"contentUrl\":\"https:\/\/alanyabilisimhizmetleri.com\/wp-content\/uploads\/2025\/06\/abh-6.png\",\"width\":512,\"height\":512,\"caption\":\"Alanya Web Tasar\u0131m\u0131\"},{\"@type\":\"BreadcrumbList\",\"@id\":\"https:\/\/alanyabilisimhizmetleri.com\/web-tasarimi\/#breadcrumb\",\"itemListElement\":[{\"@type\":\"ListItem\",\"position\":1,\"name\":\"Anasayfa\",\"item\":\"https:\/\/alanyabilisimhizmetleri.com\/\"},{\"@type\":\"ListItem\",\"position\":2,\"name\":\"Web Tasar\u0131m\u0131\"}]},{\"@type\":\"WebSite\",\"@id\":\"https:\/\/alanyabilisimhizmetleri.com\/#website\",\"url\":\"https:\/\/alanyabilisimhizmetleri.com\/\",\"name\":\"Alanya Yaz\u0131l\u0131m | Alanya Web Tasar\u0131m | Alanya Bili\u015fim Hizmetleri\",\"description\":\"Alanya Yaz\u0131l\u0131m | Alanya Web Tasar\u0131m | Alanya Bili\u015fim Hizmetleri\",\"publisher\":{\"@id\":\"https:\/\/alanyabilisimhizmetleri.com\/#organization\"},\"potentialAction\":[{\"@type\":\"SearchAction\",\"target\":{\"@type\":\"EntryPoint\",\"urlTemplate\":\"https:\/\/alanyabilisimhizmetleri.com\/?s={search_term_string}\"},\"query-input\":{\"@type\":\"PropertyValueSpecification\",\"valueRequired\":true,\"valueName\":\"search_term_string\"}}],\"inLanguage\":\"de\"},{\"@type\":\"Organization\",\"@id\":\"https:\/\/alanyabilisimhizmetleri.com\/#organization\",\"name\":\"Alanya Yaz\u0131l\u0131m | Alanya Web Tasar\u0131m | Alanya Bili\u015fim Hizmetleri\",\"url\":\"https:\/\/alanyabilisimhizmetleri.com\/\",\"logo\":{\"@type\":\"ImageObject\",\"inLanguage\":\"de\",\"@id\":\"https:\/\/alanyabilisimhizmetleri.com\/#\/schema\/logo\/image\/\",\"url\":\"https:\/\/alanyabilisimhizmetleri.com\/wp-content\/uploads\/2020\/01\/cropped-2.png\",\"contentUrl\":\"https:\/\/alanyabilisimhizmetleri.com\/wp-content\/uploads\/2020\/01\/cropped-2.png\",\"width\":288,\"height\":117,\"caption\":\"Alanya Yaz\u0131l\u0131m | Alanya Web Tasar\u0131m | Alanya Bili\u015fim Hizmetleri\"},\"image\":{\"@id\":\"https:\/\/alanyabilisimhizmetleri.com\/#\/schema\/logo\/image\/\"}}]}<\/script>\n<!-- \/ Yoast SEO Premium plugin. -->","yoast_head_json":{"title":"\u00d6zg\u00fcn ve Kullan\u0131c\u0131 Odakl\u0131 Web Tasar\u0131m\u0131 Hizmetleri | Alanya Bili\u015fim Hizmetleri","description":"Alanya Bili\u015fim Hizmetleri, Alanya'da \u00f6zg\u00fcn ve kullan\u0131c\u0131 odakl\u0131 web tasar\u0131m\u0131 hizmetleri sunar. Web sitenizin tasar\u0131m\u0131n\u0131 geli\u015ftirmek ve kullan\u0131c\u0131 deneyimini art\u0131rmak i\u00e7in bize ula\u015f\u0131n.","robots":{"index":"index","follow":"follow","max-snippet":"max-snippet:-1","max-image-preview":"max-image-preview:large","max-video-preview":"max-video-preview:-1"},"canonical":"https:\/\/alanyabilisimhizmetleri.com\/de\/web-tasarimi\/","og_locale":"de_DE","og_type":"article","og_title":"Web Tasar\u0131m\u0131","og_description":"Alanya Bili\u015fim Hizmetleri, Alanya'da \u00f6zg\u00fcn ve kullan\u0131c\u0131 odakl\u0131 web tasar\u0131m\u0131 hizmetleri sunar. Web sitenizin tasar\u0131m\u0131n\u0131 geli\u015ftirmek ve kullan\u0131c\u0131 deneyimini art\u0131rmak i\u00e7in bize ula\u015f\u0131n.","og_url":"https:\/\/alanyabilisimhizmetleri.com\/de\/web-tasarimi\/","og_site_name":"Alanya Yaz\u0131l\u0131m | Alanya Web Tasar\u0131m | Alanya Bili\u015fim Hizmetleri","article_modified_time":"2025-06-27T12:45:24+00:00","og_image":[{"width":512,"height":512,"url":"https:\/\/alanyabilisimhizmetleri.com\/wp-content\/uploads\/2025\/06\/abh-6.png","type":"image\/png"}],"twitter_card":"summary_large_image","twitter_misc":{"Gesch\u00e4tzte Lesezeit":"3\u00a0Minuten"},"schema":{"@context":"https:\/\/schema.org","@graph":[{"@type":"WebPage","@id":"https:\/\/alanyabilisimhizmetleri.com\/web-tasarimi\/","url":"https:\/\/alanyabilisimhizmetleri.com\/web-tasarimi\/","name":"\u00d6zg\u00fcn ve Kullan\u0131c\u0131 Odakl\u0131 Web Tasar\u0131m\u0131 Hizmetleri | Alanya Bili\u015fim Hizmetleri","isPartOf":{"@id":"https:\/\/alanyabilisimhizmetleri.com\/#website"},"primaryImageOfPage":{"@id":"https:\/\/alanyabilisimhizmetleri.com\/web-tasarimi\/#primaryimage"},"image":{"@id":"https:\/\/alanyabilisimhizmetleri.com\/web-tasarimi\/#primaryimage"},"thumbnailUrl":"https:\/\/alanyabilisimhizmetleri.com\/wp-content\/uploads\/2025\/06\/abh-6.png","datePublished":"2025-06-26T10:56:06+00:00","dateModified":"2025-06-27T12:45:24+00:00","description":"Alanya Bili\u015fim Hizmetleri, Alanya'da \u00f6zg\u00fcn ve kullan\u0131c\u0131 odakl\u0131 web tasar\u0131m\u0131 hizmetleri sunar. Web sitenizin tasar\u0131m\u0131n\u0131 geli\u015ftirmek ve kullan\u0131c\u0131 deneyimini art\u0131rmak i\u00e7in bize ula\u015f\u0131n.","breadcrumb":{"@id":"https:\/\/alanyabilisimhizmetleri.com\/web-tasarimi\/#breadcrumb"},"inLanguage":"de","potentialAction":[{"@type":"ReadAction","target":["https:\/\/alanyabilisimhizmetleri.com\/web-tasarimi\/"]}]},{"@type":"ImageObject","inLanguage":"de","@id":"https:\/\/alanyabilisimhizmetleri.com\/web-tasarimi\/#primaryimage","url":"https:\/\/alanyabilisimhizmetleri.com\/wp-content\/uploads\/2025\/06\/abh-6.png","contentUrl":"https:\/\/alanyabilisimhizmetleri.com\/wp-content\/uploads\/2025\/06\/abh-6.png","width":512,"height":512,"caption":"Alanya Web Tasar\u0131m\u0131"},{"@type":"BreadcrumbList","@id":"https:\/\/alanyabilisimhizmetleri.com\/web-tasarimi\/#breadcrumb","itemListElement":[{"@type":"ListItem","position":1,"name":"Anasayfa","item":"https:\/\/alanyabilisimhizmetleri.com\/"},{"@type":"ListItem","position":2,"name":"Web Tasar\u0131m\u0131"}]},{"@type":"WebSite","@id":"https:\/\/alanyabilisimhizmetleri.com\/#website","url":"https:\/\/alanyabilisimhizmetleri.com\/","name":"Alanya Yaz\u0131l\u0131m | Alanya Web Tasar\u0131m | Alanya Bili\u015fim Hizmetleri","description":"Alanya Yaz\u0131l\u0131m | Alanya Web Tasar\u0131m | Alanya Bili\u015fim Hizmetleri","publisher":{"@id":"https:\/\/alanyabilisimhizmetleri.com\/#organization"},"potentialAction":[{"@type":"SearchAction","target":{"@type":"EntryPoint","urlTemplate":"https:\/\/alanyabilisimhizmetleri.com\/?s={search_term_string}"},"query-input":{"@type":"PropertyValueSpecification","valueRequired":true,"valueName":"search_term_string"}}],"inLanguage":"de"},{"@type":"Organization","@id":"https:\/\/alanyabilisimhizmetleri.com\/#organization","name":"Alanya Yaz\u0131l\u0131m | Alanya Web Tasar\u0131m | Alanya Bili\u015fim Hizmetleri","url":"https:\/\/alanyabilisimhizmetleri.com\/","logo":{"@type":"ImageObject","inLanguage":"de","@id":"https:\/\/alanyabilisimhizmetleri.com\/#\/schema\/logo\/image\/","url":"https:\/\/alanyabilisimhizmetleri.com\/wp-content\/uploads\/2020\/01\/cropped-2.png","contentUrl":"https:\/\/alanyabilisimhizmetleri.com\/wp-content\/uploads\/2020\/01\/cropped-2.png","width":288,"height":117,"caption":"Alanya Yaz\u0131l\u0131m | Alanya Web Tasar\u0131m | Alanya Bili\u015fim Hizmetleri"},"image":{"@id":"https:\/\/alanyabilisimhizmetleri.com\/#\/schema\/logo\/image\/"}}]}},"_links":{"self":[{"href":"https:\/\/alanyabilisimhizmetleri.com\/de\/wp-json\/wp\/v2\/pages\/453","targetHints":{"allow":["GET"]}}],"collection":[{"href":"https:\/\/alanyabilisimhizmetleri.com\/de\/wp-json\/wp\/v2\/pages"}],"about":[{"href":"https:\/\/alanyabilisimhizmetleri.com\/de\/wp-json\/wp\/v2\/types\/page"}],"author":[{"embeddable":true,"href":"https:\/\/alanyabilisimhizmetleri.com\/de\/wp-json\/wp\/v2\/users\/1"}],"replies":[{"embeddable":true,"href":"https:\/\/alanyabilisimhizmetleri.com\/de\/wp-json\/wp\/v2\/comments?post=453"}],"version-history":[{"count":5,"href":"https:\/\/alanyabilisimhizmetleri.com\/de\/wp-json\/wp\/v2\/pages\/453\/revisions"}],"predecessor-version":[{"id":1041,"href":"https:\/\/alanyabilisimhizmetleri.com\/de\/wp-json\/wp\/v2\/pages\/453\/revisions\/1041"}],"wp:featuredmedia":[{"embeddable":true,"href":"https:\/\/alanyabilisimhizmetleri.com\/de\/wp-json\/wp\/v2\/media\/992"}],"wp:attachment":[{"href":"https:\/\/alanyabilisimhizmetleri.com\/de\/wp-json\/wp\/v2\/media?parent=453"}],"curies":[{"name":"wp","href":"https:\/\/api.w.org\/{rel}","templated":true}]}}