{"id":907,"date":"2025-06-27T04:11:08","date_gmt":"2025-06-27T01:11:08","guid":{"rendered":"https:\/\/alanyabilisimhizmetleri.com\/?page_id=907"},"modified":"2025-06-27T15:44:30","modified_gmt":"2025-06-27T12:44:30","slug":"sikca-sorulan-sorular","status":"publish","type":"page","link":"https:\/\/alanyabilisimhizmetleri.com\/de\/sikca-sorulan-sorular\/","title":{"rendered":"H\u00e4ufig gestellte Fragen"},"content":{"rendered":"<div data-elementor-type=\"wp-page\" data-elementor-id=\"907\" class=\"elementor elementor-907\">\n\t\t\t\t<div class=\"aux-parallax-section elementor-element elementor-element-cf892ce e-con-full e-flex e-con e-parent\" data-id=\"cf892ce\" data-element_type=\"container\" data-settings=\"{&quot;background_background&quot;:&quot;classic&quot;}\">\n\t\t<div class=\"elementor-element elementor-element-4f37eca e-con-full e-flex e-con e-child\" data-id=\"4f37eca\" data-element_type=\"container\">\n\t\t\t\t<div class=\"aux-scroll-anim elementor-element elementor-element-3eac997 aux-appear-watch-animation aux-scale-down-1 elementor-widget elementor-widget-aux_modern_heading\" data-move-in=\"\" data-move-out=\"scale\" data-axis-x=\"200\" data-axis-y=\"200\" data-rotate=\"90\" data-scale=\"0.8\" data-vp-top=\"0.5\" data-vp-bot=\"0.5\" data-el-top=\"0.2\" data-scroll-animation-off=\"1024\" data-id=\"3eac997\" data-element_type=\"widget\" data-widget_type=\"aux_modern_heading.default\">\n\t\t\t\t<div class=\"elementor-widget-container\">\n\t\t\t\t\t<section class=\"aux-widget-modern-heading\">\n            <div class=\"aux-widget-inner\"><h1 class=\"aux-modern-heading-primary\">H\u00e4ufig gestellte Fragen<\/h1><\/div>\n        <\/section>\t\t\t\t<\/div>\n\t\t\t\t<\/div>\n\t\t\t\t<\/div>\n\t\t\t\t<\/div>\n\t\t<div class=\"aux-parallax-section elementor-element elementor-element-5c9ecce e-flex e-con-boxed e-con e-parent\" data-id=\"5c9ecce\" data-element_type=\"container\">\n\t\t\t\t\t<div class=\"e-con-inner\">\n\t\t\t\t<div class=\"elementor-element elementor-element-cf62f84 elementor-widget elementor-widget-aux_faq\" data-id=\"cf62f84\" data-element_type=\"widget\" data-widget_type=\"aux_faq.default\">\n\t\t\t\t<div class=\"elementor-widget-container\">\n\t\t\t\t\t<section class=\"widget-container aux-widget-faq aux-widget-accordion aux-parent-au8b67e000\" style=\"\" ><div id=\"6a086e0f717e1\" data-element-id=\"au8b67e000\" class=\"aux-isotope-faq aux-isotope-animated widget-toggle aux-accordion-simple\" data-lazyload=\"true\" data-space=\"0\" data-pagination=\"true\" data-deeplink=\"true\" data-slug=\"\" data-perpage=\"10\" data-reveal-transition-duration=\"600\" data-reveal-between-delay=\"70\" data-hide-transition-duration=\"600\" data-hide-between-delay=\"70\"> <div class=\"aux-items-loading\"><div class=\"aux-loading-loop\"><svg class=\"aux-circle\" width=\"100%\" height=\"100%\" viewbox=\"0 0 42 42\"><circle class=\"aux-stroke-bg\" r=\"20\" cx=\"21\" cy=\"21\" fill=\"none\"><\/circle><circle class=\"aux-progress\" r=\"20\" cx=\"21\" cy=\"21\" fill=\"none\" transform=\"rotate(-90 21 21)\"><\/circle><\/svg><\/div><\/div><div class=\"aux-faq-item aux-iso-item aux-loading\"><h4 class=\"aux-faq-item-header toggle-header\">Frage: Was sind Ihre SEO-Dienste und wie funktionieren sie?<span class=\"aux-accordion-indicator\"><\/span><\/h4><div class=\"aux-faq-item-content toggle-content\"><div class=\"aux-faq-item aux-iso-item alanya-bilisim-hizmetleri soru-seo-hizmetleriniz-nelerdir-ve-bu-hizmetler-nasil-isler aux-iso-visible active\">\n<div class=\"acc-content-wrap\">\n<div class=\"aux-faq-item-content toggle-content\">\n<p>Antwort: Unsere Google SEO-Services erm\u00f6glichen Ihrer Website ein h\u00f6heres Ranking in der Google-Suchmaschine. Wir erh\u00f6hen die Sichtbarkeit Ihrer Website mit Methoden wie Keyword-Analyse, Content-Optimierung, technischem SEO und Linkaufbau.<\/p>\n<\/div>\n<\/div>\n<div class=\"clear\"><\/div>\n<\/div>\n<div class=\"aux-faq-item aux-iso-item alanya-bilisim-hizmetleri soru-web-sitesi-tasarimi-konusunda-neden-alanya-bilisim-hizmetlerini-secmeliyim aux-iso-visible\"><\/div>\n<\/div><div class=\"clear\"><\/div><\/div><div class=\"aux-faq-item aux-iso-item aux-loading\"><h4 class=\"aux-faq-item-header toggle-header\">Frage: Was kann ich von Ihrem Social Media Management-Service erwarten?<span class=\"aux-accordion-indicator\"><\/span><\/h4><div class=\"aux-faq-item-content toggle-content\"><div class=\"aux-faq-item aux-iso-item alanya-bilisim-hizmetleri soru-sosyal-medya-yonetimi-hizmetinizden-ne-bekleyebilirim aux-iso-visible active\">\n<div class=\"acc-content-wrap\">\n<div class=\"aux-faq-item-content toggle-content\">\n<p>Antwort: Unsere Social-Media-Management-Services unterst\u00fctzen Ihre Marke dabei, eine effektive Pr\u00e4senz in den sozialen Medien aufzubauen. Wir bieten Content-Erstellung, Post-Planung, Community-Management und die Entwicklung von Strategien zur Steigerung des Engagements.<\/p>\n<\/div>\n<\/div>\n<div class=\"clear\"><\/div>\n<\/div>\n<div class=\"aux-faq-item aux-iso-item alanya-bilisim-hizmetleri soru-seo-hizmetleriniz-nelerdir-ve-bu-hizmetler-nasil-isler aux-iso-visible\"><\/div>\n<\/div><div class=\"clear\"><\/div><\/div><div class=\"aux-faq-item aux-iso-item aux-loading\"><h4 class=\"aux-faq-item-header toggle-header\">Frage: Welche Dienstleistungen bieten Sie im Bereich Cybersicherheit an?<span class=\"aux-accordion-indicator\"><\/span><\/h4><div class=\"aux-faq-item-content toggle-content\"><div class=\"aux-faq-item aux-iso-item alanya-bilisim-hizmetleri soru-siber-guvenlik-konusunda-ne-tur-hizmetler-sunuyorsunuz aux-iso-visible active\">\n<div class=\"acc-content-wrap\">\n<div class=\"aux-faq-item-content toggle-content\">\n<p>Antwort: Mit unseren Cybersicherheitsdiensten sch\u00fctzen wir die digitalen Ressourcen Ihres Unternehmens. Unser Team ist auf Datenschutz, Netzwerksicherheit und Strategien zur Abwehr von Sicherheitsverletzungen spezialisiert und gew\u00e4hrleistet so die Sicherheit Ihres Unternehmens.<\/p>\n<\/div>\n<\/div>\n<div class=\"clear\"><\/div>\n<\/div>\n<div class=\"aux-faq-item aux-iso-item alanya-bilisim-hizmetleri soru-sosyal-medya-yonetimi-hizmetinizden-ne-bekleyebilirim aux-iso-visible\"><\/div>\n<\/div><div class=\"clear\"><\/div><\/div><div class=\"aux-faq-item aux-iso-item aux-loading\"><h4 class=\"aux-faq-item-header toggle-header\">Frage: Was sind Ihre Domain- und Hosting-Registrierungsdienste?<span class=\"aux-accordion-indicator\"><\/span><\/h4><div class=\"aux-faq-item-content toggle-content\"><div class=\"aux-faq-item aux-iso-item alanya-bilisim-hizmetleri soru-domain-hosting-kayitlari-hizmetleriniz-nelerdir aux-iso-visible active\">\n<div class=\"acc-content-wrap\">\n<div class=\"aux-faq-item-content toggle-content\">\n<p>Antwort: Unsere Domain- und Hosting-Registrierungsdienste sorgen daf\u00fcr, dass Ihre Website reibungslos l\u00e4uft. Unsere zuverl\u00e4ssigen und schnellen Server sorgen daf\u00fcr, dass Ihre Website immer erreichbar ist und eine optimale Leistung bietet.<\/p>\n<\/div>\n<\/div>\n<div class=\"clear\"><\/div>\n<\/div>\n<div class=\"aux-faq-item aux-iso-item alanya-bilisim-hizmetleri soru-logo-tasarim-hizmetinizden-ne-bekleyebilirim aux-iso-visible\"><\/div>\n<\/div><div class=\"clear\"><\/div><\/div><div class=\"aux-faq-item aux-iso-item aux-loading\"><h4 class=\"aux-faq-item-header toggle-header\">Frage: Welche Vorteile bieten digitale Marketingdienste?<span class=\"aux-accordion-indicator\"><\/span><\/h4><div class=\"aux-faq-item-content toggle-content\"><div class=\"aux-faq-item aux-iso-item alanya-bilisim-hizmetleri soru-dijital-pazarlama-hizmetleri-ne-tur-avantajlar-saglar aux-iso-visible active\">\n<div class=\"acc-content-wrap\">\n<div class=\"aux-faq-item-content toggle-content\">\n<p>Antwort: Mit unseren digitalen Marketingservices k\u00f6nnen Sie eine gr\u00f6\u00dfere Zielgruppe erreichen, Ihre Markenbekanntheit steigern und Ihre Online-Verk\u00e4ufe ankurbeln.<\/p>\n<\/div>\n<\/div>\n<div class=\"clear\"><\/div>\n<\/div>\n<div class=\"aux-faq-item aux-iso-item alanya-bilisim-hizmetleri soru-domain-hosting-kayitlari-hizmetleriniz-nelerdir aux-iso-visible\"><\/div>\n<\/div><div class=\"clear\"><\/div><\/div><div class=\"aux-faq-item aux-iso-item aux-loading\"><h4 class=\"aux-faq-item-header toggle-header\">Frage: Was ist Ihr kundenspezifischer Softwareservice?<span class=\"aux-accordion-indicator\"><\/span><\/h4><div class=\"aux-faq-item-content toggle-content\"><div class=\"aux-faq-item aux-iso-item alanya-bilisim-hizmetleri soru-ozel-yazilim-hizmetiniz-nedir aux-iso-visible active\">\n<div class=\"acc-content-wrap\">\n<div class=\"aux-faq-item-content toggle-content\">\n<p>Antwort: Mit unseren speziellen Software-Services bieten wir L\u00f6sungen f\u00fcr die spezifischen Bed\u00fcrfnisse Ihres Unternehmens. Wir bieten Ihnen die M\u00f6glichkeit, Ihre Gesch\u00e4ftsprozesse zu automatisieren und die Effizienz mit einer auf Ihre Bed\u00fcrfnisse zugeschnittenen Software zu steigern.<\/p>\n<\/div>\n<\/div>\n<div class=\"clear\"><\/div>\n<\/div>\n<div class=\"aux-faq-item aux-iso-item alanya-bilisim-hizmetleri soru-dijital-pazarlama-hizmetleri-ne-tur-avantajlar-saglar aux-iso-visible\"><\/div>\n<\/div><div class=\"clear\"><\/div><\/div><div class=\"aux-faq-item aux-iso-item aux-loading\"><h4 class=\"aux-faq-item-header toggle-header\">Frage: Was ist Website-Optimierung und warum ist sie wichtig?<span class=\"aux-accordion-indicator\"><\/span><\/h4><div class=\"aux-faq-item-content toggle-content\"><div class=\"aux-faq-item aux-iso-item alanya-bilisim-hizmetleri soru-web-sitesi-optimizasyonu-nedir-ve-neden-onemlidir aux-iso-visible active\">\n<div class=\"acc-content-wrap\">\n<div class=\"aux-faq-item-content toggle-content\">\n<p>Antwort: Website-Optimierung ist der Prozess, die Leistung Ihrer Website zu verbessern. Eine SEO-freundliche Website wird in Suchmaschinen h\u00f6her eingestuft, was mehr Verkehr und potenzielle Kunden bedeutet.<\/p>\n<\/div>\n<\/div>\n<div class=\"clear\"><\/div>\n<\/div>\n<div class=\"aux-faq-item aux-iso-item alanya-bilisim-hizmetleri soru-ozel-yazilim-hizmetiniz-nedir aux-iso-visible\"><\/div>\n<\/div><div class=\"clear\"><\/div><\/div><div class=\"aux-faq-item aux-iso-item aux-loading\"><h4 class=\"aux-faq-item-header toggle-header\">Frage: Welche Leistungen umfasst Ihr Markenmanagement-Service?<span class=\"aux-accordion-indicator\"><\/span><\/h4><div class=\"aux-faq-item-content toggle-content\"><div class=\"aux-faq-item aux-iso-item alanya-bilisim-hizmetleri soru-marka-yonetimi-hizmetiniz-ne-tur-hizmetler-icerir aux-iso-visible active\">\n<div class=\"acc-content-wrap\">\n<div class=\"aux-faq-item-content toggle-content\">\n<p>Antwort: Unsere Markenmanagement-Dienstleistungen umfassen die Schaffung und St\u00e4rkung Ihrer Markenidentit\u00e4t, die Entwicklung von Markenstrategien und die Steigerung der Markenbekanntheit.<\/p>\n<\/div>\n<\/div>\n<div class=\"clear\"><\/div>\n<\/div>\n<\/div><div class=\"clear\"><\/div><\/div><\/div><\/section><!-- widget-container -->\t\t\t\t<\/div>\n\t\t\t\t<\/div>\n\t\t\t\t\t<\/div>\n\t\t\t\t<\/div>\n\t\t\t\t<\/div>","protected":false},"excerpt":{"rendered":"<p>H\u00e4ufig gestellte Fragen Frage: Was sind Ihre SEO-Services und wie funktionieren sie? Antwort: Unsere Google SEO-Services helfen Ihrer Website, ein h\u00f6heres Ranking in der Google-Suchmaschine zu erzielen. Wir erh\u00f6hen die Sichtbarkeit Ihrer Website durch Methoden wie Keyword-Analyse, Content-Optimierung, technisches SEO und Linkaufbau. Frage: Was kann ich von Ihrem Social-Media-Management-Service erwarten? Antwort: Unsere Social-Media-Management-Services helfen Ihrer Marke [\u2026]<\/p>","protected":false},"author":1,"featured_media":1035,"parent":0,"menu_order":0,"comment_status":"closed","ping_status":"closed","template":"elementor_header_footer","meta":{"footnotes":""},"class_list":["post-907","page","type-page","status-publish","has-post-thumbnail","hentry"],"yoast_head":"<!-- This site is optimized with the Yoast SEO Premium plugin v24.6 (Yoast SEO v25.3.1) - https:\/\/yoast.com\/wordpress\/plugins\/seo\/ -->\n<title>S\u0131k\u00e7a Sorulan Sorular - Alanya Yaz\u0131l\u0131m | Alanya Web Tasar\u0131m | Alanya Bili\u015fim Hizmetleri<\/title>\n<meta name=\"description\" content=\"Alanya\u2019da i\u015fletmeniz i\u00e7in profesyonel \u00e7\u00f6z\u00fcmler sunuyoruz. Alanya Bili\u015fim Hizmetleri dijital varl\u0131\u011f\u0131n\u0131z\u0131 g\u00fc\u00e7lendirin. S\u0131k\u00e7a sorulan sorular i\u00e7in hemen ileti\u015fime ge\u00e7in!\" \/>\n<meta name=\"robots\" content=\"index, follow, max-snippet:-1, max-image-preview:large, max-video-preview:-1\" \/>\n<link rel=\"canonical\" href=\"https:\/\/alanyabilisimhizmetleri.com\/de\/sikca-sorulan-sorular\/\" \/>\n<meta property=\"og:locale\" content=\"de_DE\" \/>\n<meta property=\"og:type\" content=\"article\" \/>\n<meta property=\"og:title\" content=\"S\u0131k\u00e7a Sorulan Sorular\" \/>\n<meta property=\"og:description\" content=\"Alanya\u2019da i\u015fletmeniz i\u00e7in profesyonel \u00e7\u00f6z\u00fcmler sunuyoruz. Alanya Bili\u015fim Hizmetleri dijital varl\u0131\u011f\u0131n\u0131z\u0131 g\u00fc\u00e7lendirin. S\u0131k\u00e7a sorulan sorular i\u00e7in hemen ileti\u015fime ge\u00e7in!\" \/>\n<meta property=\"og:url\" content=\"https:\/\/alanyabilisimhizmetleri.com\/de\/sikca-sorulan-sorular\/\" \/>\n<meta property=\"og:site_name\" content=\"Alanya Yaz\u0131l\u0131m | Alanya Web Tasar\u0131m | Alanya Bili\u015fim Hizmetleri\" \/>\n<meta property=\"article:modified_time\" content=\"2025-06-27T12:44:30+00:00\" \/>\n<meta property=\"og:image\" content=\"https:\/\/alanyabilisimhizmetleri.com\/wp-content\/uploads\/2025\/06\/abh-25.png\" \/>\n\t<meta property=\"og:image:width\" content=\"512\" \/>\n\t<meta property=\"og:image:height\" content=\"512\" \/>\n\t<meta property=\"og:image:type\" content=\"image\/png\" \/>\n<meta name=\"twitter:card\" content=\"summary_large_image\" \/>\n<meta name=\"twitter:label1\" content=\"Gesch\u00e4tzte Lesezeit\" \/>\n\t<meta name=\"twitter:data1\" content=\"2\u00a0Minuten\" \/>\n<script type=\"application\/ld+json\" class=\"yoast-schema-graph\">{\"@context\":\"https:\/\/schema.org\",\"@graph\":[{\"@type\":\"WebPage\",\"@id\":\"https:\/\/alanyabilisimhizmetleri.com\/sikca-sorulan-sorular\/\",\"url\":\"https:\/\/alanyabilisimhizmetleri.com\/sikca-sorulan-sorular\/\",\"name\":\"S\u0131k\u00e7a Sorulan Sorular - Alanya Yaz\u0131l\u0131m | Alanya Web Tasar\u0131m | Alanya Bili\u015fim Hizmetleri\",\"isPartOf\":{\"@id\":\"https:\/\/alanyabilisimhizmetleri.com\/#website\"},\"primaryImageOfPage\":{\"@id\":\"https:\/\/alanyabilisimhizmetleri.com\/sikca-sorulan-sorular\/#primaryimage\"},\"image\":{\"@id\":\"https:\/\/alanyabilisimhizmetleri.com\/sikca-sorulan-sorular\/#primaryimage\"},\"thumbnailUrl\":\"https:\/\/alanyabilisimhizmetleri.com\/wp-content\/uploads\/2025\/06\/abh-25.png\",\"datePublished\":\"2025-06-27T01:11:08+00:00\",\"dateModified\":\"2025-06-27T12:44:30+00:00\",\"description\":\"Alanya\u2019da i\u015fletmeniz i\u00e7in profesyonel \u00e7\u00f6z\u00fcmler sunuyoruz. Alanya Bili\u015fim Hizmetleri dijital varl\u0131\u011f\u0131n\u0131z\u0131 g\u00fc\u00e7lendirin. S\u0131k\u00e7a sorulan sorular i\u00e7in hemen ileti\u015fime ge\u00e7in!\",\"breadcrumb\":{\"@id\":\"https:\/\/alanyabilisimhizmetleri.com\/sikca-sorulan-sorular\/#breadcrumb\"},\"inLanguage\":\"de\",\"potentialAction\":[{\"@type\":\"ReadAction\",\"target\":[\"https:\/\/alanyabilisimhizmetleri.com\/sikca-sorulan-sorular\/\"]}]},{\"@type\":\"ImageObject\",\"inLanguage\":\"de\",\"@id\":\"https:\/\/alanyabilisimhizmetleri.com\/sikca-sorulan-sorular\/#primaryimage\",\"url\":\"https:\/\/alanyabilisimhizmetleri.com\/wp-content\/uploads\/2025\/06\/abh-25.png\",\"contentUrl\":\"https:\/\/alanyabilisimhizmetleri.com\/wp-content\/uploads\/2025\/06\/abh-25.png\",\"width\":512,\"height\":512,\"caption\":\"S\u0131k\u00e7a Sorulan Sorular\"},{\"@type\":\"BreadcrumbList\",\"@id\":\"https:\/\/alanyabilisimhizmetleri.com\/sikca-sorulan-sorular\/#breadcrumb\",\"itemListElement\":[{\"@type\":\"ListItem\",\"position\":1,\"name\":\"Anasayfa\",\"item\":\"https:\/\/alanyabilisimhizmetleri.com\/\"},{\"@type\":\"ListItem\",\"position\":2,\"name\":\"S\u0131k\u00e7a Sorulan Sorular\"}]},{\"@type\":\"WebSite\",\"@id\":\"https:\/\/alanyabilisimhizmetleri.com\/#website\",\"url\":\"https:\/\/alanyabilisimhizmetleri.com\/\",\"name\":\"Alanya Yaz\u0131l\u0131m | Alanya Web Tasar\u0131m | Alanya Bili\u015fim Hizmetleri\",\"description\":\"Alanya Yaz\u0131l\u0131m | Alanya Web Tasar\u0131m | Alanya Bili\u015fim Hizmetleri\",\"publisher\":{\"@id\":\"https:\/\/alanyabilisimhizmetleri.com\/#organization\"},\"potentialAction\":[{\"@type\":\"SearchAction\",\"target\":{\"@type\":\"EntryPoint\",\"urlTemplate\":\"https:\/\/alanyabilisimhizmetleri.com\/?s={search_term_string}\"},\"query-input\":{\"@type\":\"PropertyValueSpecification\",\"valueRequired\":true,\"valueName\":\"search_term_string\"}}],\"inLanguage\":\"de\"},{\"@type\":\"Organization\",\"@id\":\"https:\/\/alanyabilisimhizmetleri.com\/#organization\",\"name\":\"Alanya Yaz\u0131l\u0131m | Alanya Web Tasar\u0131m | Alanya Bili\u015fim Hizmetleri\",\"url\":\"https:\/\/alanyabilisimhizmetleri.com\/\",\"logo\":{\"@type\":\"ImageObject\",\"inLanguage\":\"de\",\"@id\":\"https:\/\/alanyabilisimhizmetleri.com\/#\/schema\/logo\/image\/\",\"url\":\"https:\/\/alanyabilisimhizmetleri.com\/wp-content\/uploads\/2020\/01\/cropped-2.png\",\"contentUrl\":\"https:\/\/alanyabilisimhizmetleri.com\/wp-content\/uploads\/2020\/01\/cropped-2.png\",\"width\":288,\"height\":117,\"caption\":\"Alanya Yaz\u0131l\u0131m | Alanya Web Tasar\u0131m | Alanya Bili\u015fim Hizmetleri\"},\"image\":{\"@id\":\"https:\/\/alanyabilisimhizmetleri.com\/#\/schema\/logo\/image\/\"}}]}<\/script>\n<!-- \/ Yoast SEO Premium plugin. -->","yoast_head_json":{"title":"S\u0131k\u00e7a Sorulan Sorular - Alanya Yaz\u0131l\u0131m | Alanya Web Tasar\u0131m | Alanya Bili\u015fim Hizmetleri","description":"Alanya\u2019da i\u015fletmeniz i\u00e7in profesyonel \u00e7\u00f6z\u00fcmler sunuyoruz. Alanya Bili\u015fim Hizmetleri dijital varl\u0131\u011f\u0131n\u0131z\u0131 g\u00fc\u00e7lendirin. S\u0131k\u00e7a sorulan sorular i\u00e7in hemen ileti\u015fime ge\u00e7in!","robots":{"index":"index","follow":"follow","max-snippet":"max-snippet:-1","max-image-preview":"max-image-preview:large","max-video-preview":"max-video-preview:-1"},"canonical":"https:\/\/alanyabilisimhizmetleri.com\/de\/sikca-sorulan-sorular\/","og_locale":"de_DE","og_type":"article","og_title":"S\u0131k\u00e7a Sorulan Sorular","og_description":"Alanya\u2019da i\u015fletmeniz i\u00e7in profesyonel \u00e7\u00f6z\u00fcmler sunuyoruz. Alanya Bili\u015fim Hizmetleri dijital varl\u0131\u011f\u0131n\u0131z\u0131 g\u00fc\u00e7lendirin. S\u0131k\u00e7a sorulan sorular i\u00e7in hemen ileti\u015fime ge\u00e7in!","og_url":"https:\/\/alanyabilisimhizmetleri.com\/de\/sikca-sorulan-sorular\/","og_site_name":"Alanya Yaz\u0131l\u0131m | Alanya Web Tasar\u0131m | Alanya Bili\u015fim Hizmetleri","article_modified_time":"2025-06-27T12:44:30+00:00","og_image":[{"width":512,"height":512,"url":"https:\/\/alanyabilisimhizmetleri.com\/wp-content\/uploads\/2025\/06\/abh-25.png","type":"image\/png"}],"twitter_card":"summary_large_image","twitter_misc":{"Gesch\u00e4tzte Lesezeit":"2\u00a0Minuten"},"schema":{"@context":"https:\/\/schema.org","@graph":[{"@type":"WebPage","@id":"https:\/\/alanyabilisimhizmetleri.com\/sikca-sorulan-sorular\/","url":"https:\/\/alanyabilisimhizmetleri.com\/sikca-sorulan-sorular\/","name":"S\u0131k\u00e7a Sorulan Sorular - Alanya Yaz\u0131l\u0131m | Alanya Web Tasar\u0131m | Alanya Bili\u015fim Hizmetleri","isPartOf":{"@id":"https:\/\/alanyabilisimhizmetleri.com\/#website"},"primaryImageOfPage":{"@id":"https:\/\/alanyabilisimhizmetleri.com\/sikca-sorulan-sorular\/#primaryimage"},"image":{"@id":"https:\/\/alanyabilisimhizmetleri.com\/sikca-sorulan-sorular\/#primaryimage"},"thumbnailUrl":"https:\/\/alanyabilisimhizmetleri.com\/wp-content\/uploads\/2025\/06\/abh-25.png","datePublished":"2025-06-27T01:11:08+00:00","dateModified":"2025-06-27T12:44:30+00:00","description":"Alanya\u2019da i\u015fletmeniz i\u00e7in profesyonel \u00e7\u00f6z\u00fcmler sunuyoruz. Alanya Bili\u015fim Hizmetleri dijital varl\u0131\u011f\u0131n\u0131z\u0131 g\u00fc\u00e7lendirin. S\u0131k\u00e7a sorulan sorular i\u00e7in hemen ileti\u015fime ge\u00e7in!","breadcrumb":{"@id":"https:\/\/alanyabilisimhizmetleri.com\/sikca-sorulan-sorular\/#breadcrumb"},"inLanguage":"de","potentialAction":[{"@type":"ReadAction","target":["https:\/\/alanyabilisimhizmetleri.com\/sikca-sorulan-sorular\/"]}]},{"@type":"ImageObject","inLanguage":"de","@id":"https:\/\/alanyabilisimhizmetleri.com\/sikca-sorulan-sorular\/#primaryimage","url":"https:\/\/alanyabilisimhizmetleri.com\/wp-content\/uploads\/2025\/06\/abh-25.png","contentUrl":"https:\/\/alanyabilisimhizmetleri.com\/wp-content\/uploads\/2025\/06\/abh-25.png","width":512,"height":512,"caption":"S\u0131k\u00e7a Sorulan Sorular"},{"@type":"BreadcrumbList","@id":"https:\/\/alanyabilisimhizmetleri.com\/sikca-sorulan-sorular\/#breadcrumb","itemListElement":[{"@type":"ListItem","position":1,"name":"Anasayfa","item":"https:\/\/alanyabilisimhizmetleri.com\/"},{"@type":"ListItem","position":2,"name":"S\u0131k\u00e7a Sorulan Sorular"}]},{"@type":"WebSite","@id":"https:\/\/alanyabilisimhizmetleri.com\/#website","url":"https:\/\/alanyabilisimhizmetleri.com\/","name":"Alanya Yaz\u0131l\u0131m | Alanya Web Tasar\u0131m | Alanya Bili\u015fim Hizmetleri","description":"Alanya Yaz\u0131l\u0131m | Alanya Web Tasar\u0131m | Alanya Bili\u015fim Hizmetleri","publisher":{"@id":"https:\/\/alanyabilisimhizmetleri.com\/#organization"},"potentialAction":[{"@type":"SearchAction","target":{"@type":"EntryPoint","urlTemplate":"https:\/\/alanyabilisimhizmetleri.com\/?s={search_term_string}"},"query-input":{"@type":"PropertyValueSpecification","valueRequired":true,"valueName":"search_term_string"}}],"inLanguage":"de"},{"@type":"Organization","@id":"https:\/\/alanyabilisimhizmetleri.com\/#organization","name":"Alanya Yaz\u0131l\u0131m | Alanya Web Tasar\u0131m | Alanya Bili\u015fim Hizmetleri","url":"https:\/\/alanyabilisimhizmetleri.com\/","logo":{"@type":"ImageObject","inLanguage":"de","@id":"https:\/\/alanyabilisimhizmetleri.com\/#\/schema\/logo\/image\/","url":"https:\/\/alanyabilisimhizmetleri.com\/wp-content\/uploads\/2020\/01\/cropped-2.png","contentUrl":"https:\/\/alanyabilisimhizmetleri.com\/wp-content\/uploads\/2020\/01\/cropped-2.png","width":288,"height":117,"caption":"Alanya Yaz\u0131l\u0131m | Alanya Web Tasar\u0131m | Alanya Bili\u015fim Hizmetleri"},"image":{"@id":"https:\/\/alanyabilisimhizmetleri.com\/#\/schema\/logo\/image\/"}}]}},"_links":{"self":[{"href":"https:\/\/alanyabilisimhizmetleri.com\/de\/wp-json\/wp\/v2\/pages\/907","targetHints":{"allow":["GET"]}}],"collection":[{"href":"https:\/\/alanyabilisimhizmetleri.com\/de\/wp-json\/wp\/v2\/pages"}],"about":[{"href":"https:\/\/alanyabilisimhizmetleri.com\/de\/wp-json\/wp\/v2\/types\/page"}],"author":[{"embeddable":true,"href":"https:\/\/alanyabilisimhizmetleri.com\/de\/wp-json\/wp\/v2\/users\/1"}],"replies":[{"embeddable":true,"href":"https:\/\/alanyabilisimhizmetleri.com\/de\/wp-json\/wp\/v2\/comments?post=907"}],"version-history":[{"count":23,"href":"https:\/\/alanyabilisimhizmetleri.com\/de\/wp-json\/wp\/v2\/pages\/907\/revisions"}],"predecessor-version":[{"id":1036,"href":"https:\/\/alanyabilisimhizmetleri.com\/de\/wp-json\/wp\/v2\/pages\/907\/revisions\/1036"}],"wp:featuredmedia":[{"embeddable":true,"href":"https:\/\/alanyabilisimhizmetleri.com\/de\/wp-json\/wp\/v2\/media\/1035"}],"wp:attachment":[{"href":"https:\/\/alanyabilisimhizmetleri.com\/de\/wp-json\/wp\/v2\/media?parent=907"}],"curies":[{"name":"wp","href":"https:\/\/api.w.org\/{rel}","templated":true}]}}