{"id":315,"date":"2025-06-26T13:05:07","date_gmt":"2025-06-26T10:05:07","guid":{"rendered":"https:\/\/alanyabilisimhizmetleri.com\/?page_id=315"},"modified":"2025-06-27T15:37:28","modified_gmt":"2025-06-27T12:37:28","slug":"alanya-dijital-pazarlama","status":"publish","type":"page","link":"https:\/\/alanyabilisimhizmetleri.com\/en\/alanya-dijital-pazarlama\/","title":{"rendered":"Alanya Digital Marketing"},"content":{"rendered":"<div data-elementor-type=\"wp-page\" data-elementor-id=\"315\" class=\"elementor elementor-315\">\n\t\t\t\t<div class=\"aux-parallax-section elementor-element elementor-element-3bef03b e-flex e-con-boxed elementor-invisible e-con e-parent\" data-id=\"3bef03b\" data-element_type=\"container\" data-settings=\"{&quot;animation&quot;:&quot;fadeInUp&quot;}\">\n\t\t\t\t\t<div class=\"e-con-inner\">\n\t\t\t\t<div class=\"elementor-element elementor-element-fb745eb elementor-widget elementor-widget-text-editor\" data-id=\"fb745eb\" data-element_type=\"widget\" data-widget_type=\"text-editor.default\">\n\t\t\t\t<div class=\"elementor-widget-container\">\n\t\t\t\t\t\t\t\t\t<header><section><h1>Alanya Digital Marketing | Professional Services<\/h1><\/section><header><h1>Alanya Digital Marketing: Take Your Business Digital<\/h1><\/header><section><h2>The Power of Digital Marketing<\/h2><p>Digital marketing is a powerful tool that allows your business to reach its target audience in the most effective way. We make your brand more visible through SEO, social media, email marketing, and content strategies. Achieve your growth goals with our Alanya digital marketing services.<\/p><\/section><section><h2>Digital Marketing with Alanya Information Services<\/h2><p>At Alanya Information Technologies, we develop digital marketing strategies specifically for your business. Using cutting-edge marketing techniques, we elevate your brand to the forefront of the digital world.<\/p><\/section><section><h3>Our Digital Marketing Services<\/h3><ul><li>SEO (Search Engine Optimization)<\/li><li>Social media management<\/li><li>Content marketing<\/li><li>Email marketing campaigns<\/li><li>Digital advertising management<\/li><\/ul><\/section><section><h3>Our Success-Focused Process<\/h3><ol><li>Needs analysis and goal setting<\/li><li>Creating a custom strategy<\/li><li>Application and campaign management<\/li><li>Reporting and analysis<\/li><\/ol><\/section><section><h2>Grow Your Business with Digital Marketing<\/h2><p>Take your business to the next level with our Alanya digital marketing services. Reach your target audience effectively and increase brand awareness with our professional solutions.<\/p><\/section><footer><h4>Work With Us<\/h4><p>Contact us now to learn more about our digital marketing services and grow your business!<\/p><\/footer><\/header>\t\t\t\t\t\t\t\t<\/div>\n\t\t\t\t<\/div>\n\t\t\t\t\t<\/div>\n\t\t\t\t<\/div>\n\t\t\t\t<\/div>","protected":false},"excerpt":{"rendered":"<p>Alanya Digital Marketing | Professional Services Alanya Digital Marketing: Take Your Business Digital The Power of Digital Marketing Digital marketing is a powerful tool that allows your business to reach its target audience in the most effective way. We make your brand more visible with SEO, social media, email marketing, and content strategies. Achieve your growth goals with our Alanya digital marketing services. Digital Marketing with Alanya Information Technology Services [\u2026]<\/p>","protected":false},"author":1,"featured_media":982,"parent":0,"menu_order":0,"comment_status":"closed","ping_status":"closed","template":"elementor_header_footer","meta":{"footnotes":""},"class_list":["post-315","page","type-page","status-publish","has-post-thumbnail","hentry"],"yoast_head":"<!-- This site is optimized with the Yoast SEO Premium plugin v24.6 (Yoast SEO v25.3.1) - https:\/\/yoast.com\/wordpress\/plugins\/seo\/ -->\n<title>Alanya Dijital Pazarlama | Alanya Yaz\u0131l\u0131m | Alanya Web Tasar\u0131m | Alanya Bili\u015fim Hizmetleri<\/title>\n<meta name=\"description\" content=\"Alanya dijital pazarlama hizmetleri ile i\u015fletmenizin dijital d\u00fcnyada b\u00fcy\u00fcmesini sa\u011flay\u0131n. SEO, sosyal medya y\u00f6netimi ve i\u00e7erik pazarlama \u00e7\u00f6z\u00fcmleri sunuyoruz.\" \/>\n<meta name=\"robots\" content=\"index, follow, max-snippet:-1, max-image-preview:large, max-video-preview:-1\" \/>\n<link rel=\"canonical\" href=\"https:\/\/alanyabilisimhizmetleri.com\/en\/alanya-dijital-pazarlama\/\" \/>\n<meta property=\"og:locale\" content=\"en_US\" \/>\n<meta property=\"og:type\" content=\"article\" \/>\n<meta property=\"og:title\" content=\"Alanya Dijital Pazarlama\" \/>\n<meta property=\"og:description\" content=\"Alanya dijital pazarlama hizmetleri ile i\u015fletmenizin dijital d\u00fcnyada b\u00fcy\u00fcmesini sa\u011flay\u0131n. SEO, sosyal medya y\u00f6netimi ve i\u00e7erik pazarlama \u00e7\u00f6z\u00fcmleri sunuyoruz.\" \/>\n<meta property=\"og:url\" content=\"https:\/\/alanyabilisimhizmetleri.com\/en\/alanya-dijital-pazarlama\/\" \/>\n<meta property=\"og:site_name\" content=\"Alanya Yaz\u0131l\u0131m | Alanya Web Tasar\u0131m | Alanya Bili\u015fim Hizmetleri\" \/>\n<meta property=\"article:modified_time\" content=\"2025-06-27T12:37:28+00:00\" \/>\n<meta property=\"og:image\" content=\"https:\/\/alanyabilisimhizmetleri.com\/wp-content\/uploads\/2025\/06\/abh-1.png\" \/>\n\t<meta property=\"og:image:width\" content=\"512\" \/>\n\t<meta property=\"og:image:height\" content=\"512\" \/>\n\t<meta property=\"og:image:type\" content=\"image\/png\" \/>\n<meta name=\"twitter:card\" content=\"summary_large_image\" \/>\n<meta name=\"twitter:label1\" content=\"Est. reading time\" \/>\n\t<meta name=\"twitter:data1\" content=\"2 minutes\" \/>\n<script type=\"application\/ld+json\" class=\"yoast-schema-graph\">{\"@context\":\"https:\/\/schema.org\",\"@graph\":[{\"@type\":\"WebPage\",\"@id\":\"https:\/\/alanyabilisimhizmetleri.com\/alanya-dijital-pazarlama\/\",\"url\":\"https:\/\/alanyabilisimhizmetleri.com\/alanya-dijital-pazarlama\/\",\"name\":\"Alanya Dijital Pazarlama | Alanya Yaz\u0131l\u0131m | Alanya Web Tasar\u0131m | Alanya Bili\u015fim Hizmetleri\",\"isPartOf\":{\"@id\":\"https:\/\/alanyabilisimhizmetleri.com\/#website\"},\"primaryImageOfPage\":{\"@id\":\"https:\/\/alanyabilisimhizmetleri.com\/alanya-dijital-pazarlama\/#primaryimage\"},\"image\":{\"@id\":\"https:\/\/alanyabilisimhizmetleri.com\/alanya-dijital-pazarlama\/#primaryimage\"},\"thumbnailUrl\":\"https:\/\/alanyabilisimhizmetleri.com\/wp-content\/uploads\/2025\/06\/abh-1.png\",\"datePublished\":\"2025-06-26T10:05:07+00:00\",\"dateModified\":\"2025-06-27T12:37:28+00:00\",\"description\":\"Alanya dijital pazarlama hizmetleri ile i\u015fletmenizin dijital d\u00fcnyada b\u00fcy\u00fcmesini sa\u011flay\u0131n. SEO, sosyal medya y\u00f6netimi ve i\u00e7erik pazarlama \u00e7\u00f6z\u00fcmleri sunuyoruz.\",\"breadcrumb\":{\"@id\":\"https:\/\/alanyabilisimhizmetleri.com\/alanya-dijital-pazarlama\/#breadcrumb\"},\"inLanguage\":\"en-US\",\"potentialAction\":[{\"@type\":\"ReadAction\",\"target\":[\"https:\/\/alanyabilisimhizmetleri.com\/alanya-dijital-pazarlama\/\"]}]},{\"@type\":\"ImageObject\",\"inLanguage\":\"en-US\",\"@id\":\"https:\/\/alanyabilisimhizmetleri.com\/alanya-dijital-pazarlama\/#primaryimage\",\"url\":\"https:\/\/alanyabilisimhizmetleri.com\/wp-content\/uploads\/2025\/06\/abh-1.png\",\"contentUrl\":\"https:\/\/alanyabilisimhizmetleri.com\/wp-content\/uploads\/2025\/06\/abh-1.png\",\"width\":512,\"height\":512,\"caption\":\"Alanya Dijital Pazarlama\"},{\"@type\":\"BreadcrumbList\",\"@id\":\"https:\/\/alanyabilisimhizmetleri.com\/alanya-dijital-pazarlama\/#breadcrumb\",\"itemListElement\":[{\"@type\":\"ListItem\",\"position\":1,\"name\":\"Anasayfa\",\"item\":\"https:\/\/alanyabilisimhizmetleri.com\/\"},{\"@type\":\"ListItem\",\"position\":2,\"name\":\"Alanya Dijital Pazarlama\"}]},{\"@type\":\"WebSite\",\"@id\":\"https:\/\/alanyabilisimhizmetleri.com\/#website\",\"url\":\"https:\/\/alanyabilisimhizmetleri.com\/\",\"name\":\"Alanya Yaz\u0131l\u0131m | Alanya Web Tasar\u0131m | Alanya Bili\u015fim Hizmetleri\",\"description\":\"Alanya Yaz\u0131l\u0131m | Alanya Web Tasar\u0131m | Alanya Bili\u015fim Hizmetleri\",\"publisher\":{\"@id\":\"https:\/\/alanyabilisimhizmetleri.com\/#organization\"},\"potentialAction\":[{\"@type\":\"SearchAction\",\"target\":{\"@type\":\"EntryPoint\",\"urlTemplate\":\"https:\/\/alanyabilisimhizmetleri.com\/?s={search_term_string}\"},\"query-input\":{\"@type\":\"PropertyValueSpecification\",\"valueRequired\":true,\"valueName\":\"search_term_string\"}}],\"inLanguage\":\"en-US\"},{\"@type\":\"Organization\",\"@id\":\"https:\/\/alanyabilisimhizmetleri.com\/#organization\",\"name\":\"Alanya Yaz\u0131l\u0131m | Alanya Web Tasar\u0131m | Alanya Bili\u015fim Hizmetleri\",\"url\":\"https:\/\/alanyabilisimhizmetleri.com\/\",\"logo\":{\"@type\":\"ImageObject\",\"inLanguage\":\"en-US\",\"@id\":\"https:\/\/alanyabilisimhizmetleri.com\/#\/schema\/logo\/image\/\",\"url\":\"https:\/\/alanyabilisimhizmetleri.com\/wp-content\/uploads\/2020\/01\/cropped-2.png\",\"contentUrl\":\"https:\/\/alanyabilisimhizmetleri.com\/wp-content\/uploads\/2020\/01\/cropped-2.png\",\"width\":288,\"height\":117,\"caption\":\"Alanya Yaz\u0131l\u0131m | Alanya Web Tasar\u0131m | Alanya Bili\u015fim Hizmetleri\"},\"image\":{\"@id\":\"https:\/\/alanyabilisimhizmetleri.com\/#\/schema\/logo\/image\/\"}}]}<\/script>\n<!-- \/ Yoast SEO Premium plugin. -->","yoast_head_json":{"title":"Alanya Dijital Pazarlama | Alanya Yaz\u0131l\u0131m | Alanya Web Tasar\u0131m | Alanya Bili\u015fim Hizmetleri","description":"Alanya dijital pazarlama hizmetleri ile i\u015fletmenizin dijital d\u00fcnyada b\u00fcy\u00fcmesini sa\u011flay\u0131n. SEO, sosyal medya y\u00f6netimi ve i\u00e7erik pazarlama \u00e7\u00f6z\u00fcmleri sunuyoruz.","robots":{"index":"index","follow":"follow","max-snippet":"max-snippet:-1","max-image-preview":"max-image-preview:large","max-video-preview":"max-video-preview:-1"},"canonical":"https:\/\/alanyabilisimhizmetleri.com\/en\/alanya-dijital-pazarlama\/","og_locale":"en_US","og_type":"article","og_title":"Alanya Dijital Pazarlama","og_description":"Alanya dijital pazarlama hizmetleri ile i\u015fletmenizin dijital d\u00fcnyada b\u00fcy\u00fcmesini sa\u011flay\u0131n. SEO, sosyal medya y\u00f6netimi ve i\u00e7erik pazarlama \u00e7\u00f6z\u00fcmleri sunuyoruz.","og_url":"https:\/\/alanyabilisimhizmetleri.com\/en\/alanya-dijital-pazarlama\/","og_site_name":"Alanya Yaz\u0131l\u0131m | Alanya Web Tasar\u0131m | Alanya Bili\u015fim Hizmetleri","article_modified_time":"2025-06-27T12:37:28+00:00","og_image":[{"width":512,"height":512,"url":"https:\/\/alanyabilisimhizmetleri.com\/wp-content\/uploads\/2025\/06\/abh-1.png","type":"image\/png"}],"twitter_card":"summary_large_image","twitter_misc":{"Est. reading time":"2 minutes"},"schema":{"@context":"https:\/\/schema.org","@graph":[{"@type":"WebPage","@id":"https:\/\/alanyabilisimhizmetleri.com\/alanya-dijital-pazarlama\/","url":"https:\/\/alanyabilisimhizmetleri.com\/alanya-dijital-pazarlama\/","name":"Alanya Dijital Pazarlama | Alanya Yaz\u0131l\u0131m | Alanya Web Tasar\u0131m | Alanya Bili\u015fim Hizmetleri","isPartOf":{"@id":"https:\/\/alanyabilisimhizmetleri.com\/#website"},"primaryImageOfPage":{"@id":"https:\/\/alanyabilisimhizmetleri.com\/alanya-dijital-pazarlama\/#primaryimage"},"image":{"@id":"https:\/\/alanyabilisimhizmetleri.com\/alanya-dijital-pazarlama\/#primaryimage"},"thumbnailUrl":"https:\/\/alanyabilisimhizmetleri.com\/wp-content\/uploads\/2025\/06\/abh-1.png","datePublished":"2025-06-26T10:05:07+00:00","dateModified":"2025-06-27T12:37:28+00:00","description":"Alanya dijital pazarlama hizmetleri ile i\u015fletmenizin dijital d\u00fcnyada b\u00fcy\u00fcmesini sa\u011flay\u0131n. SEO, sosyal medya y\u00f6netimi ve i\u00e7erik pazarlama \u00e7\u00f6z\u00fcmleri sunuyoruz.","breadcrumb":{"@id":"https:\/\/alanyabilisimhizmetleri.com\/alanya-dijital-pazarlama\/#breadcrumb"},"inLanguage":"en-US","potentialAction":[{"@type":"ReadAction","target":["https:\/\/alanyabilisimhizmetleri.com\/alanya-dijital-pazarlama\/"]}]},{"@type":"ImageObject","inLanguage":"en-US","@id":"https:\/\/alanyabilisimhizmetleri.com\/alanya-dijital-pazarlama\/#primaryimage","url":"https:\/\/alanyabilisimhizmetleri.com\/wp-content\/uploads\/2025\/06\/abh-1.png","contentUrl":"https:\/\/alanyabilisimhizmetleri.com\/wp-content\/uploads\/2025\/06\/abh-1.png","width":512,"height":512,"caption":"Alanya Dijital Pazarlama"},{"@type":"BreadcrumbList","@id":"https:\/\/alanyabilisimhizmetleri.com\/alanya-dijital-pazarlama\/#breadcrumb","itemListElement":[{"@type":"ListItem","position":1,"name":"Anasayfa","item":"https:\/\/alanyabilisimhizmetleri.com\/"},{"@type":"ListItem","position":2,"name":"Alanya Dijital Pazarlama"}]},{"@type":"WebSite","@id":"https:\/\/alanyabilisimhizmetleri.com\/#website","url":"https:\/\/alanyabilisimhizmetleri.com\/","name":"Alanya Yaz\u0131l\u0131m | Alanya Web Tasar\u0131m | Alanya Bili\u015fim Hizmetleri","description":"Alanya Yaz\u0131l\u0131m | Alanya Web Tasar\u0131m | Alanya Bili\u015fim Hizmetleri","publisher":{"@id":"https:\/\/alanyabilisimhizmetleri.com\/#organization"},"potentialAction":[{"@type":"SearchAction","target":{"@type":"EntryPoint","urlTemplate":"https:\/\/alanyabilisimhizmetleri.com\/?s={search_term_string}"},"query-input":{"@type":"PropertyValueSpecification","valueRequired":true,"valueName":"search_term_string"}}],"inLanguage":"en-US"},{"@type":"Organization","@id":"https:\/\/alanyabilisimhizmetleri.com\/#organization","name":"Alanya Yaz\u0131l\u0131m | Alanya Web Tasar\u0131m | Alanya Bili\u015fim Hizmetleri","url":"https:\/\/alanyabilisimhizmetleri.com\/","logo":{"@type":"ImageObject","inLanguage":"en-US","@id":"https:\/\/alanyabilisimhizmetleri.com\/#\/schema\/logo\/image\/","url":"https:\/\/alanyabilisimhizmetleri.com\/wp-content\/uploads\/2020\/01\/cropped-2.png","contentUrl":"https:\/\/alanyabilisimhizmetleri.com\/wp-content\/uploads\/2020\/01\/cropped-2.png","width":288,"height":117,"caption":"Alanya Yaz\u0131l\u0131m | Alanya Web Tasar\u0131m | Alanya Bili\u015fim Hizmetleri"},"image":{"@id":"https:\/\/alanyabilisimhizmetleri.com\/#\/schema\/logo\/image\/"}}]}},"_links":{"self":[{"href":"https:\/\/alanyabilisimhizmetleri.com\/en\/wp-json\/wp\/v2\/pages\/315","targetHints":{"allow":["GET"]}}],"collection":[{"href":"https:\/\/alanyabilisimhizmetleri.com\/en\/wp-json\/wp\/v2\/pages"}],"about":[{"href":"https:\/\/alanyabilisimhizmetleri.com\/en\/wp-json\/wp\/v2\/types\/page"}],"author":[{"embeddable":true,"href":"https:\/\/alanyabilisimhizmetleri.com\/en\/wp-json\/wp\/v2\/users\/1"}],"replies":[{"embeddable":true,"href":"https:\/\/alanyabilisimhizmetleri.com\/en\/wp-json\/wp\/v2\/comments?post=315"}],"version-history":[{"count":8,"href":"https:\/\/alanyabilisimhizmetleri.com\/en\/wp-json\/wp\/v2\/pages\/315\/revisions"}],"predecessor-version":[{"id":983,"href":"https:\/\/alanyabilisimhizmetleri.com\/en\/wp-json\/wp\/v2\/pages\/315\/revisions\/983"}],"wp:featuredmedia":[{"embeddable":true,"href":"https:\/\/alanyabilisimhizmetleri.com\/en\/wp-json\/wp\/v2\/media\/982"}],"wp:attachment":[{"href":"https:\/\/alanyabilisimhizmetleri.com\/en\/wp-json\/wp\/v2\/media?parent=315"}],"curies":[{"name":"wp","href":"https:\/\/api.w.org\/{rel}","templated":true}]}}