{"id":323,"date":"2025-06-26T13:11:15","date_gmt":"2025-06-26T10:11:15","guid":{"rendered":"https:\/\/alanyabilisimhizmetleri.com\/?page_id=323"},"modified":"2025-06-27T15:37:38","modified_gmt":"2025-06-27T12:37:38","slug":"alanya-grafik-tasarim","status":"publish","type":"page","link":"https:\/\/alanyabilisimhizmetleri.com\/en\/alanya-grafik-tasarim\/","title":{"rendered":"Alanya Graphic Design"},"content":{"rendered":"<div data-elementor-type=\"wp-page\" data-elementor-id=\"323\" class=\"elementor elementor-323\">\n\t\t\t\t<div class=\"aux-parallax-section elementor-element elementor-element-c37e3ed e-flex e-con-boxed elementor-invisible e-con e-parent\" data-id=\"c37e3ed\" data-element_type=\"container\" data-settings=\"{&quot;animation&quot;:&quot;fadeInUp&quot;}\">\n\t\t\t\t\t<div class=\"e-con-inner\">\n\t\t\t\t<div class=\"elementor-element elementor-element-1cfd5b8 elementor-widget elementor-widget-text-editor\" data-id=\"1cfd5b8\" data-element_type=\"widget\" data-widget_type=\"text-editor.default\">\n\t\t\t\t<div class=\"elementor-widget-container\">\n\t\t\t\t\t\t\t\t\t<header><section><section><h1>Alanya Graphic Design | Professional and Innovative<\/h1><\/section><header><h1>Alanya Graphic Design: Professional Solutions<\/h1><\/header><section><h2>The Power of Graphic Design<\/h2><p>Graphic design is the most effective way to visualize your brand&#039;s story. With professional graphic design solutions, you can increase your brand&#039;s recognition and build a strong connection with your target audience. We&#039;re ready to bring this power to your business with our Alanya graphic design services.<\/p><\/section><section><h2>Our Alanya Graphic Design Services<\/h2><p>At Alanya Information Technologies, we offer graphic design services for every industry. Our designs are tailored to your brand&#039;s needs and implemented with modern touches.<\/p><\/section><section><h3>Our Services<\/h3><ul><li>Logo design<\/li><li>Business card and corporate identity design<\/li><li>Social media content designs<\/li><li>Brochure and catalogue design<\/li><li>Poster and banner design<\/li><\/ul><\/section><section><h3>Our Graphic Design Process<\/h3><ol><li>Needs analysis and concept development<\/li><li>Pouring creative ideas into design<\/li><li>Customer approval and revision<\/li><li>Delivery of designs<\/li><\/ol><\/section><section><h2>Make a Difference with Alanya Graphic Design<\/h2><p>Strengthen your brand&#039;s visual language and stand out from your competitors with our Alanya graphic design services. Increase the value of your business with our creative and innovative solutions.<\/p><\/section><footer><h4>Contact Us<\/h4><p>Contact us now to learn about our Alanya graphic design services and discover the best solutions for your brand.<\/p><\/footer><\/section><\/header>\t\t\t\t\t\t\t\t<\/div>\n\t\t\t\t<\/div>\n\t\t\t\t\t<\/div>\n\t\t\t\t<\/div>\n\t\t\t\t<\/div>","protected":false},"excerpt":{"rendered":"<p>Alanya Graphic Design | Professional and Innovative Alanya Graphic Design: Professional Solutions The Power of Graphic Design Graphic design is the most effective way to visualize your brand&#039;s story. With professional graphic design solutions, you can increase your brand&#039;s recognition and build a strong connection with your target audience. We are ready to bring this power to your business with our Alanya graphic design services. Our Alanya Graphic Design Services As Alanya Information Technologies Services, [\u2026]<\/p>","protected":false},"author":1,"featured_media":984,"parent":0,"menu_order":0,"comment_status":"closed","ping_status":"closed","template":"elementor_header_footer","meta":{"footnotes":""},"class_list":["post-323","page","type-page","status-publish","has-post-thumbnail","hentry"],"yoast_head":"<!-- This site is optimized with the Yoast SEO Premium plugin v24.6 (Yoast SEO v25.3.1) - https:\/\/yoast.com\/wordpress\/plugins\/seo\/ -->\n<title>Alanya Grafik Tasar\u0131m | Profesyonel ve Yenilik\u00e7i<\/title>\n<meta name=\"description\" content=\"Alanya grafik tasar\u0131m hizmetleri ile markan\u0131z\u0131 g\u00fc\u00e7lendirin. Profesyonel ve yenilik\u00e7i \u00e7\u00f6z\u00fcmlerle hedef kitlenizin dikkatini \u00e7ekin.\" \/>\n<meta name=\"robots\" content=\"index, follow, max-snippet:-1, max-image-preview:large, max-video-preview:-1\" \/>\n<link rel=\"canonical\" href=\"https:\/\/alanyabilisimhizmetleri.com\/en\/alanya-grafik-tasarim\/\" \/>\n<meta property=\"og:locale\" content=\"en_US\" \/>\n<meta property=\"og:type\" content=\"article\" \/>\n<meta property=\"og:title\" content=\"Alanya Grafik Tasar\u0131m\" \/>\n<meta property=\"og:description\" content=\"Alanya grafik tasar\u0131m hizmetleri ile markan\u0131z\u0131 g\u00fc\u00e7lendirin. Profesyonel ve yenilik\u00e7i \u00e7\u00f6z\u00fcmlerle hedef kitlenizin dikkatini \u00e7ekin.\" \/>\n<meta property=\"og:url\" content=\"https:\/\/alanyabilisimhizmetleri.com\/en\/alanya-grafik-tasarim\/\" \/>\n<meta property=\"og:site_name\" content=\"Alanya Yaz\u0131l\u0131m | Alanya Web Tasar\u0131m | Alanya Bili\u015fim Hizmetleri\" \/>\n<meta property=\"article:modified_time\" content=\"2025-06-27T12:37:38+00:00\" \/>\n<meta property=\"og:image\" content=\"https:\/\/alanyabilisimhizmetleri.com\/wp-content\/uploads\/2025\/06\/abh-2.png\" \/>\n\t<meta property=\"og:image:width\" content=\"512\" \/>\n\t<meta property=\"og:image:height\" content=\"512\" \/>\n\t<meta property=\"og:image:type\" content=\"image\/png\" \/>\n<meta name=\"twitter:card\" content=\"summary_large_image\" \/>\n<meta name=\"twitter:label1\" content=\"Est. reading time\" \/>\n\t<meta name=\"twitter:data1\" content=\"2 minutes\" \/>\n<script type=\"application\/ld+json\" class=\"yoast-schema-graph\">{\"@context\":\"https:\/\/schema.org\",\"@graph\":[{\"@type\":\"WebPage\",\"@id\":\"https:\/\/alanyabilisimhizmetleri.com\/alanya-grafik-tasarim\/\",\"url\":\"https:\/\/alanyabilisimhizmetleri.com\/alanya-grafik-tasarim\/\",\"name\":\"Alanya Grafik Tasar\u0131m | Profesyonel ve Yenilik\u00e7i\",\"isPartOf\":{\"@id\":\"https:\/\/alanyabilisimhizmetleri.com\/#website\"},\"primaryImageOfPage\":{\"@id\":\"https:\/\/alanyabilisimhizmetleri.com\/alanya-grafik-tasarim\/#primaryimage\"},\"image\":{\"@id\":\"https:\/\/alanyabilisimhizmetleri.com\/alanya-grafik-tasarim\/#primaryimage\"},\"thumbnailUrl\":\"https:\/\/alanyabilisimhizmetleri.com\/wp-content\/uploads\/2025\/06\/abh-2.png\",\"datePublished\":\"2025-06-26T10:11:15+00:00\",\"dateModified\":\"2025-06-27T12:37:38+00:00\",\"description\":\"Alanya grafik tasar\u0131m hizmetleri ile markan\u0131z\u0131 g\u00fc\u00e7lendirin. Profesyonel ve yenilik\u00e7i \u00e7\u00f6z\u00fcmlerle hedef kitlenizin dikkatini \u00e7ekin.\",\"breadcrumb\":{\"@id\":\"https:\/\/alanyabilisimhizmetleri.com\/alanya-grafik-tasarim\/#breadcrumb\"},\"inLanguage\":\"en-US\",\"potentialAction\":[{\"@type\":\"ReadAction\",\"target\":[\"https:\/\/alanyabilisimhizmetleri.com\/alanya-grafik-tasarim\/\"]}]},{\"@type\":\"ImageObject\",\"inLanguage\":\"en-US\",\"@id\":\"https:\/\/alanyabilisimhizmetleri.com\/alanya-grafik-tasarim\/#primaryimage\",\"url\":\"https:\/\/alanyabilisimhizmetleri.com\/wp-content\/uploads\/2025\/06\/abh-2.png\",\"contentUrl\":\"https:\/\/alanyabilisimhizmetleri.com\/wp-content\/uploads\/2025\/06\/abh-2.png\",\"width\":512,\"height\":512,\"caption\":\"Alanya Grafik Tasar\u0131m\"},{\"@type\":\"BreadcrumbList\",\"@id\":\"https:\/\/alanyabilisimhizmetleri.com\/alanya-grafik-tasarim\/#breadcrumb\",\"itemListElement\":[{\"@type\":\"ListItem\",\"position\":1,\"name\":\"Anasayfa\",\"item\":\"https:\/\/alanyabilisimhizmetleri.com\/\"},{\"@type\":\"ListItem\",\"position\":2,\"name\":\"Alanya Grafik Tasar\u0131m\"}]},{\"@type\":\"WebSite\",\"@id\":\"https:\/\/alanyabilisimhizmetleri.com\/#website\",\"url\":\"https:\/\/alanyabilisimhizmetleri.com\/\",\"name\":\"Alanya Yaz\u0131l\u0131m | Alanya Web Tasar\u0131m | Alanya Bili\u015fim Hizmetleri\",\"description\":\"Alanya Yaz\u0131l\u0131m | Alanya Web Tasar\u0131m | Alanya Bili\u015fim Hizmetleri\",\"publisher\":{\"@id\":\"https:\/\/alanyabilisimhizmetleri.com\/#organization\"},\"potentialAction\":[{\"@type\":\"SearchAction\",\"target\":{\"@type\":\"EntryPoint\",\"urlTemplate\":\"https:\/\/alanyabilisimhizmetleri.com\/?s={search_term_string}\"},\"query-input\":{\"@type\":\"PropertyValueSpecification\",\"valueRequired\":true,\"valueName\":\"search_term_string\"}}],\"inLanguage\":\"en-US\"},{\"@type\":\"Organization\",\"@id\":\"https:\/\/alanyabilisimhizmetleri.com\/#organization\",\"name\":\"Alanya Yaz\u0131l\u0131m | Alanya Web Tasar\u0131m | Alanya Bili\u015fim Hizmetleri\",\"url\":\"https:\/\/alanyabilisimhizmetleri.com\/\",\"logo\":{\"@type\":\"ImageObject\",\"inLanguage\":\"en-US\",\"@id\":\"https:\/\/alanyabilisimhizmetleri.com\/#\/schema\/logo\/image\/\",\"url\":\"https:\/\/alanyabilisimhizmetleri.com\/wp-content\/uploads\/2020\/01\/cropped-2.png\",\"contentUrl\":\"https:\/\/alanyabilisimhizmetleri.com\/wp-content\/uploads\/2020\/01\/cropped-2.png\",\"width\":288,\"height\":117,\"caption\":\"Alanya Yaz\u0131l\u0131m | Alanya Web Tasar\u0131m | Alanya Bili\u015fim Hizmetleri\"},\"image\":{\"@id\":\"https:\/\/alanyabilisimhizmetleri.com\/#\/schema\/logo\/image\/\"}}]}<\/script>\n<!-- \/ Yoast SEO Premium plugin. -->","yoast_head_json":{"title":"Alanya Grafik Tasar\u0131m | Profesyonel ve Yenilik\u00e7i","description":"Alanya grafik tasar\u0131m hizmetleri ile markan\u0131z\u0131 g\u00fc\u00e7lendirin. Profesyonel ve yenilik\u00e7i \u00e7\u00f6z\u00fcmlerle hedef kitlenizin dikkatini \u00e7ekin.","robots":{"index":"index","follow":"follow","max-snippet":"max-snippet:-1","max-image-preview":"max-image-preview:large","max-video-preview":"max-video-preview:-1"},"canonical":"https:\/\/alanyabilisimhizmetleri.com\/en\/alanya-grafik-tasarim\/","og_locale":"en_US","og_type":"article","og_title":"Alanya Grafik Tasar\u0131m","og_description":"Alanya grafik tasar\u0131m hizmetleri ile markan\u0131z\u0131 g\u00fc\u00e7lendirin. Profesyonel ve yenilik\u00e7i \u00e7\u00f6z\u00fcmlerle hedef kitlenizin dikkatini \u00e7ekin.","og_url":"https:\/\/alanyabilisimhizmetleri.com\/en\/alanya-grafik-tasarim\/","og_site_name":"Alanya Yaz\u0131l\u0131m | Alanya Web Tasar\u0131m | Alanya Bili\u015fim Hizmetleri","article_modified_time":"2025-06-27T12:37:38+00:00","og_image":[{"width":512,"height":512,"url":"https:\/\/alanyabilisimhizmetleri.com\/wp-content\/uploads\/2025\/06\/abh-2.png","type":"image\/png"}],"twitter_card":"summary_large_image","twitter_misc":{"Est. reading time":"2 minutes"},"schema":{"@context":"https:\/\/schema.org","@graph":[{"@type":"WebPage","@id":"https:\/\/alanyabilisimhizmetleri.com\/alanya-grafik-tasarim\/","url":"https:\/\/alanyabilisimhizmetleri.com\/alanya-grafik-tasarim\/","name":"Alanya Grafik Tasar\u0131m | Profesyonel ve Yenilik\u00e7i","isPartOf":{"@id":"https:\/\/alanyabilisimhizmetleri.com\/#website"},"primaryImageOfPage":{"@id":"https:\/\/alanyabilisimhizmetleri.com\/alanya-grafik-tasarim\/#primaryimage"},"image":{"@id":"https:\/\/alanyabilisimhizmetleri.com\/alanya-grafik-tasarim\/#primaryimage"},"thumbnailUrl":"https:\/\/alanyabilisimhizmetleri.com\/wp-content\/uploads\/2025\/06\/abh-2.png","datePublished":"2025-06-26T10:11:15+00:00","dateModified":"2025-06-27T12:37:38+00:00","description":"Alanya grafik tasar\u0131m hizmetleri ile markan\u0131z\u0131 g\u00fc\u00e7lendirin. Profesyonel ve yenilik\u00e7i \u00e7\u00f6z\u00fcmlerle hedef kitlenizin dikkatini \u00e7ekin.","breadcrumb":{"@id":"https:\/\/alanyabilisimhizmetleri.com\/alanya-grafik-tasarim\/#breadcrumb"},"inLanguage":"en-US","potentialAction":[{"@type":"ReadAction","target":["https:\/\/alanyabilisimhizmetleri.com\/alanya-grafik-tasarim\/"]}]},{"@type":"ImageObject","inLanguage":"en-US","@id":"https:\/\/alanyabilisimhizmetleri.com\/alanya-grafik-tasarim\/#primaryimage","url":"https:\/\/alanyabilisimhizmetleri.com\/wp-content\/uploads\/2025\/06\/abh-2.png","contentUrl":"https:\/\/alanyabilisimhizmetleri.com\/wp-content\/uploads\/2025\/06\/abh-2.png","width":512,"height":512,"caption":"Alanya Grafik Tasar\u0131m"},{"@type":"BreadcrumbList","@id":"https:\/\/alanyabilisimhizmetleri.com\/alanya-grafik-tasarim\/#breadcrumb","itemListElement":[{"@type":"ListItem","position":1,"name":"Anasayfa","item":"https:\/\/alanyabilisimhizmetleri.com\/"},{"@type":"ListItem","position":2,"name":"Alanya Grafik Tasar\u0131m"}]},{"@type":"WebSite","@id":"https:\/\/alanyabilisimhizmetleri.com\/#website","url":"https:\/\/alanyabilisimhizmetleri.com\/","name":"Alanya Yaz\u0131l\u0131m | Alanya Web Tasar\u0131m | Alanya Bili\u015fim Hizmetleri","description":"Alanya Yaz\u0131l\u0131m | Alanya Web Tasar\u0131m | Alanya Bili\u015fim Hizmetleri","publisher":{"@id":"https:\/\/alanyabilisimhizmetleri.com\/#organization"},"potentialAction":[{"@type":"SearchAction","target":{"@type":"EntryPoint","urlTemplate":"https:\/\/alanyabilisimhizmetleri.com\/?s={search_term_string}"},"query-input":{"@type":"PropertyValueSpecification","valueRequired":true,"valueName":"search_term_string"}}],"inLanguage":"en-US"},{"@type":"Organization","@id":"https:\/\/alanyabilisimhizmetleri.com\/#organization","name":"Alanya Yaz\u0131l\u0131m | Alanya Web Tasar\u0131m | Alanya Bili\u015fim Hizmetleri","url":"https:\/\/alanyabilisimhizmetleri.com\/","logo":{"@type":"ImageObject","inLanguage":"en-US","@id":"https:\/\/alanyabilisimhizmetleri.com\/#\/schema\/logo\/image\/","url":"https:\/\/alanyabilisimhizmetleri.com\/wp-content\/uploads\/2020\/01\/cropped-2.png","contentUrl":"https:\/\/alanyabilisimhizmetleri.com\/wp-content\/uploads\/2020\/01\/cropped-2.png","width":288,"height":117,"caption":"Alanya Yaz\u0131l\u0131m | Alanya Web Tasar\u0131m | Alanya Bili\u015fim Hizmetleri"},"image":{"@id":"https:\/\/alanyabilisimhizmetleri.com\/#\/schema\/logo\/image\/"}}]}},"_links":{"self":[{"href":"https:\/\/alanyabilisimhizmetleri.com\/en\/wp-json\/wp\/v2\/pages\/323","targetHints":{"allow":["GET"]}}],"collection":[{"href":"https:\/\/alanyabilisimhizmetleri.com\/en\/wp-json\/wp\/v2\/pages"}],"about":[{"href":"https:\/\/alanyabilisimhizmetleri.com\/en\/wp-json\/wp\/v2\/types\/page"}],"author":[{"embeddable":true,"href":"https:\/\/alanyabilisimhizmetleri.com\/en\/wp-json\/wp\/v2\/users\/1"}],"replies":[{"embeddable":true,"href":"https:\/\/alanyabilisimhizmetleri.com\/en\/wp-json\/wp\/v2\/comments?post=323"}],"version-history":[{"count":9,"href":"https:\/\/alanyabilisimhizmetleri.com\/en\/wp-json\/wp\/v2\/pages\/323\/revisions"}],"predecessor-version":[{"id":985,"href":"https:\/\/alanyabilisimhizmetleri.com\/en\/wp-json\/wp\/v2\/pages\/323\/revisions\/985"}],"wp:featuredmedia":[{"embeddable":true,"href":"https:\/\/alanyabilisimhizmetleri.com\/en\/wp-json\/wp\/v2\/media\/984"}],"wp:attachment":[{"href":"https:\/\/alanyabilisimhizmetleri.com\/en\/wp-json\/wp\/v2\/media?parent=323"}],"curies":[{"name":"wp","href":"https:\/\/api.w.org\/{rel}","templated":true}]}}