{"id":388,"date":"2025-06-26T13:25:27","date_gmt":"2025-06-26T10:25:27","guid":{"rendered":"https:\/\/alanyabilisimhizmetleri.com\/?page_id=388"},"modified":"2025-06-27T15:40:01","modified_gmt":"2025-06-27T12:40:01","slug":"dijital-pazarlama","status":"publish","type":"page","link":"https:\/\/alanyabilisimhizmetleri.com\/en\/dijital-pazarlama\/","title":{"rendered":"Digital Marketing"},"content":{"rendered":"<div data-elementor-type=\"wp-page\" data-elementor-id=\"388\" class=\"elementor elementor-388\">\n\t\t\t\t<div class=\"aux-parallax-section elementor-element elementor-element-63a035b e-flex e-con-boxed elementor-invisible e-con e-parent\" data-id=\"63a035b\" data-element_type=\"container\" data-settings=\"{&quot;animation&quot;:&quot;fadeInUp&quot;}\">\n\t\t\t\t\t<div class=\"e-con-inner\">\n\t\t\t\t<div class=\"elementor-element elementor-element-ad1205a elementor-widget elementor-widget-text-editor\" data-id=\"ad1205a\" data-element_type=\"widget\" data-widget_type=\"text-editor.default\">\n\t\t\t\t<div class=\"elementor-widget-container\">\n\t\t\t\t\t\t\t\t\t<header><section><section><h1>Assurance of Your Digital Transformation<\/h1><\/section><h1>Alanya Information Services: Expertise in Digital Marketing Solutions<\/h1><h2>What is Digital Marketing?<\/h2><p>Digital marketing is the process of engaging with target audiences using the internet and digital technologies. This includes social media platforms, email marketing, search engine optimization (SEO), Google Adwords, content marketing and more.<\/p><h2>Benefits of Digital Marketing<\/h2><p>Digital marketing offers more measurability, flexibility, and targeting capabilities than traditional marketing techniques. In addition, it allows brands to reach a wider audience and is often less costly.<\/p><h2>Technologies We Use and Their Benefits<\/h2><h3>SEO Tools<\/h3><p>As Alanya Bili\u015fim Hizmetleri, we use SEO tools to ensure that your website ranks higher in search engines. This increases the visibility of your site and attracts more traffic.<\/p><h3>Email Marketing Software<\/h3><p>Email marketing can be an effective way to improve customer relationships and increase brand awareness. The email marketing software we use makes it easy to create and manage targeted, personalized email campaigns.<\/p><h2>Alanya Information Services: Digital Marketing Strategies<\/h2><p>As Alanya Bili\u015fim Hizmetleri, we are happy to help you design, implement and optimize your digital marketing strategies. With our experience and industry knowledge, we ensure that your brand reaches its digital marketing goals and draw a roadmap for sustainable growth.<\/p><h2>Frequently Asked Questions About Digital Marketing<\/h2><h3>What is Digital Marketing Used For?<\/h3><p>Digital marketing expands a brand&#039;s online presence, engages more with the target audience, and ultimately drives more conversions and sales.<\/p><h3>How to Create a Digital Marketing Strategy?<\/h3><p>To create a digital marketing strategy, you first need to define your goals and target audience. Then, identify and implement various digital marketing tactics that will help you achieve those goals.<\/p><h2>Conclusion<\/h2><p>Digital marketing is vital in today&#039;s competitive business environment. As Alanya Bili\u015fim Hizmetleri, we have the experience and knowledge to create effective digital marketing strategies. We look forward to working with you!<\/p><\/section><\/header>\t\t\t\t\t\t\t\t<\/div>\n\t\t\t\t<\/div>\n\t\t\t\t\t<\/div>\n\t\t\t\t<\/div>\n\t\t\t\t<\/div>","protected":false},"excerpt":{"rendered":"<p>Assurance for Your Digital Transformation Alanya Information Services: Expertise in Digital Marketing Solutions What is Digital Marketing? Digital marketing is the process of engaging with target audiences using the internet and digital technologies. This includes social media platforms, email marketing, search engine optimization (SEO), Google AdWords, content marketing, and more. Benefits of Digital Marketing Compared to traditional marketing techniques, digital marketing offers greater measurability, [\u2026]<\/p>","protected":false},"author":1,"featured_media":1003,"parent":0,"menu_order":0,"comment_status":"closed","ping_status":"closed","template":"elementor_header_footer","meta":{"footnotes":""},"class_list":["post-388","page","type-page","status-publish","has-post-thumbnail","hentry"],"yoast_head":"<!-- This site is optimized with the Yoast SEO Premium plugin v24.6 (Yoast SEO v25.3.1) - https:\/\/yoast.com\/wordpress\/plugins\/seo\/ -->\n<title>Alanya Dijital Pazarlama Hizmetleri | Alanya Bili\u015fim Hizmetleri<\/title>\n<meta name=\"description\" content=\"Alanya Bili\u015fim Hizmetleri, Alanya&#039;da dijital pazarlama hizmetlerinde liderdir. Sosyal medya, SEO, i\u00e7erik pazarlama ve daha fazlas\u0131n\u0131 sunuyoruz. Dijital varl\u0131\u011f\u0131n\u0131z\u0131 b\u00fcy\u00fctmek i\u00e7in bize ula\u015f\u0131n.\" \/>\n<meta name=\"robots\" content=\"index, follow, max-snippet:-1, max-image-preview:large, max-video-preview:-1\" \/>\n<link rel=\"canonical\" href=\"https:\/\/alanyabilisimhizmetleri.com\/en\/dijital-pazarlama\/\" \/>\n<meta property=\"og:locale\" content=\"en_US\" \/>\n<meta property=\"og:type\" content=\"article\" \/>\n<meta property=\"og:title\" content=\"Dijital Pazarlama\" \/>\n<meta property=\"og:description\" content=\"Alanya Bili\u015fim Hizmetleri, Alanya&#039;da dijital pazarlama hizmetlerinde liderdir. Sosyal medya, SEO, i\u00e7erik pazarlama ve daha fazlas\u0131n\u0131 sunuyoruz. Dijital varl\u0131\u011f\u0131n\u0131z\u0131 b\u00fcy\u00fctmek i\u00e7in bize ula\u015f\u0131n.\" \/>\n<meta property=\"og:url\" content=\"https:\/\/alanyabilisimhizmetleri.com\/en\/dijital-pazarlama\/\" \/>\n<meta property=\"og:site_name\" content=\"Alanya Yaz\u0131l\u0131m | Alanya Web Tasar\u0131m | Alanya Bili\u015fim Hizmetleri\" \/>\n<meta property=\"article:modified_time\" content=\"2025-06-27T12:40:01+00:00\" \/>\n<meta property=\"og:image\" content=\"https:\/\/alanyabilisimhizmetleri.com\/wp-content\/uploads\/2025\/06\/abh-9.png\" \/>\n\t<meta property=\"og:image:width\" content=\"512\" \/>\n\t<meta property=\"og:image:height\" content=\"512\" \/>\n\t<meta property=\"og:image:type\" content=\"image\/png\" \/>\n<meta name=\"twitter:card\" content=\"summary_large_image\" \/>\n<meta name=\"twitter:label1\" content=\"Est. reading time\" \/>\n\t<meta name=\"twitter:data1\" content=\"2 minutes\" \/>\n<script type=\"application\/ld+json\" class=\"yoast-schema-graph\">{\"@context\":\"https:\/\/schema.org\",\"@graph\":[{\"@type\":\"WebPage\",\"@id\":\"https:\/\/alanyabilisimhizmetleri.com\/dijital-pazarlama\/\",\"url\":\"https:\/\/alanyabilisimhizmetleri.com\/dijital-pazarlama\/\",\"name\":\"Alanya Dijital Pazarlama Hizmetleri | Alanya Bili\u015fim Hizmetleri\",\"isPartOf\":{\"@id\":\"https:\/\/alanyabilisimhizmetleri.com\/#website\"},\"primaryImageOfPage\":{\"@id\":\"https:\/\/alanyabilisimhizmetleri.com\/dijital-pazarlama\/#primaryimage\"},\"image\":{\"@id\":\"https:\/\/alanyabilisimhizmetleri.com\/dijital-pazarlama\/#primaryimage\"},\"thumbnailUrl\":\"https:\/\/alanyabilisimhizmetleri.com\/wp-content\/uploads\/2025\/06\/abh-9.png\",\"datePublished\":\"2025-06-26T10:25:27+00:00\",\"dateModified\":\"2025-06-27T12:40:01+00:00\",\"description\":\"Alanya Bili\u015fim Hizmetleri, Alanya'da dijital pazarlama hizmetlerinde liderdir. Sosyal medya, SEO, i\u00e7erik pazarlama ve daha fazlas\u0131n\u0131 sunuyoruz. Dijital varl\u0131\u011f\u0131n\u0131z\u0131 b\u00fcy\u00fctmek i\u00e7in bize ula\u015f\u0131n.\",\"breadcrumb\":{\"@id\":\"https:\/\/alanyabilisimhizmetleri.com\/dijital-pazarlama\/#breadcrumb\"},\"inLanguage\":\"en-US\",\"potentialAction\":[{\"@type\":\"ReadAction\",\"target\":[\"https:\/\/alanyabilisimhizmetleri.com\/dijital-pazarlama\/\"]}]},{\"@type\":\"ImageObject\",\"inLanguage\":\"en-US\",\"@id\":\"https:\/\/alanyabilisimhizmetleri.com\/dijital-pazarlama\/#primaryimage\",\"url\":\"https:\/\/alanyabilisimhizmetleri.com\/wp-content\/uploads\/2025\/06\/abh-9.png\",\"contentUrl\":\"https:\/\/alanyabilisimhizmetleri.com\/wp-content\/uploads\/2025\/06\/abh-9.png\",\"width\":512,\"height\":512,\"caption\":\"Dijital Pazarlama\"},{\"@type\":\"BreadcrumbList\",\"@id\":\"https:\/\/alanyabilisimhizmetleri.com\/dijital-pazarlama\/#breadcrumb\",\"itemListElement\":[{\"@type\":\"ListItem\",\"position\":1,\"name\":\"Anasayfa\",\"item\":\"https:\/\/alanyabilisimhizmetleri.com\/\"},{\"@type\":\"ListItem\",\"position\":2,\"name\":\"Dijital Pazarlama\"}]},{\"@type\":\"WebSite\",\"@id\":\"https:\/\/alanyabilisimhizmetleri.com\/#website\",\"url\":\"https:\/\/alanyabilisimhizmetleri.com\/\",\"name\":\"Alanya Yaz\u0131l\u0131m | Alanya Web Tasar\u0131m | Alanya Bili\u015fim Hizmetleri\",\"description\":\"Alanya Yaz\u0131l\u0131m | Alanya Web Tasar\u0131m | Alanya Bili\u015fim Hizmetleri\",\"publisher\":{\"@id\":\"https:\/\/alanyabilisimhizmetleri.com\/#organization\"},\"potentialAction\":[{\"@type\":\"SearchAction\",\"target\":{\"@type\":\"EntryPoint\",\"urlTemplate\":\"https:\/\/alanyabilisimhizmetleri.com\/?s={search_term_string}\"},\"query-input\":{\"@type\":\"PropertyValueSpecification\",\"valueRequired\":true,\"valueName\":\"search_term_string\"}}],\"inLanguage\":\"en-US\"},{\"@type\":\"Organization\",\"@id\":\"https:\/\/alanyabilisimhizmetleri.com\/#organization\",\"name\":\"Alanya Yaz\u0131l\u0131m | Alanya Web Tasar\u0131m | Alanya Bili\u015fim Hizmetleri\",\"url\":\"https:\/\/alanyabilisimhizmetleri.com\/\",\"logo\":{\"@type\":\"ImageObject\",\"inLanguage\":\"en-US\",\"@id\":\"https:\/\/alanyabilisimhizmetleri.com\/#\/schema\/logo\/image\/\",\"url\":\"https:\/\/alanyabilisimhizmetleri.com\/wp-content\/uploads\/2020\/01\/cropped-2.png\",\"contentUrl\":\"https:\/\/alanyabilisimhizmetleri.com\/wp-content\/uploads\/2020\/01\/cropped-2.png\",\"width\":288,\"height\":117,\"caption\":\"Alanya Yaz\u0131l\u0131m | Alanya Web Tasar\u0131m | Alanya Bili\u015fim Hizmetleri\"},\"image\":{\"@id\":\"https:\/\/alanyabilisimhizmetleri.com\/#\/schema\/logo\/image\/\"}}]}<\/script>\n<!-- \/ Yoast SEO Premium plugin. -->","yoast_head_json":{"title":"Alanya Dijital Pazarlama Hizmetleri | Alanya Bili\u015fim Hizmetleri","description":"Alanya Bili\u015fim Hizmetleri, Alanya'da dijital pazarlama hizmetlerinde liderdir. Sosyal medya, SEO, i\u00e7erik pazarlama ve daha fazlas\u0131n\u0131 sunuyoruz. Dijital varl\u0131\u011f\u0131n\u0131z\u0131 b\u00fcy\u00fctmek i\u00e7in bize ula\u015f\u0131n.","robots":{"index":"index","follow":"follow","max-snippet":"max-snippet:-1","max-image-preview":"max-image-preview:large","max-video-preview":"max-video-preview:-1"},"canonical":"https:\/\/alanyabilisimhizmetleri.com\/en\/dijital-pazarlama\/","og_locale":"en_US","og_type":"article","og_title":"Dijital Pazarlama","og_description":"Alanya Bili\u015fim Hizmetleri, Alanya'da dijital pazarlama hizmetlerinde liderdir. Sosyal medya, SEO, i\u00e7erik pazarlama ve daha fazlas\u0131n\u0131 sunuyoruz. Dijital varl\u0131\u011f\u0131n\u0131z\u0131 b\u00fcy\u00fctmek i\u00e7in bize ula\u015f\u0131n.","og_url":"https:\/\/alanyabilisimhizmetleri.com\/en\/dijital-pazarlama\/","og_site_name":"Alanya Yaz\u0131l\u0131m | Alanya Web Tasar\u0131m | Alanya Bili\u015fim Hizmetleri","article_modified_time":"2025-06-27T12:40:01+00:00","og_image":[{"width":512,"height":512,"url":"https:\/\/alanyabilisimhizmetleri.com\/wp-content\/uploads\/2025\/06\/abh-9.png","type":"image\/png"}],"twitter_card":"summary_large_image","twitter_misc":{"Est. reading time":"2 minutes"},"schema":{"@context":"https:\/\/schema.org","@graph":[{"@type":"WebPage","@id":"https:\/\/alanyabilisimhizmetleri.com\/dijital-pazarlama\/","url":"https:\/\/alanyabilisimhizmetleri.com\/dijital-pazarlama\/","name":"Alanya Dijital Pazarlama Hizmetleri | Alanya Bili\u015fim Hizmetleri","isPartOf":{"@id":"https:\/\/alanyabilisimhizmetleri.com\/#website"},"primaryImageOfPage":{"@id":"https:\/\/alanyabilisimhizmetleri.com\/dijital-pazarlama\/#primaryimage"},"image":{"@id":"https:\/\/alanyabilisimhizmetleri.com\/dijital-pazarlama\/#primaryimage"},"thumbnailUrl":"https:\/\/alanyabilisimhizmetleri.com\/wp-content\/uploads\/2025\/06\/abh-9.png","datePublished":"2025-06-26T10:25:27+00:00","dateModified":"2025-06-27T12:40:01+00:00","description":"Alanya Bili\u015fim Hizmetleri, Alanya'da dijital pazarlama hizmetlerinde liderdir. Sosyal medya, SEO, i\u00e7erik pazarlama ve daha fazlas\u0131n\u0131 sunuyoruz. Dijital varl\u0131\u011f\u0131n\u0131z\u0131 b\u00fcy\u00fctmek i\u00e7in bize ula\u015f\u0131n.","breadcrumb":{"@id":"https:\/\/alanyabilisimhizmetleri.com\/dijital-pazarlama\/#breadcrumb"},"inLanguage":"en-US","potentialAction":[{"@type":"ReadAction","target":["https:\/\/alanyabilisimhizmetleri.com\/dijital-pazarlama\/"]}]},{"@type":"ImageObject","inLanguage":"en-US","@id":"https:\/\/alanyabilisimhizmetleri.com\/dijital-pazarlama\/#primaryimage","url":"https:\/\/alanyabilisimhizmetleri.com\/wp-content\/uploads\/2025\/06\/abh-9.png","contentUrl":"https:\/\/alanyabilisimhizmetleri.com\/wp-content\/uploads\/2025\/06\/abh-9.png","width":512,"height":512,"caption":"Dijital Pazarlama"},{"@type":"BreadcrumbList","@id":"https:\/\/alanyabilisimhizmetleri.com\/dijital-pazarlama\/#breadcrumb","itemListElement":[{"@type":"ListItem","position":1,"name":"Anasayfa","item":"https:\/\/alanyabilisimhizmetleri.com\/"},{"@type":"ListItem","position":2,"name":"Dijital Pazarlama"}]},{"@type":"WebSite","@id":"https:\/\/alanyabilisimhizmetleri.com\/#website","url":"https:\/\/alanyabilisimhizmetleri.com\/","name":"Alanya Yaz\u0131l\u0131m | Alanya Web Tasar\u0131m | Alanya Bili\u015fim Hizmetleri","description":"Alanya Yaz\u0131l\u0131m | Alanya Web Tasar\u0131m | Alanya Bili\u015fim Hizmetleri","publisher":{"@id":"https:\/\/alanyabilisimhizmetleri.com\/#organization"},"potentialAction":[{"@type":"SearchAction","target":{"@type":"EntryPoint","urlTemplate":"https:\/\/alanyabilisimhizmetleri.com\/?s={search_term_string}"},"query-input":{"@type":"PropertyValueSpecification","valueRequired":true,"valueName":"search_term_string"}}],"inLanguage":"en-US"},{"@type":"Organization","@id":"https:\/\/alanyabilisimhizmetleri.com\/#organization","name":"Alanya Yaz\u0131l\u0131m | Alanya Web Tasar\u0131m | Alanya Bili\u015fim Hizmetleri","url":"https:\/\/alanyabilisimhizmetleri.com\/","logo":{"@type":"ImageObject","inLanguage":"en-US","@id":"https:\/\/alanyabilisimhizmetleri.com\/#\/schema\/logo\/image\/","url":"https:\/\/alanyabilisimhizmetleri.com\/wp-content\/uploads\/2020\/01\/cropped-2.png","contentUrl":"https:\/\/alanyabilisimhizmetleri.com\/wp-content\/uploads\/2020\/01\/cropped-2.png","width":288,"height":117,"caption":"Alanya Yaz\u0131l\u0131m | Alanya Web Tasar\u0131m | Alanya Bili\u015fim Hizmetleri"},"image":{"@id":"https:\/\/alanyabilisimhizmetleri.com\/#\/schema\/logo\/image\/"}}]}},"_links":{"self":[{"href":"https:\/\/alanyabilisimhizmetleri.com\/en\/wp-json\/wp\/v2\/pages\/388","targetHints":{"allow":["GET"]}}],"collection":[{"href":"https:\/\/alanyabilisimhizmetleri.com\/en\/wp-json\/wp\/v2\/pages"}],"about":[{"href":"https:\/\/alanyabilisimhizmetleri.com\/en\/wp-json\/wp\/v2\/types\/page"}],"author":[{"embeddable":true,"href":"https:\/\/alanyabilisimhizmetleri.com\/en\/wp-json\/wp\/v2\/users\/1"}],"replies":[{"embeddable":true,"href":"https:\/\/alanyabilisimhizmetleri.com\/en\/wp-json\/wp\/v2\/comments?post=388"}],"version-history":[{"count":5,"href":"https:\/\/alanyabilisimhizmetleri.com\/en\/wp-json\/wp\/v2\/pages\/388\/revisions"}],"predecessor-version":[{"id":1004,"href":"https:\/\/alanyabilisimhizmetleri.com\/en\/wp-json\/wp\/v2\/pages\/388\/revisions\/1004"}],"wp:featuredmedia":[{"embeddable":true,"href":"https:\/\/alanyabilisimhizmetleri.com\/en\/wp-json\/wp\/v2\/media\/1003"}],"wp:attachment":[{"href":"https:\/\/alanyabilisimhizmetleri.com\/en\/wp-json\/wp\/v2\/media?parent=388"}],"curies":[{"name":"wp","href":"https:\/\/api.w.org\/{rel}","templated":true}]}}