{"id":398,"date":"2025-06-26T13:27:27","date_gmt":"2025-06-26T10:27:27","guid":{"rendered":"https:\/\/alanyabilisimhizmetleri.com\/?page_id=398"},"modified":"2025-06-27T15:40:20","modified_gmt":"2025-06-27T12:40:20","slug":"drone-fotograf-cekimi","status":"publish","type":"page","link":"https:\/\/alanyabilisimhizmetleri.com\/en\/drone-fotograf-cekimi\/","title":{"rendered":"Drone &amp; Photography"},"content":{"rendered":"<div data-elementor-type=\"wp-page\" data-elementor-id=\"398\" class=\"elementor elementor-398\">\n\t\t\t\t<div class=\"aux-parallax-section elementor-element elementor-element-9c4b9d2 e-flex e-con-boxed elementor-invisible e-con e-parent\" data-id=\"9c4b9d2\" data-element_type=\"container\" data-settings=\"{&quot;animation&quot;:&quot;fadeInUp&quot;}\">\n\t\t\t\t\t<div class=\"e-con-inner\">\n\t\t\t\t<div class=\"elementor-element elementor-element-3a29c7f elementor-widget elementor-widget-text-editor\" data-id=\"3a29c7f\" data-element_type=\"widget\" data-widget_type=\"text-editor.default\">\n\t\t\t\t<div class=\"elementor-widget-container\">\n\t\t\t\t\t\t\t\t\t<header><section><section><h1>Assurance of Your Digital Transformation<\/h1><\/section><h1>Alanya Information Services: Pioneer of Drone and Photography<\/h1><h2>The Rise of Drone Photography<\/h2><p>With the advancement of technology, drones have become an important part of photography and videography. These devices are used to capture images from stunning and unique perspectives. Drones play a major role especially in shooting real estate, weddings, events and tourist attractions.<\/p><h2>Advantages of Drone Technology<\/h2><p>Drone technology offers incredible advantages in imaging and shooting. Photos and videos taken from above provide a wide perspective, covering the entire subject. This is especially useful when photographing large-scale or expansive areas.<\/p><h2>Alanya Information Services&#039; Expertise in Drone Technology<\/h2><h3>High Quality and Precision<\/h3><p>Alanya Bili\u015fim Hizmetleri works with a team that has high-quality drones and camera equipment. This allows us to obtain clear and sharp images with the best resolution. Also, thanks to the precise flight control, our drones will always be in the right position and at the right angle.<\/p><h3>Professional Editing and Post Production<\/h3><p>After photo and video shooting, our experienced post-production team edits the images. During this process, we perform color correction, image sharpening and other adjustments to achieve the best results.<\/p><h2>Frequently Asked Questions<\/h2><h3>Is Permission Required for Drone Photography?<\/h3><p>Yes, drone photography usually requires a certain permission. However, as Alanya Bili\u015fim Hizmetleri, we manage these permissions for you and make the process easier.<\/p><h3>How Long Does It Take to Shoot with a Drone?<\/h3><p>Drone filming time depends on the requirements and scale of the project, but can typically be completed within a few hours.<\/p><h2>Conclusion<\/h2><p>Alanya Bili\u015fim Hizmetleri is an expert in drone and photography services. With our professional equipment and experienced team, we are proud to provide our customers with unique and high-quality images. Contact us and see how your project will take off!<\/p><\/section><\/header>\t\t\t\t\t\t\t\t<\/div>\n\t\t\t\t<\/div>\n\t\t\t\t\t<\/div>\n\t\t\t\t<\/div>\n\t\t\t\t<\/div>","protected":false},"excerpt":{"rendered":"<p>Assurance for Your Digital Transformation Alanya Information Services: Pioneer of Drone and Photography The Rise of Drone Photography With evolving technology, drones have become an essential part of photography and videography. These devices are used to capture images from striking and unique perspectives. Drones play a particularly important role in shooting real estate, weddings, events, and tourist attractions. Drone Technology [\u2026]<\/p>","protected":false},"author":1,"featured_media":1007,"parent":0,"menu_order":0,"comment_status":"closed","ping_status":"closed","template":"elementor_header_footer","meta":{"footnotes":""},"class_list":["post-398","page","type-page","status-publish","has-post-thumbnail","hentry"],"yoast_head":"<!-- This site is optimized with the Yoast SEO Premium plugin v24.6 (Yoast SEO v25.3.1) - https:\/\/yoast.com\/wordpress\/plugins\/seo\/ -->\n<title>Alanya Drone ve Foto\u011fraf \u00c7ekimi Hizmetleri | Alanya Bili\u015fim Hizmetleri<\/title>\n<meta name=\"description\" content=\"Alanya Bili\u015fim Hizmetleri, Alanya&#039;da profesyonel drone ve foto\u011fraf \u00e7ekimi hizmetleri sunar. Etkileyici g\u00f6r\u00fcnt\u00fclerle markan\u0131z\u0131 \u00f6ne \u00e7\u0131kar\u0131n. Hizmetlerimiz hakk\u0131nda daha fazla bilgi al\u0131n.\" \/>\n<meta name=\"robots\" content=\"index, follow, max-snippet:-1, max-image-preview:large, max-video-preview:-1\" \/>\n<link rel=\"canonical\" href=\"https:\/\/alanyabilisimhizmetleri.com\/en\/drone-fotograf-cekimi\/\" \/>\n<meta property=\"og:locale\" content=\"en_US\" \/>\n<meta property=\"og:type\" content=\"article\" \/>\n<meta property=\"og:title\" content=\"Drone &amp; Foto\u011fraf \u00c7ekimi\" \/>\n<meta property=\"og:description\" content=\"Alanya Bili\u015fim Hizmetleri, Alanya&#039;da profesyonel drone ve foto\u011fraf \u00e7ekimi hizmetleri sunar. Etkileyici g\u00f6r\u00fcnt\u00fclerle markan\u0131z\u0131 \u00f6ne \u00e7\u0131kar\u0131n. Hizmetlerimiz hakk\u0131nda daha fazla bilgi al\u0131n.\" \/>\n<meta property=\"og:url\" content=\"https:\/\/alanyabilisimhizmetleri.com\/en\/drone-fotograf-cekimi\/\" \/>\n<meta property=\"og:site_name\" content=\"Alanya Yaz\u0131l\u0131m | Alanya Web Tasar\u0131m | Alanya Bili\u015fim Hizmetleri\" \/>\n<meta property=\"article:modified_time\" content=\"2025-06-27T12:40:20+00:00\" \/>\n<meta property=\"og:image\" content=\"https:\/\/alanyabilisimhizmetleri.com\/wp-content\/uploads\/2025\/06\/abh-11.png\" \/>\n\t<meta property=\"og:image:width\" content=\"512\" \/>\n\t<meta property=\"og:image:height\" content=\"512\" \/>\n\t<meta property=\"og:image:type\" content=\"image\/png\" \/>\n<meta name=\"twitter:card\" content=\"summary_large_image\" \/>\n<meta name=\"twitter:label1\" content=\"Est. reading time\" \/>\n\t<meta name=\"twitter:data1\" content=\"2 minutes\" \/>\n<script type=\"application\/ld+json\" class=\"yoast-schema-graph\">{\"@context\":\"https:\/\/schema.org\",\"@graph\":[{\"@type\":\"WebPage\",\"@id\":\"https:\/\/alanyabilisimhizmetleri.com\/drone-fotograf-cekimi\/\",\"url\":\"https:\/\/alanyabilisimhizmetleri.com\/drone-fotograf-cekimi\/\",\"name\":\"Alanya Drone ve Foto\u011fraf \u00c7ekimi Hizmetleri | Alanya Bili\u015fim Hizmetleri\",\"isPartOf\":{\"@id\":\"https:\/\/alanyabilisimhizmetleri.com\/#website\"},\"primaryImageOfPage\":{\"@id\":\"https:\/\/alanyabilisimhizmetleri.com\/drone-fotograf-cekimi\/#primaryimage\"},\"image\":{\"@id\":\"https:\/\/alanyabilisimhizmetleri.com\/drone-fotograf-cekimi\/#primaryimage\"},\"thumbnailUrl\":\"https:\/\/alanyabilisimhizmetleri.com\/wp-content\/uploads\/2025\/06\/abh-11.png\",\"datePublished\":\"2025-06-26T10:27:27+00:00\",\"dateModified\":\"2025-06-27T12:40:20+00:00\",\"description\":\"Alanya Bili\u015fim Hizmetleri, Alanya'da profesyonel drone ve foto\u011fraf \u00e7ekimi hizmetleri sunar. Etkileyici g\u00f6r\u00fcnt\u00fclerle markan\u0131z\u0131 \u00f6ne \u00e7\u0131kar\u0131n. Hizmetlerimiz hakk\u0131nda daha fazla bilgi al\u0131n.\",\"breadcrumb\":{\"@id\":\"https:\/\/alanyabilisimhizmetleri.com\/drone-fotograf-cekimi\/#breadcrumb\"},\"inLanguage\":\"en-US\",\"potentialAction\":[{\"@type\":\"ReadAction\",\"target\":[\"https:\/\/alanyabilisimhizmetleri.com\/drone-fotograf-cekimi\/\"]}]},{\"@type\":\"ImageObject\",\"inLanguage\":\"en-US\",\"@id\":\"https:\/\/alanyabilisimhizmetleri.com\/drone-fotograf-cekimi\/#primaryimage\",\"url\":\"https:\/\/alanyabilisimhizmetleri.com\/wp-content\/uploads\/2025\/06\/abh-11.png\",\"contentUrl\":\"https:\/\/alanyabilisimhizmetleri.com\/wp-content\/uploads\/2025\/06\/abh-11.png\",\"width\":512,\"height\":512,\"caption\":\"Alanya drone ve foto\u011fraf \u00e7ekimi\"},{\"@type\":\"BreadcrumbList\",\"@id\":\"https:\/\/alanyabilisimhizmetleri.com\/drone-fotograf-cekimi\/#breadcrumb\",\"itemListElement\":[{\"@type\":\"ListItem\",\"position\":1,\"name\":\"Anasayfa\",\"item\":\"https:\/\/alanyabilisimhizmetleri.com\/\"},{\"@type\":\"ListItem\",\"position\":2,\"name\":\"Drone &#038; Foto\u011fraf \u00c7ekimi\"}]},{\"@type\":\"WebSite\",\"@id\":\"https:\/\/alanyabilisimhizmetleri.com\/#website\",\"url\":\"https:\/\/alanyabilisimhizmetleri.com\/\",\"name\":\"Alanya Yaz\u0131l\u0131m | Alanya Web Tasar\u0131m | Alanya Bili\u015fim Hizmetleri\",\"description\":\"Alanya Yaz\u0131l\u0131m | Alanya Web Tasar\u0131m | Alanya Bili\u015fim Hizmetleri\",\"publisher\":{\"@id\":\"https:\/\/alanyabilisimhizmetleri.com\/#organization\"},\"potentialAction\":[{\"@type\":\"SearchAction\",\"target\":{\"@type\":\"EntryPoint\",\"urlTemplate\":\"https:\/\/alanyabilisimhizmetleri.com\/?s={search_term_string}\"},\"query-input\":{\"@type\":\"PropertyValueSpecification\",\"valueRequired\":true,\"valueName\":\"search_term_string\"}}],\"inLanguage\":\"en-US\"},{\"@type\":\"Organization\",\"@id\":\"https:\/\/alanyabilisimhizmetleri.com\/#organization\",\"name\":\"Alanya Yaz\u0131l\u0131m | Alanya Web Tasar\u0131m | Alanya Bili\u015fim Hizmetleri\",\"url\":\"https:\/\/alanyabilisimhizmetleri.com\/\",\"logo\":{\"@type\":\"ImageObject\",\"inLanguage\":\"en-US\",\"@id\":\"https:\/\/alanyabilisimhizmetleri.com\/#\/schema\/logo\/image\/\",\"url\":\"https:\/\/alanyabilisimhizmetleri.com\/wp-content\/uploads\/2020\/01\/cropped-2.png\",\"contentUrl\":\"https:\/\/alanyabilisimhizmetleri.com\/wp-content\/uploads\/2020\/01\/cropped-2.png\",\"width\":288,\"height\":117,\"caption\":\"Alanya Yaz\u0131l\u0131m | Alanya Web Tasar\u0131m | Alanya Bili\u015fim Hizmetleri\"},\"image\":{\"@id\":\"https:\/\/alanyabilisimhizmetleri.com\/#\/schema\/logo\/image\/\"}}]}<\/script>\n<!-- \/ Yoast SEO Premium plugin. -->","yoast_head_json":{"title":"Alanya Drone ve Foto\u011fraf \u00c7ekimi Hizmetleri | Alanya Bili\u015fim Hizmetleri","description":"Alanya Bili\u015fim Hizmetleri, Alanya'da profesyonel drone ve foto\u011fraf \u00e7ekimi hizmetleri sunar. Etkileyici g\u00f6r\u00fcnt\u00fclerle markan\u0131z\u0131 \u00f6ne \u00e7\u0131kar\u0131n. Hizmetlerimiz hakk\u0131nda daha fazla bilgi al\u0131n.","robots":{"index":"index","follow":"follow","max-snippet":"max-snippet:-1","max-image-preview":"max-image-preview:large","max-video-preview":"max-video-preview:-1"},"canonical":"https:\/\/alanyabilisimhizmetleri.com\/en\/drone-fotograf-cekimi\/","og_locale":"en_US","og_type":"article","og_title":"Drone & Foto\u011fraf \u00c7ekimi","og_description":"Alanya Bili\u015fim Hizmetleri, Alanya'da profesyonel drone ve foto\u011fraf \u00e7ekimi hizmetleri sunar. Etkileyici g\u00f6r\u00fcnt\u00fclerle markan\u0131z\u0131 \u00f6ne \u00e7\u0131kar\u0131n. Hizmetlerimiz hakk\u0131nda daha fazla bilgi al\u0131n.","og_url":"https:\/\/alanyabilisimhizmetleri.com\/en\/drone-fotograf-cekimi\/","og_site_name":"Alanya Yaz\u0131l\u0131m | Alanya Web Tasar\u0131m | Alanya Bili\u015fim Hizmetleri","article_modified_time":"2025-06-27T12:40:20+00:00","og_image":[{"width":512,"height":512,"url":"https:\/\/alanyabilisimhizmetleri.com\/wp-content\/uploads\/2025\/06\/abh-11.png","type":"image\/png"}],"twitter_card":"summary_large_image","twitter_misc":{"Est. reading time":"2 minutes"},"schema":{"@context":"https:\/\/schema.org","@graph":[{"@type":"WebPage","@id":"https:\/\/alanyabilisimhizmetleri.com\/drone-fotograf-cekimi\/","url":"https:\/\/alanyabilisimhizmetleri.com\/drone-fotograf-cekimi\/","name":"Alanya Drone ve Foto\u011fraf \u00c7ekimi Hizmetleri | Alanya Bili\u015fim Hizmetleri","isPartOf":{"@id":"https:\/\/alanyabilisimhizmetleri.com\/#website"},"primaryImageOfPage":{"@id":"https:\/\/alanyabilisimhizmetleri.com\/drone-fotograf-cekimi\/#primaryimage"},"image":{"@id":"https:\/\/alanyabilisimhizmetleri.com\/drone-fotograf-cekimi\/#primaryimage"},"thumbnailUrl":"https:\/\/alanyabilisimhizmetleri.com\/wp-content\/uploads\/2025\/06\/abh-11.png","datePublished":"2025-06-26T10:27:27+00:00","dateModified":"2025-06-27T12:40:20+00:00","description":"Alanya Bili\u015fim Hizmetleri, Alanya'da profesyonel drone ve foto\u011fraf \u00e7ekimi hizmetleri sunar. Etkileyici g\u00f6r\u00fcnt\u00fclerle markan\u0131z\u0131 \u00f6ne \u00e7\u0131kar\u0131n. Hizmetlerimiz hakk\u0131nda daha fazla bilgi al\u0131n.","breadcrumb":{"@id":"https:\/\/alanyabilisimhizmetleri.com\/drone-fotograf-cekimi\/#breadcrumb"},"inLanguage":"en-US","potentialAction":[{"@type":"ReadAction","target":["https:\/\/alanyabilisimhizmetleri.com\/drone-fotograf-cekimi\/"]}]},{"@type":"ImageObject","inLanguage":"en-US","@id":"https:\/\/alanyabilisimhizmetleri.com\/drone-fotograf-cekimi\/#primaryimage","url":"https:\/\/alanyabilisimhizmetleri.com\/wp-content\/uploads\/2025\/06\/abh-11.png","contentUrl":"https:\/\/alanyabilisimhizmetleri.com\/wp-content\/uploads\/2025\/06\/abh-11.png","width":512,"height":512,"caption":"Alanya drone ve foto\u011fraf \u00e7ekimi"},{"@type":"BreadcrumbList","@id":"https:\/\/alanyabilisimhizmetleri.com\/drone-fotograf-cekimi\/#breadcrumb","itemListElement":[{"@type":"ListItem","position":1,"name":"Anasayfa","item":"https:\/\/alanyabilisimhizmetleri.com\/"},{"@type":"ListItem","position":2,"name":"Drone &#038; Foto\u011fraf \u00c7ekimi"}]},{"@type":"WebSite","@id":"https:\/\/alanyabilisimhizmetleri.com\/#website","url":"https:\/\/alanyabilisimhizmetleri.com\/","name":"Alanya Yaz\u0131l\u0131m | Alanya Web Tasar\u0131m | Alanya Bili\u015fim Hizmetleri","description":"Alanya Yaz\u0131l\u0131m | Alanya Web Tasar\u0131m | Alanya Bili\u015fim Hizmetleri","publisher":{"@id":"https:\/\/alanyabilisimhizmetleri.com\/#organization"},"potentialAction":[{"@type":"SearchAction","target":{"@type":"EntryPoint","urlTemplate":"https:\/\/alanyabilisimhizmetleri.com\/?s={search_term_string}"},"query-input":{"@type":"PropertyValueSpecification","valueRequired":true,"valueName":"search_term_string"}}],"inLanguage":"en-US"},{"@type":"Organization","@id":"https:\/\/alanyabilisimhizmetleri.com\/#organization","name":"Alanya Yaz\u0131l\u0131m | Alanya Web Tasar\u0131m | Alanya Bili\u015fim Hizmetleri","url":"https:\/\/alanyabilisimhizmetleri.com\/","logo":{"@type":"ImageObject","inLanguage":"en-US","@id":"https:\/\/alanyabilisimhizmetleri.com\/#\/schema\/logo\/image\/","url":"https:\/\/alanyabilisimhizmetleri.com\/wp-content\/uploads\/2020\/01\/cropped-2.png","contentUrl":"https:\/\/alanyabilisimhizmetleri.com\/wp-content\/uploads\/2020\/01\/cropped-2.png","width":288,"height":117,"caption":"Alanya Yaz\u0131l\u0131m | Alanya Web Tasar\u0131m | Alanya Bili\u015fim Hizmetleri"},"image":{"@id":"https:\/\/alanyabilisimhizmetleri.com\/#\/schema\/logo\/image\/"}}]}},"_links":{"self":[{"href":"https:\/\/alanyabilisimhizmetleri.com\/en\/wp-json\/wp\/v2\/pages\/398","targetHints":{"allow":["GET"]}}],"collection":[{"href":"https:\/\/alanyabilisimhizmetleri.com\/en\/wp-json\/wp\/v2\/pages"}],"about":[{"href":"https:\/\/alanyabilisimhizmetleri.com\/en\/wp-json\/wp\/v2\/types\/page"}],"author":[{"embeddable":true,"href":"https:\/\/alanyabilisimhizmetleri.com\/en\/wp-json\/wp\/v2\/users\/1"}],"replies":[{"embeddable":true,"href":"https:\/\/alanyabilisimhizmetleri.com\/en\/wp-json\/wp\/v2\/comments?post=398"}],"version-history":[{"count":5,"href":"https:\/\/alanyabilisimhizmetleri.com\/en\/wp-json\/wp\/v2\/pages\/398\/revisions"}],"predecessor-version":[{"id":1008,"href":"https:\/\/alanyabilisimhizmetleri.com\/en\/wp-json\/wp\/v2\/pages\/398\/revisions\/1008"}],"wp:featuredmedia":[{"embeddable":true,"href":"https:\/\/alanyabilisimhizmetleri.com\/en\/wp-json\/wp\/v2\/media\/1007"}],"wp:attachment":[{"href":"https:\/\/alanyabilisimhizmetleri.com\/en\/wp-json\/wp\/v2\/media?parent=398"}],"curies":[{"name":"wp","href":"https:\/\/api.w.org\/{rel}","templated":true}]}}