{"id":408,"date":"2025-06-26T13:29:35","date_gmt":"2025-06-26T10:29:35","guid":{"rendered":"https:\/\/alanyabilisimhizmetleri.com\/?page_id=408"},"modified":"2025-06-27T15:40:40","modified_gmt":"2025-06-27T12:40:40","slug":"google-seo-hizmeti","status":"publish","type":"page","link":"https:\/\/alanyabilisimhizmetleri.com\/en\/google-seo-hizmeti\/","title":{"rendered":"Google SEO Service"},"content":{"rendered":"<div data-elementor-type=\"wp-page\" data-elementor-id=\"408\" class=\"elementor elementor-408\">\n\t\t\t\t<div class=\"aux-parallax-section elementor-element elementor-element-d7dedff e-flex e-con-boxed elementor-invisible e-con e-parent\" data-id=\"d7dedff\" data-element_type=\"container\" data-settings=\"{&quot;animation&quot;:&quot;fadeInUp&quot;}\">\n\t\t\t\t\t<div class=\"e-con-inner\">\n\t\t\t\t<div class=\"elementor-element elementor-element-405728e elementor-widget elementor-widget-text-editor\" data-id=\"405728e\" data-element_type=\"widget\" data-widget_type=\"text-editor.default\">\n\t\t\t\t<div class=\"elementor-widget-container\">\n\t\t\t\t\t\t\t\t\t<header><section><section><h1>Assurance of Your Digital Transformation<\/h1><\/section><h1>Alanya Information Services: Your Expert in Google SEO Services<\/h1><h2>Importance of Google SEO<\/h2><p>SEO is short for Search Engine Optimization and is the process of increasing a website&#039;s visibility and ranking in search engines. Since Google is the world&#039;s most popular search engine, Google SEO can significantly increase your website&#039;s traffic and online visibility.<\/p><h2>Benefits of Google SEO<\/h2><p>The most important benefit of Google SEO is that it leads to an increase in organic traffic. Organic traffic is users who visit a website and come from natural search results. This often results in higher conversion rates and customer loyalty.<\/p><h2>SEO Techniques and Tools We Use<\/h2><h3>Keyword Research<\/h3><p>Keyword research is a critical part of the Google SEO process. The keyword research tools we use help us determine which keywords to target and shape our SEO strategy.<\/p><h3>On-Site Optimization<\/h3><p>On-site optimization ensures that each page of your website complies with Google\u2019s search algorithms. This includes optimizing meta tags, titles, URLs, and content.<\/p><h2>Alanya Information Services: Google SEO Expertise<\/h2><p>As Alanya Bili\u015fim Hizmetleri, we have proven our expertise in Google SEO services. We offer our clients successful SEO strategies in various sectors. With our experience and knowledge, we ensure that your website ranks higher on Google.<\/p><h2>Frequently Asked Questions About Google SEO<\/h2><h3>What is Google SEO Used For?<\/h3><p>Google SEO helps a website rank higher on Google. This helps the site attract more organic traffic and ultimately more customers and sales.<\/p><h3>How to Create a Google SEO Strategy?<\/h3><p>Creating a Google SEO strategy first involves keyword research and competitor analysis. Then, based on this information, a plan is created to optimize your website.<\/p><h2>Conclusion<\/h2><p>Google SEO is vital to the success of any online business. At Alanya Bili\u015fim Hizmetleri, we understand the intricacies of Google SEO and have the experience and knowledge to make your website perform better in search engines. Contact us to boost your business&#039;s online success!<\/p><\/section><\/header>\t\t\t\t\t\t\t\t<\/div>\n\t\t\t\t<\/div>\n\t\t\t\t\t<\/div>\n\t\t\t\t<\/div>\n\t\t\t\t<\/div>","protected":false},"excerpt":{"rendered":"<p>The Security of Your Digital Transformation Alanya Information Services: Your Expert in Google SEO Services The Importance of Google SEO SEO stands for Search Engine Optimization and is the process of improving a website&#039;s visibility and ranking in search engines. As Google is the world&#039;s most popular search engine, Google SEO can significantly increase your website&#039;s traffic and online visibility. Benefits of Google SEO The most significant benefit of Google SEO is [\u2026]<\/p>","protected":false},"author":1,"featured_media":1011,"parent":0,"menu_order":0,"comment_status":"closed","ping_status":"closed","template":"elementor_header_footer","meta":{"footnotes":""},"class_list":["post-408","page","type-page","status-publish","has-post-thumbnail","hentry"],"yoast_head":"<!-- This site is optimized with the Yoast SEO Premium plugin v24.6 (Yoast SEO v25.3.1) - https:\/\/yoast.com\/wordpress\/plugins\/seo\/ -->\n<title>Alanya Google SEO Hizmetleri | Alanya Bili\u015fim Hizmetleri<\/title>\n<meta name=\"description\" content=\"Alanya Bili\u015fim Hizmetleri, Alanya&#039;da Google SEO hizmetleri sunar. Web sitenizin Google&#039;da daha iyi s\u0131ralamas\u0131n\u0131 sa\u011flamak i\u00e7in hizmetlerimiz hakk\u0131nda daha fazla bilgi al\u0131n.\" \/>\n<meta name=\"robots\" content=\"index, follow, max-snippet:-1, max-image-preview:large, max-video-preview:-1\" \/>\n<link rel=\"canonical\" href=\"https:\/\/alanyabilisimhizmetleri.com\/en\/google-seo-hizmeti\/\" \/>\n<meta property=\"og:locale\" content=\"en_US\" \/>\n<meta property=\"og:type\" content=\"article\" \/>\n<meta property=\"og:title\" content=\"Google SEO Hizmeti\" \/>\n<meta property=\"og:description\" content=\"Alanya Bili\u015fim Hizmetleri, Alanya&#039;da Google SEO hizmetleri sunar. Web sitenizin Google&#039;da daha iyi s\u0131ralamas\u0131n\u0131 sa\u011flamak i\u00e7in hizmetlerimiz hakk\u0131nda daha fazla bilgi al\u0131n.\" \/>\n<meta property=\"og:url\" content=\"https:\/\/alanyabilisimhizmetleri.com\/en\/google-seo-hizmeti\/\" \/>\n<meta property=\"og:site_name\" content=\"Alanya Yaz\u0131l\u0131m | Alanya Web Tasar\u0131m | Alanya Bili\u015fim Hizmetleri\" \/>\n<meta property=\"article:modified_time\" content=\"2025-06-27T12:40:40+00:00\" \/>\n<meta property=\"og:image\" content=\"https:\/\/alanyabilisimhizmetleri.com\/wp-content\/uploads\/2025\/06\/abh-13.png\" \/>\n\t<meta property=\"og:image:width\" content=\"512\" \/>\n\t<meta property=\"og:image:height\" content=\"512\" \/>\n\t<meta property=\"og:image:type\" content=\"image\/png\" \/>\n<meta name=\"twitter:card\" content=\"summary_large_image\" \/>\n<meta name=\"twitter:label1\" content=\"Est. reading time\" \/>\n\t<meta name=\"twitter:data1\" content=\"2 minutes\" \/>\n<script type=\"application\/ld+json\" class=\"yoast-schema-graph\">{\"@context\":\"https:\/\/schema.org\",\"@graph\":[{\"@type\":\"WebPage\",\"@id\":\"https:\/\/alanyabilisimhizmetleri.com\/google-seo-hizmeti\/\",\"url\":\"https:\/\/alanyabilisimhizmetleri.com\/google-seo-hizmeti\/\",\"name\":\"Alanya Google SEO Hizmetleri | Alanya Bili\u015fim Hizmetleri\",\"isPartOf\":{\"@id\":\"https:\/\/alanyabilisimhizmetleri.com\/#website\"},\"primaryImageOfPage\":{\"@id\":\"https:\/\/alanyabilisimhizmetleri.com\/google-seo-hizmeti\/#primaryimage\"},\"image\":{\"@id\":\"https:\/\/alanyabilisimhizmetleri.com\/google-seo-hizmeti\/#primaryimage\"},\"thumbnailUrl\":\"https:\/\/alanyabilisimhizmetleri.com\/wp-content\/uploads\/2025\/06\/abh-13.png\",\"datePublished\":\"2025-06-26T10:29:35+00:00\",\"dateModified\":\"2025-06-27T12:40:40+00:00\",\"description\":\"Alanya Bili\u015fim Hizmetleri, Alanya'da Google SEO hizmetleri sunar. Web sitenizin Google'da daha iyi s\u0131ralamas\u0131n\u0131 sa\u011flamak i\u00e7in hizmetlerimiz hakk\u0131nda daha fazla bilgi al\u0131n.\",\"breadcrumb\":{\"@id\":\"https:\/\/alanyabilisimhizmetleri.com\/google-seo-hizmeti\/#breadcrumb\"},\"inLanguage\":\"en-US\",\"potentialAction\":[{\"@type\":\"ReadAction\",\"target\":[\"https:\/\/alanyabilisimhizmetleri.com\/google-seo-hizmeti\/\"]}]},{\"@type\":\"ImageObject\",\"inLanguage\":\"en-US\",\"@id\":\"https:\/\/alanyabilisimhizmetleri.com\/google-seo-hizmeti\/#primaryimage\",\"url\":\"https:\/\/alanyabilisimhizmetleri.com\/wp-content\/uploads\/2025\/06\/abh-13.png\",\"contentUrl\":\"https:\/\/alanyabilisimhizmetleri.com\/wp-content\/uploads\/2025\/06\/abh-13.png\",\"width\":512,\"height\":512,\"caption\":\"Alanya Google SEO hizmeti\"},{\"@type\":\"BreadcrumbList\",\"@id\":\"https:\/\/alanyabilisimhizmetleri.com\/google-seo-hizmeti\/#breadcrumb\",\"itemListElement\":[{\"@type\":\"ListItem\",\"position\":1,\"name\":\"Anasayfa\",\"item\":\"https:\/\/alanyabilisimhizmetleri.com\/\"},{\"@type\":\"ListItem\",\"position\":2,\"name\":\"Google SEO Hizmeti\"}]},{\"@type\":\"WebSite\",\"@id\":\"https:\/\/alanyabilisimhizmetleri.com\/#website\",\"url\":\"https:\/\/alanyabilisimhizmetleri.com\/\",\"name\":\"Alanya Yaz\u0131l\u0131m | Alanya Web Tasar\u0131m | Alanya Bili\u015fim Hizmetleri\",\"description\":\"Alanya Yaz\u0131l\u0131m | Alanya Web Tasar\u0131m | Alanya Bili\u015fim Hizmetleri\",\"publisher\":{\"@id\":\"https:\/\/alanyabilisimhizmetleri.com\/#organization\"},\"potentialAction\":[{\"@type\":\"SearchAction\",\"target\":{\"@type\":\"EntryPoint\",\"urlTemplate\":\"https:\/\/alanyabilisimhizmetleri.com\/?s={search_term_string}\"},\"query-input\":{\"@type\":\"PropertyValueSpecification\",\"valueRequired\":true,\"valueName\":\"search_term_string\"}}],\"inLanguage\":\"en-US\"},{\"@type\":\"Organization\",\"@id\":\"https:\/\/alanyabilisimhizmetleri.com\/#organization\",\"name\":\"Alanya Yaz\u0131l\u0131m | Alanya Web Tasar\u0131m | Alanya Bili\u015fim Hizmetleri\",\"url\":\"https:\/\/alanyabilisimhizmetleri.com\/\",\"logo\":{\"@type\":\"ImageObject\",\"inLanguage\":\"en-US\",\"@id\":\"https:\/\/alanyabilisimhizmetleri.com\/#\/schema\/logo\/image\/\",\"url\":\"https:\/\/alanyabilisimhizmetleri.com\/wp-content\/uploads\/2020\/01\/cropped-2.png\",\"contentUrl\":\"https:\/\/alanyabilisimhizmetleri.com\/wp-content\/uploads\/2020\/01\/cropped-2.png\",\"width\":288,\"height\":117,\"caption\":\"Alanya Yaz\u0131l\u0131m | Alanya Web Tasar\u0131m | Alanya Bili\u015fim Hizmetleri\"},\"image\":{\"@id\":\"https:\/\/alanyabilisimhizmetleri.com\/#\/schema\/logo\/image\/\"}}]}<\/script>\n<!-- \/ Yoast SEO Premium plugin. -->","yoast_head_json":{"title":"Alanya Google SEO Hizmetleri | Alanya Bili\u015fim Hizmetleri","description":"Alanya Bili\u015fim Hizmetleri, Alanya'da Google SEO hizmetleri sunar. Web sitenizin Google'da daha iyi s\u0131ralamas\u0131n\u0131 sa\u011flamak i\u00e7in hizmetlerimiz hakk\u0131nda daha fazla bilgi al\u0131n.","robots":{"index":"index","follow":"follow","max-snippet":"max-snippet:-1","max-image-preview":"max-image-preview:large","max-video-preview":"max-video-preview:-1"},"canonical":"https:\/\/alanyabilisimhizmetleri.com\/en\/google-seo-hizmeti\/","og_locale":"en_US","og_type":"article","og_title":"Google SEO Hizmeti","og_description":"Alanya Bili\u015fim Hizmetleri, Alanya'da Google SEO hizmetleri sunar. Web sitenizin Google'da daha iyi s\u0131ralamas\u0131n\u0131 sa\u011flamak i\u00e7in hizmetlerimiz hakk\u0131nda daha fazla bilgi al\u0131n.","og_url":"https:\/\/alanyabilisimhizmetleri.com\/en\/google-seo-hizmeti\/","og_site_name":"Alanya Yaz\u0131l\u0131m | Alanya Web Tasar\u0131m | Alanya Bili\u015fim Hizmetleri","article_modified_time":"2025-06-27T12:40:40+00:00","og_image":[{"width":512,"height":512,"url":"https:\/\/alanyabilisimhizmetleri.com\/wp-content\/uploads\/2025\/06\/abh-13.png","type":"image\/png"}],"twitter_card":"summary_large_image","twitter_misc":{"Est. reading time":"2 minutes"},"schema":{"@context":"https:\/\/schema.org","@graph":[{"@type":"WebPage","@id":"https:\/\/alanyabilisimhizmetleri.com\/google-seo-hizmeti\/","url":"https:\/\/alanyabilisimhizmetleri.com\/google-seo-hizmeti\/","name":"Alanya Google SEO Hizmetleri | Alanya Bili\u015fim Hizmetleri","isPartOf":{"@id":"https:\/\/alanyabilisimhizmetleri.com\/#website"},"primaryImageOfPage":{"@id":"https:\/\/alanyabilisimhizmetleri.com\/google-seo-hizmeti\/#primaryimage"},"image":{"@id":"https:\/\/alanyabilisimhizmetleri.com\/google-seo-hizmeti\/#primaryimage"},"thumbnailUrl":"https:\/\/alanyabilisimhizmetleri.com\/wp-content\/uploads\/2025\/06\/abh-13.png","datePublished":"2025-06-26T10:29:35+00:00","dateModified":"2025-06-27T12:40:40+00:00","description":"Alanya Bili\u015fim Hizmetleri, Alanya'da Google SEO hizmetleri sunar. Web sitenizin Google'da daha iyi s\u0131ralamas\u0131n\u0131 sa\u011flamak i\u00e7in hizmetlerimiz hakk\u0131nda daha fazla bilgi al\u0131n.","breadcrumb":{"@id":"https:\/\/alanyabilisimhizmetleri.com\/google-seo-hizmeti\/#breadcrumb"},"inLanguage":"en-US","potentialAction":[{"@type":"ReadAction","target":["https:\/\/alanyabilisimhizmetleri.com\/google-seo-hizmeti\/"]}]},{"@type":"ImageObject","inLanguage":"en-US","@id":"https:\/\/alanyabilisimhizmetleri.com\/google-seo-hizmeti\/#primaryimage","url":"https:\/\/alanyabilisimhizmetleri.com\/wp-content\/uploads\/2025\/06\/abh-13.png","contentUrl":"https:\/\/alanyabilisimhizmetleri.com\/wp-content\/uploads\/2025\/06\/abh-13.png","width":512,"height":512,"caption":"Alanya Google SEO hizmeti"},{"@type":"BreadcrumbList","@id":"https:\/\/alanyabilisimhizmetleri.com\/google-seo-hizmeti\/#breadcrumb","itemListElement":[{"@type":"ListItem","position":1,"name":"Anasayfa","item":"https:\/\/alanyabilisimhizmetleri.com\/"},{"@type":"ListItem","position":2,"name":"Google SEO Hizmeti"}]},{"@type":"WebSite","@id":"https:\/\/alanyabilisimhizmetleri.com\/#website","url":"https:\/\/alanyabilisimhizmetleri.com\/","name":"Alanya Yaz\u0131l\u0131m | Alanya Web Tasar\u0131m | Alanya Bili\u015fim Hizmetleri","description":"Alanya Yaz\u0131l\u0131m | Alanya Web Tasar\u0131m | Alanya Bili\u015fim Hizmetleri","publisher":{"@id":"https:\/\/alanyabilisimhizmetleri.com\/#organization"},"potentialAction":[{"@type":"SearchAction","target":{"@type":"EntryPoint","urlTemplate":"https:\/\/alanyabilisimhizmetleri.com\/?s={search_term_string}"},"query-input":{"@type":"PropertyValueSpecification","valueRequired":true,"valueName":"search_term_string"}}],"inLanguage":"en-US"},{"@type":"Organization","@id":"https:\/\/alanyabilisimhizmetleri.com\/#organization","name":"Alanya Yaz\u0131l\u0131m | Alanya Web Tasar\u0131m | Alanya Bili\u015fim Hizmetleri","url":"https:\/\/alanyabilisimhizmetleri.com\/","logo":{"@type":"ImageObject","inLanguage":"en-US","@id":"https:\/\/alanyabilisimhizmetleri.com\/#\/schema\/logo\/image\/","url":"https:\/\/alanyabilisimhizmetleri.com\/wp-content\/uploads\/2020\/01\/cropped-2.png","contentUrl":"https:\/\/alanyabilisimhizmetleri.com\/wp-content\/uploads\/2020\/01\/cropped-2.png","width":288,"height":117,"caption":"Alanya Yaz\u0131l\u0131m | Alanya Web Tasar\u0131m | Alanya Bili\u015fim Hizmetleri"},"image":{"@id":"https:\/\/alanyabilisimhizmetleri.com\/#\/schema\/logo\/image\/"}}]}},"_links":{"self":[{"href":"https:\/\/alanyabilisimhizmetleri.com\/en\/wp-json\/wp\/v2\/pages\/408","targetHints":{"allow":["GET"]}}],"collection":[{"href":"https:\/\/alanyabilisimhizmetleri.com\/en\/wp-json\/wp\/v2\/pages"}],"about":[{"href":"https:\/\/alanyabilisimhizmetleri.com\/en\/wp-json\/wp\/v2\/types\/page"}],"author":[{"embeddable":true,"href":"https:\/\/alanyabilisimhizmetleri.com\/en\/wp-json\/wp\/v2\/users\/1"}],"replies":[{"embeddable":true,"href":"https:\/\/alanyabilisimhizmetleri.com\/en\/wp-json\/wp\/v2\/comments?post=408"}],"version-history":[{"count":5,"href":"https:\/\/alanyabilisimhizmetleri.com\/en\/wp-json\/wp\/v2\/pages\/408\/revisions"}],"predecessor-version":[{"id":1012,"href":"https:\/\/alanyabilisimhizmetleri.com\/en\/wp-json\/wp\/v2\/pages\/408\/revisions\/1012"}],"wp:featuredmedia":[{"embeddable":true,"href":"https:\/\/alanyabilisimhizmetleri.com\/en\/wp-json\/wp\/v2\/media\/1011"}],"wp:attachment":[{"href":"https:\/\/alanyabilisimhizmetleri.com\/en\/wp-json\/wp\/v2\/media?parent=408"}],"curies":[{"name":"wp","href":"https:\/\/api.w.org\/{rel}","templated":true}]}}