{"id":413,"date":"2025-06-26T13:50:04","date_gmt":"2025-06-26T10:50:04","guid":{"rendered":"https:\/\/alanyabilisimhizmetleri.com\/?page_id=413"},"modified":"2025-06-27T15:41:11","modified_gmt":"2025-06-27T12:41:11","slug":"icerik-yonetimi","status":"publish","type":"page","link":"https:\/\/alanyabilisimhizmetleri.com\/en\/icerik-yonetimi\/","title":{"rendered":"Content Management"},"content":{"rendered":"<div data-elementor-type=\"wp-page\" data-elementor-id=\"413\" class=\"elementor elementor-413\">\n\t\t\t\t<div class=\"aux-parallax-section elementor-element elementor-element-b88a73c e-flex e-con-boxed elementor-invisible e-con e-parent\" data-id=\"b88a73c\" data-element_type=\"container\" data-settings=\"{&quot;animation&quot;:&quot;fadeInUp&quot;}\">\n\t\t\t\t\t<div class=\"e-con-inner\">\n\t\t\t\t<div class=\"elementor-element elementor-element-b902c57 elementor-widget elementor-widget-text-editor\" data-id=\"b902c57\" data-element_type=\"widget\" data-widget_type=\"text-editor.default\">\n\t\t\t\t<div class=\"elementor-widget-container\">\n\t\t\t\t\t\t\t\t\t<header><section><section><h1>Assurance of Your Digital Transformation<\/h1><\/section><h1>Alanya Information Services: Expertise in Content Management<\/h1><h2>The Importance of Content Management<\/h2><p>In the digital age, content is king. Content management is an essential tool for businesses to maximize their online presence. The process involves creating, editing, publishing, and continually updating content to tell a brand\u2019s story, increase user engagement, and provide valuable information to target audiences.<\/p><h2>Content Management Strategy and Technology<\/h2><p>A good content management strategy and technology is critical to a brand\u2019s online success. Strategy determines what type of content is created, when and where it is published. Technology simplifies and automates this process.<\/p><h2>Alanya Information Services: Professionalism in Content Management<\/h2><h3>Creating Compelling Content<\/h3><p>At Alanya Bili\u015fim Hizmetleri, we work with you to find the best way to tell your story. Our experienced content creation team creates SEO-friendly, engaging and valuable content to convey your brand message clearly and effectively.<\/p><h3>Dynamic Content Publishing<\/h3><p>By publishing your content at the right time and in the right place, we ensure maximum interaction and reach. This increases the likelihood that your content will be seen by your target audience.<\/p><h3>Constant Content Updates<\/h3><p>Constantly updating content keeps the website or blog fresh and relevant, which can help you get higher rankings by the Google search engine.<\/p><h2>Frequently Asked Questions<\/h2><h3>How Often Should Content Management Be Performed?<\/h3><p>Content management is an ongoing process. New content should be created regularly, existing content should be updated, and old or irrelevant content should be removed.<\/p><h3>How Does Content Management Affect SEO?<\/h3><p>Well-managed content can significantly improve a website\u2019s SEO performance. Content is essential for search engines to index and rank a website. Quality and relevant content can position a website higher in search results.<\/p><h3>What is the Role of Alanya Information Services in Content Management?<\/h3><p>Alanya Bili\u015fim Hizmetleri handles the entire content management process. We assist you with developing content strategy, creating, publishing and updating content. We work with you to ensure you achieve your goals.<\/p><h2>Success in Content Management with Alanya Information Services<\/h2><p>Alanya Information Services helps businesses manage their content in the most effective way. Our experienced and talented team will help you with strategy, content creation and technology to ensure your business&#039;s online success. If you are looking for excellence in content management, Alanya Information Services is the right choice for you. Contact us to learn more about our content management services.<\/p><\/section><\/header>\t\t\t\t\t\t\t\t<\/div>\n\t\t\t\t<\/div>\n\t\t\t\t\t<\/div>\n\t\t\t\t<\/div>\n\t\t\t\t<\/div>","protected":false},"excerpt":{"rendered":"<p>Ensuring Your Digital Transformation Alanya Information Services: Expertise in Content Management The Importance of Content Management In the digital age, content is king. Content management is a crucial tool that allows businesses to maximize their online presence. This process involves creating, editing, publishing, and continuously updating content to tell a brand&#039;s story, increase user engagement, and deliver valuable information to their target audience. Content [\u2026]<\/p>","protected":false},"author":1,"featured_media":1017,"parent":0,"menu_order":0,"comment_status":"closed","ping_status":"closed","template":"elementor_header_footer","meta":{"footnotes":""},"class_list":["post-413","page","type-page","status-publish","has-post-thumbnail","hentry"],"yoast_head":"<!-- This site is optimized with the Yoast SEO Premium plugin v24.6 (Yoast SEO v25.3.1) - https:\/\/yoast.com\/wordpress\/plugins\/seo\/ -->\n<title>Profesyonel \u0130\u00e7erik Y\u00f6netimi Hizmetleri | Alanya Bili\u015fim Hizmetleri<\/title>\n<meta name=\"description\" content=\"Alanya Bili\u015fim Hizmetleri, Alanya&#039;da i\u00e7erik y\u00f6netimi hizmetleri sunar. Web sitenizin i\u00e7eri\u011fini optimize etmek ve trafi\u011fi art\u0131rmak i\u00e7in hizmetlerimiz hakk\u0131nda daha fazla bilgi al\u0131n.\" \/>\n<meta name=\"robots\" content=\"index, follow, max-snippet:-1, max-image-preview:large, max-video-preview:-1\" \/>\n<link rel=\"canonical\" href=\"https:\/\/alanyabilisimhizmetleri.com\/en\/icerik-yonetimi\/\" \/>\n<meta property=\"og:locale\" content=\"en_US\" \/>\n<meta property=\"og:type\" content=\"article\" \/>\n<meta property=\"og:title\" content=\"\u0130\u00e7erik Y\u00f6netimi\" \/>\n<meta property=\"og:description\" content=\"Alanya Bili\u015fim Hizmetleri, Alanya&#039;da i\u00e7erik y\u00f6netimi hizmetleri sunar. Web sitenizin i\u00e7eri\u011fini optimize etmek ve trafi\u011fi art\u0131rmak i\u00e7in hizmetlerimiz hakk\u0131nda daha fazla bilgi al\u0131n.\" \/>\n<meta property=\"og:url\" content=\"https:\/\/alanyabilisimhizmetleri.com\/en\/icerik-yonetimi\/\" \/>\n<meta property=\"og:site_name\" content=\"Alanya Yaz\u0131l\u0131m | Alanya Web Tasar\u0131m | Alanya Bili\u015fim Hizmetleri\" \/>\n<meta property=\"article:modified_time\" content=\"2025-06-27T12:41:11+00:00\" \/>\n<meta property=\"og:image\" content=\"https:\/\/alanyabilisimhizmetleri.com\/wp-content\/uploads\/2025\/06\/abh-16.png\" \/>\n\t<meta property=\"og:image:width\" content=\"512\" \/>\n\t<meta property=\"og:image:height\" content=\"512\" \/>\n\t<meta property=\"og:image:type\" content=\"image\/png\" \/>\n<meta name=\"twitter:card\" content=\"summary_large_image\" \/>\n<meta name=\"twitter:label1\" content=\"Est. reading time\" \/>\n\t<meta name=\"twitter:data1\" content=\"3 minutes\" \/>\n<script type=\"application\/ld+json\" class=\"yoast-schema-graph\">{\"@context\":\"https:\/\/schema.org\",\"@graph\":[{\"@type\":\"WebPage\",\"@id\":\"https:\/\/alanyabilisimhizmetleri.com\/icerik-yonetimi\/\",\"url\":\"https:\/\/alanyabilisimhizmetleri.com\/icerik-yonetimi\/\",\"name\":\"Profesyonel \u0130\u00e7erik Y\u00f6netimi Hizmetleri | Alanya Bili\u015fim Hizmetleri\",\"isPartOf\":{\"@id\":\"https:\/\/alanyabilisimhizmetleri.com\/#website\"},\"primaryImageOfPage\":{\"@id\":\"https:\/\/alanyabilisimhizmetleri.com\/icerik-yonetimi\/#primaryimage\"},\"image\":{\"@id\":\"https:\/\/alanyabilisimhizmetleri.com\/icerik-yonetimi\/#primaryimage\"},\"thumbnailUrl\":\"https:\/\/alanyabilisimhizmetleri.com\/wp-content\/uploads\/2025\/06\/abh-16.png\",\"datePublished\":\"2025-06-26T10:50:04+00:00\",\"dateModified\":\"2025-06-27T12:41:11+00:00\",\"description\":\"Alanya Bili\u015fim Hizmetleri, Alanya'da i\u00e7erik y\u00f6netimi hizmetleri sunar. Web sitenizin i\u00e7eri\u011fini optimize etmek ve trafi\u011fi art\u0131rmak i\u00e7in hizmetlerimiz hakk\u0131nda daha fazla bilgi al\u0131n.\",\"breadcrumb\":{\"@id\":\"https:\/\/alanyabilisimhizmetleri.com\/icerik-yonetimi\/#breadcrumb\"},\"inLanguage\":\"en-US\",\"potentialAction\":[{\"@type\":\"ReadAction\",\"target\":[\"https:\/\/alanyabilisimhizmetleri.com\/icerik-yonetimi\/\"]}]},{\"@type\":\"ImageObject\",\"inLanguage\":\"en-US\",\"@id\":\"https:\/\/alanyabilisimhizmetleri.com\/icerik-yonetimi\/#primaryimage\",\"url\":\"https:\/\/alanyabilisimhizmetleri.com\/wp-content\/uploads\/2025\/06\/abh-16.png\",\"contentUrl\":\"https:\/\/alanyabilisimhizmetleri.com\/wp-content\/uploads\/2025\/06\/abh-16.png\",\"width\":512,\"height\":512,\"caption\":\"Alanya i\u00e7erik y\u00f6netimi\"},{\"@type\":\"BreadcrumbList\",\"@id\":\"https:\/\/alanyabilisimhizmetleri.com\/icerik-yonetimi\/#breadcrumb\",\"itemListElement\":[{\"@type\":\"ListItem\",\"position\":1,\"name\":\"Anasayfa\",\"item\":\"https:\/\/alanyabilisimhizmetleri.com\/\"},{\"@type\":\"ListItem\",\"position\":2,\"name\":\"\u0130\u00e7erik Y\u00f6netimi\"}]},{\"@type\":\"WebSite\",\"@id\":\"https:\/\/alanyabilisimhizmetleri.com\/#website\",\"url\":\"https:\/\/alanyabilisimhizmetleri.com\/\",\"name\":\"Alanya Yaz\u0131l\u0131m | Alanya Web Tasar\u0131m | Alanya Bili\u015fim Hizmetleri\",\"description\":\"Alanya Yaz\u0131l\u0131m | Alanya Web Tasar\u0131m | Alanya Bili\u015fim Hizmetleri\",\"publisher\":{\"@id\":\"https:\/\/alanyabilisimhizmetleri.com\/#organization\"},\"potentialAction\":[{\"@type\":\"SearchAction\",\"target\":{\"@type\":\"EntryPoint\",\"urlTemplate\":\"https:\/\/alanyabilisimhizmetleri.com\/?s={search_term_string}\"},\"query-input\":{\"@type\":\"PropertyValueSpecification\",\"valueRequired\":true,\"valueName\":\"search_term_string\"}}],\"inLanguage\":\"en-US\"},{\"@type\":\"Organization\",\"@id\":\"https:\/\/alanyabilisimhizmetleri.com\/#organization\",\"name\":\"Alanya Yaz\u0131l\u0131m | Alanya Web Tasar\u0131m | Alanya Bili\u015fim Hizmetleri\",\"url\":\"https:\/\/alanyabilisimhizmetleri.com\/\",\"logo\":{\"@type\":\"ImageObject\",\"inLanguage\":\"en-US\",\"@id\":\"https:\/\/alanyabilisimhizmetleri.com\/#\/schema\/logo\/image\/\",\"url\":\"https:\/\/alanyabilisimhizmetleri.com\/wp-content\/uploads\/2020\/01\/cropped-2.png\",\"contentUrl\":\"https:\/\/alanyabilisimhizmetleri.com\/wp-content\/uploads\/2020\/01\/cropped-2.png\",\"width\":288,\"height\":117,\"caption\":\"Alanya Yaz\u0131l\u0131m | Alanya Web Tasar\u0131m | Alanya Bili\u015fim Hizmetleri\"},\"image\":{\"@id\":\"https:\/\/alanyabilisimhizmetleri.com\/#\/schema\/logo\/image\/\"}}]}<\/script>\n<!-- \/ Yoast SEO Premium plugin. -->","yoast_head_json":{"title":"Profesyonel \u0130\u00e7erik Y\u00f6netimi Hizmetleri | Alanya Bili\u015fim Hizmetleri","description":"Alanya Bili\u015fim Hizmetleri, Alanya'da i\u00e7erik y\u00f6netimi hizmetleri sunar. Web sitenizin i\u00e7eri\u011fini optimize etmek ve trafi\u011fi art\u0131rmak i\u00e7in hizmetlerimiz hakk\u0131nda daha fazla bilgi al\u0131n.","robots":{"index":"index","follow":"follow","max-snippet":"max-snippet:-1","max-image-preview":"max-image-preview:large","max-video-preview":"max-video-preview:-1"},"canonical":"https:\/\/alanyabilisimhizmetleri.com\/en\/icerik-yonetimi\/","og_locale":"en_US","og_type":"article","og_title":"\u0130\u00e7erik Y\u00f6netimi","og_description":"Alanya Bili\u015fim Hizmetleri, Alanya'da i\u00e7erik y\u00f6netimi hizmetleri sunar. Web sitenizin i\u00e7eri\u011fini optimize etmek ve trafi\u011fi art\u0131rmak i\u00e7in hizmetlerimiz hakk\u0131nda daha fazla bilgi al\u0131n.","og_url":"https:\/\/alanyabilisimhizmetleri.com\/en\/icerik-yonetimi\/","og_site_name":"Alanya Yaz\u0131l\u0131m | Alanya Web Tasar\u0131m | Alanya Bili\u015fim Hizmetleri","article_modified_time":"2025-06-27T12:41:11+00:00","og_image":[{"width":512,"height":512,"url":"https:\/\/alanyabilisimhizmetleri.com\/wp-content\/uploads\/2025\/06\/abh-16.png","type":"image\/png"}],"twitter_card":"summary_large_image","twitter_misc":{"Est. reading time":"3 minutes"},"schema":{"@context":"https:\/\/schema.org","@graph":[{"@type":"WebPage","@id":"https:\/\/alanyabilisimhizmetleri.com\/icerik-yonetimi\/","url":"https:\/\/alanyabilisimhizmetleri.com\/icerik-yonetimi\/","name":"Profesyonel \u0130\u00e7erik Y\u00f6netimi Hizmetleri | Alanya Bili\u015fim Hizmetleri","isPartOf":{"@id":"https:\/\/alanyabilisimhizmetleri.com\/#website"},"primaryImageOfPage":{"@id":"https:\/\/alanyabilisimhizmetleri.com\/icerik-yonetimi\/#primaryimage"},"image":{"@id":"https:\/\/alanyabilisimhizmetleri.com\/icerik-yonetimi\/#primaryimage"},"thumbnailUrl":"https:\/\/alanyabilisimhizmetleri.com\/wp-content\/uploads\/2025\/06\/abh-16.png","datePublished":"2025-06-26T10:50:04+00:00","dateModified":"2025-06-27T12:41:11+00:00","description":"Alanya Bili\u015fim Hizmetleri, Alanya'da i\u00e7erik y\u00f6netimi hizmetleri sunar. Web sitenizin i\u00e7eri\u011fini optimize etmek ve trafi\u011fi art\u0131rmak i\u00e7in hizmetlerimiz hakk\u0131nda daha fazla bilgi al\u0131n.","breadcrumb":{"@id":"https:\/\/alanyabilisimhizmetleri.com\/icerik-yonetimi\/#breadcrumb"},"inLanguage":"en-US","potentialAction":[{"@type":"ReadAction","target":["https:\/\/alanyabilisimhizmetleri.com\/icerik-yonetimi\/"]}]},{"@type":"ImageObject","inLanguage":"en-US","@id":"https:\/\/alanyabilisimhizmetleri.com\/icerik-yonetimi\/#primaryimage","url":"https:\/\/alanyabilisimhizmetleri.com\/wp-content\/uploads\/2025\/06\/abh-16.png","contentUrl":"https:\/\/alanyabilisimhizmetleri.com\/wp-content\/uploads\/2025\/06\/abh-16.png","width":512,"height":512,"caption":"Alanya i\u00e7erik y\u00f6netimi"},{"@type":"BreadcrumbList","@id":"https:\/\/alanyabilisimhizmetleri.com\/icerik-yonetimi\/#breadcrumb","itemListElement":[{"@type":"ListItem","position":1,"name":"Anasayfa","item":"https:\/\/alanyabilisimhizmetleri.com\/"},{"@type":"ListItem","position":2,"name":"\u0130\u00e7erik Y\u00f6netimi"}]},{"@type":"WebSite","@id":"https:\/\/alanyabilisimhizmetleri.com\/#website","url":"https:\/\/alanyabilisimhizmetleri.com\/","name":"Alanya Yaz\u0131l\u0131m | Alanya Web Tasar\u0131m | Alanya Bili\u015fim Hizmetleri","description":"Alanya Yaz\u0131l\u0131m | Alanya Web Tasar\u0131m | Alanya Bili\u015fim Hizmetleri","publisher":{"@id":"https:\/\/alanyabilisimhizmetleri.com\/#organization"},"potentialAction":[{"@type":"SearchAction","target":{"@type":"EntryPoint","urlTemplate":"https:\/\/alanyabilisimhizmetleri.com\/?s={search_term_string}"},"query-input":{"@type":"PropertyValueSpecification","valueRequired":true,"valueName":"search_term_string"}}],"inLanguage":"en-US"},{"@type":"Organization","@id":"https:\/\/alanyabilisimhizmetleri.com\/#organization","name":"Alanya Yaz\u0131l\u0131m | Alanya Web Tasar\u0131m | Alanya Bili\u015fim Hizmetleri","url":"https:\/\/alanyabilisimhizmetleri.com\/","logo":{"@type":"ImageObject","inLanguage":"en-US","@id":"https:\/\/alanyabilisimhizmetleri.com\/#\/schema\/logo\/image\/","url":"https:\/\/alanyabilisimhizmetleri.com\/wp-content\/uploads\/2020\/01\/cropped-2.png","contentUrl":"https:\/\/alanyabilisimhizmetleri.com\/wp-content\/uploads\/2020\/01\/cropped-2.png","width":288,"height":117,"caption":"Alanya Yaz\u0131l\u0131m | Alanya Web Tasar\u0131m | Alanya Bili\u015fim Hizmetleri"},"image":{"@id":"https:\/\/alanyabilisimhizmetleri.com\/#\/schema\/logo\/image\/"}}]}},"_links":{"self":[{"href":"https:\/\/alanyabilisimhizmetleri.com\/en\/wp-json\/wp\/v2\/pages\/413","targetHints":{"allow":["GET"]}}],"collection":[{"href":"https:\/\/alanyabilisimhizmetleri.com\/en\/wp-json\/wp\/v2\/pages"}],"about":[{"href":"https:\/\/alanyabilisimhizmetleri.com\/en\/wp-json\/wp\/v2\/types\/page"}],"author":[{"embeddable":true,"href":"https:\/\/alanyabilisimhizmetleri.com\/en\/wp-json\/wp\/v2\/users\/1"}],"replies":[{"embeddable":true,"href":"https:\/\/alanyabilisimhizmetleri.com\/en\/wp-json\/wp\/v2\/comments?post=413"}],"version-history":[{"count":5,"href":"https:\/\/alanyabilisimhizmetleri.com\/en\/wp-json\/wp\/v2\/pages\/413\/revisions"}],"predecessor-version":[{"id":1018,"href":"https:\/\/alanyabilisimhizmetleri.com\/en\/wp-json\/wp\/v2\/pages\/413\/revisions\/1018"}],"wp:featuredmedia":[{"embeddable":true,"href":"https:\/\/alanyabilisimhizmetleri.com\/en\/wp-json\/wp\/v2\/media\/1017"}],"wp:attachment":[{"href":"https:\/\/alanyabilisimhizmetleri.com\/en\/wp-json\/wp\/v2\/media?parent=413"}],"curies":[{"name":"wp","href":"https:\/\/api.w.org\/{rel}","templated":true}]}}