{"id":418,"date":"2025-06-26T13:50:54","date_gmt":"2025-06-26T10:50:54","guid":{"rendered":"https:\/\/alanyabilisimhizmetleri.com\/?page_id=418"},"modified":"2025-06-27T15:41:30","modified_gmt":"2025-06-27T12:41:30","slug":"kvkk-aydinlatma-metini","status":"publish","type":"page","link":"https:\/\/alanyabilisimhizmetleri.com\/en\/kvkk-aydinlatma-metini\/","title":{"rendered":"KVKK &amp; Information Text"},"content":{"rendered":"<div data-elementor-type=\"wp-page\" data-elementor-id=\"418\" class=\"elementor elementor-418\">\n\t\t\t\t<div class=\"aux-parallax-section elementor-element elementor-element-a50bf33 e-flex e-con-boxed elementor-invisible e-con e-parent\" data-id=\"a50bf33\" data-element_type=\"container\" data-settings=\"{&quot;animation&quot;:&quot;fadeInUp&quot;}\">\n\t\t\t\t\t<div class=\"e-con-inner\">\n\t\t\t\t<div class=\"elementor-element elementor-element-b666be6 elementor-widget elementor-widget-text-editor\" data-id=\"b666be6\" data-element_type=\"widget\" data-widget_type=\"text-editor.default\">\n\t\t\t\t<div class=\"elementor-widget-container\">\n\t\t\t\t\t\t\t\t\t<header><section><section><h1>KVKK &amp; Information Text<\/h1><\/section><h1>Personal Data Protection Law<\/h1><h2>1. Introduction<\/h2><p>Alanya Bili\u015fim Hizmetleri is bound by the Personal Data Protection Law (KVKK) regarding the protection and processing of personal data in accordance with the laws of the Republic of T\u00fcrkiye.<\/p><h2>2. Collection and Processing of Personal Data<\/h2><p>In accordance with the KVKK, we take all necessary measures to protect and protect the confidentiality of the personal data we collect from you. Your personal data is processed to provide our services, improve the operation of our website and provide you with a better user experience.<\/p><h2>3. Data Owner&#039;s Rights<\/h2><p>As the owner of personal data, you have the right, in accordance with Article 11 of the LPPD, to learn whether your personal data is processed, to request information if it has been processed, to learn the purpose of processing and whether it is used in accordance with its purpose, to know the third parties to whom it has been transferred domestically or abroad, to request correction if it is processed incompletely or incorrectly, to request deletion or destruction in accordance with Article 7 of the LPPD, to request notification of the above-mentioned correction, deletion and destruction processes to third parties to whom it has been transferred, to object to the emergence of a result to your detriment due to analysis by exclusively automated systems, and to request compensation for the damages if you suffer damages due to processing in violation of the law.<\/p><h2>4. Protection of Personal Data<\/h2><p>Your personal data is processed and protected in accordance with our privacy principles and KVKK. We take technological and operational security measures to ensure the security of your data.<\/p><h2>5. Contact Information<\/h2><p>You can forward all your questions and requests regarding the protection of personal data to Alanya Bili\u015fim Hizmetleri as the data controller.<\/p><\/section><\/header>\t\t\t\t\t\t\t\t<\/div>\n\t\t\t\t<\/div>\n\t\t\t\t\t<\/div>\n\t\t\t\t<\/div>\n\t\t\t\t<\/div>","protected":false},"excerpt":{"rendered":"<p>KVKK &amp; Disclosure Text Personal Data Protection Law 1. Introduction Alanya Bili\u015fim Hizmetleri is bound by the Personal Data Protection Law (KVKK) regarding the protection and processing of personal data in accordance with the laws of the Republic of Turkey. 2. Collection and Processing of Personal Data In accordance with the KVKK, we take all necessary precautions to protect and confidentially collect personal data from you. Your personal data is used to provide our services, [\u2026]<\/p>","protected":false},"author":1,"featured_media":1021,"parent":0,"menu_order":0,"comment_status":"closed","ping_status":"closed","template":"elementor_header_footer","meta":{"footnotes":""},"class_list":["post-418","page","type-page","status-publish","has-post-thumbnail","hentry"],"yoast_head":"<!-- This site is optimized with the Yoast SEO Premium plugin v24.6 (Yoast SEO v25.3.1) - https:\/\/yoast.com\/wordpress\/plugins\/seo\/ -->\n<title>KVKK &amp; Ayd\u0131nlatma Metni | Alanya Bili\u015fim Hizmetleri - Ki\u015fisel Verilerin Korunmas\u0131<\/title>\n<meta name=\"description\" content=\"Alanya Bili\u015fim Hizmetleri, ki\u015fisel verilerin korunmas\u0131na \u00f6nem verir. KVKK ve Ayd\u0131nlatma Metnimizi okuyarak veri i\u015fleme politikalar\u0131m\u0131z hakk\u0131nda bilgi edinin.\" \/>\n<meta name=\"robots\" content=\"index, follow, max-snippet:-1, max-image-preview:large, max-video-preview:-1\" \/>\n<link rel=\"canonical\" href=\"https:\/\/alanyabilisimhizmetleri.com\/en\/kvkk-aydinlatma-metini\/\" \/>\n<meta property=\"og:locale\" content=\"en_US\" \/>\n<meta property=\"og:type\" content=\"article\" \/>\n<meta property=\"og:title\" content=\"KVKK &amp; Ayd\u0131nlatma Metini\" \/>\n<meta property=\"og:description\" content=\"Alanya Bili\u015fim Hizmetleri, ki\u015fisel verilerin korunmas\u0131na \u00f6nem verir. KVKK ve Ayd\u0131nlatma Metnimizi okuyarak veri i\u015fleme politikalar\u0131m\u0131z hakk\u0131nda bilgi edinin.\" \/>\n<meta property=\"og:url\" content=\"https:\/\/alanyabilisimhizmetleri.com\/en\/kvkk-aydinlatma-metini\/\" \/>\n<meta property=\"og:site_name\" content=\"Alanya Yaz\u0131l\u0131m | Alanya Web Tasar\u0131m | Alanya Bili\u015fim Hizmetleri\" \/>\n<meta property=\"article:modified_time\" content=\"2025-06-27T12:41:30+00:00\" \/>\n<meta property=\"og:image\" content=\"https:\/\/alanyabilisimhizmetleri.com\/wp-content\/uploads\/2025\/06\/abh-18.png\" \/>\n\t<meta property=\"og:image:width\" content=\"512\" \/>\n\t<meta property=\"og:image:height\" content=\"512\" \/>\n\t<meta property=\"og:image:type\" content=\"image\/png\" \/>\n<meta name=\"twitter:card\" content=\"summary_large_image\" \/>\n<meta name=\"twitter:label1\" content=\"Est. reading time\" \/>\n\t<meta name=\"twitter:data1\" content=\"2 minutes\" \/>\n<script type=\"application\/ld+json\" class=\"yoast-schema-graph\">{\"@context\":\"https:\/\/schema.org\",\"@graph\":[{\"@type\":\"WebPage\",\"@id\":\"https:\/\/alanyabilisimhizmetleri.com\/kvkk-aydinlatma-metini\/\",\"url\":\"https:\/\/alanyabilisimhizmetleri.com\/kvkk-aydinlatma-metini\/\",\"name\":\"KVKK & Ayd\u0131nlatma Metni | Alanya Bili\u015fim Hizmetleri - Ki\u015fisel Verilerin Korunmas\u0131\",\"isPartOf\":{\"@id\":\"https:\/\/alanyabilisimhizmetleri.com\/#website\"},\"primaryImageOfPage\":{\"@id\":\"https:\/\/alanyabilisimhizmetleri.com\/kvkk-aydinlatma-metini\/#primaryimage\"},\"image\":{\"@id\":\"https:\/\/alanyabilisimhizmetleri.com\/kvkk-aydinlatma-metini\/#primaryimage\"},\"thumbnailUrl\":\"https:\/\/alanyabilisimhizmetleri.com\/wp-content\/uploads\/2025\/06\/abh-18.png\",\"datePublished\":\"2025-06-26T10:50:54+00:00\",\"dateModified\":\"2025-06-27T12:41:30+00:00\",\"description\":\"Alanya Bili\u015fim Hizmetleri, ki\u015fisel verilerin korunmas\u0131na \u00f6nem verir. KVKK ve Ayd\u0131nlatma Metnimizi okuyarak veri i\u015fleme politikalar\u0131m\u0131z hakk\u0131nda bilgi edinin.\",\"breadcrumb\":{\"@id\":\"https:\/\/alanyabilisimhizmetleri.com\/kvkk-aydinlatma-metini\/#breadcrumb\"},\"inLanguage\":\"en-US\",\"potentialAction\":[{\"@type\":\"ReadAction\",\"target\":[\"https:\/\/alanyabilisimhizmetleri.com\/kvkk-aydinlatma-metini\/\"]}]},{\"@type\":\"ImageObject\",\"inLanguage\":\"en-US\",\"@id\":\"https:\/\/alanyabilisimhizmetleri.com\/kvkk-aydinlatma-metini\/#primaryimage\",\"url\":\"https:\/\/alanyabilisimhizmetleri.com\/wp-content\/uploads\/2025\/06\/abh-18.png\",\"contentUrl\":\"https:\/\/alanyabilisimhizmetleri.com\/wp-content\/uploads\/2025\/06\/abh-18.png\",\"width\":512,\"height\":512,\"caption\":\"Alanya KVKK Ayd\u0131nlatma Metni\"},{\"@type\":\"BreadcrumbList\",\"@id\":\"https:\/\/alanyabilisimhizmetleri.com\/kvkk-aydinlatma-metini\/#breadcrumb\",\"itemListElement\":[{\"@type\":\"ListItem\",\"position\":1,\"name\":\"Anasayfa\",\"item\":\"https:\/\/alanyabilisimhizmetleri.com\/\"},{\"@type\":\"ListItem\",\"position\":2,\"name\":\"KVKK &#038; Ayd\u0131nlatma Metini\"}]},{\"@type\":\"WebSite\",\"@id\":\"https:\/\/alanyabilisimhizmetleri.com\/#website\",\"url\":\"https:\/\/alanyabilisimhizmetleri.com\/\",\"name\":\"Alanya Yaz\u0131l\u0131m | Alanya Web Tasar\u0131m | Alanya Bili\u015fim Hizmetleri\",\"description\":\"Alanya Yaz\u0131l\u0131m | Alanya Web Tasar\u0131m | Alanya Bili\u015fim Hizmetleri\",\"publisher\":{\"@id\":\"https:\/\/alanyabilisimhizmetleri.com\/#organization\"},\"potentialAction\":[{\"@type\":\"SearchAction\",\"target\":{\"@type\":\"EntryPoint\",\"urlTemplate\":\"https:\/\/alanyabilisimhizmetleri.com\/?s={search_term_string}\"},\"query-input\":{\"@type\":\"PropertyValueSpecification\",\"valueRequired\":true,\"valueName\":\"search_term_string\"}}],\"inLanguage\":\"en-US\"},{\"@type\":\"Organization\",\"@id\":\"https:\/\/alanyabilisimhizmetleri.com\/#organization\",\"name\":\"Alanya Yaz\u0131l\u0131m | Alanya Web Tasar\u0131m | Alanya Bili\u015fim Hizmetleri\",\"url\":\"https:\/\/alanyabilisimhizmetleri.com\/\",\"logo\":{\"@type\":\"ImageObject\",\"inLanguage\":\"en-US\",\"@id\":\"https:\/\/alanyabilisimhizmetleri.com\/#\/schema\/logo\/image\/\",\"url\":\"https:\/\/alanyabilisimhizmetleri.com\/wp-content\/uploads\/2020\/01\/cropped-2.png\",\"contentUrl\":\"https:\/\/alanyabilisimhizmetleri.com\/wp-content\/uploads\/2020\/01\/cropped-2.png\",\"width\":288,\"height\":117,\"caption\":\"Alanya Yaz\u0131l\u0131m | Alanya Web Tasar\u0131m | Alanya Bili\u015fim Hizmetleri\"},\"image\":{\"@id\":\"https:\/\/alanyabilisimhizmetleri.com\/#\/schema\/logo\/image\/\"}}]}<\/script>\n<!-- \/ Yoast SEO Premium plugin. -->","yoast_head_json":{"title":"KVKK & Ayd\u0131nlatma Metni | Alanya Bili\u015fim Hizmetleri - Ki\u015fisel Verilerin Korunmas\u0131","description":"Alanya Bili\u015fim Hizmetleri, ki\u015fisel verilerin korunmas\u0131na \u00f6nem verir. KVKK ve Ayd\u0131nlatma Metnimizi okuyarak veri i\u015fleme politikalar\u0131m\u0131z hakk\u0131nda bilgi edinin.","robots":{"index":"index","follow":"follow","max-snippet":"max-snippet:-1","max-image-preview":"max-image-preview:large","max-video-preview":"max-video-preview:-1"},"canonical":"https:\/\/alanyabilisimhizmetleri.com\/en\/kvkk-aydinlatma-metini\/","og_locale":"en_US","og_type":"article","og_title":"KVKK & Ayd\u0131nlatma Metini","og_description":"Alanya Bili\u015fim Hizmetleri, ki\u015fisel verilerin korunmas\u0131na \u00f6nem verir. KVKK ve Ayd\u0131nlatma Metnimizi okuyarak veri i\u015fleme politikalar\u0131m\u0131z hakk\u0131nda bilgi edinin.","og_url":"https:\/\/alanyabilisimhizmetleri.com\/en\/kvkk-aydinlatma-metini\/","og_site_name":"Alanya Yaz\u0131l\u0131m | Alanya Web Tasar\u0131m | Alanya Bili\u015fim Hizmetleri","article_modified_time":"2025-06-27T12:41:30+00:00","og_image":[{"width":512,"height":512,"url":"https:\/\/alanyabilisimhizmetleri.com\/wp-content\/uploads\/2025\/06\/abh-18.png","type":"image\/png"}],"twitter_card":"summary_large_image","twitter_misc":{"Est. reading time":"2 minutes"},"schema":{"@context":"https:\/\/schema.org","@graph":[{"@type":"WebPage","@id":"https:\/\/alanyabilisimhizmetleri.com\/kvkk-aydinlatma-metini\/","url":"https:\/\/alanyabilisimhizmetleri.com\/kvkk-aydinlatma-metini\/","name":"KVKK & Ayd\u0131nlatma Metni | Alanya Bili\u015fim Hizmetleri - Ki\u015fisel Verilerin Korunmas\u0131","isPartOf":{"@id":"https:\/\/alanyabilisimhizmetleri.com\/#website"},"primaryImageOfPage":{"@id":"https:\/\/alanyabilisimhizmetleri.com\/kvkk-aydinlatma-metini\/#primaryimage"},"image":{"@id":"https:\/\/alanyabilisimhizmetleri.com\/kvkk-aydinlatma-metini\/#primaryimage"},"thumbnailUrl":"https:\/\/alanyabilisimhizmetleri.com\/wp-content\/uploads\/2025\/06\/abh-18.png","datePublished":"2025-06-26T10:50:54+00:00","dateModified":"2025-06-27T12:41:30+00:00","description":"Alanya Bili\u015fim Hizmetleri, ki\u015fisel verilerin korunmas\u0131na \u00f6nem verir. KVKK ve Ayd\u0131nlatma Metnimizi okuyarak veri i\u015fleme politikalar\u0131m\u0131z hakk\u0131nda bilgi edinin.","breadcrumb":{"@id":"https:\/\/alanyabilisimhizmetleri.com\/kvkk-aydinlatma-metini\/#breadcrumb"},"inLanguage":"en-US","potentialAction":[{"@type":"ReadAction","target":["https:\/\/alanyabilisimhizmetleri.com\/kvkk-aydinlatma-metini\/"]}]},{"@type":"ImageObject","inLanguage":"en-US","@id":"https:\/\/alanyabilisimhizmetleri.com\/kvkk-aydinlatma-metini\/#primaryimage","url":"https:\/\/alanyabilisimhizmetleri.com\/wp-content\/uploads\/2025\/06\/abh-18.png","contentUrl":"https:\/\/alanyabilisimhizmetleri.com\/wp-content\/uploads\/2025\/06\/abh-18.png","width":512,"height":512,"caption":"Alanya KVKK Ayd\u0131nlatma Metni"},{"@type":"BreadcrumbList","@id":"https:\/\/alanyabilisimhizmetleri.com\/kvkk-aydinlatma-metini\/#breadcrumb","itemListElement":[{"@type":"ListItem","position":1,"name":"Anasayfa","item":"https:\/\/alanyabilisimhizmetleri.com\/"},{"@type":"ListItem","position":2,"name":"KVKK &#038; Ayd\u0131nlatma Metini"}]},{"@type":"WebSite","@id":"https:\/\/alanyabilisimhizmetleri.com\/#website","url":"https:\/\/alanyabilisimhizmetleri.com\/","name":"Alanya Yaz\u0131l\u0131m | Alanya Web Tasar\u0131m | Alanya Bili\u015fim Hizmetleri","description":"Alanya Yaz\u0131l\u0131m | Alanya Web Tasar\u0131m | Alanya Bili\u015fim Hizmetleri","publisher":{"@id":"https:\/\/alanyabilisimhizmetleri.com\/#organization"},"potentialAction":[{"@type":"SearchAction","target":{"@type":"EntryPoint","urlTemplate":"https:\/\/alanyabilisimhizmetleri.com\/?s={search_term_string}"},"query-input":{"@type":"PropertyValueSpecification","valueRequired":true,"valueName":"search_term_string"}}],"inLanguage":"en-US"},{"@type":"Organization","@id":"https:\/\/alanyabilisimhizmetleri.com\/#organization","name":"Alanya Yaz\u0131l\u0131m | Alanya Web Tasar\u0131m | Alanya Bili\u015fim Hizmetleri","url":"https:\/\/alanyabilisimhizmetleri.com\/","logo":{"@type":"ImageObject","inLanguage":"en-US","@id":"https:\/\/alanyabilisimhizmetleri.com\/#\/schema\/logo\/image\/","url":"https:\/\/alanyabilisimhizmetleri.com\/wp-content\/uploads\/2020\/01\/cropped-2.png","contentUrl":"https:\/\/alanyabilisimhizmetleri.com\/wp-content\/uploads\/2020\/01\/cropped-2.png","width":288,"height":117,"caption":"Alanya Yaz\u0131l\u0131m | Alanya Web Tasar\u0131m | Alanya Bili\u015fim Hizmetleri"},"image":{"@id":"https:\/\/alanyabilisimhizmetleri.com\/#\/schema\/logo\/image\/"}}]}},"_links":{"self":[{"href":"https:\/\/alanyabilisimhizmetleri.com\/en\/wp-json\/wp\/v2\/pages\/418","targetHints":{"allow":["GET"]}}],"collection":[{"href":"https:\/\/alanyabilisimhizmetleri.com\/en\/wp-json\/wp\/v2\/pages"}],"about":[{"href":"https:\/\/alanyabilisimhizmetleri.com\/en\/wp-json\/wp\/v2\/types\/page"}],"author":[{"embeddable":true,"href":"https:\/\/alanyabilisimhizmetleri.com\/en\/wp-json\/wp\/v2\/users\/1"}],"replies":[{"embeddable":true,"href":"https:\/\/alanyabilisimhizmetleri.com\/en\/wp-json\/wp\/v2\/comments?post=418"}],"version-history":[{"count":5,"href":"https:\/\/alanyabilisimhizmetleri.com\/en\/wp-json\/wp\/v2\/pages\/418\/revisions"}],"predecessor-version":[{"id":1022,"href":"https:\/\/alanyabilisimhizmetleri.com\/en\/wp-json\/wp\/v2\/pages\/418\/revisions\/1022"}],"wp:featuredmedia":[{"embeddable":true,"href":"https:\/\/alanyabilisimhizmetleri.com\/en\/wp-json\/wp\/v2\/media\/1021"}],"wp:attachment":[{"href":"https:\/\/alanyabilisimhizmetleri.com\/en\/wp-json\/wp\/v2\/media?parent=418"}],"curies":[{"name":"wp","href":"https:\/\/api.w.org\/{rel}","templated":true}]}}