{"id":423,"date":"2025-06-26T13:51:37","date_gmt":"2025-06-26T10:51:37","guid":{"rendered":"https:\/\/alanyabilisimhizmetleri.com\/?page_id=423"},"modified":"2025-06-27T15:41:39","modified_gmt":"2025-06-27T12:41:39","slug":"logo-tasarimi","status":"publish","type":"page","link":"https:\/\/alanyabilisimhizmetleri.com\/en\/logo-tasarimi\/","title":{"rendered":"Logo Design"},"content":{"rendered":"<div data-elementor-type=\"wp-page\" data-elementor-id=\"423\" class=\"elementor elementor-423\">\n\t\t\t\t<div class=\"aux-parallax-section elementor-element elementor-element-c0b7289 e-flex e-con-boxed elementor-invisible e-con e-parent\" data-id=\"c0b7289\" data-element_type=\"container\" data-settings=\"{&quot;animation&quot;:&quot;fadeInUp&quot;}\">\n\t\t\t\t\t<div class=\"e-con-inner\">\n\t\t\t\t<div class=\"elementor-element elementor-element-dd51b9a elementor-widget elementor-widget-text-editor\" data-id=\"dd51b9a\" data-element_type=\"widget\" data-widget_type=\"text-editor.default\">\n\t\t\t\t<div class=\"elementor-widget-container\">\n\t\t\t\t\t\t\t\t\t<header><section><section><h1>Assurance of Your Digital Transformation<\/h1><\/section><h1>Alanya Information Services: Expertise in Logo Design<\/h1><h2>Importance of Logo Design<\/h2><p>One of the most important elements that represent a brand&#039;s identity is logo design. A logo is a unique icon or graphic element that identifies a brand. A correct logo design ensures that your brand makes a strong first impression on your target audience.<\/p><h2>Creative and Original Logo Design<\/h2><p>As Alanya Bili\u015fim Hizmetleri, we prioritize creativity and originality in logo designs. We work closely with our customers to understand their brand values and goals and reflect this information in the logo design. Each of our logo designs aims to capture the attention of your target audience while reflecting the personality of your brand.<\/p><h2>Frequently Asked Questions<\/h2><h3>How Long Does It Take to Complete a Logo Design?<\/h3><p>Logo design time can vary depending on project requirements and complexity. Typically, the logo design process is completed within a few weeks. However, we do have express delivery options available.<\/p><h3>What Technologies Do You Use in Logo Design?<\/h3><p>In logo design, we use professional graphic design software such as Adobe Illustrator and Adobe Photoshop. These software help us in creating creative and original logo designs.<\/p><h2>Quality in Logo Design with Alanya Information Services<\/h2><p>Alanya Bili\u015fim Hizmetleri stands out with its expertise in logo design. Our experienced design team creates original and impressive logo designs that best represent your brand. By working with us, you can ensure that your brand gains a strong identity and stand out from the competition.<\/p><h2>Contact Us for Your Business&#039;s Unique Logo Design<\/h2><p>Contact Alanya Bili\u015fim Hizmetleri to strengthen your brand with an impressive and unique logo design. Attract the attention of your target audience by supporting you with logo designs that meet the needs of your business. Contact us today and start working with our expert team on logo design.<\/p><\/section><\/header>\t\t\t\t\t\t\t\t<\/div>\n\t\t\t\t<\/div>\n\t\t\t\t\t<\/div>\n\t\t\t\t<\/div>\n\t\t\t\t<\/div>","protected":false},"excerpt":{"rendered":"<p>The Guarantee of Your Digital Transformation Alanya Information Technology Services: Logo Design Expertise The Importance of Logo Design Logo design is one of the most important elements that represents a brand&#039;s identity. A logo is a unique symbol or graphic element that defines a brand. A well-designed logo ensures your brand makes a strong first impression on your target audience. Creative and Original Logo Design Alanya Information Technology Services [\u2026]<\/p>","protected":false},"author":1,"featured_media":1023,"parent":0,"menu_order":0,"comment_status":"closed","ping_status":"closed","template":"elementor_header_footer","meta":{"footnotes":""},"class_list":["post-423","page","type-page","status-publish","has-post-thumbnail","hentry"],"yoast_head":"<!-- This site is optimized with the Yoast SEO Premium plugin v24.6 (Yoast SEO v25.3.1) - https:\/\/yoast.com\/wordpress\/plugins\/seo\/ -->\n<title>Profesyonel Logo Tasar\u0131m\u0131 Hizmetleri | Alanya Bili\u015fim Hizmetleri<\/title>\n<meta name=\"description\" content=\"Alanya Bili\u015fim Hizmetleri, Alanya&#039;da logo tasar\u0131m\u0131 hizmetleri sunar. Firman\u0131z\u0131n imaj\u0131n\u0131 g\u00fc\u00e7lendirmek ve markan\u0131z\u0131 \u00f6ne \u00e7\u0131karmak i\u00e7in bize ula\u015f\u0131n.\" \/>\n<meta name=\"robots\" content=\"index, follow, max-snippet:-1, max-image-preview:large, max-video-preview:-1\" \/>\n<link rel=\"canonical\" href=\"https:\/\/alanyabilisimhizmetleri.com\/en\/logo-tasarimi\/\" \/>\n<meta property=\"og:locale\" content=\"en_US\" \/>\n<meta property=\"og:type\" content=\"article\" \/>\n<meta property=\"og:title\" content=\"Logo Tasar\u0131m\u0131\" \/>\n<meta property=\"og:description\" content=\"Alanya Bili\u015fim Hizmetleri, Alanya&#039;da logo tasar\u0131m\u0131 hizmetleri sunar. Firman\u0131z\u0131n imaj\u0131n\u0131 g\u00fc\u00e7lendirmek ve markan\u0131z\u0131 \u00f6ne \u00e7\u0131karmak i\u00e7in bize ula\u015f\u0131n.\" \/>\n<meta property=\"og:url\" content=\"https:\/\/alanyabilisimhizmetleri.com\/en\/logo-tasarimi\/\" \/>\n<meta property=\"og:site_name\" content=\"Alanya Yaz\u0131l\u0131m | Alanya Web Tasar\u0131m | Alanya Bili\u015fim Hizmetleri\" \/>\n<meta property=\"article:modified_time\" content=\"2025-06-27T12:41:39+00:00\" \/>\n<meta property=\"og:image\" content=\"https:\/\/alanyabilisimhizmetleri.com\/wp-content\/uploads\/2025\/06\/abh-19.png\" \/>\n\t<meta property=\"og:image:width\" content=\"512\" \/>\n\t<meta property=\"og:image:height\" content=\"512\" \/>\n\t<meta property=\"og:image:type\" content=\"image\/png\" \/>\n<meta name=\"twitter:card\" content=\"summary_large_image\" \/>\n<meta name=\"twitter:label1\" content=\"Est. reading time\" \/>\n\t<meta name=\"twitter:data1\" content=\"2 minutes\" \/>\n<script type=\"application\/ld+json\" class=\"yoast-schema-graph\">{\"@context\":\"https:\/\/schema.org\",\"@graph\":[{\"@type\":\"WebPage\",\"@id\":\"https:\/\/alanyabilisimhizmetleri.com\/logo-tasarimi\/\",\"url\":\"https:\/\/alanyabilisimhizmetleri.com\/logo-tasarimi\/\",\"name\":\"Profesyonel Logo Tasar\u0131m\u0131 Hizmetleri | Alanya Bili\u015fim Hizmetleri\",\"isPartOf\":{\"@id\":\"https:\/\/alanyabilisimhizmetleri.com\/#website\"},\"primaryImageOfPage\":{\"@id\":\"https:\/\/alanyabilisimhizmetleri.com\/logo-tasarimi\/#primaryimage\"},\"image\":{\"@id\":\"https:\/\/alanyabilisimhizmetleri.com\/logo-tasarimi\/#primaryimage\"},\"thumbnailUrl\":\"https:\/\/alanyabilisimhizmetleri.com\/wp-content\/uploads\/2025\/06\/abh-19.png\",\"datePublished\":\"2025-06-26T10:51:37+00:00\",\"dateModified\":\"2025-06-27T12:41:39+00:00\",\"description\":\"Alanya Bili\u015fim Hizmetleri, Alanya'da logo tasar\u0131m\u0131 hizmetleri sunar. Firman\u0131z\u0131n imaj\u0131n\u0131 g\u00fc\u00e7lendirmek ve markan\u0131z\u0131 \u00f6ne \u00e7\u0131karmak i\u00e7in bize ula\u015f\u0131n.\",\"breadcrumb\":{\"@id\":\"https:\/\/alanyabilisimhizmetleri.com\/logo-tasarimi\/#breadcrumb\"},\"inLanguage\":\"en-US\",\"potentialAction\":[{\"@type\":\"ReadAction\",\"target\":[\"https:\/\/alanyabilisimhizmetleri.com\/logo-tasarimi\/\"]}]},{\"@type\":\"ImageObject\",\"inLanguage\":\"en-US\",\"@id\":\"https:\/\/alanyabilisimhizmetleri.com\/logo-tasarimi\/#primaryimage\",\"url\":\"https:\/\/alanyabilisimhizmetleri.com\/wp-content\/uploads\/2025\/06\/abh-19.png\",\"contentUrl\":\"https:\/\/alanyabilisimhizmetleri.com\/wp-content\/uploads\/2025\/06\/abh-19.png\",\"width\":512,\"height\":512,\"caption\":\"Alanya logo tasar\u0131m\u0131\"},{\"@type\":\"BreadcrumbList\",\"@id\":\"https:\/\/alanyabilisimhizmetleri.com\/logo-tasarimi\/#breadcrumb\",\"itemListElement\":[{\"@type\":\"ListItem\",\"position\":1,\"name\":\"Anasayfa\",\"item\":\"https:\/\/alanyabilisimhizmetleri.com\/\"},{\"@type\":\"ListItem\",\"position\":2,\"name\":\"Logo Tasar\u0131m\u0131\"}]},{\"@type\":\"WebSite\",\"@id\":\"https:\/\/alanyabilisimhizmetleri.com\/#website\",\"url\":\"https:\/\/alanyabilisimhizmetleri.com\/\",\"name\":\"Alanya Yaz\u0131l\u0131m | Alanya Web Tasar\u0131m | Alanya Bili\u015fim Hizmetleri\",\"description\":\"Alanya Yaz\u0131l\u0131m | Alanya Web Tasar\u0131m | Alanya Bili\u015fim Hizmetleri\",\"publisher\":{\"@id\":\"https:\/\/alanyabilisimhizmetleri.com\/#organization\"},\"potentialAction\":[{\"@type\":\"SearchAction\",\"target\":{\"@type\":\"EntryPoint\",\"urlTemplate\":\"https:\/\/alanyabilisimhizmetleri.com\/?s={search_term_string}\"},\"query-input\":{\"@type\":\"PropertyValueSpecification\",\"valueRequired\":true,\"valueName\":\"search_term_string\"}}],\"inLanguage\":\"en-US\"},{\"@type\":\"Organization\",\"@id\":\"https:\/\/alanyabilisimhizmetleri.com\/#organization\",\"name\":\"Alanya Yaz\u0131l\u0131m | Alanya Web Tasar\u0131m | Alanya Bili\u015fim Hizmetleri\",\"url\":\"https:\/\/alanyabilisimhizmetleri.com\/\",\"logo\":{\"@type\":\"ImageObject\",\"inLanguage\":\"en-US\",\"@id\":\"https:\/\/alanyabilisimhizmetleri.com\/#\/schema\/logo\/image\/\",\"url\":\"https:\/\/alanyabilisimhizmetleri.com\/wp-content\/uploads\/2020\/01\/cropped-2.png\",\"contentUrl\":\"https:\/\/alanyabilisimhizmetleri.com\/wp-content\/uploads\/2020\/01\/cropped-2.png\",\"width\":288,\"height\":117,\"caption\":\"Alanya Yaz\u0131l\u0131m | Alanya Web Tasar\u0131m | Alanya Bili\u015fim Hizmetleri\"},\"image\":{\"@id\":\"https:\/\/alanyabilisimhizmetleri.com\/#\/schema\/logo\/image\/\"}}]}<\/script>\n<!-- \/ Yoast SEO Premium plugin. -->","yoast_head_json":{"title":"Profesyonel Logo Tasar\u0131m\u0131 Hizmetleri | Alanya Bili\u015fim Hizmetleri","description":"Alanya Bili\u015fim Hizmetleri, Alanya'da logo tasar\u0131m\u0131 hizmetleri sunar. Firman\u0131z\u0131n imaj\u0131n\u0131 g\u00fc\u00e7lendirmek ve markan\u0131z\u0131 \u00f6ne \u00e7\u0131karmak i\u00e7in bize ula\u015f\u0131n.","robots":{"index":"index","follow":"follow","max-snippet":"max-snippet:-1","max-image-preview":"max-image-preview:large","max-video-preview":"max-video-preview:-1"},"canonical":"https:\/\/alanyabilisimhizmetleri.com\/en\/logo-tasarimi\/","og_locale":"en_US","og_type":"article","og_title":"Logo Tasar\u0131m\u0131","og_description":"Alanya Bili\u015fim Hizmetleri, Alanya'da logo tasar\u0131m\u0131 hizmetleri sunar. Firman\u0131z\u0131n imaj\u0131n\u0131 g\u00fc\u00e7lendirmek ve markan\u0131z\u0131 \u00f6ne \u00e7\u0131karmak i\u00e7in bize ula\u015f\u0131n.","og_url":"https:\/\/alanyabilisimhizmetleri.com\/en\/logo-tasarimi\/","og_site_name":"Alanya Yaz\u0131l\u0131m | Alanya Web Tasar\u0131m | Alanya Bili\u015fim Hizmetleri","article_modified_time":"2025-06-27T12:41:39+00:00","og_image":[{"width":512,"height":512,"url":"https:\/\/alanyabilisimhizmetleri.com\/wp-content\/uploads\/2025\/06\/abh-19.png","type":"image\/png"}],"twitter_card":"summary_large_image","twitter_misc":{"Est. reading time":"2 minutes"},"schema":{"@context":"https:\/\/schema.org","@graph":[{"@type":"WebPage","@id":"https:\/\/alanyabilisimhizmetleri.com\/logo-tasarimi\/","url":"https:\/\/alanyabilisimhizmetleri.com\/logo-tasarimi\/","name":"Profesyonel Logo Tasar\u0131m\u0131 Hizmetleri | Alanya Bili\u015fim Hizmetleri","isPartOf":{"@id":"https:\/\/alanyabilisimhizmetleri.com\/#website"},"primaryImageOfPage":{"@id":"https:\/\/alanyabilisimhizmetleri.com\/logo-tasarimi\/#primaryimage"},"image":{"@id":"https:\/\/alanyabilisimhizmetleri.com\/logo-tasarimi\/#primaryimage"},"thumbnailUrl":"https:\/\/alanyabilisimhizmetleri.com\/wp-content\/uploads\/2025\/06\/abh-19.png","datePublished":"2025-06-26T10:51:37+00:00","dateModified":"2025-06-27T12:41:39+00:00","description":"Alanya Bili\u015fim Hizmetleri, Alanya'da logo tasar\u0131m\u0131 hizmetleri sunar. Firman\u0131z\u0131n imaj\u0131n\u0131 g\u00fc\u00e7lendirmek ve markan\u0131z\u0131 \u00f6ne \u00e7\u0131karmak i\u00e7in bize ula\u015f\u0131n.","breadcrumb":{"@id":"https:\/\/alanyabilisimhizmetleri.com\/logo-tasarimi\/#breadcrumb"},"inLanguage":"en-US","potentialAction":[{"@type":"ReadAction","target":["https:\/\/alanyabilisimhizmetleri.com\/logo-tasarimi\/"]}]},{"@type":"ImageObject","inLanguage":"en-US","@id":"https:\/\/alanyabilisimhizmetleri.com\/logo-tasarimi\/#primaryimage","url":"https:\/\/alanyabilisimhizmetleri.com\/wp-content\/uploads\/2025\/06\/abh-19.png","contentUrl":"https:\/\/alanyabilisimhizmetleri.com\/wp-content\/uploads\/2025\/06\/abh-19.png","width":512,"height":512,"caption":"Alanya logo tasar\u0131m\u0131"},{"@type":"BreadcrumbList","@id":"https:\/\/alanyabilisimhizmetleri.com\/logo-tasarimi\/#breadcrumb","itemListElement":[{"@type":"ListItem","position":1,"name":"Anasayfa","item":"https:\/\/alanyabilisimhizmetleri.com\/"},{"@type":"ListItem","position":2,"name":"Logo Tasar\u0131m\u0131"}]},{"@type":"WebSite","@id":"https:\/\/alanyabilisimhizmetleri.com\/#website","url":"https:\/\/alanyabilisimhizmetleri.com\/","name":"Alanya Yaz\u0131l\u0131m | Alanya Web Tasar\u0131m | Alanya Bili\u015fim Hizmetleri","description":"Alanya Yaz\u0131l\u0131m | Alanya Web Tasar\u0131m | Alanya Bili\u015fim Hizmetleri","publisher":{"@id":"https:\/\/alanyabilisimhizmetleri.com\/#organization"},"potentialAction":[{"@type":"SearchAction","target":{"@type":"EntryPoint","urlTemplate":"https:\/\/alanyabilisimhizmetleri.com\/?s={search_term_string}"},"query-input":{"@type":"PropertyValueSpecification","valueRequired":true,"valueName":"search_term_string"}}],"inLanguage":"en-US"},{"@type":"Organization","@id":"https:\/\/alanyabilisimhizmetleri.com\/#organization","name":"Alanya Yaz\u0131l\u0131m | Alanya Web Tasar\u0131m | Alanya Bili\u015fim Hizmetleri","url":"https:\/\/alanyabilisimhizmetleri.com\/","logo":{"@type":"ImageObject","inLanguage":"en-US","@id":"https:\/\/alanyabilisimhizmetleri.com\/#\/schema\/logo\/image\/","url":"https:\/\/alanyabilisimhizmetleri.com\/wp-content\/uploads\/2020\/01\/cropped-2.png","contentUrl":"https:\/\/alanyabilisimhizmetleri.com\/wp-content\/uploads\/2020\/01\/cropped-2.png","width":288,"height":117,"caption":"Alanya Yaz\u0131l\u0131m | Alanya Web Tasar\u0131m | Alanya Bili\u015fim Hizmetleri"},"image":{"@id":"https:\/\/alanyabilisimhizmetleri.com\/#\/schema\/logo\/image\/"}}]}},"_links":{"self":[{"href":"https:\/\/alanyabilisimhizmetleri.com\/en\/wp-json\/wp\/v2\/pages\/423","targetHints":{"allow":["GET"]}}],"collection":[{"href":"https:\/\/alanyabilisimhizmetleri.com\/en\/wp-json\/wp\/v2\/pages"}],"about":[{"href":"https:\/\/alanyabilisimhizmetleri.com\/en\/wp-json\/wp\/v2\/types\/page"}],"author":[{"embeddable":true,"href":"https:\/\/alanyabilisimhizmetleri.com\/en\/wp-json\/wp\/v2\/users\/1"}],"replies":[{"embeddable":true,"href":"https:\/\/alanyabilisimhizmetleri.com\/en\/wp-json\/wp\/v2\/comments?post=423"}],"version-history":[{"count":8,"href":"https:\/\/alanyabilisimhizmetleri.com\/en\/wp-json\/wp\/v2\/pages\/423\/revisions"}],"predecessor-version":[{"id":1024,"href":"https:\/\/alanyabilisimhizmetleri.com\/en\/wp-json\/wp\/v2\/pages\/423\/revisions\/1024"}],"wp:featuredmedia":[{"embeddable":true,"href":"https:\/\/alanyabilisimhizmetleri.com\/en\/wp-json\/wp\/v2\/media\/1023"}],"wp:attachment":[{"href":"https:\/\/alanyabilisimhizmetleri.com\/en\/wp-json\/wp\/v2\/media?parent=423"}],"curies":[{"name":"wp","href":"https:\/\/api.w.org\/{rel}","templated":true}]}}