{"id":448,"date":"2025-06-26T13:55:22","date_gmt":"2025-06-26T10:55:22","guid":{"rendered":"https:\/\/alanyabilisimhizmetleri.com\/?page_id=448"},"modified":"2025-06-27T15:44:58","modified_gmt":"2025-06-27T12:44:58","slug":"web-sitesi-optimizasyonu","status":"publish","type":"page","link":"https:\/\/alanyabilisimhizmetleri.com\/en\/web-sitesi-optimizasyonu\/","title":{"rendered":"Website Optimization"},"content":{"rendered":"<div data-elementor-type=\"wp-page\" data-elementor-id=\"448\" class=\"elementor elementor-448\">\n\t\t\t\t<div class=\"aux-parallax-section elementor-element elementor-element-d189d61 e-flex e-con-boxed elementor-invisible e-con e-parent\" data-id=\"d189d61\" data-element_type=\"container\" data-settings=\"{&quot;animation&quot;:&quot;fadeInUp&quot;}\">\n\t\t\t\t\t<div class=\"e-con-inner\">\n\t\t\t\t<div class=\"elementor-element elementor-element-633d631 elementor-widget elementor-widget-text-editor\" data-id=\"633d631\" data-element_type=\"widget\" data-widget_type=\"text-editor.default\">\n\t\t\t\t<div class=\"elementor-widget-container\">\n\t\t\t\t\t\t\t\t\t<header><section><section><h1>Assurance of Your Digital Transformation<\/h1><\/section><h1>Alanya Information Services: Reliable Partner for Your Website Optimization<\/h1><h2>What is Website Optimization?<\/h2><p>Website optimization is the process of improving the performance of a website. This means attracting more organic traffic from search engines, improving user experience, and increasing website speed.<\/p><h2>Benefits of Website Optimization<\/h2><p>Website optimization makes your site easily found by search engines, allowing you to reach more potential customers. It also improves the speed and performance of your website, which increases the user experience and helps convert visitors into customers.<\/p><h2>Alanya Information Services&#039; Website Optimization Techniques<\/h2><h3>Technical SEO<\/h3><p>Alanya Bili\u015fim Hizmetleri optimizes your technical SEO by reviewing website structure and URLs, sitemaps, robot.txt files and other technical elements. This process ensures that your site is correctly crawled and indexed by search engines.<\/p><h3>Content Optimization<\/h3><p>Optimizing your website content can help you rank higher on Google and other search engines. Keyword research and content creation strategies help ensure your content is relevant to your target audience and easily found by search engines.<\/p><h2>Frequently Asked Questions<\/h2><h3>Why Is Website Optimization Important?<\/h3><p>Website optimization helps your site get more organic traffic from search engines. This means more visitors and potential customers. It also improves your site\u2019s speed and user experience.<\/p><h3>How Long Does the Website Optimization Process Take?<\/h3><p>The website optimization process depends on your site\u2019s current state, needs, and goals. Some improvements can be made quickly, while others may take time.<\/p><h2>Conclusion<\/h2><p>As Alanya Bili\u015fim Hizmetleri, we have the experience and knowledge to increase your business&#039;s online success. The website optimization process can improve your site&#039;s performance and visibility, which means more traffic and sales. Contact us today and maximize your business&#039;s online potential!<\/p><\/section><\/header>\t\t\t\t\t\t\t\t<\/div>\n\t\t\t\t<\/div>\n\t\t\t\t\t<\/div>\n\t\t\t\t<\/div>\n\t\t\t\t<\/div>","protected":false},"excerpt":{"rendered":"<p>Alanya Information Services, the Guarantee of Your Digital Transformation: Your Trusted Partner for Website Optimization What is Website Optimization? Website optimization is the process of improving a website&#039;s performance. This means attracting more organic traffic from search engines, improving the user experience, and increasing website speed. Benefits of Website Optimization Website optimization improves your site&#039;s search engine rankings [\u2026]<\/p>","protected":false},"author":1,"featured_media":1039,"parent":0,"menu_order":0,"comment_status":"closed","ping_status":"closed","template":"elementor_header_footer","meta":{"footnotes":""},"class_list":["post-448","page","type-page","status-publish","has-post-thumbnail","hentry"],"yoast_head":"<!-- This site is optimized with the Yoast SEO Premium plugin v24.6 (Yoast SEO v25.3.1) - https:\/\/yoast.com\/wordpress\/plugins\/seo\/ -->\n<title>Web Siteleri \u0130\u00e7in Profesyonel Optimizasyon Hizmetleri | Alanya Bili\u015fim Hizmetleri<\/title>\n<meta name=\"description\" content=\"Alanya Bili\u015fim Hizmetleri, Alanya&#039;da web sitesi optimizasyonu hizmetleri sunar. Web sitenizin performans\u0131n\u0131 ve g\u00f6r\u00fcn\u00fcrl\u00fc\u011f\u00fcn\u00fc art\u0131rmak i\u00e7in bize ula\u015f\u0131n.\" \/>\n<meta name=\"robots\" content=\"index, follow, max-snippet:-1, max-image-preview:large, max-video-preview:-1\" \/>\n<link rel=\"canonical\" href=\"https:\/\/alanyabilisimhizmetleri.com\/en\/web-sitesi-optimizasyonu\/\" \/>\n<meta property=\"og:locale\" content=\"en_US\" \/>\n<meta property=\"og:type\" content=\"article\" \/>\n<meta property=\"og:title\" content=\"Web Sitesi Optimizasyonu\" \/>\n<meta property=\"og:description\" content=\"Alanya Bili\u015fim Hizmetleri, Alanya&#039;da web sitesi optimizasyonu hizmetleri sunar. Web sitenizin performans\u0131n\u0131 ve g\u00f6r\u00fcn\u00fcrl\u00fc\u011f\u00fcn\u00fc art\u0131rmak i\u00e7in bize ula\u015f\u0131n.\" \/>\n<meta property=\"og:url\" content=\"https:\/\/alanyabilisimhizmetleri.com\/en\/web-sitesi-optimizasyonu\/\" \/>\n<meta property=\"og:site_name\" content=\"Alanya Yaz\u0131l\u0131m | Alanya Web Tasar\u0131m | Alanya Bili\u015fim Hizmetleri\" \/>\n<meta property=\"article:modified_time\" content=\"2025-06-27T12:44:58+00:00\" \/>\n<meta property=\"og:image\" content=\"https:\/\/alanyabilisimhizmetleri.com\/wp-content\/uploads\/2025\/06\/abh-27.png\" \/>\n\t<meta property=\"og:image:width\" content=\"512\" \/>\n\t<meta property=\"og:image:height\" content=\"512\" \/>\n\t<meta property=\"og:image:type\" content=\"image\/png\" \/>\n<meta name=\"twitter:card\" content=\"summary_large_image\" \/>\n<meta name=\"twitter:label1\" content=\"Est. reading time\" \/>\n\t<meta name=\"twitter:data1\" content=\"2 minutes\" \/>\n<script type=\"application\/ld+json\" class=\"yoast-schema-graph\">{\"@context\":\"https:\/\/schema.org\",\"@graph\":[{\"@type\":\"WebPage\",\"@id\":\"https:\/\/alanyabilisimhizmetleri.com\/web-sitesi-optimizasyonu\/\",\"url\":\"https:\/\/alanyabilisimhizmetleri.com\/web-sitesi-optimizasyonu\/\",\"name\":\"Web Siteleri \u0130\u00e7in Profesyonel Optimizasyon Hizmetleri | Alanya Bili\u015fim Hizmetleri\",\"isPartOf\":{\"@id\":\"https:\/\/alanyabilisimhizmetleri.com\/#website\"},\"primaryImageOfPage\":{\"@id\":\"https:\/\/alanyabilisimhizmetleri.com\/web-sitesi-optimizasyonu\/#primaryimage\"},\"image\":{\"@id\":\"https:\/\/alanyabilisimhizmetleri.com\/web-sitesi-optimizasyonu\/#primaryimage\"},\"thumbnailUrl\":\"https:\/\/alanyabilisimhizmetleri.com\/wp-content\/uploads\/2025\/06\/abh-27.png\",\"datePublished\":\"2025-06-26T10:55:22+00:00\",\"dateModified\":\"2025-06-27T12:44:58+00:00\",\"description\":\"Alanya Bili\u015fim Hizmetleri, Alanya'da web sitesi optimizasyonu hizmetleri sunar. Web sitenizin performans\u0131n\u0131 ve g\u00f6r\u00fcn\u00fcrl\u00fc\u011f\u00fcn\u00fc art\u0131rmak i\u00e7in bize ula\u015f\u0131n.\",\"breadcrumb\":{\"@id\":\"https:\/\/alanyabilisimhizmetleri.com\/web-sitesi-optimizasyonu\/#breadcrumb\"},\"inLanguage\":\"en-US\",\"potentialAction\":[{\"@type\":\"ReadAction\",\"target\":[\"https:\/\/alanyabilisimhizmetleri.com\/web-sitesi-optimizasyonu\/\"]}]},{\"@type\":\"ImageObject\",\"inLanguage\":\"en-US\",\"@id\":\"https:\/\/alanyabilisimhizmetleri.com\/web-sitesi-optimizasyonu\/#primaryimage\",\"url\":\"https:\/\/alanyabilisimhizmetleri.com\/wp-content\/uploads\/2025\/06\/abh-27.png\",\"contentUrl\":\"https:\/\/alanyabilisimhizmetleri.com\/wp-content\/uploads\/2025\/06\/abh-27.png\",\"width\":512,\"height\":512,\"caption\":\"Alanya web sitesi optimizasyonu\"},{\"@type\":\"BreadcrumbList\",\"@id\":\"https:\/\/alanyabilisimhizmetleri.com\/web-sitesi-optimizasyonu\/#breadcrumb\",\"itemListElement\":[{\"@type\":\"ListItem\",\"position\":1,\"name\":\"Anasayfa\",\"item\":\"https:\/\/alanyabilisimhizmetleri.com\/\"},{\"@type\":\"ListItem\",\"position\":2,\"name\":\"Web Sitesi Optimizasyonu\"}]},{\"@type\":\"WebSite\",\"@id\":\"https:\/\/alanyabilisimhizmetleri.com\/#website\",\"url\":\"https:\/\/alanyabilisimhizmetleri.com\/\",\"name\":\"Alanya Yaz\u0131l\u0131m | Alanya Web Tasar\u0131m | Alanya Bili\u015fim Hizmetleri\",\"description\":\"Alanya Yaz\u0131l\u0131m | Alanya Web Tasar\u0131m | Alanya Bili\u015fim Hizmetleri\",\"publisher\":{\"@id\":\"https:\/\/alanyabilisimhizmetleri.com\/#organization\"},\"potentialAction\":[{\"@type\":\"SearchAction\",\"target\":{\"@type\":\"EntryPoint\",\"urlTemplate\":\"https:\/\/alanyabilisimhizmetleri.com\/?s={search_term_string}\"},\"query-input\":{\"@type\":\"PropertyValueSpecification\",\"valueRequired\":true,\"valueName\":\"search_term_string\"}}],\"inLanguage\":\"en-US\"},{\"@type\":\"Organization\",\"@id\":\"https:\/\/alanyabilisimhizmetleri.com\/#organization\",\"name\":\"Alanya Yaz\u0131l\u0131m | Alanya Web Tasar\u0131m | Alanya Bili\u015fim Hizmetleri\",\"url\":\"https:\/\/alanyabilisimhizmetleri.com\/\",\"logo\":{\"@type\":\"ImageObject\",\"inLanguage\":\"en-US\",\"@id\":\"https:\/\/alanyabilisimhizmetleri.com\/#\/schema\/logo\/image\/\",\"url\":\"https:\/\/alanyabilisimhizmetleri.com\/wp-content\/uploads\/2020\/01\/cropped-2.png\",\"contentUrl\":\"https:\/\/alanyabilisimhizmetleri.com\/wp-content\/uploads\/2020\/01\/cropped-2.png\",\"width\":288,\"height\":117,\"caption\":\"Alanya Yaz\u0131l\u0131m | Alanya Web Tasar\u0131m | Alanya Bili\u015fim Hizmetleri\"},\"image\":{\"@id\":\"https:\/\/alanyabilisimhizmetleri.com\/#\/schema\/logo\/image\/\"}}]}<\/script>\n<!-- \/ Yoast SEO Premium plugin. -->","yoast_head_json":{"title":"Web Siteleri \u0130\u00e7in Profesyonel Optimizasyon Hizmetleri | Alanya Bili\u015fim Hizmetleri","description":"Alanya Bili\u015fim Hizmetleri, Alanya'da web sitesi optimizasyonu hizmetleri sunar. Web sitenizin performans\u0131n\u0131 ve g\u00f6r\u00fcn\u00fcrl\u00fc\u011f\u00fcn\u00fc art\u0131rmak i\u00e7in bize ula\u015f\u0131n.","robots":{"index":"index","follow":"follow","max-snippet":"max-snippet:-1","max-image-preview":"max-image-preview:large","max-video-preview":"max-video-preview:-1"},"canonical":"https:\/\/alanyabilisimhizmetleri.com\/en\/web-sitesi-optimizasyonu\/","og_locale":"en_US","og_type":"article","og_title":"Web Sitesi Optimizasyonu","og_description":"Alanya Bili\u015fim Hizmetleri, Alanya'da web sitesi optimizasyonu hizmetleri sunar. Web sitenizin performans\u0131n\u0131 ve g\u00f6r\u00fcn\u00fcrl\u00fc\u011f\u00fcn\u00fc art\u0131rmak i\u00e7in bize ula\u015f\u0131n.","og_url":"https:\/\/alanyabilisimhizmetleri.com\/en\/web-sitesi-optimizasyonu\/","og_site_name":"Alanya Yaz\u0131l\u0131m | Alanya Web Tasar\u0131m | Alanya Bili\u015fim Hizmetleri","article_modified_time":"2025-06-27T12:44:58+00:00","og_image":[{"width":512,"height":512,"url":"https:\/\/alanyabilisimhizmetleri.com\/wp-content\/uploads\/2025\/06\/abh-27.png","type":"image\/png"}],"twitter_card":"summary_large_image","twitter_misc":{"Est. reading time":"2 minutes"},"schema":{"@context":"https:\/\/schema.org","@graph":[{"@type":"WebPage","@id":"https:\/\/alanyabilisimhizmetleri.com\/web-sitesi-optimizasyonu\/","url":"https:\/\/alanyabilisimhizmetleri.com\/web-sitesi-optimizasyonu\/","name":"Web Siteleri \u0130\u00e7in Profesyonel Optimizasyon Hizmetleri | Alanya Bili\u015fim Hizmetleri","isPartOf":{"@id":"https:\/\/alanyabilisimhizmetleri.com\/#website"},"primaryImageOfPage":{"@id":"https:\/\/alanyabilisimhizmetleri.com\/web-sitesi-optimizasyonu\/#primaryimage"},"image":{"@id":"https:\/\/alanyabilisimhizmetleri.com\/web-sitesi-optimizasyonu\/#primaryimage"},"thumbnailUrl":"https:\/\/alanyabilisimhizmetleri.com\/wp-content\/uploads\/2025\/06\/abh-27.png","datePublished":"2025-06-26T10:55:22+00:00","dateModified":"2025-06-27T12:44:58+00:00","description":"Alanya Bili\u015fim Hizmetleri, Alanya'da web sitesi optimizasyonu hizmetleri sunar. Web sitenizin performans\u0131n\u0131 ve g\u00f6r\u00fcn\u00fcrl\u00fc\u011f\u00fcn\u00fc art\u0131rmak i\u00e7in bize ula\u015f\u0131n.","breadcrumb":{"@id":"https:\/\/alanyabilisimhizmetleri.com\/web-sitesi-optimizasyonu\/#breadcrumb"},"inLanguage":"en-US","potentialAction":[{"@type":"ReadAction","target":["https:\/\/alanyabilisimhizmetleri.com\/web-sitesi-optimizasyonu\/"]}]},{"@type":"ImageObject","inLanguage":"en-US","@id":"https:\/\/alanyabilisimhizmetleri.com\/web-sitesi-optimizasyonu\/#primaryimage","url":"https:\/\/alanyabilisimhizmetleri.com\/wp-content\/uploads\/2025\/06\/abh-27.png","contentUrl":"https:\/\/alanyabilisimhizmetleri.com\/wp-content\/uploads\/2025\/06\/abh-27.png","width":512,"height":512,"caption":"Alanya web sitesi optimizasyonu"},{"@type":"BreadcrumbList","@id":"https:\/\/alanyabilisimhizmetleri.com\/web-sitesi-optimizasyonu\/#breadcrumb","itemListElement":[{"@type":"ListItem","position":1,"name":"Anasayfa","item":"https:\/\/alanyabilisimhizmetleri.com\/"},{"@type":"ListItem","position":2,"name":"Web Sitesi Optimizasyonu"}]},{"@type":"WebSite","@id":"https:\/\/alanyabilisimhizmetleri.com\/#website","url":"https:\/\/alanyabilisimhizmetleri.com\/","name":"Alanya Yaz\u0131l\u0131m | Alanya Web Tasar\u0131m | Alanya Bili\u015fim Hizmetleri","description":"Alanya Yaz\u0131l\u0131m | Alanya Web Tasar\u0131m | Alanya Bili\u015fim Hizmetleri","publisher":{"@id":"https:\/\/alanyabilisimhizmetleri.com\/#organization"},"potentialAction":[{"@type":"SearchAction","target":{"@type":"EntryPoint","urlTemplate":"https:\/\/alanyabilisimhizmetleri.com\/?s={search_term_string}"},"query-input":{"@type":"PropertyValueSpecification","valueRequired":true,"valueName":"search_term_string"}}],"inLanguage":"en-US"},{"@type":"Organization","@id":"https:\/\/alanyabilisimhizmetleri.com\/#organization","name":"Alanya Yaz\u0131l\u0131m | Alanya Web Tasar\u0131m | Alanya Bili\u015fim Hizmetleri","url":"https:\/\/alanyabilisimhizmetleri.com\/","logo":{"@type":"ImageObject","inLanguage":"en-US","@id":"https:\/\/alanyabilisimhizmetleri.com\/#\/schema\/logo\/image\/","url":"https:\/\/alanyabilisimhizmetleri.com\/wp-content\/uploads\/2020\/01\/cropped-2.png","contentUrl":"https:\/\/alanyabilisimhizmetleri.com\/wp-content\/uploads\/2020\/01\/cropped-2.png","width":288,"height":117,"caption":"Alanya Yaz\u0131l\u0131m | Alanya Web Tasar\u0131m | Alanya Bili\u015fim Hizmetleri"},"image":{"@id":"https:\/\/alanyabilisimhizmetleri.com\/#\/schema\/logo\/image\/"}}]}},"_links":{"self":[{"href":"https:\/\/alanyabilisimhizmetleri.com\/en\/wp-json\/wp\/v2\/pages\/448","targetHints":{"allow":["GET"]}}],"collection":[{"href":"https:\/\/alanyabilisimhizmetleri.com\/en\/wp-json\/wp\/v2\/pages"}],"about":[{"href":"https:\/\/alanyabilisimhizmetleri.com\/en\/wp-json\/wp\/v2\/types\/page"}],"author":[{"embeddable":true,"href":"https:\/\/alanyabilisimhizmetleri.com\/en\/wp-json\/wp\/v2\/users\/1"}],"replies":[{"embeddable":true,"href":"https:\/\/alanyabilisimhizmetleri.com\/en\/wp-json\/wp\/v2\/comments?post=448"}],"version-history":[{"count":5,"href":"https:\/\/alanyabilisimhizmetleri.com\/en\/wp-json\/wp\/v2\/pages\/448\/revisions"}],"predecessor-version":[{"id":1040,"href":"https:\/\/alanyabilisimhizmetleri.com\/en\/wp-json\/wp\/v2\/pages\/448\/revisions\/1040"}],"wp:featuredmedia":[{"embeddable":true,"href":"https:\/\/alanyabilisimhizmetleri.com\/en\/wp-json\/wp\/v2\/media\/1039"}],"wp:attachment":[{"href":"https:\/\/alanyabilisimhizmetleri.com\/en\/wp-json\/wp\/v2\/media?parent=448"}],"curies":[{"name":"wp","href":"https:\/\/api.w.org\/{rel}","templated":true}]}}