{"id":453,"date":"2025-06-26T13:56:06","date_gmt":"2025-06-26T10:56:06","guid":{"rendered":"https:\/\/alanyabilisimhizmetleri.com\/?page_id=453"},"modified":"2025-06-27T15:45:24","modified_gmt":"2025-06-27T12:45:24","slug":"web-tasarimi","status":"publish","type":"page","link":"https:\/\/alanyabilisimhizmetleri.com\/en\/web-tasarimi\/","title":{"rendered":"Web Design"},"content":{"rendered":"<div data-elementor-type=\"wp-page\" data-elementor-id=\"453\" class=\"elementor elementor-453\">\n\t\t\t\t<div class=\"aux-parallax-section elementor-element elementor-element-48f7fcd e-flex e-con-boxed elementor-invisible e-con e-parent\" data-id=\"48f7fcd\" data-element_type=\"container\" data-settings=\"{&quot;animation&quot;:&quot;fadeInUp&quot;}\">\n\t\t\t\t\t<div class=\"e-con-inner\">\n\t\t\t\t<div class=\"elementor-element elementor-element-e6f279f elementor-widget elementor-widget-text-editor\" data-id=\"e6f279f\" data-element_type=\"widget\" data-widget_type=\"text-editor.default\">\n\t\t\t\t<div class=\"elementor-widget-container\">\n\t\t\t\t\t\t\t\t\t<header><section><section><h1>Assurance of Your Digital Transformation<\/h1><\/section><h1>Alanya Information Services: Innovative and Technological Approach in Web Design<\/h1><h2>The Importance of Using Technology in Web Design<\/h2><p>In the digital age, the use of technology in the web design process is more important than ever. Web design technologies have a great impact on the aesthetics, usability and overall functionality of a website. As Alanya Bili\u015fim Hizmetleri, we use the latest and most advanced technologies in the web design services we offer to our customers.<\/p><h2>Technologies We Use and Their Benefits<\/h2><h3>HTML5 and CSS3<\/h3><p>HTML5 and CSS3, the foundation of modern web design, are technologies used to make websites aesthetically appealing and functional. HTML5 supports a variety of multimedia features, including visual and audio content, while CSS3 makes it possible to implement complex design features and animations.<\/p><h3>JavaScript and jQuery<\/h3><p>JavaScript provides the interactive features of a website. jQuery is a simpler and more accessible version of JavaScript. These technologies are used to enhance the user experience and increase the overall functionality of the website.<\/p><h3>PHP and MySQL<\/h3><p>These server-side languages, used to create dynamic content on the website and facilitate database management, are very important in web design.<\/p><h2>Technology Based Web Design with Alanya Information Services<\/h2><p>As Alanya Bili\u015fim Hizmetleri, we design a unique, user-friendly and effective website using these and many other modern technologies. We use technology to ensure your website&#039;s Google SEO compatibility and to strengthen your business&#039;s digital presence.<\/p><h2>Frequently Asked Questions in Web Design<\/h2><h3>What Technologies Do You Use and Why?<\/h3><p>We use technologies such as HTML5, CSS3, JavaScript, jQuery, PHP and MySQL, which have a significant impact on the design and functionality of a website. Thanks to these technologies, we can create an aesthetic, user-friendly and functional website.<\/p><h3>How Do You Prioritize SEO in Your Web Design?<\/h3><p>During the web design process, we place great emphasis on SEO to ensure that your site is easily found by Google and other search engines. This includes factors such as optimizing content, appropriate keyword usage and SEO-friendly site structure.<\/p><h3>Who Are Your Web Design Services Suitable For?<\/h3><p>We serve a wide range of clients, from businesses to individuals, from non-profit organizations to government agencies. No matter the size of your business, we can use our technological capabilities to design a website specifically for you.<\/p><h2>Result: Innovative Approach in Web Design with Alanya Information Services<\/h2><p>The use of technology in the web design process plays a critical role in the success of a website. As Alanya Bili\u015fim Hizmetleri, we create an impressive, user-friendly and functional website for you using our extensive technology knowledge and experience. Contact us to design a website that suits your needs and help you create a stronger presence in the digital world. We are here to guide you in the digital transformation of your business.<\/p><\/section><\/header>\t\t\t\t\t\t\t\t<\/div>\n\t\t\t\t<\/div>\n\t\t\t\t\t<\/div>\n\t\t\t\t<\/div>\n\t\t\t\t<\/div>","protected":false},"excerpt":{"rendered":"<p>Alanya Information Technology Services, the Guarantee of Your Digital Transformation: An Innovative and Technological Approach to Web Design The Importance of Using Technology in Web Design In the digital age, the use of technology in the web design process is more important than ever. Web design technologies have a significant impact on a website&#039;s aesthetics, usability, and overall functionality. As Alanya Information Technology Services, we offer our clients cutting-edge web design services [\u2026]<\/p>","protected":false},"author":1,"featured_media":992,"parent":0,"menu_order":0,"comment_status":"closed","ping_status":"closed","template":"elementor_header_footer","meta":{"footnotes":""},"class_list":["post-453","page","type-page","status-publish","has-post-thumbnail","hentry"],"yoast_head":"<!-- This site is optimized with the Yoast SEO Premium plugin v24.6 (Yoast SEO v25.3.1) - https:\/\/yoast.com\/wordpress\/plugins\/seo\/ -->\n<title>\u00d6zg\u00fcn ve Kullan\u0131c\u0131 Odakl\u0131 Web Tasar\u0131m\u0131 Hizmetleri | Alanya Bili\u015fim Hizmetleri<\/title>\n<meta name=\"description\" content=\"Alanya Bili\u015fim Hizmetleri, Alanya&#039;da \u00f6zg\u00fcn ve kullan\u0131c\u0131 odakl\u0131 web tasar\u0131m\u0131 hizmetleri sunar. Web sitenizin tasar\u0131m\u0131n\u0131 geli\u015ftirmek ve kullan\u0131c\u0131 deneyimini art\u0131rmak i\u00e7in bize ula\u015f\u0131n.\" \/>\n<meta name=\"robots\" content=\"index, follow, max-snippet:-1, max-image-preview:large, max-video-preview:-1\" \/>\n<link rel=\"canonical\" href=\"https:\/\/alanyabilisimhizmetleri.com\/en\/web-tasarimi\/\" \/>\n<meta property=\"og:locale\" content=\"en_US\" \/>\n<meta property=\"og:type\" content=\"article\" \/>\n<meta property=\"og:title\" content=\"Web Tasar\u0131m\u0131\" \/>\n<meta property=\"og:description\" content=\"Alanya Bili\u015fim Hizmetleri, Alanya&#039;da \u00f6zg\u00fcn ve kullan\u0131c\u0131 odakl\u0131 web tasar\u0131m\u0131 hizmetleri sunar. Web sitenizin tasar\u0131m\u0131n\u0131 geli\u015ftirmek ve kullan\u0131c\u0131 deneyimini art\u0131rmak i\u00e7in bize ula\u015f\u0131n.\" \/>\n<meta property=\"og:url\" content=\"https:\/\/alanyabilisimhizmetleri.com\/en\/web-tasarimi\/\" \/>\n<meta property=\"og:site_name\" content=\"Alanya Yaz\u0131l\u0131m | Alanya Web Tasar\u0131m | Alanya Bili\u015fim Hizmetleri\" \/>\n<meta property=\"article:modified_time\" content=\"2025-06-27T12:45:24+00:00\" \/>\n<meta property=\"og:image\" content=\"https:\/\/alanyabilisimhizmetleri.com\/wp-content\/uploads\/2025\/06\/abh-6.png\" \/>\n\t<meta property=\"og:image:width\" content=\"512\" \/>\n\t<meta property=\"og:image:height\" content=\"512\" \/>\n\t<meta property=\"og:image:type\" content=\"image\/png\" \/>\n<meta name=\"twitter:card\" content=\"summary_large_image\" \/>\n<meta name=\"twitter:label1\" content=\"Est. reading time\" \/>\n\t<meta name=\"twitter:data1\" content=\"3 minutes\" \/>\n<script type=\"application\/ld+json\" class=\"yoast-schema-graph\">{\"@context\":\"https:\/\/schema.org\",\"@graph\":[{\"@type\":\"WebPage\",\"@id\":\"https:\/\/alanyabilisimhizmetleri.com\/web-tasarimi\/\",\"url\":\"https:\/\/alanyabilisimhizmetleri.com\/web-tasarimi\/\",\"name\":\"\u00d6zg\u00fcn ve Kullan\u0131c\u0131 Odakl\u0131 Web Tasar\u0131m\u0131 Hizmetleri | Alanya Bili\u015fim Hizmetleri\",\"isPartOf\":{\"@id\":\"https:\/\/alanyabilisimhizmetleri.com\/#website\"},\"primaryImageOfPage\":{\"@id\":\"https:\/\/alanyabilisimhizmetleri.com\/web-tasarimi\/#primaryimage\"},\"image\":{\"@id\":\"https:\/\/alanyabilisimhizmetleri.com\/web-tasarimi\/#primaryimage\"},\"thumbnailUrl\":\"https:\/\/alanyabilisimhizmetleri.com\/wp-content\/uploads\/2025\/06\/abh-6.png\",\"datePublished\":\"2025-06-26T10:56:06+00:00\",\"dateModified\":\"2025-06-27T12:45:24+00:00\",\"description\":\"Alanya Bili\u015fim Hizmetleri, Alanya'da \u00f6zg\u00fcn ve kullan\u0131c\u0131 odakl\u0131 web tasar\u0131m\u0131 hizmetleri sunar. Web sitenizin tasar\u0131m\u0131n\u0131 geli\u015ftirmek ve kullan\u0131c\u0131 deneyimini art\u0131rmak i\u00e7in bize ula\u015f\u0131n.\",\"breadcrumb\":{\"@id\":\"https:\/\/alanyabilisimhizmetleri.com\/web-tasarimi\/#breadcrumb\"},\"inLanguage\":\"en-US\",\"potentialAction\":[{\"@type\":\"ReadAction\",\"target\":[\"https:\/\/alanyabilisimhizmetleri.com\/web-tasarimi\/\"]}]},{\"@type\":\"ImageObject\",\"inLanguage\":\"en-US\",\"@id\":\"https:\/\/alanyabilisimhizmetleri.com\/web-tasarimi\/#primaryimage\",\"url\":\"https:\/\/alanyabilisimhizmetleri.com\/wp-content\/uploads\/2025\/06\/abh-6.png\",\"contentUrl\":\"https:\/\/alanyabilisimhizmetleri.com\/wp-content\/uploads\/2025\/06\/abh-6.png\",\"width\":512,\"height\":512,\"caption\":\"Alanya Web Tasar\u0131m\u0131\"},{\"@type\":\"BreadcrumbList\",\"@id\":\"https:\/\/alanyabilisimhizmetleri.com\/web-tasarimi\/#breadcrumb\",\"itemListElement\":[{\"@type\":\"ListItem\",\"position\":1,\"name\":\"Anasayfa\",\"item\":\"https:\/\/alanyabilisimhizmetleri.com\/\"},{\"@type\":\"ListItem\",\"position\":2,\"name\":\"Web Tasar\u0131m\u0131\"}]},{\"@type\":\"WebSite\",\"@id\":\"https:\/\/alanyabilisimhizmetleri.com\/#website\",\"url\":\"https:\/\/alanyabilisimhizmetleri.com\/\",\"name\":\"Alanya Yaz\u0131l\u0131m | Alanya Web Tasar\u0131m | Alanya Bili\u015fim Hizmetleri\",\"description\":\"Alanya Yaz\u0131l\u0131m | Alanya Web Tasar\u0131m | Alanya Bili\u015fim Hizmetleri\",\"publisher\":{\"@id\":\"https:\/\/alanyabilisimhizmetleri.com\/#organization\"},\"potentialAction\":[{\"@type\":\"SearchAction\",\"target\":{\"@type\":\"EntryPoint\",\"urlTemplate\":\"https:\/\/alanyabilisimhizmetleri.com\/?s={search_term_string}\"},\"query-input\":{\"@type\":\"PropertyValueSpecification\",\"valueRequired\":true,\"valueName\":\"search_term_string\"}}],\"inLanguage\":\"en-US\"},{\"@type\":\"Organization\",\"@id\":\"https:\/\/alanyabilisimhizmetleri.com\/#organization\",\"name\":\"Alanya Yaz\u0131l\u0131m | Alanya Web Tasar\u0131m | Alanya Bili\u015fim Hizmetleri\",\"url\":\"https:\/\/alanyabilisimhizmetleri.com\/\",\"logo\":{\"@type\":\"ImageObject\",\"inLanguage\":\"en-US\",\"@id\":\"https:\/\/alanyabilisimhizmetleri.com\/#\/schema\/logo\/image\/\",\"url\":\"https:\/\/alanyabilisimhizmetleri.com\/wp-content\/uploads\/2020\/01\/cropped-2.png\",\"contentUrl\":\"https:\/\/alanyabilisimhizmetleri.com\/wp-content\/uploads\/2020\/01\/cropped-2.png\",\"width\":288,\"height\":117,\"caption\":\"Alanya Yaz\u0131l\u0131m | Alanya Web Tasar\u0131m | Alanya Bili\u015fim Hizmetleri\"},\"image\":{\"@id\":\"https:\/\/alanyabilisimhizmetleri.com\/#\/schema\/logo\/image\/\"}}]}<\/script>\n<!-- \/ Yoast SEO Premium plugin. -->","yoast_head_json":{"title":"\u00d6zg\u00fcn ve Kullan\u0131c\u0131 Odakl\u0131 Web Tasar\u0131m\u0131 Hizmetleri | Alanya Bili\u015fim Hizmetleri","description":"Alanya Bili\u015fim Hizmetleri, Alanya'da \u00f6zg\u00fcn ve kullan\u0131c\u0131 odakl\u0131 web tasar\u0131m\u0131 hizmetleri sunar. Web sitenizin tasar\u0131m\u0131n\u0131 geli\u015ftirmek ve kullan\u0131c\u0131 deneyimini art\u0131rmak i\u00e7in bize ula\u015f\u0131n.","robots":{"index":"index","follow":"follow","max-snippet":"max-snippet:-1","max-image-preview":"max-image-preview:large","max-video-preview":"max-video-preview:-1"},"canonical":"https:\/\/alanyabilisimhizmetleri.com\/en\/web-tasarimi\/","og_locale":"en_US","og_type":"article","og_title":"Web Tasar\u0131m\u0131","og_description":"Alanya Bili\u015fim Hizmetleri, Alanya'da \u00f6zg\u00fcn ve kullan\u0131c\u0131 odakl\u0131 web tasar\u0131m\u0131 hizmetleri sunar. Web sitenizin tasar\u0131m\u0131n\u0131 geli\u015ftirmek ve kullan\u0131c\u0131 deneyimini art\u0131rmak i\u00e7in bize ula\u015f\u0131n.","og_url":"https:\/\/alanyabilisimhizmetleri.com\/en\/web-tasarimi\/","og_site_name":"Alanya Yaz\u0131l\u0131m | Alanya Web Tasar\u0131m | Alanya Bili\u015fim Hizmetleri","article_modified_time":"2025-06-27T12:45:24+00:00","og_image":[{"width":512,"height":512,"url":"https:\/\/alanyabilisimhizmetleri.com\/wp-content\/uploads\/2025\/06\/abh-6.png","type":"image\/png"}],"twitter_card":"summary_large_image","twitter_misc":{"Est. reading time":"3 minutes"},"schema":{"@context":"https:\/\/schema.org","@graph":[{"@type":"WebPage","@id":"https:\/\/alanyabilisimhizmetleri.com\/web-tasarimi\/","url":"https:\/\/alanyabilisimhizmetleri.com\/web-tasarimi\/","name":"\u00d6zg\u00fcn ve Kullan\u0131c\u0131 Odakl\u0131 Web Tasar\u0131m\u0131 Hizmetleri | Alanya Bili\u015fim Hizmetleri","isPartOf":{"@id":"https:\/\/alanyabilisimhizmetleri.com\/#website"},"primaryImageOfPage":{"@id":"https:\/\/alanyabilisimhizmetleri.com\/web-tasarimi\/#primaryimage"},"image":{"@id":"https:\/\/alanyabilisimhizmetleri.com\/web-tasarimi\/#primaryimage"},"thumbnailUrl":"https:\/\/alanyabilisimhizmetleri.com\/wp-content\/uploads\/2025\/06\/abh-6.png","datePublished":"2025-06-26T10:56:06+00:00","dateModified":"2025-06-27T12:45:24+00:00","description":"Alanya Bili\u015fim Hizmetleri, Alanya'da \u00f6zg\u00fcn ve kullan\u0131c\u0131 odakl\u0131 web tasar\u0131m\u0131 hizmetleri sunar. Web sitenizin tasar\u0131m\u0131n\u0131 geli\u015ftirmek ve kullan\u0131c\u0131 deneyimini art\u0131rmak i\u00e7in bize ula\u015f\u0131n.","breadcrumb":{"@id":"https:\/\/alanyabilisimhizmetleri.com\/web-tasarimi\/#breadcrumb"},"inLanguage":"en-US","potentialAction":[{"@type":"ReadAction","target":["https:\/\/alanyabilisimhizmetleri.com\/web-tasarimi\/"]}]},{"@type":"ImageObject","inLanguage":"en-US","@id":"https:\/\/alanyabilisimhizmetleri.com\/web-tasarimi\/#primaryimage","url":"https:\/\/alanyabilisimhizmetleri.com\/wp-content\/uploads\/2025\/06\/abh-6.png","contentUrl":"https:\/\/alanyabilisimhizmetleri.com\/wp-content\/uploads\/2025\/06\/abh-6.png","width":512,"height":512,"caption":"Alanya Web Tasar\u0131m\u0131"},{"@type":"BreadcrumbList","@id":"https:\/\/alanyabilisimhizmetleri.com\/web-tasarimi\/#breadcrumb","itemListElement":[{"@type":"ListItem","position":1,"name":"Anasayfa","item":"https:\/\/alanyabilisimhizmetleri.com\/"},{"@type":"ListItem","position":2,"name":"Web Tasar\u0131m\u0131"}]},{"@type":"WebSite","@id":"https:\/\/alanyabilisimhizmetleri.com\/#website","url":"https:\/\/alanyabilisimhizmetleri.com\/","name":"Alanya Yaz\u0131l\u0131m | Alanya Web Tasar\u0131m | Alanya Bili\u015fim Hizmetleri","description":"Alanya Yaz\u0131l\u0131m | Alanya Web Tasar\u0131m | Alanya Bili\u015fim Hizmetleri","publisher":{"@id":"https:\/\/alanyabilisimhizmetleri.com\/#organization"},"potentialAction":[{"@type":"SearchAction","target":{"@type":"EntryPoint","urlTemplate":"https:\/\/alanyabilisimhizmetleri.com\/?s={search_term_string}"},"query-input":{"@type":"PropertyValueSpecification","valueRequired":true,"valueName":"search_term_string"}}],"inLanguage":"en-US"},{"@type":"Organization","@id":"https:\/\/alanyabilisimhizmetleri.com\/#organization","name":"Alanya Yaz\u0131l\u0131m | Alanya Web Tasar\u0131m | Alanya Bili\u015fim Hizmetleri","url":"https:\/\/alanyabilisimhizmetleri.com\/","logo":{"@type":"ImageObject","inLanguage":"en-US","@id":"https:\/\/alanyabilisimhizmetleri.com\/#\/schema\/logo\/image\/","url":"https:\/\/alanyabilisimhizmetleri.com\/wp-content\/uploads\/2020\/01\/cropped-2.png","contentUrl":"https:\/\/alanyabilisimhizmetleri.com\/wp-content\/uploads\/2020\/01\/cropped-2.png","width":288,"height":117,"caption":"Alanya Yaz\u0131l\u0131m | Alanya Web Tasar\u0131m | Alanya Bili\u015fim Hizmetleri"},"image":{"@id":"https:\/\/alanyabilisimhizmetleri.com\/#\/schema\/logo\/image\/"}}]}},"_links":{"self":[{"href":"https:\/\/alanyabilisimhizmetleri.com\/en\/wp-json\/wp\/v2\/pages\/453","targetHints":{"allow":["GET"]}}],"collection":[{"href":"https:\/\/alanyabilisimhizmetleri.com\/en\/wp-json\/wp\/v2\/pages"}],"about":[{"href":"https:\/\/alanyabilisimhizmetleri.com\/en\/wp-json\/wp\/v2\/types\/page"}],"author":[{"embeddable":true,"href":"https:\/\/alanyabilisimhizmetleri.com\/en\/wp-json\/wp\/v2\/users\/1"}],"replies":[{"embeddable":true,"href":"https:\/\/alanyabilisimhizmetleri.com\/en\/wp-json\/wp\/v2\/comments?post=453"}],"version-history":[{"count":5,"href":"https:\/\/alanyabilisimhizmetleri.com\/en\/wp-json\/wp\/v2\/pages\/453\/revisions"}],"predecessor-version":[{"id":1041,"href":"https:\/\/alanyabilisimhizmetleri.com\/en\/wp-json\/wp\/v2\/pages\/453\/revisions\/1041"}],"wp:featuredmedia":[{"embeddable":true,"href":"https:\/\/alanyabilisimhizmetleri.com\/en\/wp-json\/wp\/v2\/media\/992"}],"wp:attachment":[{"href":"https:\/\/alanyabilisimhizmetleri.com\/en\/wp-json\/wp\/v2\/media?parent=453"}],"curies":[{"name":"wp","href":"https:\/\/api.w.org\/{rel}","templated":true}]}}