{"id":315,"date":"2025-06-26T13:05:07","date_gmt":"2025-06-26T10:05:07","guid":{"rendered":"https:\/\/alanyabilisimhizmetleri.com\/?page_id=315"},"modified":"2025-06-27T15:37:28","modified_gmt":"2025-06-27T12:37:28","slug":"alanya-dijital-pazarlama","status":"publish","type":"page","link":"https:\/\/alanyabilisimhizmetleri.com\/ru\/alanya-dijital-pazarlama\/","title":{"rendered":"\u0426\u0438\u0444\u0440\u043e\u0432\u043e\u0439 \u043c\u0430\u0440\u043a\u0435\u0442\u0438\u043d\u0433 \u0432 \u0410\u043b\u0430\u043d\u0438\u0438"},"content":{"rendered":"<div data-elementor-type=\"wp-page\" data-elementor-id=\"315\" class=\"elementor elementor-315\">\n\t\t\t\t<div class=\"aux-parallax-section elementor-element elementor-element-3bef03b e-flex e-con-boxed elementor-invisible e-con e-parent\" data-id=\"3bef03b\" data-element_type=\"container\" data-settings=\"{&quot;animation&quot;:&quot;fadeInUp&quot;}\">\n\t\t\t\t\t<div class=\"e-con-inner\">\n\t\t\t\t<div class=\"elementor-element elementor-element-fb745eb elementor-widget elementor-widget-text-editor\" data-id=\"fb745eb\" data-element_type=\"widget\" data-widget_type=\"text-editor.default\">\n\t\t\t\t<div class=\"elementor-widget-container\">\n\t\t\t\t\t\t\t\t\t<header><section><h1>\u0426\u0438\u0444\u0440\u043e\u0432\u043e\u0439 \u043c\u0430\u0440\u043a\u0435\u0442\u0438\u043d\u0433 \u0432 \u0410\u043b\u0430\u043d\u0438\u0438 | \u041f\u0440\u043e\u0444\u0435\u0441\u0441\u0438\u043e\u043d\u0430\u043b\u044c\u043d\u044b\u0435 \u0443\u0441\u043b\u0443\u0433\u0438<\/h1><\/section><header><h1>\u0426\u0438\u0444\u0440\u043e\u0432\u043e\u0439 \u043c\u0430\u0440\u043a\u0435\u0442\u0438\u043d\u0433 \u0432 \u0410\u043b\u0430\u043d\u0438\u0438: \u043f\u0435\u0440\u0435\u0432\u0435\u0434\u0438\u0442\u0435 \u0441\u0432\u043e\u0439 \u0431\u0438\u0437\u043d\u0435\u0441 \u0432 \u0446\u0438\u0444\u0440\u043e\u0432\u043e\u0439 \u0444\u043e\u0440\u043c\u0430\u0442<\/h1><\/header><section><h2>\u0421\u0438\u043b\u0430 \u0446\u0438\u0444\u0440\u043e\u0432\u043e\u0433\u043e \u043c\u0430\u0440\u043a\u0435\u0442\u0438\u043d\u0433\u0430<\/h2><p>\u0426\u0438\u0444\u0440\u043e\u0432\u043e\u0439 \u043c\u0430\u0440\u043a\u0435\u0442\u0438\u043d\u0433 \u2014 \u043c\u043e\u0449\u043d\u044b\u0439 \u0438\u043d\u0441\u0442\u0440\u0443\u043c\u0435\u043d\u0442, \u043f\u043e\u0437\u0432\u043e\u043b\u044f\u044e\u0449\u0438\u0439 \u0432\u0430\u0448\u0435\u043c\u0443 \u0431\u0438\u0437\u043d\u0435\u0441\u0443 \u043c\u0430\u043a\u0441\u0438\u043c\u0430\u043b\u044c\u043d\u043e \u044d\u0444\u0444\u0435\u043a\u0442\u0438\u0432\u043d\u043e \u043e\u0445\u0432\u0430\u0442\u0438\u0442\u044c \u0446\u0435\u043b\u0435\u0432\u0443\u044e \u0430\u0443\u0434\u0438\u0442\u043e\u0440\u0438\u044e. \u041c\u044b \u0434\u0435\u043b\u0430\u0435\u043c \u0432\u0430\u0448 \u0431\u0440\u0435\u043d\u0434 \u0431\u043e\u043b\u0435\u0435 \u0437\u0430\u043c\u0435\u0442\u043d\u044b\u043c \u0441 \u043f\u043e\u043c\u043e\u0449\u044c\u044e SEO, \u0441\u043e\u0446\u0438\u0430\u043b\u044c\u043d\u044b\u0445 \u0441\u0435\u0442\u0435\u0439, email-\u043c\u0430\u0440\u043a\u0435\u0442\u0438\u043d\u0433\u0430 \u0438 \u043a\u043e\u043d\u0442\u0435\u043d\u0442-\u0441\u0442\u0440\u0430\u0442\u0435\u0433\u0438\u0439. \u0414\u043e\u0441\u0442\u0438\u0433\u043d\u0438\u0442\u0435 \u0441\u0432\u043e\u0438\u0445 \u0446\u0435\u043b\u0435\u0439 \u0440\u043e\u0441\u0442\u0430 \u0441 \u043f\u043e\u043c\u043e\u0449\u044c\u044e \u043d\u0430\u0448\u0438\u0445 \u0443\u0441\u043b\u0443\u0433 \u0446\u0438\u0444\u0440\u043e\u0432\u043e\u0433\u043e \u043c\u0430\u0440\u043a\u0435\u0442\u0438\u043d\u0433\u0430 \u0432 \u0410\u043b\u0430\u043d\u0438\u0438.<\/p><\/section><section><h2>\u0426\u0438\u0444\u0440\u043e\u0432\u043e\u0439 \u043c\u0430\u0440\u043a\u0435\u0442\u0438\u043d\u0433 \u0441 Alanya Information Services<\/h2><p>\u0412 Alanya Information Technologies \u043c\u044b \u0440\u0430\u0437\u0440\u0430\u0431\u0430\u0442\u044b\u0432\u0430\u0435\u043c \u0441\u0442\u0440\u0430\u0442\u0435\u0433\u0438\u0438 \u0446\u0438\u0444\u0440\u043e\u0432\u043e\u0433\u043e \u043c\u0430\u0440\u043a\u0435\u0442\u0438\u043d\u0433\u0430 \u0441\u043f\u0435\u0446\u0438\u0430\u043b\u044c\u043d\u043e \u0434\u043b\u044f \u0432\u0430\u0448\u0435\u0433\u043e \u0431\u0438\u0437\u043d\u0435\u0441\u0430. \u0418\u0441\u043f\u043e\u043b\u044c\u0437\u0443\u044f \u043f\u0435\u0440\u0435\u0434\u043e\u0432\u044b\u0435 \u043c\u0430\u0440\u043a\u0435\u0442\u0438\u043d\u0433\u043e\u0432\u044b\u0435 \u043c\u0435\u0442\u043e\u0434\u044b, \u043c\u044b \u0432\u044b\u0432\u043e\u0434\u0438\u043c \u0432\u0430\u0448 \u0431\u0440\u0435\u043d\u0434 \u043d\u0430 \u043f\u0435\u0440\u0435\u0434\u043e\u0432\u044b\u0435 \u043f\u043e\u0437\u0438\u0446\u0438\u0438 \u0432 \u0446\u0438\u0444\u0440\u043e\u0432\u043e\u043c \u043c\u0438\u0440\u0435.<\/p><\/section><section><h3>\u041d\u0430\u0448\u0438 \u0443\u0441\u043b\u0443\u0433\u0438 \u0446\u0438\u0444\u0440\u043e\u0432\u043e\u0433\u043e \u043c\u0430\u0440\u043a\u0435\u0442\u0438\u043d\u0433\u0430<\/h3><ul><li>SEO (\u043f\u043e\u0438\u0441\u043a\u043e\u0432\u0430\u044f \u043e\u043f\u0442\u0438\u043c\u0438\u0437\u0430\u0446\u0438\u044f)<\/li><li>\u0423\u043f\u0440\u0430\u0432\u043b\u0435\u043d\u0438\u0435 \u0441\u043e\u0446\u0438\u0430\u043b\u044c\u043d\u044b\u043c\u0438 \u0441\u0435\u0442\u044f\u043c\u0438<\/li><li>\u041a\u043e\u043d\u0442\u0435\u043d\u0442-\u043c\u0430\u0440\u043a\u0435\u0442\u0438\u043d\u0433<\/li><li>Email-\u043c\u0430\u0440\u043a\u0435\u0442\u0438\u043d\u0433\u043e\u0432\u044b\u0435 \u043a\u0430\u043c\u043f\u0430\u043d\u0438\u0438<\/li><li>\u0423\u043f\u0440\u0430\u0432\u043b\u0435\u043d\u0438\u0435 \u0446\u0438\u0444\u0440\u043e\u0432\u043e\u0439 \u0440\u0435\u043a\u043b\u0430\u043c\u043e\u0439<\/li><\/ul><\/section><section><h3>\u041d\u0430\u0448 \u043f\u0440\u043e\u0446\u0435\u0441\u0441, \u043e\u0440\u0438\u0435\u043d\u0442\u0438\u0440\u043e\u0432\u0430\u043d\u043d\u044b\u0439 \u043d\u0430 \u0443\u0441\u043f\u0435\u0445<\/h3><ol><li>\u0410\u043d\u0430\u043b\u0438\u0437 \u043f\u043e\u0442\u0440\u0435\u0431\u043d\u043e\u0441\u0442\u0435\u0439 \u0438 \u043f\u043e\u0441\u0442\u0430\u043d\u043e\u0432\u043a\u0430 \u0446\u0435\u043b\u0435\u0439<\/li><li>\u0421\u043e\u0437\u0434\u0430\u043d\u0438\u0435 \u0438\u043d\u0434\u0438\u0432\u0438\u0434\u0443\u0430\u043b\u044c\u043d\u043e\u0439 \u0441\u0442\u0440\u0430\u0442\u0435\u0433\u0438\u0438<\/li><li>\u0423\u043f\u0440\u0430\u0432\u043b\u0435\u043d\u0438\u0435 \u0437\u0430\u044f\u0432\u043a\u0430\u043c\u0438 \u0438 \u043a\u0430\u043c\u043f\u0430\u043d\u0438\u044f\u043c\u0438<\/li><li>\u041e\u0442\u0447\u0435\u0442\u043d\u043e\u0441\u0442\u044c \u0438 \u0430\u043d\u0430\u043b\u0438\u0437<\/li><\/ol><\/section><section><h2>\u0420\u0430\u0437\u0432\u0438\u0432\u0430\u0439\u0442\u0435 \u0441\u0432\u043e\u0439 \u0431\u0438\u0437\u043d\u0435\u0441 \u0441 \u043f\u043e\u043c\u043e\u0449\u044c\u044e \u0446\u0438\u0444\u0440\u043e\u0432\u043e\u0433\u043e \u043c\u0430\u0440\u043a\u0435\u0442\u0438\u043d\u0433\u0430<\/h2><p>\u0412\u044b\u0432\u0435\u0434\u0438\u0442\u0435 \u0441\u0432\u043e\u0439 \u0431\u0438\u0437\u043d\u0435\u0441 \u043d\u0430 \u043d\u043e\u0432\u044b\u0439 \u0443\u0440\u043e\u0432\u0435\u043d\u044c \u0441 \u043d\u0430\u0448\u0438\u043c\u0438 \u0443\u0441\u043b\u0443\u0433\u0430\u043c\u0438 \u0446\u0438\u0444\u0440\u043e\u0432\u043e\u0433\u043e \u043c\u0430\u0440\u043a\u0435\u0442\u0438\u043d\u0433\u0430 \u0432 \u0410\u043b\u0430\u043d\u0438\u0438. \u042d\u0444\u0444\u0435\u043a\u0442\u0438\u0432\u043d\u043e \u043e\u0445\u0432\u0430\u0442\u0438\u0442\u0435 \u0441\u0432\u043e\u044e \u0446\u0435\u043b\u0435\u0432\u0443\u044e \u0430\u0443\u0434\u0438\u0442\u043e\u0440\u0438\u044e \u0438 \u043f\u043e\u0432\u044b\u0441\u044c\u0442\u0435 \u0443\u0437\u043d\u0430\u0432\u0430\u0435\u043c\u043e\u0441\u0442\u044c \u0431\u0440\u0435\u043d\u0434\u0430 \u0441 \u043f\u043e\u043c\u043e\u0449\u044c\u044e \u043d\u0430\u0448\u0438\u0445 \u043f\u0440\u043e\u0444\u0435\u0441\u0441\u0438\u043e\u043d\u0430\u043b\u044c\u043d\u044b\u0445 \u0440\u0435\u0448\u0435\u043d\u0438\u0439.<\/p><\/section><footer><h4>\u0420\u0430\u0431\u043e\u0442\u0430\u0439\u0442\u0435 \u0441 \u043d\u0430\u043c\u0438<\/h4><p>\u0421\u0432\u044f\u0436\u0438\u0442\u0435\u0441\u044c \u0441 \u043d\u0430\u043c\u0438 \u0441\u0435\u0439\u0447\u0430\u0441, \u0447\u0442\u043e\u0431\u044b \u0443\u0437\u043d\u0430\u0442\u044c \u0431\u043e\u043b\u044c\u0448\u0435 \u043e \u043d\u0430\u0448\u0438\u0445 \u0443\u0441\u043b\u0443\u0433\u0430\u0445 \u0446\u0438\u0444\u0440\u043e\u0432\u043e\u0433\u043e \u043c\u0430\u0440\u043a\u0435\u0442\u0438\u043d\u0433\u0430 \u0438 \u0440\u0430\u0437\u0432\u0438\u0442\u044c \u0441\u0432\u043e\u0439 \u0431\u0438\u0437\u043d\u0435\u0441!<\/p><\/footer><\/header>\t\t\t\t\t\t\t\t<\/div>\n\t\t\t\t<\/div>\n\t\t\t\t\t<\/div>\n\t\t\t\t<\/div>\n\t\t\t\t<\/div>","protected":false},"excerpt":{"rendered":"<p>\u0426\u0438\u0444\u0440\u043e\u0432\u043e\u0439 \u043c\u0430\u0440\u043a\u0435\u0442\u0438\u043d\u0433 \u0432 \u0410\u043b\u0430\u043d\u0438\u0438 | \u041f\u0440\u043e\u0444\u0435\u0441\u0441\u0438\u043e\u043d\u0430\u043b\u044c\u043d\u044b\u0435 \u0443\u0441\u043b\u0443\u0433\u0438 \u0426\u0438\u0444\u0440\u043e\u0432\u043e\u0439 \u043c\u0430\u0440\u043a\u0435\u0442\u0438\u043d\u0433 \u0432 \u0410\u043b\u0430\u043d\u0438\u0438: \u0446\u0438\u0444\u0440\u043e\u0432\u0438\u0437\u0430\u0446\u0438\u044f \u0432\u0430\u0448\u0435\u0433\u043e \u0431\u0438\u0437\u043d\u0435\u0441\u0430. \u0421\u0438\u043b\u0430 \u0446\u0438\u0444\u0440\u043e\u0432\u043e\u0433\u043e \u043c\u0430\u0440\u043a\u0435\u0442\u0438\u043d\u0433\u0430. \u0426\u0438\u0444\u0440\u043e\u0432\u043e\u0439 \u043c\u0430\u0440\u043a\u0435\u0442\u0438\u043d\u0433 \u2014 \u043c\u043e\u0449\u043d\u044b\u0439 \u0438\u043d\u0441\u0442\u0440\u0443\u043c\u0435\u043d\u0442, \u043f\u043e\u0437\u0432\u043e\u043b\u044f\u044e\u0449\u0438\u0439 \u0432\u0430\u0448\u0435\u043c\u0443 \u0431\u0438\u0437\u043d\u0435\u0441\u0443 \u043c\u0430\u043a\u0441\u0438\u043c\u0430\u043b\u044c\u043d\u043e \u044d\u0444\u0444\u0435\u043a\u0442\u0438\u0432\u043d\u043e \u043e\u0445\u0432\u0430\u0442\u0438\u0442\u044c \u0446\u0435\u043b\u0435\u0432\u0443\u044e \u0430\u0443\u0434\u0438\u0442\u043e\u0440\u0438\u044e. \u041c\u044b \u0434\u0435\u043b\u0430\u0435\u043c \u0432\u0430\u0448 \u0431\u0440\u0435\u043d\u0434 \u0431\u043e\u043b\u0435\u0435 \u0437\u0430\u043c\u0435\u0442\u043d\u044b\u043c \u0441 \u043f\u043e\u043c\u043e\u0449\u044c\u044e SEO, \u0441\u043e\u0446\u0438\u0430\u043b\u044c\u043d\u044b\u0445 \u0441\u0435\u0442\u0435\u0439, email-\u043c\u0430\u0440\u043a\u0435\u0442\u0438\u043d\u0433\u0430 \u0438 \u043a\u043e\u043d\u0442\u0435\u043d\u0442-\u0441\u0442\u0440\u0430\u0442\u0435\u0433\u0438\u0439. \u0414\u043e\u0441\u0442\u0438\u0433\u043d\u0438\u0442\u0435 \u0441\u0432\u043e\u0438\u0445 \u0446\u0435\u043b\u0435\u0439 \u0440\u043e\u0441\u0442\u0430 \u0441 \u043f\u043e\u043c\u043e\u0449\u044c\u044e \u043d\u0430\u0448\u0438\u0445 \u0443\u0441\u043b\u0443\u0433 \u0446\u0438\u0444\u0440\u043e\u0432\u043e\u0433\u043e \u043c\u0430\u0440\u043a\u0435\u0442\u0438\u043d\u0433\u0430 \u0432 \u0410\u043b\u0430\u043d\u0438\u0438. \u0426\u0438\u0444\u0440\u043e\u0432\u043e\u0439 \u043c\u0430\u0440\u043a\u0435\u0442\u0438\u043d\u0433 \u0441 \u043f\u043e\u043c\u043e\u0449\u044c\u044e \u0443\u0441\u043b\u0443\u0433 \u0438\u043d\u0444\u043e\u0440\u043c\u0430\u0446\u0438\u043e\u043d\u043d\u044b\u0445 \u0442\u0435\u0445\u043d\u043e\u043b\u043e\u0433\u0438\u0439 \u0410\u043b\u0430\u043d\u0438\u0438 [\u2026]<\/p>","protected":false},"author":1,"featured_media":982,"parent":0,"menu_order":0,"comment_status":"closed","ping_status":"closed","template":"elementor_header_footer","meta":{"footnotes":""},"class_list":["post-315","page","type-page","status-publish","has-post-thumbnail","hentry"],"yoast_head":"<!-- This site is optimized with the Yoast SEO Premium plugin v24.6 (Yoast SEO v25.3.1) - https:\/\/yoast.com\/wordpress\/plugins\/seo\/ -->\n<title>Alanya Dijital Pazarlama | Alanya Yaz\u0131l\u0131m | Alanya Web Tasar\u0131m | Alanya Bili\u015fim Hizmetleri<\/title>\n<meta name=\"description\" content=\"Alanya dijital pazarlama hizmetleri ile i\u015fletmenizin dijital d\u00fcnyada b\u00fcy\u00fcmesini sa\u011flay\u0131n. SEO, sosyal medya y\u00f6netimi ve i\u00e7erik pazarlama \u00e7\u00f6z\u00fcmleri sunuyoruz.\" \/>\n<meta name=\"robots\" content=\"index, follow, max-snippet:-1, max-image-preview:large, max-video-preview:-1\" \/>\n<link rel=\"canonical\" href=\"https:\/\/alanyabilisimhizmetleri.com\/ru\/alanya-dijital-pazarlama\/\" \/>\n<meta property=\"og:locale\" content=\"ru_RU\" \/>\n<meta property=\"og:type\" content=\"article\" \/>\n<meta property=\"og:title\" content=\"Alanya Dijital Pazarlama\" \/>\n<meta property=\"og:description\" content=\"Alanya dijital pazarlama hizmetleri ile i\u015fletmenizin dijital d\u00fcnyada b\u00fcy\u00fcmesini sa\u011flay\u0131n. SEO, sosyal medya y\u00f6netimi ve i\u00e7erik pazarlama \u00e7\u00f6z\u00fcmleri sunuyoruz.\" \/>\n<meta property=\"og:url\" content=\"https:\/\/alanyabilisimhizmetleri.com\/ru\/alanya-dijital-pazarlama\/\" \/>\n<meta property=\"og:site_name\" content=\"Alanya Yaz\u0131l\u0131m | Alanya Web Tasar\u0131m | Alanya Bili\u015fim Hizmetleri\" \/>\n<meta property=\"article:modified_time\" content=\"2025-06-27T12:37:28+00:00\" \/>\n<meta property=\"og:image\" content=\"https:\/\/alanyabilisimhizmetleri.com\/wp-content\/uploads\/2025\/06\/abh-1.png\" \/>\n\t<meta property=\"og:image:width\" content=\"512\" \/>\n\t<meta property=\"og:image:height\" content=\"512\" \/>\n\t<meta property=\"og:image:type\" content=\"image\/png\" \/>\n<meta name=\"twitter:card\" content=\"summary_large_image\" \/>\n<meta name=\"twitter:label1\" content=\"\u041f\u0440\u0438\u043c\u0435\u0440\u043d\u043e\u0435 \u0432\u0440\u0435\u043c\u044f \u0434\u043b\u044f \u0447\u0442\u0435\u043d\u0438\u044f\" \/>\n\t<meta name=\"twitter:data1\" content=\"2 \u043c\u0438\u043d\u0443\u0442\u044b\" \/>\n<script type=\"application\/ld+json\" class=\"yoast-schema-graph\">{\"@context\":\"https:\/\/schema.org\",\"@graph\":[{\"@type\":\"WebPage\",\"@id\":\"https:\/\/alanyabilisimhizmetleri.com\/alanya-dijital-pazarlama\/\",\"url\":\"https:\/\/alanyabilisimhizmetleri.com\/alanya-dijital-pazarlama\/\",\"name\":\"Alanya Dijital Pazarlama | Alanya Yaz\u0131l\u0131m | Alanya Web Tasar\u0131m | Alanya Bili\u015fim Hizmetleri\",\"isPartOf\":{\"@id\":\"https:\/\/alanyabilisimhizmetleri.com\/#website\"},\"primaryImageOfPage\":{\"@id\":\"https:\/\/alanyabilisimhizmetleri.com\/alanya-dijital-pazarlama\/#primaryimage\"},\"image\":{\"@id\":\"https:\/\/alanyabilisimhizmetleri.com\/alanya-dijital-pazarlama\/#primaryimage\"},\"thumbnailUrl\":\"https:\/\/alanyabilisimhizmetleri.com\/wp-content\/uploads\/2025\/06\/abh-1.png\",\"datePublished\":\"2025-06-26T10:05:07+00:00\",\"dateModified\":\"2025-06-27T12:37:28+00:00\",\"description\":\"Alanya dijital pazarlama hizmetleri ile i\u015fletmenizin dijital d\u00fcnyada b\u00fcy\u00fcmesini sa\u011flay\u0131n. SEO, sosyal medya y\u00f6netimi ve i\u00e7erik pazarlama \u00e7\u00f6z\u00fcmleri sunuyoruz.\",\"breadcrumb\":{\"@id\":\"https:\/\/alanyabilisimhizmetleri.com\/alanya-dijital-pazarlama\/#breadcrumb\"},\"inLanguage\":\"ru-RU\",\"potentialAction\":[{\"@type\":\"ReadAction\",\"target\":[\"https:\/\/alanyabilisimhizmetleri.com\/alanya-dijital-pazarlama\/\"]}]},{\"@type\":\"ImageObject\",\"inLanguage\":\"ru-RU\",\"@id\":\"https:\/\/alanyabilisimhizmetleri.com\/alanya-dijital-pazarlama\/#primaryimage\",\"url\":\"https:\/\/alanyabilisimhizmetleri.com\/wp-content\/uploads\/2025\/06\/abh-1.png\",\"contentUrl\":\"https:\/\/alanyabilisimhizmetleri.com\/wp-content\/uploads\/2025\/06\/abh-1.png\",\"width\":512,\"height\":512,\"caption\":\"Alanya Dijital Pazarlama\"},{\"@type\":\"BreadcrumbList\",\"@id\":\"https:\/\/alanyabilisimhizmetleri.com\/alanya-dijital-pazarlama\/#breadcrumb\",\"itemListElement\":[{\"@type\":\"ListItem\",\"position\":1,\"name\":\"Anasayfa\",\"item\":\"https:\/\/alanyabilisimhizmetleri.com\/\"},{\"@type\":\"ListItem\",\"position\":2,\"name\":\"Alanya Dijital Pazarlama\"}]},{\"@type\":\"WebSite\",\"@id\":\"https:\/\/alanyabilisimhizmetleri.com\/#website\",\"url\":\"https:\/\/alanyabilisimhizmetleri.com\/\",\"name\":\"Alanya Yaz\u0131l\u0131m | Alanya Web Tasar\u0131m | Alanya Bili\u015fim Hizmetleri\",\"description\":\"Alanya Yaz\u0131l\u0131m | Alanya Web Tasar\u0131m | Alanya Bili\u015fim Hizmetleri\",\"publisher\":{\"@id\":\"https:\/\/alanyabilisimhizmetleri.com\/#organization\"},\"potentialAction\":[{\"@type\":\"SearchAction\",\"target\":{\"@type\":\"EntryPoint\",\"urlTemplate\":\"https:\/\/alanyabilisimhizmetleri.com\/?s={search_term_string}\"},\"query-input\":{\"@type\":\"PropertyValueSpecification\",\"valueRequired\":true,\"valueName\":\"search_term_string\"}}],\"inLanguage\":\"ru-RU\"},{\"@type\":\"Organization\",\"@id\":\"https:\/\/alanyabilisimhizmetleri.com\/#organization\",\"name\":\"Alanya Yaz\u0131l\u0131m | Alanya Web Tasar\u0131m | Alanya Bili\u015fim Hizmetleri\",\"url\":\"https:\/\/alanyabilisimhizmetleri.com\/\",\"logo\":{\"@type\":\"ImageObject\",\"inLanguage\":\"ru-RU\",\"@id\":\"https:\/\/alanyabilisimhizmetleri.com\/#\/schema\/logo\/image\/\",\"url\":\"https:\/\/alanyabilisimhizmetleri.com\/wp-content\/uploads\/2020\/01\/cropped-2.png\",\"contentUrl\":\"https:\/\/alanyabilisimhizmetleri.com\/wp-content\/uploads\/2020\/01\/cropped-2.png\",\"width\":288,\"height\":117,\"caption\":\"Alanya Yaz\u0131l\u0131m | Alanya Web Tasar\u0131m | Alanya Bili\u015fim Hizmetleri\"},\"image\":{\"@id\":\"https:\/\/alanyabilisimhizmetleri.com\/#\/schema\/logo\/image\/\"}}]}<\/script>\n<!-- \/ Yoast SEO Premium plugin. -->","yoast_head_json":{"title":"Alanya Dijital Pazarlama | Alanya Yaz\u0131l\u0131m | Alanya Web Tasar\u0131m | Alanya Bili\u015fim Hizmetleri","description":"Alanya dijital pazarlama hizmetleri ile i\u015fletmenizin dijital d\u00fcnyada b\u00fcy\u00fcmesini sa\u011flay\u0131n. SEO, sosyal medya y\u00f6netimi ve i\u00e7erik pazarlama \u00e7\u00f6z\u00fcmleri sunuyoruz.","robots":{"index":"index","follow":"follow","max-snippet":"max-snippet:-1","max-image-preview":"max-image-preview:large","max-video-preview":"max-video-preview:-1"},"canonical":"https:\/\/alanyabilisimhizmetleri.com\/ru\/alanya-dijital-pazarlama\/","og_locale":"ru_RU","og_type":"article","og_title":"Alanya Dijital Pazarlama","og_description":"Alanya dijital pazarlama hizmetleri ile i\u015fletmenizin dijital d\u00fcnyada b\u00fcy\u00fcmesini sa\u011flay\u0131n. SEO, sosyal medya y\u00f6netimi ve i\u00e7erik pazarlama \u00e7\u00f6z\u00fcmleri sunuyoruz.","og_url":"https:\/\/alanyabilisimhizmetleri.com\/ru\/alanya-dijital-pazarlama\/","og_site_name":"Alanya Yaz\u0131l\u0131m | Alanya Web Tasar\u0131m | Alanya Bili\u015fim Hizmetleri","article_modified_time":"2025-06-27T12:37:28+00:00","og_image":[{"width":512,"height":512,"url":"https:\/\/alanyabilisimhizmetleri.com\/wp-content\/uploads\/2025\/06\/abh-1.png","type":"image\/png"}],"twitter_card":"summary_large_image","twitter_misc":{"\u041f\u0440\u0438\u043c\u0435\u0440\u043d\u043e\u0435 \u0432\u0440\u0435\u043c\u044f \u0434\u043b\u044f \u0447\u0442\u0435\u043d\u0438\u044f":"2 \u043c\u0438\u043d\u0443\u0442\u044b"},"schema":{"@context":"https:\/\/schema.org","@graph":[{"@type":"WebPage","@id":"https:\/\/alanyabilisimhizmetleri.com\/alanya-dijital-pazarlama\/","url":"https:\/\/alanyabilisimhizmetleri.com\/alanya-dijital-pazarlama\/","name":"Alanya Dijital Pazarlama | Alanya Yaz\u0131l\u0131m | Alanya Web Tasar\u0131m | Alanya Bili\u015fim Hizmetleri","isPartOf":{"@id":"https:\/\/alanyabilisimhizmetleri.com\/#website"},"primaryImageOfPage":{"@id":"https:\/\/alanyabilisimhizmetleri.com\/alanya-dijital-pazarlama\/#primaryimage"},"image":{"@id":"https:\/\/alanyabilisimhizmetleri.com\/alanya-dijital-pazarlama\/#primaryimage"},"thumbnailUrl":"https:\/\/alanyabilisimhizmetleri.com\/wp-content\/uploads\/2025\/06\/abh-1.png","datePublished":"2025-06-26T10:05:07+00:00","dateModified":"2025-06-27T12:37:28+00:00","description":"Alanya dijital pazarlama hizmetleri ile i\u015fletmenizin dijital d\u00fcnyada b\u00fcy\u00fcmesini sa\u011flay\u0131n. SEO, sosyal medya y\u00f6netimi ve i\u00e7erik pazarlama \u00e7\u00f6z\u00fcmleri sunuyoruz.","breadcrumb":{"@id":"https:\/\/alanyabilisimhizmetleri.com\/alanya-dijital-pazarlama\/#breadcrumb"},"inLanguage":"ru-RU","potentialAction":[{"@type":"ReadAction","target":["https:\/\/alanyabilisimhizmetleri.com\/alanya-dijital-pazarlama\/"]}]},{"@type":"ImageObject","inLanguage":"ru-RU","@id":"https:\/\/alanyabilisimhizmetleri.com\/alanya-dijital-pazarlama\/#primaryimage","url":"https:\/\/alanyabilisimhizmetleri.com\/wp-content\/uploads\/2025\/06\/abh-1.png","contentUrl":"https:\/\/alanyabilisimhizmetleri.com\/wp-content\/uploads\/2025\/06\/abh-1.png","width":512,"height":512,"caption":"Alanya Dijital Pazarlama"},{"@type":"BreadcrumbList","@id":"https:\/\/alanyabilisimhizmetleri.com\/alanya-dijital-pazarlama\/#breadcrumb","itemListElement":[{"@type":"ListItem","position":1,"name":"Anasayfa","item":"https:\/\/alanyabilisimhizmetleri.com\/"},{"@type":"ListItem","position":2,"name":"Alanya Dijital Pazarlama"}]},{"@type":"WebSite","@id":"https:\/\/alanyabilisimhizmetleri.com\/#website","url":"https:\/\/alanyabilisimhizmetleri.com\/","name":"Alanya Yaz\u0131l\u0131m | Alanya Web Tasar\u0131m | Alanya Bili\u015fim Hizmetleri","description":"Alanya Yaz\u0131l\u0131m | Alanya Web Tasar\u0131m | Alanya Bili\u015fim Hizmetleri","publisher":{"@id":"https:\/\/alanyabilisimhizmetleri.com\/#organization"},"potentialAction":[{"@type":"SearchAction","target":{"@type":"EntryPoint","urlTemplate":"https:\/\/alanyabilisimhizmetleri.com\/?s={search_term_string}"},"query-input":{"@type":"PropertyValueSpecification","valueRequired":true,"valueName":"search_term_string"}}],"inLanguage":"ru-RU"},{"@type":"Organization","@id":"https:\/\/alanyabilisimhizmetleri.com\/#organization","name":"Alanya Yaz\u0131l\u0131m | Alanya Web Tasar\u0131m | Alanya Bili\u015fim Hizmetleri","url":"https:\/\/alanyabilisimhizmetleri.com\/","logo":{"@type":"ImageObject","inLanguage":"ru-RU","@id":"https:\/\/alanyabilisimhizmetleri.com\/#\/schema\/logo\/image\/","url":"https:\/\/alanyabilisimhizmetleri.com\/wp-content\/uploads\/2020\/01\/cropped-2.png","contentUrl":"https:\/\/alanyabilisimhizmetleri.com\/wp-content\/uploads\/2020\/01\/cropped-2.png","width":288,"height":117,"caption":"Alanya Yaz\u0131l\u0131m | Alanya Web Tasar\u0131m | Alanya Bili\u015fim Hizmetleri"},"image":{"@id":"https:\/\/alanyabilisimhizmetleri.com\/#\/schema\/logo\/image\/"}}]}},"_links":{"self":[{"href":"https:\/\/alanyabilisimhizmetleri.com\/ru\/wp-json\/wp\/v2\/pages\/315","targetHints":{"allow":["GET"]}}],"collection":[{"href":"https:\/\/alanyabilisimhizmetleri.com\/ru\/wp-json\/wp\/v2\/pages"}],"about":[{"href":"https:\/\/alanyabilisimhizmetleri.com\/ru\/wp-json\/wp\/v2\/types\/page"}],"author":[{"embeddable":true,"href":"https:\/\/alanyabilisimhizmetleri.com\/ru\/wp-json\/wp\/v2\/users\/1"}],"replies":[{"embeddable":true,"href":"https:\/\/alanyabilisimhizmetleri.com\/ru\/wp-json\/wp\/v2\/comments?post=315"}],"version-history":[{"count":8,"href":"https:\/\/alanyabilisimhizmetleri.com\/ru\/wp-json\/wp\/v2\/pages\/315\/revisions"}],"predecessor-version":[{"id":983,"href":"https:\/\/alanyabilisimhizmetleri.com\/ru\/wp-json\/wp\/v2\/pages\/315\/revisions\/983"}],"wp:featuredmedia":[{"embeddable":true,"href":"https:\/\/alanyabilisimhizmetleri.com\/ru\/wp-json\/wp\/v2\/media\/982"}],"wp:attachment":[{"href":"https:\/\/alanyabilisimhizmetleri.com\/ru\/wp-json\/wp\/v2\/media?parent=315"}],"curies":[{"name":"wp","href":"https:\/\/api.w.org\/{rel}","templated":true}]}}