{"id":337,"date":"2025-06-26T13:14:05","date_gmt":"2025-06-26T10:14:05","guid":{"rendered":"https:\/\/alanyabilisimhizmetleri.com\/?page_id=337"},"modified":"2025-06-27T15:38:00","modified_gmt":"2025-06-27T12:38:00","slug":"alanya-reklam-yoneticisi","status":"publish","type":"page","link":"https:\/\/alanyabilisimhizmetleri.com\/ru\/alanya-reklam-yoneticisi\/","title":{"rendered":"\u041c\u0435\u043d\u0435\u0434\u0436\u0435\u0440 \u043f\u043e \u0440\u0435\u043a\u043b\u0430\u043c\u0435 \u0432 \u0410\u043b\u0430\u043d\u0438\u0438"},"content":{"rendered":"<div data-elementor-type=\"wp-page\" data-elementor-id=\"337\" class=\"elementor elementor-337\">\n\t\t\t\t<div class=\"aux-parallax-section elementor-element elementor-element-b1c5e45 e-flex e-con-boxed elementor-invisible e-con e-parent\" data-id=\"b1c5e45\" data-element_type=\"container\" data-settings=\"{&quot;animation&quot;:&quot;fadeInUp&quot;}\">\n\t\t\t\t\t<div class=\"e-con-inner\">\n\t\t\t\t<div class=\"elementor-element elementor-element-63cbfa6 elementor-widget elementor-widget-text-editor\" data-id=\"63cbfa6\" data-element_type=\"widget\" data-widget_type=\"text-editor.default\">\n\t\t\t\t<div class=\"elementor-widget-container\">\n\t\t\t\t\t\t\t\t\t<header><section><section><h1>\u041c\u0435\u043d\u0435\u0434\u0436\u0435\u0440 \u043f\u043e \u0440\u0435\u043a\u043b\u0430\u043c\u0435 \u0432 \u0410\u043b\u0430\u043d\u0438\u0438 | \u041f\u0440\u043e\u0444\u0435\u0441\u0441\u0438\u043e\u043d\u0430\u043b\u044c\u043d\u044b\u0435 \u0440\u0435\u0448\u0435\u043d\u0438\u044f<\/h1><\/section><header><h1>\u041c\u0435\u043d\u0435\u0434\u0436\u0435\u0440 \u043f\u043e \u0440\u0435\u043a\u043b\u0430\u043c\u0435 \u0432 \u0410\u043b\u0430\u043d\u0438\u0438: \u0443\u0441\u043f\u0435\u0445 \u0432 \u0446\u0438\u0444\u0440\u043e\u0432\u043e\u043c \u043c\u0430\u0440\u043a\u0435\u0442\u0438\u043d\u0433\u0435<\/h1><\/header><section><h2>\u0427\u0442\u043e \u0442\u0430\u043a\u043e\u0435 \u041c\u0435\u043d\u0435\u0434\u0436\u0435\u0440 \u0440\u0435\u043a\u043b\u0430\u043c\u044b?<\/h2><p>\u041c\u0435\u043d\u0435\u0434\u0436\u0435\u0440 \u0440\u0435\u043a\u043b\u0430\u043c\u044b \u2014 \u044d\u0442\u043e \u043f\u0440\u043e\u0444\u0435\u0441\u0441\u0438\u043e\u043d\u0430\u043b\u044c\u043d\u0430\u044f \u0443\u0441\u043b\u0443\u0433\u0430 \u043f\u043e \u043f\u043b\u0430\u043d\u0438\u0440\u043e\u0432\u0430\u043d\u0438\u044e, \u0443\u043f\u0440\u0430\u0432\u043b\u0435\u043d\u0438\u044e \u0438 \u043e\u043f\u0442\u0438\u043c\u0438\u0437\u0430\u0446\u0438\u0438 \u0446\u0438\u0444\u0440\u043e\u0432\u043e\u0439 \u0440\u0435\u043a\u043b\u0430\u043c\u044b \u0432\u0430\u0448\u0435\u0433\u043e \u0431\u0438\u0437\u043d\u0435\u0441\u0430. \u0412\u044b \u043c\u043e\u0436\u0435\u0442\u0435 \u0438\u0441\u043f\u043e\u043b\u044c\u0437\u043e\u0432\u0430\u0442\u044c \u0443\u0441\u043b\u0443\u0433\u0438 \u043f\u043e \u0443\u043f\u0440\u0430\u0432\u043b\u0435\u043d\u0438\u044e \u0440\u0435\u043a\u043b\u0430\u043c\u043e\u0439, \u0447\u0442\u043e\u0431\u044b \u043e\u0445\u0432\u0430\u0442\u0438\u0442\u044c \u043d\u0443\u0436\u043d\u0443\u044e \u0430\u0443\u0434\u0438\u0442\u043e\u0440\u0438\u044e, \u044d\u0444\u0444\u0435\u043a\u0442\u0438\u0432\u043d\u043e \u0443\u043f\u0440\u0430\u0432\u043b\u044f\u0442\u044c \u0440\u0435\u043a\u043b\u0430\u043c\u043d\u044b\u043c \u0431\u044e\u0434\u0436\u0435\u0442\u043e\u043c \u0438 \u043f\u043e\u0432\u044b\u0441\u0438\u0442\u044c \u043a\u043e\u043d\u0432\u0435\u0440\u0441\u0438\u044e.<\/p><\/section><section><h2>\u041d\u0430\u0448\u0438 \u0443\u0441\u043b\u0443\u0433\u0438 \u043c\u0435\u043d\u0435\u0434\u0436\u0435\u0440\u0430 \u043f\u043e \u0440\u0435\u043a\u043b\u0430\u043c\u0435 \u0432 \u0410\u043b\u0430\u043d\u0438\u0438<\/h2><p>\u0412 Alanya Information Technologies \u043c\u044b \u043f\u0440\u0435\u0434\u043b\u0430\u0433\u0430\u0435\u043c \u043a\u043e\u043c\u043f\u043b\u0435\u043a\u0441\u043d\u044b\u0435 \u0443\u0441\u043b\u0443\u0433\u0438 \u043f\u043e \u0443\u043f\u0440\u0430\u0432\u043b\u0435\u043d\u0438\u044e \u0440\u0435\u043a\u043b\u0430\u043c\u043e\u0439, \u043a\u043e\u0442\u043e\u0440\u044b\u0435 \u043f\u043e\u043c\u043e\u0433\u0443\u0442 \u0432\u0430\u0448\u0435\u043c\u0443 \u0431\u0438\u0437\u043d\u0435\u0441\u0443 \u043f\u0440\u043e\u0446\u0432\u0435\u0442\u0430\u0442\u044c \u0432 \u0446\u0438\u0444\u0440\u043e\u0432\u043e\u043c \u043c\u0438\u0440\u0435. \u041c\u044b \u043f\u043e\u043c\u043e\u0436\u0435\u043c \u0432\u0430\u043c \u0434\u043e\u0441\u0442\u0438\u0447\u044c \u0432\u0430\u0448\u0438\u0445 \u0446\u0435\u043b\u0435\u0439 \u0432 \u0441\u043e\u0446\u0438\u0430\u043b\u044c\u043d\u044b\u0445 \u0441\u0435\u0442\u044f\u0445, Google Ads \u0438 \u0434\u0440\u0443\u0433\u0438\u0445 \u0446\u0438\u0444\u0440\u043e\u0432\u044b\u0445 \u043f\u043b\u0430\u0442\u0444\u043e\u0440\u043c\u0430\u0445.<\/p><\/section><section><h3>\u041d\u0430\u0448\u0438 \u0443\u0441\u043b\u0443\u0433\u0438<\/h3><ul><li>\u0410\u043d\u0430\u043b\u0438\u0437 \u0446\u0435\u043b\u0435\u0432\u043e\u0439 \u0430\u0443\u0434\u0438\u0442\u043e\u0440\u0438\u0438 \u0438 \u0441\u043e\u0437\u0434\u0430\u043d\u0438\u0435 \u0441\u0442\u0440\u0430\u0442\u0435\u0433\u0438\u0438<\/li><li>\u0423\u043f\u0440\u0430\u0432\u043b\u0435\u043d\u0438\u0435 \u043a\u0430\u043c\u043f\u0430\u043d\u0438\u044f\u043c\u0438 Google Ads<\/li><li>\u0423\u043f\u0440\u0430\u0432\u043b\u0435\u043d\u0438\u0435 \u0440\u0435\u043a\u043b\u0430\u043c\u043e\u0439 \u0432 Facebook \u0438 Instagram<\/li><li>\u041e\u0442\u0441\u043b\u0435\u0436\u0438\u0432\u0430\u043d\u0438\u0435 \u0438 \u043e\u043f\u0442\u0438\u043c\u0438\u0437\u0430\u0446\u0438\u044f \u044d\u0444\u0444\u0435\u043a\u0442\u0438\u0432\u043d\u043e\u0441\u0442\u0438 \u0440\u0435\u043a\u043b\u0430\u043c\u044b<\/li><li>\u041f\u043e\u0434\u0440\u043e\u0431\u043d\u044b\u0435 \u043e\u0442\u0447\u0435\u0442\u044b \u0438 \u0430\u043d\u0430\u043b\u0438\u0437\u044b<\/li><\/ul><\/section><section><h3>\u041f\u0440\u0435\u0438\u043c\u0443\u0449\u0435\u0441\u0442\u0432\u0430 \u0443\u043f\u0440\u0430\u0432\u043b\u0435\u043d\u0438\u044f \u0440\u0435\u043a\u043b\u0430\u043c\u043e\u0439<\/h3><ul><li>\u041f\u0440\u044f\u043c\u043e\u0439 \u043e\u0445\u0432\u0430\u0442 \u0432\u0430\u0448\u0435\u0439 \u0446\u0435\u043b\u0435\u0432\u043e\u0439 \u0430\u0443\u0434\u0438\u0442\u043e\u0440\u0438\u0438<\/li><li>\u042d\u0444\u0444\u0435\u043a\u0442\u0438\u0432\u043d\u043e\u0435 \u0438\u0441\u043f\u043e\u043b\u044c\u0437\u043e\u0432\u0430\u043d\u0438\u0435 \u0440\u0435\u043a\u043b\u0430\u043c\u043d\u043e\u0433\u043e \u0431\u044e\u0434\u0436\u0435\u0442\u0430<\/li><li>\u041f\u0440\u043e\u0434\u0430\u0436\u0438 \u0438 \u043f\u0440\u0438\u0432\u043b\u0435\u0447\u0435\u043d\u0438\u0435 \u043a\u043b\u0438\u0435\u043d\u0442\u043e\u0432<\/li><li>\u041f\u043e\u0432\u044b\u0448\u0435\u043d\u0438\u0435 \u0443\u0437\u043d\u0430\u0432\u0430\u0435\u043c\u043e\u0441\u0442\u0438 \u0431\u0440\u0435\u043d\u0434\u0430<\/li><\/ul><\/section><section><h2>\u0414\u043e\u0441\u0442\u0438\u0433\u043d\u0438\u0442\u0435 \u0446\u0438\u0444\u0440\u043e\u0432\u043e\u0433\u043e \u0443\u0441\u043f\u0435\u0445\u0430 \u0441 \u043f\u043e\u043c\u043e\u0449\u044c\u044e Ad Manager<\/h2><p>\u0423\u043f\u0440\u0430\u0432\u043b\u044f\u0439\u0442\u0435 \u0446\u0438\u0444\u0440\u043e\u0432\u043e\u0439 \u0440\u0435\u043a\u043b\u0430\u043c\u043e\u0439 \u0432\u0430\u0448\u0435\u0433\u043e \u0431\u0438\u0437\u043d\u0435\u0441\u0430 \u043f\u0440\u043e\u0444\u0435\u0441\u0441\u0438\u043e\u043d\u0430\u043b\u044c\u043d\u043e, \u0432\u043e\u0441\u043f\u043e\u043b\u044c\u0437\u043e\u0432\u0430\u0432\u0448\u0438\u0441\u044c \u0443\u0441\u043b\u0443\u0433\u0430\u043c\u0438 \u043d\u0430\u0448\u0435\u0433\u043e \u043c\u0435\u043d\u0435\u0434\u0436\u0435\u0440\u0430 \u043f\u043e \u0440\u0435\u043a\u043b\u0430\u043c\u0435 \u0432 \u0410\u043b\u0430\u043d\u0438\u0438. \u041d\u0430\u0448\u0430 \u043a\u043e\u043c\u0430\u043d\u0434\u0430 \u044d\u043a\u0441\u043f\u0435\u0440\u0442\u043e\u0432 \u043f\u043e\u043c\u043e\u0436\u0435\u0442 \u0432\u0430\u043c \u043c\u0430\u043a\u0441\u0438\u043c\u0430\u043b\u044c\u043d\u043e \u044d\u0444\u0444\u0435\u043a\u0442\u0438\u0432\u043d\u043e \u0438\u0441\u043f\u043e\u043b\u044c\u0437\u043e\u0432\u0430\u0442\u044c \u0440\u0435\u043a\u043b\u0430\u043c\u043d\u044b\u0439 \u0431\u044e\u0434\u0436\u0435\u0442 \u0438 \u0443\u0432\u0435\u043b\u0438\u0447\u0438\u0442\u044c \u0432\u0430\u0448\u0443 \u043f\u0440\u0438\u0431\u044b\u043b\u044c.<\/p><\/section><footer><h4>\u0421\u0432\u044f\u0437\u0430\u0442\u044c\u0441\u044f \u0441 \u043d\u0430\u043c\u0438<\/h4><p>\u0421\u0432\u044f\u0436\u0438\u0442\u0435\u0441\u044c \u0441 \u043d\u0430\u043c\u0438 \u0441\u0435\u0439\u0447\u0430\u0441, \u0447\u0442\u043e\u0431\u044b \u0443\u0437\u043d\u0430\u0442\u044c \u0431\u043e\u043b\u044c\u0448\u0435 \u043e \u043d\u0430\u0448\u0438\u0445 \u0443\u0441\u043b\u0443\u0433\u0430\u0445 \u043f\u043e \u0443\u043f\u0440\u0430\u0432\u043b\u0435\u043d\u0438\u044e \u0440\u0435\u043a\u043b\u0430\u043c\u043e\u0439 \u0438 \u043f\u043e\u0432\u044b\u0441\u0438\u0442\u044c \u0446\u0438\u0444\u0440\u043e\u0432\u043e\u0439 \u0443\u0441\u043f\u0435\u0445 \u0432\u0430\u0448\u0435\u0433\u043e \u0431\u0438\u0437\u043d\u0435\u0441\u0430!<\/p><\/footer><\/section><\/header>\t\t\t\t\t\t\t\t<\/div>\n\t\t\t\t<\/div>\n\t\t\t\t\t<\/div>\n\t\t\t\t<\/div>\n\t\t\t\t<\/div>","protected":false},"excerpt":{"rendered":"<p>\u041c\u0435\u043d\u0435\u0434\u0436\u0435\u0440 \u043f\u043e \u0440\u0435\u043a\u043b\u0430\u043c\u0435 \u0432 \u0410\u043b\u0430\u043d\u0438\u0438 | \u041f\u0440\u043e\u0444\u0435\u0441\u0441\u0438\u043e\u043d\u0430\u043b\u044c\u043d\u044b\u0435 \u0440\u0435\u0448\u0435\u043d\u0438\u044f \u041c\u0435\u043d\u0435\u0434\u0436\u0435\u0440 \u043f\u043e \u0440\u0435\u043a\u043b\u0430\u043c\u0435 \u0432 \u0410\u043b\u0430\u043d\u0438\u0438: \u0443\u0441\u043f\u0435\u0445 \u0432 \u0446\u0438\u0444\u0440\u043e\u0432\u043e\u043c \u043c\u0430\u0440\u043a\u0435\u0442\u0438\u043d\u0433\u0435 \u0427\u0442\u043e \u0442\u0430\u043a\u043e\u0435 \u043c\u0435\u043d\u0435\u0434\u0436\u0435\u0440 \u043f\u043e \u0440\u0435\u043a\u043b\u0430\u043c\u0435? \u041c\u0435\u043d\u0435\u0434\u0436\u0435\u0440 \u043f\u043e \u0440\u0435\u043a\u043b\u0430\u043c\u0435 \u2014 \u044d\u0442\u043e \u043f\u0440\u043e\u0444\u0435\u0441\u0441\u0438\u043e\u043d\u0430\u043b\u044c\u043d\u0430\u044f \u043a\u043e\u043c\u043f\u0430\u043d\u0438\u044f, \u043a\u043e\u0442\u043e\u0440\u0430\u044f \u043f\u043b\u0430\u043d\u0438\u0440\u0443\u0435\u0442, \u0443\u043f\u0440\u0430\u0432\u043b\u044f\u0435\u0442 \u0438 \u043e\u043f\u0442\u0438\u043c\u0438\u0437\u0438\u0440\u0443\u0435\u0442 \u0446\u0438\u0444\u0440\u043e\u0432\u0443\u044e \u0440\u0435\u043a\u043b\u0430\u043c\u0443 \u0432\u0430\u0448\u0435\u0433\u043e \u0431\u0438\u0437\u043d\u0435\u0441\u0430. \u0412\u044b \u043c\u043e\u0436\u0435\u0442\u0435 \u0432\u043e\u0441\u043f\u043e\u043b\u044c\u0437\u043e\u0432\u0430\u0442\u044c\u0441\u044f \u0443\u0441\u043b\u0443\u0433\u0430\u043c\u0438 \u043f\u043e \u0443\u043f\u0440\u0430\u0432\u043b\u0435\u043d\u0438\u044e \u0440\u0435\u043a\u043b\u0430\u043c\u043e\u0439, \u0447\u0442\u043e\u0431\u044b \u043e\u0445\u0432\u0430\u0442\u0438\u0442\u044c \u043d\u0443\u0436\u043d\u0443\u044e \u0446\u0435\u043b\u0435\u0432\u0443\u044e \u0430\u0443\u0434\u0438\u0442\u043e\u0440\u0438\u044e, \u044d\u0444\u0444\u0435\u043a\u0442\u0438\u0432\u043d\u043e \u0443\u043f\u0440\u0430\u0432\u043b\u044f\u0442\u044c \u0440\u0435\u043a\u043b\u0430\u043c\u043d\u044b\u043c \u0431\u044e\u0434\u0436\u0435\u0442\u043e\u043c \u0438 \u043f\u043e\u0432\u044b\u0441\u0438\u0442\u044c \u043a\u043e\u043d\u0432\u0435\u0440\u0441\u0438\u044e. \u041d\u0430\u0448\u0438 \u0443\u0441\u043b\u0443\u0433\u0438 \u043c\u0435\u043d\u0435\u0434\u0436\u0435\u0440\u0430 \u043f\u043e \u0440\u0435\u043a\u043b\u0430\u043c\u0435 \u0432 \u0410\u043b\u0430\u043d\u0438\u0438. \u041a\u043e\u043c\u043f\u0430\u043d\u0438\u044f Alanya Information Technologies \u043f\u0440\u0435\u0434\u043e\u0441\u0442\u0430\u0432\u043b\u044f\u0435\u0442 \u0443\u0441\u043b\u0443\u0433\u0438 \u0446\u0438\u0444\u0440\u043e\u0432\u043e\u0439 \u0440\u0435\u043a\u043b\u0430\u043c\u044b \u0434\u043b\u044f \u0432\u0430\u0448\u0435\u0433\u043e \u0431\u0438\u0437\u043d\u0435\u0441\u0430 [\u2026]<\/p>","protected":false},"author":1,"featured_media":988,"parent":0,"menu_order":0,"comment_status":"closed","ping_status":"closed","template":"elementor_header_footer","meta":{"footnotes":""},"class_list":["post-337","page","type-page","status-publish","has-post-thumbnail","hentry"],"yoast_head":"<!-- This site is optimized with the Yoast SEO Premium plugin v24.6 (Yoast SEO v25.3.1) - https:\/\/yoast.com\/wordpress\/plugins\/seo\/ -->\n<title>Alanya Reklam Y\u00f6neticisi | Profesyonel \u00c7\u00f6z\u00fcmler<\/title>\n<meta name=\"description\" content=\"Alanya Reklam Y\u00f6neticisi hizmetlerimizle i\u015fletmenizin dijital reklamlar\u0131n\u0131 etkili bir \u015fekilde y\u00f6netin. Profesyonel reklam \u00e7\u00f6z\u00fcmleri i\u00e7in bize ula\u015f\u0131n.\" \/>\n<meta name=\"robots\" content=\"index, follow, max-snippet:-1, max-image-preview:large, max-video-preview:-1\" \/>\n<link rel=\"canonical\" href=\"https:\/\/alanyabilisimhizmetleri.com\/ru\/alanya-reklam-yoneticisi\/\" \/>\n<meta property=\"og:locale\" content=\"ru_RU\" \/>\n<meta property=\"og:type\" content=\"article\" \/>\n<meta property=\"og:title\" content=\"Alanya Reklam Y\u00f6neticisi\" \/>\n<meta property=\"og:description\" content=\"Alanya Reklam Y\u00f6neticisi hizmetlerimizle i\u015fletmenizin dijital reklamlar\u0131n\u0131 etkili bir \u015fekilde y\u00f6netin. Profesyonel reklam \u00e7\u00f6z\u00fcmleri i\u00e7in bize ula\u015f\u0131n.\" \/>\n<meta property=\"og:url\" content=\"https:\/\/alanyabilisimhizmetleri.com\/ru\/alanya-reklam-yoneticisi\/\" \/>\n<meta property=\"og:site_name\" content=\"Alanya Yaz\u0131l\u0131m | Alanya Web Tasar\u0131m | Alanya Bili\u015fim Hizmetleri\" \/>\n<meta property=\"article:modified_time\" content=\"2025-06-27T12:38:00+00:00\" \/>\n<meta property=\"og:image\" content=\"https:\/\/alanyabilisimhizmetleri.com\/wp-content\/uploads\/2025\/06\/abh-4.png\" \/>\n\t<meta property=\"og:image:width\" content=\"512\" \/>\n\t<meta property=\"og:image:height\" content=\"512\" \/>\n\t<meta property=\"og:image:type\" content=\"image\/png\" \/>\n<meta name=\"twitter:card\" content=\"summary_large_image\" \/>\n<meta name=\"twitter:label1\" content=\"\u041f\u0440\u0438\u043c\u0435\u0440\u043d\u043e\u0435 \u0432\u0440\u0435\u043c\u044f \u0434\u043b\u044f \u0447\u0442\u0435\u043d\u0438\u044f\" \/>\n\t<meta name=\"twitter:data1\" content=\"2 \u043c\u0438\u043d\u0443\u0442\u044b\" \/>\n<script type=\"application\/ld+json\" class=\"yoast-schema-graph\">{\"@context\":\"https:\/\/schema.org\",\"@graph\":[{\"@type\":\"WebPage\",\"@id\":\"https:\/\/alanyabilisimhizmetleri.com\/alanya-reklam-yoneticisi\/\",\"url\":\"https:\/\/alanyabilisimhizmetleri.com\/alanya-reklam-yoneticisi\/\",\"name\":\"Alanya Reklam Y\u00f6neticisi | Profesyonel \u00c7\u00f6z\u00fcmler\",\"isPartOf\":{\"@id\":\"https:\/\/alanyabilisimhizmetleri.com\/#website\"},\"primaryImageOfPage\":{\"@id\":\"https:\/\/alanyabilisimhizmetleri.com\/alanya-reklam-yoneticisi\/#primaryimage\"},\"image\":{\"@id\":\"https:\/\/alanyabilisimhizmetleri.com\/alanya-reklam-yoneticisi\/#primaryimage\"},\"thumbnailUrl\":\"https:\/\/alanyabilisimhizmetleri.com\/wp-content\/uploads\/2025\/06\/abh-4.png\",\"datePublished\":\"2025-06-26T10:14:05+00:00\",\"dateModified\":\"2025-06-27T12:38:00+00:00\",\"description\":\"Alanya Reklam Y\u00f6neticisi hizmetlerimizle i\u015fletmenizin dijital reklamlar\u0131n\u0131 etkili bir \u015fekilde y\u00f6netin. Profesyonel reklam \u00e7\u00f6z\u00fcmleri i\u00e7in bize ula\u015f\u0131n.\",\"breadcrumb\":{\"@id\":\"https:\/\/alanyabilisimhizmetleri.com\/alanya-reklam-yoneticisi\/#breadcrumb\"},\"inLanguage\":\"ru-RU\",\"potentialAction\":[{\"@type\":\"ReadAction\",\"target\":[\"https:\/\/alanyabilisimhizmetleri.com\/alanya-reklam-yoneticisi\/\"]}]},{\"@type\":\"ImageObject\",\"inLanguage\":\"ru-RU\",\"@id\":\"https:\/\/alanyabilisimhizmetleri.com\/alanya-reklam-yoneticisi\/#primaryimage\",\"url\":\"https:\/\/alanyabilisimhizmetleri.com\/wp-content\/uploads\/2025\/06\/abh-4.png\",\"contentUrl\":\"https:\/\/alanyabilisimhizmetleri.com\/wp-content\/uploads\/2025\/06\/abh-4.png\",\"width\":512,\"height\":512,\"caption\":\"Alanya Reklam Y\u00f6neticisi\"},{\"@type\":\"BreadcrumbList\",\"@id\":\"https:\/\/alanyabilisimhizmetleri.com\/alanya-reklam-yoneticisi\/#breadcrumb\",\"itemListElement\":[{\"@type\":\"ListItem\",\"position\":1,\"name\":\"Anasayfa\",\"item\":\"https:\/\/alanyabilisimhizmetleri.com\/\"},{\"@type\":\"ListItem\",\"position\":2,\"name\":\"Alanya Reklam Y\u00f6neticisi\"}]},{\"@type\":\"WebSite\",\"@id\":\"https:\/\/alanyabilisimhizmetleri.com\/#website\",\"url\":\"https:\/\/alanyabilisimhizmetleri.com\/\",\"name\":\"Alanya Yaz\u0131l\u0131m | Alanya Web Tasar\u0131m | Alanya Bili\u015fim Hizmetleri\",\"description\":\"Alanya Yaz\u0131l\u0131m | Alanya Web Tasar\u0131m | Alanya Bili\u015fim Hizmetleri\",\"publisher\":{\"@id\":\"https:\/\/alanyabilisimhizmetleri.com\/#organization\"},\"potentialAction\":[{\"@type\":\"SearchAction\",\"target\":{\"@type\":\"EntryPoint\",\"urlTemplate\":\"https:\/\/alanyabilisimhizmetleri.com\/?s={search_term_string}\"},\"query-input\":{\"@type\":\"PropertyValueSpecification\",\"valueRequired\":true,\"valueName\":\"search_term_string\"}}],\"inLanguage\":\"ru-RU\"},{\"@type\":\"Organization\",\"@id\":\"https:\/\/alanyabilisimhizmetleri.com\/#organization\",\"name\":\"Alanya Yaz\u0131l\u0131m | Alanya Web Tasar\u0131m | Alanya Bili\u015fim Hizmetleri\",\"url\":\"https:\/\/alanyabilisimhizmetleri.com\/\",\"logo\":{\"@type\":\"ImageObject\",\"inLanguage\":\"ru-RU\",\"@id\":\"https:\/\/alanyabilisimhizmetleri.com\/#\/schema\/logo\/image\/\",\"url\":\"https:\/\/alanyabilisimhizmetleri.com\/wp-content\/uploads\/2020\/01\/cropped-2.png\",\"contentUrl\":\"https:\/\/alanyabilisimhizmetleri.com\/wp-content\/uploads\/2020\/01\/cropped-2.png\",\"width\":288,\"height\":117,\"caption\":\"Alanya Yaz\u0131l\u0131m | Alanya Web Tasar\u0131m | Alanya Bili\u015fim Hizmetleri\"},\"image\":{\"@id\":\"https:\/\/alanyabilisimhizmetleri.com\/#\/schema\/logo\/image\/\"}}]}<\/script>\n<!-- \/ Yoast SEO Premium plugin. -->","yoast_head_json":{"title":"Alanya Reklam Y\u00f6neticisi | Profesyonel \u00c7\u00f6z\u00fcmler","description":"Alanya Reklam Y\u00f6neticisi hizmetlerimizle i\u015fletmenizin dijital reklamlar\u0131n\u0131 etkili bir \u015fekilde y\u00f6netin. Profesyonel reklam \u00e7\u00f6z\u00fcmleri i\u00e7in bize ula\u015f\u0131n.","robots":{"index":"index","follow":"follow","max-snippet":"max-snippet:-1","max-image-preview":"max-image-preview:large","max-video-preview":"max-video-preview:-1"},"canonical":"https:\/\/alanyabilisimhizmetleri.com\/ru\/alanya-reklam-yoneticisi\/","og_locale":"ru_RU","og_type":"article","og_title":"Alanya Reklam Y\u00f6neticisi","og_description":"Alanya Reklam Y\u00f6neticisi hizmetlerimizle i\u015fletmenizin dijital reklamlar\u0131n\u0131 etkili bir \u015fekilde y\u00f6netin. Profesyonel reklam \u00e7\u00f6z\u00fcmleri i\u00e7in bize ula\u015f\u0131n.","og_url":"https:\/\/alanyabilisimhizmetleri.com\/ru\/alanya-reklam-yoneticisi\/","og_site_name":"Alanya Yaz\u0131l\u0131m | Alanya Web Tasar\u0131m | Alanya Bili\u015fim Hizmetleri","article_modified_time":"2025-06-27T12:38:00+00:00","og_image":[{"width":512,"height":512,"url":"https:\/\/alanyabilisimhizmetleri.com\/wp-content\/uploads\/2025\/06\/abh-4.png","type":"image\/png"}],"twitter_card":"summary_large_image","twitter_misc":{"\u041f\u0440\u0438\u043c\u0435\u0440\u043d\u043e\u0435 \u0432\u0440\u0435\u043c\u044f \u0434\u043b\u044f \u0447\u0442\u0435\u043d\u0438\u044f":"2 \u043c\u0438\u043d\u0443\u0442\u044b"},"schema":{"@context":"https:\/\/schema.org","@graph":[{"@type":"WebPage","@id":"https:\/\/alanyabilisimhizmetleri.com\/alanya-reklam-yoneticisi\/","url":"https:\/\/alanyabilisimhizmetleri.com\/alanya-reklam-yoneticisi\/","name":"Alanya Reklam Y\u00f6neticisi | Profesyonel \u00c7\u00f6z\u00fcmler","isPartOf":{"@id":"https:\/\/alanyabilisimhizmetleri.com\/#website"},"primaryImageOfPage":{"@id":"https:\/\/alanyabilisimhizmetleri.com\/alanya-reklam-yoneticisi\/#primaryimage"},"image":{"@id":"https:\/\/alanyabilisimhizmetleri.com\/alanya-reklam-yoneticisi\/#primaryimage"},"thumbnailUrl":"https:\/\/alanyabilisimhizmetleri.com\/wp-content\/uploads\/2025\/06\/abh-4.png","datePublished":"2025-06-26T10:14:05+00:00","dateModified":"2025-06-27T12:38:00+00:00","description":"Alanya Reklam Y\u00f6neticisi hizmetlerimizle i\u015fletmenizin dijital reklamlar\u0131n\u0131 etkili bir \u015fekilde y\u00f6netin. Profesyonel reklam \u00e7\u00f6z\u00fcmleri i\u00e7in bize ula\u015f\u0131n.","breadcrumb":{"@id":"https:\/\/alanyabilisimhizmetleri.com\/alanya-reklam-yoneticisi\/#breadcrumb"},"inLanguage":"ru-RU","potentialAction":[{"@type":"ReadAction","target":["https:\/\/alanyabilisimhizmetleri.com\/alanya-reklam-yoneticisi\/"]}]},{"@type":"ImageObject","inLanguage":"ru-RU","@id":"https:\/\/alanyabilisimhizmetleri.com\/alanya-reklam-yoneticisi\/#primaryimage","url":"https:\/\/alanyabilisimhizmetleri.com\/wp-content\/uploads\/2025\/06\/abh-4.png","contentUrl":"https:\/\/alanyabilisimhizmetleri.com\/wp-content\/uploads\/2025\/06\/abh-4.png","width":512,"height":512,"caption":"Alanya Reklam Y\u00f6neticisi"},{"@type":"BreadcrumbList","@id":"https:\/\/alanyabilisimhizmetleri.com\/alanya-reklam-yoneticisi\/#breadcrumb","itemListElement":[{"@type":"ListItem","position":1,"name":"Anasayfa","item":"https:\/\/alanyabilisimhizmetleri.com\/"},{"@type":"ListItem","position":2,"name":"Alanya Reklam Y\u00f6neticisi"}]},{"@type":"WebSite","@id":"https:\/\/alanyabilisimhizmetleri.com\/#website","url":"https:\/\/alanyabilisimhizmetleri.com\/","name":"Alanya Yaz\u0131l\u0131m | Alanya Web Tasar\u0131m | Alanya Bili\u015fim Hizmetleri","description":"Alanya Yaz\u0131l\u0131m | Alanya Web Tasar\u0131m | Alanya Bili\u015fim Hizmetleri","publisher":{"@id":"https:\/\/alanyabilisimhizmetleri.com\/#organization"},"potentialAction":[{"@type":"SearchAction","target":{"@type":"EntryPoint","urlTemplate":"https:\/\/alanyabilisimhizmetleri.com\/?s={search_term_string}"},"query-input":{"@type":"PropertyValueSpecification","valueRequired":true,"valueName":"search_term_string"}}],"inLanguage":"ru-RU"},{"@type":"Organization","@id":"https:\/\/alanyabilisimhizmetleri.com\/#organization","name":"Alanya Yaz\u0131l\u0131m | Alanya Web Tasar\u0131m | Alanya Bili\u015fim Hizmetleri","url":"https:\/\/alanyabilisimhizmetleri.com\/","logo":{"@type":"ImageObject","inLanguage":"ru-RU","@id":"https:\/\/alanyabilisimhizmetleri.com\/#\/schema\/logo\/image\/","url":"https:\/\/alanyabilisimhizmetleri.com\/wp-content\/uploads\/2020\/01\/cropped-2.png","contentUrl":"https:\/\/alanyabilisimhizmetleri.com\/wp-content\/uploads\/2020\/01\/cropped-2.png","width":288,"height":117,"caption":"Alanya Yaz\u0131l\u0131m | Alanya Web Tasar\u0131m | Alanya Bili\u015fim Hizmetleri"},"image":{"@id":"https:\/\/alanyabilisimhizmetleri.com\/#\/schema\/logo\/image\/"}}]}},"_links":{"self":[{"href":"https:\/\/alanyabilisimhizmetleri.com\/ru\/wp-json\/wp\/v2\/pages\/337","targetHints":{"allow":["GET"]}}],"collection":[{"href":"https:\/\/alanyabilisimhizmetleri.com\/ru\/wp-json\/wp\/v2\/pages"}],"about":[{"href":"https:\/\/alanyabilisimhizmetleri.com\/ru\/wp-json\/wp\/v2\/types\/page"}],"author":[{"embeddable":true,"href":"https:\/\/alanyabilisimhizmetleri.com\/ru\/wp-json\/wp\/v2\/users\/1"}],"replies":[{"embeddable":true,"href":"https:\/\/alanyabilisimhizmetleri.com\/ru\/wp-json\/wp\/v2\/comments?post=337"}],"version-history":[{"count":5,"href":"https:\/\/alanyabilisimhizmetleri.com\/ru\/wp-json\/wp\/v2\/pages\/337\/revisions"}],"predecessor-version":[{"id":989,"href":"https:\/\/alanyabilisimhizmetleri.com\/ru\/wp-json\/wp\/v2\/pages\/337\/revisions\/989"}],"wp:featuredmedia":[{"embeddable":true,"href":"https:\/\/alanyabilisimhizmetleri.com\/ru\/wp-json\/wp\/v2\/media\/988"}],"wp:attachment":[{"href":"https:\/\/alanyabilisimhizmetleri.com\/ru\/wp-json\/wp\/v2\/media?parent=337"}],"curies":[{"name":"wp","href":"https:\/\/api.w.org\/{rel}","templated":true}]}}