{"id":418,"date":"2025-06-26T13:50:54","date_gmt":"2025-06-26T10:50:54","guid":{"rendered":"https:\/\/alanyabilisimhizmetleri.com\/?page_id=418"},"modified":"2025-06-27T15:41:30","modified_gmt":"2025-06-27T12:41:30","slug":"kvkk-aydinlatma-metini","status":"publish","type":"page","link":"https:\/\/alanyabilisimhizmetleri.com\/ru\/kvkk-aydinlatma-metini\/","title":{"rendered":"\u041a\u0412\u041a\u041a \u0438 \u0438\u043d\u0444\u043e\u0440\u043c\u0430\u0446\u0438\u043e\u043d\u043d\u044b\u0439 \u0442\u0435\u043a\u0441\u0442"},"content":{"rendered":"<div data-elementor-type=\"wp-page\" data-elementor-id=\"418\" class=\"elementor elementor-418\">\n\t\t\t\t<div class=\"aux-parallax-section elementor-element elementor-element-a50bf33 e-flex e-con-boxed elementor-invisible e-con e-parent\" data-id=\"a50bf33\" data-element_type=\"container\" data-settings=\"{&quot;animation&quot;:&quot;fadeInUp&quot;}\">\n\t\t\t\t\t<div class=\"e-con-inner\">\n\t\t\t\t<div class=\"elementor-element elementor-element-b666be6 elementor-widget elementor-widget-text-editor\" data-id=\"b666be6\" data-element_type=\"widget\" data-widget_type=\"text-editor.default\">\n\t\t\t\t<div class=\"elementor-widget-container\">\n\t\t\t\t\t\t\t\t\t<header><section><section><h1>KVKK \u0438 \u0438\u043d\u0444\u043e\u0440\u043c\u0430\u0446\u0438\u043e\u043d\u043d\u044b\u0439 \u0442\u0435\u043a\u0441\u0442<\/h1><\/section><h1>\u0417\u0430\u043a\u043e\u043d \u043e \u0437\u0430\u0449\u0438\u0442\u0435 \u043f\u0435\u0440\u0441\u043e\u043d\u0430\u043b\u044c\u043d\u044b\u0445 \u0434\u0430\u043d\u043d\u044b\u0445<\/h1><h2>1. \u0412\u0432\u0435\u0434\u0435\u043d\u0438\u0435<\/h2><p>Alanya Bili\u015fim Hizmetleri \u043e\u0431\u044f\u0437\u0430\u043d\u0430 \u0441\u043e\u0431\u043b\u044e\u0434\u0430\u0442\u044c \u0417\u0430\u043a\u043e\u043d \u043e \u0437\u0430\u0449\u0438\u0442\u0435 \u043f\u0435\u0440\u0441\u043e\u043d\u0430\u043b\u044c\u043d\u044b\u0445 \u0434\u0430\u043d\u043d\u044b\u0445 (KVKK) \u0432 \u043e\u0442\u043d\u043e\u0448\u0435\u043d\u0438\u0438 \u0437\u0430\u0449\u0438\u0442\u044b \u0438 \u043e\u0431\u0440\u0430\u0431\u043e\u0442\u043a\u0438 \u043f\u0435\u0440\u0441\u043e\u043d\u0430\u043b\u044c\u043d\u044b\u0445 \u0434\u0430\u043d\u043d\u044b\u0445 \u0432 \u0441\u043e\u043e\u0442\u0432\u0435\u0442\u0441\u0442\u0432\u0438\u0438 \u0441 \u0437\u0430\u043a\u043e\u043d\u043e\u0434\u0430\u0442\u0435\u043b\u044c\u0441\u0442\u0432\u043e\u043c \u0422\u0443\u0440\u0435\u0446\u043a\u043e\u0439 \u0420\u0435\u0441\u043f\u0443\u0431\u043b\u0438\u043a\u0438.<\/p><h2>2. \u0421\u0431\u043e\u0440 \u0438 \u043e\u0431\u0440\u0430\u0431\u043e\u0442\u043a\u0430 \u043f\u0435\u0440\u0441\u043e\u043d\u0430\u043b\u044c\u043d\u044b\u0445 \u0434\u0430\u043d\u043d\u044b\u0445<\/h2><p>\u0412 \u0441\u043e\u043e\u0442\u0432\u0435\u0442\u0441\u0442\u0432\u0438\u0438 \u0441 KVKK \u043c\u044b \u043f\u0440\u0438\u043d\u0438\u043c\u0430\u0435\u043c \u0432\u0441\u0435 \u043d\u0435\u043e\u0431\u0445\u043e\u0434\u0438\u043c\u044b\u0435 \u043c\u0435\u0440\u044b \u0434\u043b\u044f \u0437\u0430\u0449\u0438\u0442\u044b \u0438 \u0441\u043e\u0445\u0440\u0430\u043d\u0435\u043d\u0438\u044f \u043a\u043e\u043d\u0444\u0438\u0434\u0435\u043d\u0446\u0438\u0430\u043b\u044c\u043d\u043e\u0441\u0442\u0438 \u043f\u0435\u0440\u0441\u043e\u043d\u0430\u043b\u044c\u043d\u044b\u0445 \u0434\u0430\u043d\u043d\u044b\u0445, \u043a\u043e\u0442\u043e\u0440\u044b\u0435 \u043c\u044b \u0441\u043e\u0431\u0438\u0440\u0430\u0435\u043c \u043e\u0442 \u0432\u0430\u0441. \u0412\u0430\u0448\u0438 \u043f\u0435\u0440\u0441\u043e\u043d\u0430\u043b\u044c\u043d\u044b\u0435 \u0434\u0430\u043d\u043d\u044b\u0435 \u043e\u0431\u0440\u0430\u0431\u0430\u0442\u044b\u0432\u0430\u044e\u0442\u0441\u044f \u0434\u043b\u044f \u043f\u0440\u0435\u0434\u043e\u0441\u0442\u0430\u0432\u043b\u0435\u043d\u0438\u044f \u043d\u0430\u0448\u0438\u0445 \u0443\u0441\u043b\u0443\u0433, \u0443\u043b\u0443\u0447\u0448\u0435\u043d\u0438\u044f \u0440\u0430\u0431\u043e\u0442\u044b \u043d\u0430\u0448\u0435\u0433\u043e \u0432\u0435\u0431-\u0441\u0430\u0439\u0442\u0430 \u0438 \u043f\u0440\u0435\u0434\u043e\u0441\u0442\u0430\u0432\u043b\u0435\u043d\u0438\u044f \u0432\u0430\u043c \u043b\u0443\u0447\u0448\u0435\u0433\u043e \u043f\u043e\u043b\u044c\u0437\u043e\u0432\u0430\u0442\u0435\u043b\u044c\u0441\u043a\u043e\u0433\u043e \u043e\u043f\u044b\u0442\u0430.<\/p><h2>3. \u041f\u0440\u0430\u0432\u0430 \u0432\u043b\u0430\u0434\u0435\u043b\u044c\u0446\u0430 \u0434\u0430\u043d\u043d\u044b\u0445<\/h2><p>\u041a\u0430\u043a \u0432\u043b\u0430\u0434\u0435\u043b\u0435\u0446 \u043f\u0435\u0440\u0441\u043e\u043d\u0430\u043b\u044c\u043d\u044b\u0445 \u0434\u0430\u043d\u043d\u044b\u0445, \u0432\u044b \u0438\u043c\u0435\u0435\u0442\u0435 \u043f\u0440\u0430\u0432\u043e \u0432 \u0441\u043e\u043e\u0442\u0432\u0435\u0442\u0441\u0442\u0432\u0438\u0438 \u0441\u043e \u0441\u0442\u0430\u0442\u044c\u0435\u0439 11 \u0417\u041f\u0414\u041f \u0443\u0437\u043d\u0430\u0442\u044c, \u043e\u0431\u0440\u0430\u0431\u0430\u0442\u044b\u0432\u0430\u044e\u0442\u0441\u044f \u043b\u0438 \u0432\u0430\u0448\u0438 \u043f\u0435\u0440\u0441\u043e\u043d\u0430\u043b\u044c\u043d\u044b\u0435 \u0434\u0430\u043d\u043d\u044b\u0435, \u0437\u0430\u043f\u0440\u043e\u0441\u0438\u0442\u044c \u0438\u043d\u0444\u043e\u0440\u043c\u0430\u0446\u0438\u044e, \u0435\u0441\u043b\u0438 \u043e\u043d\u0438 \u0431\u044b\u043b\u0438 \u043e\u0431\u0440\u0430\u0431\u043e\u0442\u0430\u043d\u044b, \u0443\u0437\u043d\u0430\u0442\u044c \u0446\u0435\u043b\u044c \u043e\u0431\u0440\u0430\u0431\u043e\u0442\u043a\u0438 \u0438 \u0438\u0441\u043f\u043e\u043b\u044c\u0437\u0443\u044e\u0442\u0441\u044f \u043b\u0438 \u043e\u043d\u0438 \u0432 \u0441\u043e\u043e\u0442\u0432\u0435\u0442\u0441\u0442\u0432\u0438\u0438 \u0441 \u0435\u0435 \u0446\u0435\u043b\u044c\u044e, \u0443\u0437\u043d\u0430\u0442\u044c, \u043a\u0430\u043a\u0438\u043c \u0442\u0440\u0435\u0442\u044c\u0438\u043c \u043b\u0438\u0446\u0430\u043c \u043e\u043d\u0438 \u0431\u044b\u043b\u0438 \u043f\u0435\u0440\u0435\u0434\u0430\u043d\u044b \u0432\u043d\u0443\u0442\u0440\u0438 \u0441\u0442\u0440\u0430\u043d\u044b \u0438\u043b\u0438 \u0437\u0430 \u0440\u0443\u0431\u0435\u0436\u043e\u043c, \u043f\u043e\u0442\u0440\u0435\u0431\u043e\u0432\u0430\u0442\u044c \u0438\u0441\u043f\u0440\u0430\u0432\u043b\u0435\u043d\u0438\u044f, \u0435\u0441\u043b\u0438 \u043e\u043d\u0438 \u0431\u044b\u043b\u0438 \u043e\u0431\u0440\u0430\u0431\u043e\u0442\u0430\u043d\u044b \u043d\u0435\u043f\u043e\u043b\u043d\u043e\u0441\u0442\u044c\u044e \u0438\u043b\u0438 \u043d\u0435\u043f\u0440\u0430\u0432\u0438\u043b\u044c\u043d\u043e, \u043f\u043e\u0442\u0440\u0435\u0431\u043e\u0432\u0430\u0442\u044c \u0443\u0434\u0430\u043b\u0435\u043d\u0438\u044f \u0438\u043b\u0438 \u0443\u043d\u0438\u0447\u0442\u043e\u0436\u0435\u043d\u0438\u044f \u0432 \u0441\u043e\u043e\u0442\u0432\u0435\u0442\u0441\u0442\u0432\u0438\u0438 \u0441\u043e \u0441\u0442\u0430\u0442\u044c\u0435\u0439 7 \u0417\u041f\u0414\u041f, \u043f\u043e\u0442\u0440\u0435\u0431\u043e\u0432\u0430\u0442\u044c \u0443\u0432\u0435\u0434\u043e\u043c\u043b\u0435\u043d\u0438\u044f \u043e \u0432\u044b\u0448\u0435\u0443\u043f\u043e\u043c\u044f\u043d\u0443\u0442\u044b\u0445 \u043f\u0440\u043e\u0446\u0435\u0441\u0441\u0430\u0445 \u0438\u0441\u043f\u0440\u0430\u0432\u043b\u0435\u043d\u0438\u044f, \u0443\u0434\u0430\u043b\u0435\u043d\u0438\u044f \u0438 \u0443\u043d\u0438\u0447\u0442\u043e\u0436\u0435\u043d\u0438\u044f \u0442\u0440\u0435\u0442\u044c\u0438\u0445 \u043b\u0438\u0446, \u043a\u043e\u0442\u043e\u0440\u044b\u043c \u043e\u043d\u0438 \u0431\u044b\u043b\u0438 \u043f\u0435\u0440\u0435\u0434\u0430\u043d\u044b, \u0432\u043e\u0437\u0440\u0430\u0436\u0430\u0442\u044c \u043f\u0440\u043e\u0442\u0438\u0432 \u0432\u043e\u0437\u043d\u0438\u043a\u043d\u043e\u0432\u0435\u043d\u0438\u044f \u0440\u0435\u0437\u0443\u043b\u044c\u0442\u0430\u0442\u0430, \u043d\u0430\u043d\u043e\u0441\u044f\u0449\u0435\u0433\u043e \u0432\u0430\u043c \u0443\u0449\u0435\u0440\u0431, \u0438\u0437-\u0437\u0430 \u0430\u043d\u0430\u043b\u0438\u0437\u0430 \u0438\u0441\u043a\u043b\u044e\u0447\u0438\u0442\u0435\u043b\u044c\u043d\u043e \u0430\u0432\u0442\u043e\u043c\u0430\u0442\u0438\u0437\u0438\u0440\u043e\u0432\u0430\u043d\u043d\u044b\u043c\u0438 \u0441\u0438\u0441\u0442\u0435\u043c\u0430\u043c\u0438, \u0438 \u043f\u043e\u0442\u0440\u0435\u0431\u043e\u0432\u0430\u0442\u044c \u0432\u043e\u0437\u043c\u0435\u0449\u0435\u043d\u0438\u044f \u0443\u0449\u0435\u0440\u0431\u0430, \u0435\u0441\u043b\u0438 \u0432\u044b \u043f\u043e\u043d\u0435\u0441\u043b\u0438 \u0443\u0449\u0435\u0440\u0431 \u0438\u0437-\u0437\u0430 \u043e\u0431\u0440\u0430\u0431\u043e\u0442\u043a\u0438 \u0441 \u043d\u0430\u0440\u0443\u0448\u0435\u043d\u0438\u0435\u043c \u0437\u0430\u043a\u043e\u043d\u0430.<\/p><h2>4. \u0417\u0430\u0449\u0438\u0442\u0430 \u043f\u0435\u0440\u0441\u043e\u043d\u0430\u043b\u044c\u043d\u044b\u0445 \u0434\u0430\u043d\u043d\u044b\u0445<\/h2><p>\u0412\u0430\u0448\u0438 \u043f\u0435\u0440\u0441\u043e\u043d\u0430\u043b\u044c\u043d\u044b\u0435 \u0434\u0430\u043d\u043d\u044b\u0435 \u043e\u0431\u0440\u0430\u0431\u0430\u0442\u044b\u0432\u0430\u044e\u0442\u0441\u044f \u0438 \u0437\u0430\u0449\u0438\u0449\u0430\u044e\u0442\u0441\u044f \u0432 \u0441\u043e\u043e\u0442\u0432\u0435\u0442\u0441\u0442\u0432\u0438\u0438 \u0441 \u043d\u0430\u0448\u0438\u043c\u0438 \u043f\u0440\u0438\u043d\u0446\u0438\u043f\u0430\u043c\u0438 \u043a\u043e\u043d\u0444\u0438\u0434\u0435\u043d\u0446\u0438\u0430\u043b\u044c\u043d\u043e\u0441\u0442\u0438 \u0438 KVKK. \u041c\u044b \u043f\u0440\u0438\u043d\u0438\u043c\u0430\u0435\u043c \u0442\u0435\u0445\u043d\u043e\u043b\u043e\u0433\u0438\u0447\u0435\u0441\u043a\u0438\u0435 \u0438 \u043e\u043f\u0435\u0440\u0430\u0446\u0438\u043e\u043d\u043d\u044b\u0435 \u043c\u0435\u0440\u044b \u0431\u0435\u0437\u043e\u043f\u0430\u0441\u043d\u043e\u0441\u0442\u0438 \u0434\u043b\u044f \u043e\u0431\u0435\u0441\u043f\u0435\u0447\u0435\u043d\u0438\u044f \u0431\u0435\u0437\u043e\u043f\u0430\u0441\u043d\u043e\u0441\u0442\u0438 \u0432\u0430\u0448\u0438\u0445 \u0434\u0430\u043d\u043d\u044b\u0445.<\/p><h2>5. \u041a\u043e\u043d\u0442\u0430\u043a\u0442\u043d\u0430\u044f \u0438\u043d\u0444\u043e\u0440\u043c\u0430\u0446\u0438\u044f<\/h2><p>\u0412\u0441\u0435 \u0432\u0430\u0448\u0438 \u0432\u043e\u043f\u0440\u043e\u0441\u044b \u0438 \u0437\u0430\u043f\u0440\u043e\u0441\u044b \u043e\u0442\u043d\u043e\u0441\u0438\u0442\u0435\u043b\u044c\u043d\u043e \u0437\u0430\u0449\u0438\u0442\u044b \u043f\u0435\u0440\u0441\u043e\u043d\u0430\u043b\u044c\u043d\u044b\u0445 \u0434\u0430\u043d\u043d\u044b\u0445 \u0432\u044b \u043c\u043e\u0436\u0435\u0442\u0435 \u043d\u0430\u043f\u0440\u0430\u0432\u043b\u044f\u0442\u044c Alanya Bili\u015fim Hizmetleri \u043a\u0430\u043a \u043a\u043e\u043d\u0442\u0440\u043e\u043b\u0435\u0440\u0443 \u0434\u0430\u043d\u043d\u044b\u0445.<\/p><\/section><\/header>\t\t\t\t\t\t\t\t<\/div>\n\t\t\t\t<\/div>\n\t\t\t\t\t<\/div>\n\t\t\t\t<\/div>\n\t\t\t\t<\/div>","protected":false},"excerpt":{"rendered":"<p>\u0422\u0435\u043a\u0441\u0442 \u0417\u0430\u043a\u043e\u043d\u0430 \u043e \u0437\u0430\u0449\u0438\u0442\u0435 \u043f\u0435\u0440\u0441\u043e\u043d\u0430\u043b\u044c\u043d\u044b\u0445 \u0434\u0430\u043d\u043d\u044b\u0445 \u0438 \u0440\u0430\u0441\u043a\u0440\u044b\u0442\u0438\u0438 \u0438\u043d\u0444\u043e\u0440\u043c\u0430\u0446\u0438\u0438 1. \u0412\u0432\u0435\u0434\u0435\u043d\u0438\u0435. Alanya Bili\u015fim Hizmetleri \u043e\u0431\u044f\u0437\u0430\u043d\u0430 \u0441\u043e\u0431\u043b\u044e\u0434\u0430\u0442\u044c \u0417\u0430\u043a\u043e\u043d \u043e \u0437\u0430\u0449\u0438\u0442\u0435 \u043f\u0435\u0440\u0441\u043e\u043d\u0430\u043b\u044c\u043d\u044b\u0445 \u0434\u0430\u043d\u043d\u044b\u0445 (\u0417\u041f\u0414) \u0432 \u043e\u0442\u043d\u043e\u0448\u0435\u043d\u0438\u0438 \u0437\u0430\u0449\u0438\u0442\u044b \u0438 \u043e\u0431\u0440\u0430\u0431\u043e\u0442\u043a\u0438 \u043f\u0435\u0440\u0441\u043e\u043d\u0430\u043b\u044c\u043d\u044b\u0445 \u0434\u0430\u043d\u043d\u044b\u0445 \u0432 \u0441\u043e\u043e\u0442\u0432\u0435\u0442\u0441\u0442\u0432\u0438\u0438 \u0441 \u0437\u0430\u043a\u043e\u043d\u043e\u0434\u0430\u0442\u0435\u043b\u044c\u0441\u0442\u0432\u043e\u043c \u0422\u0443\u0440\u0435\u0446\u043a\u043e\u0439 \u0420\u0435\u0441\u043f\u0443\u0431\u043b\u0438\u043a\u0438. 2. \u0421\u0431\u043e\u0440 \u0438 \u043e\u0431\u0440\u0430\u0431\u043e\u0442\u043a\u0430 \u043f\u0435\u0440\u0441\u043e\u043d\u0430\u043b\u044c\u043d\u044b\u0445 \u0434\u0430\u043d\u043d\u044b\u0445. \u0412 \u0441\u043e\u043e\u0442\u0432\u0435\u0442\u0441\u0442\u0432\u0438\u0438 \u0441 \u0417\u041f\u0414 \u043c\u044b \u043f\u0440\u0438\u043d\u0438\u043c\u0430\u0435\u043c \u0432\u0441\u0435 \u043d\u0435\u043e\u0431\u0445\u043e\u0434\u0438\u043c\u044b\u0435 \u043c\u0435\u0440\u044b \u043f\u0440\u0435\u0434\u043e\u0441\u0442\u043e\u0440\u043e\u0436\u043d\u043e\u0441\u0442\u0438 \u0434\u043b\u044f \u0437\u0430\u0449\u0438\u0442\u044b \u0438 \u043a\u043e\u043d\u0444\u0438\u0434\u0435\u043d\u0446\u0438\u0430\u043b\u044c\u043d\u043e\u0433\u043e \u0441\u0431\u043e\u0440\u0430 \u0432\u0430\u0448\u0438\u0445 \u043f\u0435\u0440\u0441\u043e\u043d\u0430\u043b\u044c\u043d\u044b\u0445 \u0434\u0430\u043d\u043d\u044b\u0445. \u0412\u0430\u0448\u0438 \u043f\u0435\u0440\u0441\u043e\u043d\u0430\u043b\u044c\u043d\u044b\u0435 \u0434\u0430\u043d\u043d\u044b\u0435 \u0438\u0441\u043f\u043e\u043b\u044c\u0437\u0443\u044e\u0442\u0441\u044f \u0434\u043b\u044f \u043f\u0440\u0435\u0434\u043e\u0441\u0442\u0430\u0432\u043b\u0435\u043d\u0438\u044f \u043d\u0430\u0448\u0438\u0445 \u0443\u0441\u043b\u0443\u0433, [\u2026]<\/p>","protected":false},"author":1,"featured_media":1021,"parent":0,"menu_order":0,"comment_status":"closed","ping_status":"closed","template":"elementor_header_footer","meta":{"footnotes":""},"class_list":["post-418","page","type-page","status-publish","has-post-thumbnail","hentry"],"yoast_head":"<!-- This site is optimized with the Yoast SEO Premium plugin v24.6 (Yoast SEO v25.3.1) - https:\/\/yoast.com\/wordpress\/plugins\/seo\/ -->\n<title>KVKK &amp; Ayd\u0131nlatma Metni | Alanya Bili\u015fim Hizmetleri - Ki\u015fisel Verilerin Korunmas\u0131<\/title>\n<meta name=\"description\" content=\"Alanya Bili\u015fim Hizmetleri, ki\u015fisel verilerin korunmas\u0131na \u00f6nem verir. KVKK ve Ayd\u0131nlatma Metnimizi okuyarak veri i\u015fleme politikalar\u0131m\u0131z hakk\u0131nda bilgi edinin.\" \/>\n<meta name=\"robots\" content=\"index, follow, max-snippet:-1, max-image-preview:large, max-video-preview:-1\" \/>\n<link rel=\"canonical\" href=\"https:\/\/alanyabilisimhizmetleri.com\/ru\/kvkk-aydinlatma-metini\/\" \/>\n<meta property=\"og:locale\" content=\"ru_RU\" \/>\n<meta property=\"og:type\" content=\"article\" \/>\n<meta property=\"og:title\" content=\"KVKK &amp; Ayd\u0131nlatma Metini\" \/>\n<meta property=\"og:description\" content=\"Alanya Bili\u015fim Hizmetleri, ki\u015fisel verilerin korunmas\u0131na \u00f6nem verir. KVKK ve Ayd\u0131nlatma Metnimizi okuyarak veri i\u015fleme politikalar\u0131m\u0131z hakk\u0131nda bilgi edinin.\" \/>\n<meta property=\"og:url\" content=\"https:\/\/alanyabilisimhizmetleri.com\/ru\/kvkk-aydinlatma-metini\/\" \/>\n<meta property=\"og:site_name\" content=\"Alanya Yaz\u0131l\u0131m | Alanya Web Tasar\u0131m | Alanya Bili\u015fim Hizmetleri\" \/>\n<meta property=\"article:modified_time\" content=\"2025-06-27T12:41:30+00:00\" \/>\n<meta property=\"og:image\" content=\"https:\/\/alanyabilisimhizmetleri.com\/wp-content\/uploads\/2025\/06\/abh-18.png\" \/>\n\t<meta property=\"og:image:width\" content=\"512\" \/>\n\t<meta property=\"og:image:height\" content=\"512\" \/>\n\t<meta property=\"og:image:type\" content=\"image\/png\" \/>\n<meta name=\"twitter:card\" content=\"summary_large_image\" \/>\n<meta name=\"twitter:label1\" content=\"\u041f\u0440\u0438\u043c\u0435\u0440\u043d\u043e\u0435 \u0432\u0440\u0435\u043c\u044f \u0434\u043b\u044f \u0447\u0442\u0435\u043d\u0438\u044f\" \/>\n\t<meta name=\"twitter:data1\" content=\"2 \u043c\u0438\u043d\u0443\u0442\u044b\" \/>\n<script type=\"application\/ld+json\" class=\"yoast-schema-graph\">{\"@context\":\"https:\/\/schema.org\",\"@graph\":[{\"@type\":\"WebPage\",\"@id\":\"https:\/\/alanyabilisimhizmetleri.com\/kvkk-aydinlatma-metini\/\",\"url\":\"https:\/\/alanyabilisimhizmetleri.com\/kvkk-aydinlatma-metini\/\",\"name\":\"KVKK & Ayd\u0131nlatma Metni | Alanya Bili\u015fim Hizmetleri - Ki\u015fisel Verilerin Korunmas\u0131\",\"isPartOf\":{\"@id\":\"https:\/\/alanyabilisimhizmetleri.com\/#website\"},\"primaryImageOfPage\":{\"@id\":\"https:\/\/alanyabilisimhizmetleri.com\/kvkk-aydinlatma-metini\/#primaryimage\"},\"image\":{\"@id\":\"https:\/\/alanyabilisimhizmetleri.com\/kvkk-aydinlatma-metini\/#primaryimage\"},\"thumbnailUrl\":\"https:\/\/alanyabilisimhizmetleri.com\/wp-content\/uploads\/2025\/06\/abh-18.png\",\"datePublished\":\"2025-06-26T10:50:54+00:00\",\"dateModified\":\"2025-06-27T12:41:30+00:00\",\"description\":\"Alanya Bili\u015fim Hizmetleri, ki\u015fisel verilerin korunmas\u0131na \u00f6nem verir. KVKK ve Ayd\u0131nlatma Metnimizi okuyarak veri i\u015fleme politikalar\u0131m\u0131z hakk\u0131nda bilgi edinin.\",\"breadcrumb\":{\"@id\":\"https:\/\/alanyabilisimhizmetleri.com\/kvkk-aydinlatma-metini\/#breadcrumb\"},\"inLanguage\":\"ru-RU\",\"potentialAction\":[{\"@type\":\"ReadAction\",\"target\":[\"https:\/\/alanyabilisimhizmetleri.com\/kvkk-aydinlatma-metini\/\"]}]},{\"@type\":\"ImageObject\",\"inLanguage\":\"ru-RU\",\"@id\":\"https:\/\/alanyabilisimhizmetleri.com\/kvkk-aydinlatma-metini\/#primaryimage\",\"url\":\"https:\/\/alanyabilisimhizmetleri.com\/wp-content\/uploads\/2025\/06\/abh-18.png\",\"contentUrl\":\"https:\/\/alanyabilisimhizmetleri.com\/wp-content\/uploads\/2025\/06\/abh-18.png\",\"width\":512,\"height\":512,\"caption\":\"Alanya KVKK Ayd\u0131nlatma Metni\"},{\"@type\":\"BreadcrumbList\",\"@id\":\"https:\/\/alanyabilisimhizmetleri.com\/kvkk-aydinlatma-metini\/#breadcrumb\",\"itemListElement\":[{\"@type\":\"ListItem\",\"position\":1,\"name\":\"Anasayfa\",\"item\":\"https:\/\/alanyabilisimhizmetleri.com\/\"},{\"@type\":\"ListItem\",\"position\":2,\"name\":\"KVKK &#038; Ayd\u0131nlatma Metini\"}]},{\"@type\":\"WebSite\",\"@id\":\"https:\/\/alanyabilisimhizmetleri.com\/#website\",\"url\":\"https:\/\/alanyabilisimhizmetleri.com\/\",\"name\":\"Alanya Yaz\u0131l\u0131m | Alanya Web Tasar\u0131m | Alanya Bili\u015fim Hizmetleri\",\"description\":\"Alanya Yaz\u0131l\u0131m | Alanya Web Tasar\u0131m | Alanya Bili\u015fim Hizmetleri\",\"publisher\":{\"@id\":\"https:\/\/alanyabilisimhizmetleri.com\/#organization\"},\"potentialAction\":[{\"@type\":\"SearchAction\",\"target\":{\"@type\":\"EntryPoint\",\"urlTemplate\":\"https:\/\/alanyabilisimhizmetleri.com\/?s={search_term_string}\"},\"query-input\":{\"@type\":\"PropertyValueSpecification\",\"valueRequired\":true,\"valueName\":\"search_term_string\"}}],\"inLanguage\":\"ru-RU\"},{\"@type\":\"Organization\",\"@id\":\"https:\/\/alanyabilisimhizmetleri.com\/#organization\",\"name\":\"Alanya Yaz\u0131l\u0131m | Alanya Web Tasar\u0131m | Alanya Bili\u015fim Hizmetleri\",\"url\":\"https:\/\/alanyabilisimhizmetleri.com\/\",\"logo\":{\"@type\":\"ImageObject\",\"inLanguage\":\"ru-RU\",\"@id\":\"https:\/\/alanyabilisimhizmetleri.com\/#\/schema\/logo\/image\/\",\"url\":\"https:\/\/alanyabilisimhizmetleri.com\/wp-content\/uploads\/2020\/01\/cropped-2.png\",\"contentUrl\":\"https:\/\/alanyabilisimhizmetleri.com\/wp-content\/uploads\/2020\/01\/cropped-2.png\",\"width\":288,\"height\":117,\"caption\":\"Alanya Yaz\u0131l\u0131m | Alanya Web Tasar\u0131m | Alanya Bili\u015fim Hizmetleri\"},\"image\":{\"@id\":\"https:\/\/alanyabilisimhizmetleri.com\/#\/schema\/logo\/image\/\"}}]}<\/script>\n<!-- \/ Yoast SEO Premium plugin. -->","yoast_head_json":{"title":"KVKK & Ayd\u0131nlatma Metni | Alanya Bili\u015fim Hizmetleri - Ki\u015fisel Verilerin Korunmas\u0131","description":"Alanya Bili\u015fim Hizmetleri, ki\u015fisel verilerin korunmas\u0131na \u00f6nem verir. KVKK ve Ayd\u0131nlatma Metnimizi okuyarak veri i\u015fleme politikalar\u0131m\u0131z hakk\u0131nda bilgi edinin.","robots":{"index":"index","follow":"follow","max-snippet":"max-snippet:-1","max-image-preview":"max-image-preview:large","max-video-preview":"max-video-preview:-1"},"canonical":"https:\/\/alanyabilisimhizmetleri.com\/ru\/kvkk-aydinlatma-metini\/","og_locale":"ru_RU","og_type":"article","og_title":"KVKK & Ayd\u0131nlatma Metini","og_description":"Alanya Bili\u015fim Hizmetleri, ki\u015fisel verilerin korunmas\u0131na \u00f6nem verir. KVKK ve Ayd\u0131nlatma Metnimizi okuyarak veri i\u015fleme politikalar\u0131m\u0131z hakk\u0131nda bilgi edinin.","og_url":"https:\/\/alanyabilisimhizmetleri.com\/ru\/kvkk-aydinlatma-metini\/","og_site_name":"Alanya Yaz\u0131l\u0131m | Alanya Web Tasar\u0131m | Alanya Bili\u015fim Hizmetleri","article_modified_time":"2025-06-27T12:41:30+00:00","og_image":[{"width":512,"height":512,"url":"https:\/\/alanyabilisimhizmetleri.com\/wp-content\/uploads\/2025\/06\/abh-18.png","type":"image\/png"}],"twitter_card":"summary_large_image","twitter_misc":{"\u041f\u0440\u0438\u043c\u0435\u0440\u043d\u043e\u0435 \u0432\u0440\u0435\u043c\u044f \u0434\u043b\u044f \u0447\u0442\u0435\u043d\u0438\u044f":"2 \u043c\u0438\u043d\u0443\u0442\u044b"},"schema":{"@context":"https:\/\/schema.org","@graph":[{"@type":"WebPage","@id":"https:\/\/alanyabilisimhizmetleri.com\/kvkk-aydinlatma-metini\/","url":"https:\/\/alanyabilisimhizmetleri.com\/kvkk-aydinlatma-metini\/","name":"KVKK & Ayd\u0131nlatma Metni | Alanya Bili\u015fim Hizmetleri - Ki\u015fisel Verilerin Korunmas\u0131","isPartOf":{"@id":"https:\/\/alanyabilisimhizmetleri.com\/#website"},"primaryImageOfPage":{"@id":"https:\/\/alanyabilisimhizmetleri.com\/kvkk-aydinlatma-metini\/#primaryimage"},"image":{"@id":"https:\/\/alanyabilisimhizmetleri.com\/kvkk-aydinlatma-metini\/#primaryimage"},"thumbnailUrl":"https:\/\/alanyabilisimhizmetleri.com\/wp-content\/uploads\/2025\/06\/abh-18.png","datePublished":"2025-06-26T10:50:54+00:00","dateModified":"2025-06-27T12:41:30+00:00","description":"Alanya Bili\u015fim Hizmetleri, ki\u015fisel verilerin korunmas\u0131na \u00f6nem verir. KVKK ve Ayd\u0131nlatma Metnimizi okuyarak veri i\u015fleme politikalar\u0131m\u0131z hakk\u0131nda bilgi edinin.","breadcrumb":{"@id":"https:\/\/alanyabilisimhizmetleri.com\/kvkk-aydinlatma-metini\/#breadcrumb"},"inLanguage":"ru-RU","potentialAction":[{"@type":"ReadAction","target":["https:\/\/alanyabilisimhizmetleri.com\/kvkk-aydinlatma-metini\/"]}]},{"@type":"ImageObject","inLanguage":"ru-RU","@id":"https:\/\/alanyabilisimhizmetleri.com\/kvkk-aydinlatma-metini\/#primaryimage","url":"https:\/\/alanyabilisimhizmetleri.com\/wp-content\/uploads\/2025\/06\/abh-18.png","contentUrl":"https:\/\/alanyabilisimhizmetleri.com\/wp-content\/uploads\/2025\/06\/abh-18.png","width":512,"height":512,"caption":"Alanya KVKK Ayd\u0131nlatma Metni"},{"@type":"BreadcrumbList","@id":"https:\/\/alanyabilisimhizmetleri.com\/kvkk-aydinlatma-metini\/#breadcrumb","itemListElement":[{"@type":"ListItem","position":1,"name":"Anasayfa","item":"https:\/\/alanyabilisimhizmetleri.com\/"},{"@type":"ListItem","position":2,"name":"KVKK &#038; Ayd\u0131nlatma Metini"}]},{"@type":"WebSite","@id":"https:\/\/alanyabilisimhizmetleri.com\/#website","url":"https:\/\/alanyabilisimhizmetleri.com\/","name":"Alanya Yaz\u0131l\u0131m | Alanya Web Tasar\u0131m | Alanya Bili\u015fim Hizmetleri","description":"Alanya Yaz\u0131l\u0131m | Alanya Web Tasar\u0131m | Alanya Bili\u015fim Hizmetleri","publisher":{"@id":"https:\/\/alanyabilisimhizmetleri.com\/#organization"},"potentialAction":[{"@type":"SearchAction","target":{"@type":"EntryPoint","urlTemplate":"https:\/\/alanyabilisimhizmetleri.com\/?s={search_term_string}"},"query-input":{"@type":"PropertyValueSpecification","valueRequired":true,"valueName":"search_term_string"}}],"inLanguage":"ru-RU"},{"@type":"Organization","@id":"https:\/\/alanyabilisimhizmetleri.com\/#organization","name":"Alanya Yaz\u0131l\u0131m | Alanya Web Tasar\u0131m | Alanya Bili\u015fim Hizmetleri","url":"https:\/\/alanyabilisimhizmetleri.com\/","logo":{"@type":"ImageObject","inLanguage":"ru-RU","@id":"https:\/\/alanyabilisimhizmetleri.com\/#\/schema\/logo\/image\/","url":"https:\/\/alanyabilisimhizmetleri.com\/wp-content\/uploads\/2020\/01\/cropped-2.png","contentUrl":"https:\/\/alanyabilisimhizmetleri.com\/wp-content\/uploads\/2020\/01\/cropped-2.png","width":288,"height":117,"caption":"Alanya Yaz\u0131l\u0131m | Alanya Web Tasar\u0131m | Alanya Bili\u015fim Hizmetleri"},"image":{"@id":"https:\/\/alanyabilisimhizmetleri.com\/#\/schema\/logo\/image\/"}}]}},"_links":{"self":[{"href":"https:\/\/alanyabilisimhizmetleri.com\/ru\/wp-json\/wp\/v2\/pages\/418","targetHints":{"allow":["GET"]}}],"collection":[{"href":"https:\/\/alanyabilisimhizmetleri.com\/ru\/wp-json\/wp\/v2\/pages"}],"about":[{"href":"https:\/\/alanyabilisimhizmetleri.com\/ru\/wp-json\/wp\/v2\/types\/page"}],"author":[{"embeddable":true,"href":"https:\/\/alanyabilisimhizmetleri.com\/ru\/wp-json\/wp\/v2\/users\/1"}],"replies":[{"embeddable":true,"href":"https:\/\/alanyabilisimhizmetleri.com\/ru\/wp-json\/wp\/v2\/comments?post=418"}],"version-history":[{"count":5,"href":"https:\/\/alanyabilisimhizmetleri.com\/ru\/wp-json\/wp\/v2\/pages\/418\/revisions"}],"predecessor-version":[{"id":1022,"href":"https:\/\/alanyabilisimhizmetleri.com\/ru\/wp-json\/wp\/v2\/pages\/418\/revisions\/1022"}],"wp:featuredmedia":[{"embeddable":true,"href":"https:\/\/alanyabilisimhizmetleri.com\/ru\/wp-json\/wp\/v2\/media\/1021"}],"wp:attachment":[{"href":"https:\/\/alanyabilisimhizmetleri.com\/ru\/wp-json\/wp\/v2\/media?parent=418"}],"curies":[{"name":"wp","href":"https:\/\/api.w.org\/{rel}","templated":true}]}}